{"id":98685,"date":"2026-03-20T09:52:27","date_gmt":"2026-03-20T09:52:27","guid":{"rendered":"https:\/\/soydeaqui.ddns.net\/pachuca\/index.php\/producto\/camara-ip-multisensor-34mp-4-sensores-4k-con-lentes-motorizados-ptz-2-mp-40x-hasta-2-tarjetas-microsd-de-512gb-wdr-de-hasta-150db-ip66-ik10-autoseguimiento-inteligencia-artificial-para\/"},"modified":"2026-03-20T09:52:33","modified_gmt":"2026-03-20T09:52:33","slug":"camara-ip-multisensor-34mp-4-sensores-4k-con-lentes-motorizados-ptz-2-mp-40x-hasta-2-tarjetas-microsd-de-512gb-wdr-de-hasta-150db-ip66-ik10-autoseguimiento-inteligencia-artificial-para","status":"publish","type":"product","link":"https:\/\/soydeaqui.ddns.net\/pachuca\/index.php\/producto\/camara-ip-multisensor-34mp-4-sensores-4k-con-lentes-motorizados-ptz-2-mp-40x-hasta-2-tarjetas-microsd-de-512gb-wdr-de-hasta-150db-ip66-ik10-autoseguimiento-inteligencia-artificial-para\/","title":{"rendered":"C\u00e1mara IP Multisensor 34MP (4 sensores 4K) con lentes motorizados \/ PTZ 2 MP 40X \/ Hasta 2 tarjetas MicroSD de 512GB \/ WDR de hasta 150dB \/ IP66 \/ IK10 \/ autoseguimiento \/ Inteligencia artificial para eventos"},"content":{"rendered":"<div style='width: 100%; max-width: 1200px; margin: 0 auto; font-family: sans-serif; line-height: 1.6; color: inherit;'>\n<div style='display: flex; flex-wrap: wrap; gap: 30px; margin-bottom: 30px;'>\n<div style='flex: 1 1 300px; min-width: 280px;'>\n<h3 style='font-size: 22px; border-bottom: 2px solid currentColor; padding-bottom: 5px; margin-top: 0; color: inherit; opacity: 0.8;'>Caracter\u00edsticas principales<\/h3>\n<ul style='padding-left: 20px; font-size: 15px; color: inherit;'>\n<li style='margin-bottom: 5px;'>Eventos de analiticas basados en IA en los canales fijos: Calsificaci\u00f3n de objetos (personas\/rostros\/vehiculos\/placas).<\/li>\n<li style='margin-bottom: 5px;'>Deteccion de atributos: Tipo de vehiculo (automovil \/ autobus \/ Camion \/ motocicleta \/ bicicleta).<\/li>\n<\/ul><\/div>\n<\/p><\/div>\n<div style='display: flex; flex-wrap: wrap; gap: 30px; margin-bottom: 30px;'>\n<div style='flex: 1 1 300px; min-width: 280px;'>\n<h3 style='font-size: 22px; border-bottom: 2px solid currentColor; padding-bottom: 5px; margin-top: 0; color: inherit; opacity: 0.8;'>Compresi\u00f3n de video y resoluci\u00f3n m\u00e1xima<\/h3>\n<ul style='padding-left: 20px; font-size: 15px; color: inherit;'>\n<li style='margin-bottom: 5px;'>Compresi\u00f3n: H.265 \/ H.264 \/ MJPEG \/ Wisestrem II<\/li>\n<li style='margin-bottom: 5px;'>Resoluci\u00f3n por m\u00e1xima: 4K@20 IPS por lente y 2 MP@60 IPS en PTZ.<\/li>\n<\/ul><\/div>\n<\/p><\/div>\n<div style='display: flex; flex-wrap: wrap; gap: 30px; margin-bottom: 30px;'>\n<div style='flex: 1 1 300px; min-width: 280px;'>\n<h3 style='font-size: 22px; border-bottom: 2px solid currentColor; padding-bottom: 5px; margin-top: 0; color: inherit; opacity: 0.8;'>Caracter\u00edsticas de la c\u00e1mara multi-direccional<\/h3>\n<ul style='padding-left: 20px; font-size: 15px; color: inherit;'>\n<li style='margin-bottom: 5px;'>4 lentes motorizados incluidos: 3.3 a 5.7mm<\/li>\n<li style='margin-bottom: 5px;'>PTZ 40x: 4.25 a 170mm (zoom digital 32x).<\/li>\n<li style='margin-bottom: 5px;'>Funciones: WDR real 120dB en lentes fijos y 150 dB PTZ.<\/li>\n<li style='margin-bottom: 5px;'>BLC&comma; SSDR<\/li>\n<\/ul><\/div>\n<\/p><\/div>\n<div style='display: flex; flex-wrap: wrap; gap: 30px; margin-bottom: 30px;'>\n<div style='flex: 1 1 300px; min-width: 280px;'>\n<h3 style='font-size: 22px; border-bottom: 2px solid currentColor; padding-bottom: 5px; margin-top: 0; color: inherit; opacity: 0.8;'>Caracter\u00edsticas de la c\u00e1mara PTZ<\/h3>\n<ul style='padding-left: 20px; font-size: 15px; color: inherit;'>\n<li style='margin-bottom: 5px;'>Resoluci\u00f3n: 2M (1920&#215;1080).<\/li>\n<li style='margin-bottom: 5px;'>Lente: 4.25 &#8211; 170 mm (40X)<\/li>\n<li style='margin-bottom: 5px;'>WDR: 150dB<\/li>\n<\/ul><\/div>\n<\/p><\/div>\n<div style='display: flex; flex-wrap: wrap; gap: 30px; margin-bottom: 30px;'>\n<div style='flex: 1 1 300px; min-width: 280px;'>\n<h3 style='font-size: 22px; border-bottom: 2px solid currentColor; padding-bottom: 5px; margin-top: 0; color: inherit; opacity: 0.8;'>Funciones de red y almacenamiento<\/h3>\n<ul style='padding-left: 20px; font-size: 15px; color: inherit;'>\n<li style='margin-bottom: 5px;'>Almacenamiento: Soporta hasta 2 tarjetas Micro SD de 512GB C\/U.<\/li>\n<li style='margin-bottom: 5px;'>ONVIF: Profile S\/T&comma; SUNAPI.<\/li>\n<\/ul><\/div>\n<\/p><\/div>\n<div style='display: flex; flex-wrap: wrap; gap: 30px; margin-bottom: 30px;'>\n<div style='flex: 1 1 300px; min-width: 280px;'>\n<h3 style='font-size: 22px; border-bottom: 2px solid currentColor; padding-bottom: 5px; margin-top: 0; color: inherit; opacity: 0.8;'>Interfaces<\/h3>\n<ul style='padding-left: 20px; font-size: 15px; color: inherit;'>\n<li style='margin-bottom: 5px;'>Red: 1 puerto RJ45 10 \/ 100 \/ 1000 Mbps.<\/li>\n<\/ul><\/div>\n<\/p><\/div>\n<div style='display: flex; flex-wrap: wrap; gap: 30px; margin-bottom: 30px;'>\n<div style='flex: 1 1 300px; min-width: 280px;'>\n<h3 style='font-size: 22px; border-bottom: 2px solid currentColor; padding-bottom: 5px; margin-top: 0; color: inherit; opacity: 0.8;'>Caracter\u00edsticas f\u00edsicas y el\u00e9ctricas<\/h3>\n<ul style='padding-left: 20px; font-size: 15px; color: inherit;'>\n<li style='margin-bottom: 5px;'>Temperatura de operaci\u00f3n: -40 a 50 \u00b0C&comma; humedad menos de 95%.<\/li>\n<li style='margin-bottom: 5px;'>Alimentaci\u00f3n: HPoE (802.3 bt) \/ 64 W<\/li>\n<li style='margin-bottom: 5px;'>Protecci\u00f3n: Interior\/Exterior&comma; IP66&comma; IK10&comma; NEMA4X<\/li>\n<li style='margin-bottom: 5px;'>Dimensiones: \u00d8 379.78 x 301.92mm.<\/li>\n<li style='margin-bottom: 5px;'>Peso: 7.9 kg.<\/li>\n<\/ul><\/div>\n<\/p><\/div>\n<div style='display: flex; flex-wrap: wrap; gap: 30px; margin-bottom: 30px;'>\n<div style='flex: 1 1 300px; min-width: 280px;'>\n<h3 style='font-size: 22px; border-bottom: 2px solid currentColor; padding-bottom: 5px; margin-top: 0; color: inherit; opacity: 0.8;'>Video demostrativo<\/h3>\n<div style='position: relative; padding-bottom: 56.25%; height: 0; overflow: hidden; margin-bottom: 30px;'>   <\/div>\n<\/p><\/div>\n<\/p><\/div>\n<div style='display: flex; flex-wrap: wrap; gap: 30px; margin-bottom: 30px;'>\n<div style='flex: 1 1 300px; min-width: 280px;'>\n<h3 style='font-size: 22px; border-bottom: 2px solid currentColor; padding-bottom: 5px; margin-top: 0; color: inherit; opacity: 0.8;'>Video demostrativo<\/h3>\n<div style='position: relative; padding-bottom: 56.25%; height: 0; overflow: hidden; margin-bottom: 30px;'>   <\/div>\n<\/p><\/div>\n<\/p><\/div>\n<\/p><\/div>\n","protected":false},"excerpt":{"rendered":"<p>C\u00e1mara IP Multisensor 34MP (4 sensores 4K) con lentes motorizados \/ PTZ 2 MP 40X \/ Hasta 2 tarjetas MicroSD de 512GB \/ WDR de hasta 150dB \/ IP66 \/ IK10 \/ autoseguimiento \/ Inteligencia artificial para eventos<\/p>\n","protected":false},"featured_media":98684,"comment_status":"open","ping_status":"closed","template":"","meta":[],"product_brand":[],"product_cat":[2248],"product_tag":[122,2249,1055],"class_list":{"0":"post-98685","1":"product","2":"type-product","3":"status-publish","4":"has-post-thumbnail","6":"product_cat-fisheye-y-hemisfericas","7":"product_tag-camaras-ip-y-nvrs","8":"product_tag-fisheye-y-hemisfericas","9":"product_tag-hanwha-vision","11":"first","12":"instock","13":"sale","14":"shipping-taxable","15":"purchasable","16":"product-type-simple"},"_links":{"self":[{"href":"https:\/\/soydeaqui.ddns.net\/pachuca\/index.php\/wp-json\/wp\/v2\/product\/98685","targetHints":{"allow":["GET"]}}],"collection":[{"href":"https:\/\/soydeaqui.ddns.net\/pachuca\/index.php\/wp-json\/wp\/v2\/product"}],"about":[{"href":"https:\/\/soydeaqui.ddns.net\/pachuca\/index.php\/wp-json\/wp\/v2\/types\/product"}],"replies":[{"embeddable":true,"href":"https:\/\/soydeaqui.ddns.net\/pachuca\/index.php\/wp-json\/wp\/v2\/comments?post=98685"}],"wp:featuredmedia":[{"embeddable":true,"href":"https:\/\/soydeaqui.ddns.net\/pachuca\/index.php\/wp-json\/wp\/v2\/media\/98684"}],"wp:attachment":[{"href":"https:\/\/soydeaqui.ddns.net\/pachuca\/index.php\/wp-json\/wp\/v2\/media?parent=98685"}],"wp:term":[{"taxonomy":"product_brand","embeddable":true,"href":"https:\/\/soydeaqui.ddns.net\/pachuca\/index.php\/wp-json\/wp\/v2\/product_brand?post=98685"},{"taxonomy":"product_cat","embeddable":true,"href":"https:\/\/soydeaqui.ddns.net\/pachuca\/index.php\/wp-json\/wp\/v2\/product_cat?post=98685"},{"taxonomy":"product_tag","embeddable":true,"href":"https:\/\/soydeaqui.ddns.net\/pachuca\/index.php\/wp-json\/wp\/v2\/product_tag?post=98685"}],"curies":[{"name":"wp","href":"https:\/\/api.w.org\/{rel}","templated":true}]}}