{"id":98645,"date":"2026-03-20T09:50:30","date_gmt":"2026-03-20T09:50:30","guid":{"rendered":"https:\/\/soydeaqui.ddns.net\/pachuca\/index.php\/producto\/ptz-ip-4-megapixel-42x-zoom-dual-light-500-mts-ir-100-mts-luz-blanca-polimero-anticorrosivo-ideal-para-zonas-costeras-o-alta-salinidad-autoseguimiento-darkfighter-eis-exterior-ip67-2\/"},"modified":"2026-03-20T09:50:34","modified_gmt":"2026-03-20T09:50:34","slug":"ptz-ip-4-megapixel-42x-zoom-dual-light-500-mts-ir-100-mts-luz-blanca-polimero-anticorrosivo-ideal-para-zonas-costeras-o-alta-salinidad-autoseguimiento-darkfighter-eis-exterior-ip67-2","status":"publish","type":"product","link":"https:\/\/soydeaqui.ddns.net\/pachuca\/index.php\/producto\/ptz-ip-4-megapixel-42x-zoom-dual-light-500-mts-ir-100-mts-luz-blanca-polimero-anticorrosivo-ideal-para-zonas-costeras-o-alta-salinidad-autoseguimiento-darkfighter-eis-exterior-ip67-2\/","title":{"rendered":"PTZ IP 4 Megapixel \/ 42X Zoom \/ Dual Light (500 mts IR \/ 100 mts Luz Blanca) \/ Polimero Anticorrosivo (Ideal para Zonas Costeras o Alta Salinidad) \/ AutoSeguimiento \/ DARKFIGHTER \/ EIS \/ Exterior IP67 \/ NEMA 4X \/ C5 \/ Wiper"},"content":{"rendered":"<div style='width: 100%; max-width: 1200px; margin: 0 auto; font-family: sans-serif; line-height: 1.6; color: inherit; background-color: transparent;'> <!-- Im\u00e1genes principales --> <\/p>\n<div style='display: flex; flex-wrap: wrap; gap: 30px; margin-bottom: 30px;'>\n<div style='flex: 1 1 100%; min-width: 300px;'> <img style='width: 100%; height: auto; border: 1px solid rgba(150&comma;150&comma;150&comma;0.3); border-radius: 8px;' src='https:\/\/ftp3.syscom.mx\/usuarios\/ftp\/web_img\/hikvision\/PTZ 2 - BANNER.jpg' alt='Banner principal'> <\/div>\n<div style='flex: 1 1 100%; min-width: 300px;'> <img style='width: 100%; height: auto; border: 1px solid rgba(150&comma;150&comma;150&comma;0.3); border-radius: 8px;' src='https:\/\/ftp3.syscom.mx\/usuarios\/ftp\/web_img\/hikvision\/IMG_ANTICORROSION-DARKFIGHTER.jpg' alt='Anticorrosi\u00f3n y Darkfighter'> <\/div>\n<\/p><\/div>\n<p> <!-- Logo --> <\/p>\n<div style='text-align: center; margin: 30px 0;'> <img style='max-width: 50%; height: auto; border: none; box-sizing: border-box; vertical-align: middle; color: inherit; font-family: sans-serif; font-weight: 400; background-color: transparent;' src='https:\/\/ftp3.syscom.mx\/usuarios\/jsosa\/HIKVISION\/imagenes\/logo\/hikvision%20see%20far.png' alt='Logo Hikvision'> <\/div>\n<p> <!-- Secci\u00f3n de contenido --> <\/p>\n<div style='display: flex; flex-wrap: wrap; gap: 30px; margin-bottom: 30px;'> <!-- Caracter\u00edsticas principales --> <\/p>\n<div style='flex: 1 1 400px; min-width: 300px;'>\n<div style='border: 1px solid rgba(150&comma; 150&comma; 150&comma; 0.4); border-radius: 8px; overflow: hidden; display: flex; flex-direction: column;'>\n<div style='padding: 15px; border-bottom: 1px solid rgba(150&comma; 150&comma; 150&comma; 0.2); font-weight: bold; font-size: 18px; background: #df001e; color: white;'>Caracter\u00edsticas Principales:<\/div>\n<div style='padding: 15px; color: inherit;'>\n<ul style='padding-left: 20px; margin: 0; font-size: 14px; list-style-type: disc;'>\n<li style='margin-bottom: 5px; font-family: verdana&comma; geneva&comma; sans-serif; font-size: 14px;'><strong>Sensor de imagen:<\/strong> 1\/1.8&#8242; CMOS Scan Progresivo<\/li>\n<li style='margin-bottom: 5px; font-family: verdana&comma; geneva&comma; sans-serif; font-size: 14px;'><strong>Iluminaci\u00f3n m\u00ednima:<\/strong> Color:0.001 Lux @F1.2 AGC&comma;ON) B\/N:0.0005 Lux @(F1.2&comma; AGC ON)<\/li>\n<li style='margin-bottom: 5px; font-family: verdana&comma; geneva&comma; sans-serif; font-size: 14px;'><strong>Distancia focal:<\/strong> 6 a 252 mm (42X zoom \u00f3ptico \/ 16X zoom digital)<\/li>\n<li style='margin-bottom: 5px; font-family: verdana&comma; geneva&comma; sans-serif; font-size: 14px;'><strong>Distancia de IR:<\/strong> 500 m IR inteligente<\/li>\n<li style='margin-bottom: 5px; font-family: verdana&comma; geneva&comma; sans-serif; font-size: 14px;'><strong>Distancia de Luz Blanca:<\/strong> 100 m<\/li>\n<li style='margin-bottom: 5px; font-family: verdana&comma; geneva&comma; sans-serif; font-size: 14px;'><strong>Funciones:<\/strong> WDR 120dB \/ 3D-DNR \/ EIS \/ HLC \/ BLC \/ Auto-Seguimiento \/ Defog<\/li>\n<\/ul><\/div>\n<\/p><\/div>\n<div style='border: 1px solid rgba(150&comma; 150&comma; 150&comma; 0.4); border-radius: 8px; overflow: hidden; display: flex; flex-direction: column; margin-top: 20px;'>\n<div style='padding: 15px; border-bottom: 1px solid rgba(150&comma; 150&comma; 150&comma; 0.2); font-weight: bold; font-size: 18px; background: #df001e; color: white;'>Entradas y Salidas de Audio \/ Alarmas \/ Red \/ Almacenamiento:<\/div>\n<div style='padding: 15px; color: inherit;'>\n<ul style='padding-left: 20px; margin: 0; font-size: 14px; list-style-type: disc;'>\n<li style='margin-bottom: 5px; font-family: verdana&comma; geneva&comma; sans-serif; font-size: 14px;'><strong>Red:<\/strong> 1 puerto RJ45 (10 \/ 100 Mbps)<\/li>\n<li style='margin-bottom: 5px; font-family: verdana&comma; geneva&comma; sans-serif; font-size: 14px;'><strong>Entradas y salidas de alarma:<\/strong> 7 entradas y 2 salidas<\/li>\n<li style='margin-bottom: 5px; font-family: verdana&comma; geneva&comma; sans-serif; font-size: 14px;'><strong>Entrada y salida de audio:<\/strong> 1 entrada y 1 salida<\/li>\n<li style='margin-bottom: 5px; font-family: verdana&comma; geneva&comma; sans-serif; font-size: 14px;'><strong>Almacenamiento:<\/strong> Soporta micro SD&comma; debe ser ordenada con la memoria requerida<\/li>\n<\/ul><\/div>\n<\/p><\/div>\n<\/p><\/div>\n<p> <!-- Caracter\u00edsticas f\u00edsicas --> <\/p>\n<div style='flex: 1 1 400px; min-width: 300px;'>\n<div style='border: 1px solid rgba(150&comma; 150&comma; 150&comma; 0.4); border-radius: 8px; overflow: hidden; display: flex; flex-direction: column;'>\n<div style='padding: 15px; border-bottom: 1px solid rgba(150&comma; 150&comma; 150&comma; 0.2); font-weight: bold; font-size: 18px; background: #df001e; color: white;'>Caracter\u00edsticas F\u00edsicas y El\u00e9ctricas:<\/div>\n<div style='padding: 15px; color: inherit;'>\n<ul style='padding-left: 20px; margin: 0; font-size: 14px; list-style-type: disc;'>\n<li style='margin-bottom: 5px; font-family: verdana&comma; geneva&comma; sans-serif; font-size: 14px;'><strong>Aplicaci\u00f3n:<\/strong> Interior \/ Exterior<\/li>\n<li style='margin-bottom: 5px; font-family: verdana&comma; geneva&comma; sans-serif; font-size: 14px;'><strong>Protecci\u00f3n:<\/strong> IP67<\/li>\n<li style='margin-bottom: 5px; font-family: verdana&comma; geneva&comma; sans-serif; font-size: 14px;'><strong>Temperatura de operaci\u00f3n:<\/strong> -40\u00b0C a 70\u00b0C<\/li>\n<li style='margin-bottom: 5px; font-family: verdana&comma; geneva&comma; sans-serif; font-size: 14px;'><strong>Alimentaci\u00f3n \/ Consumo:<\/strong> 36 Vcd \/ 24 Vca \/ 60W<\/li>\n<li style='margin-bottom: 5px; font-family: verdana&comma; geneva&comma; sans-serif; font-size: 14px;'><strong>Dimensiones:<\/strong> 242 x 398.1 mm<\/li>\n<li style='margin-bottom: 5px; font-family: verdana&comma; geneva&comma; sans-serif; font-size: 14px;'><strong>Peso:<\/strong> 6 kgs<\/li>\n<li style='margin-bottom: 5px; font-family: verdana&comma; geneva&comma; sans-serif; font-size: 14px;'><strong>El PTZ no incluye:<\/strong> Brazo de pared<\/li>\n<li style='margin-bottom: 5px; font-family: verdana&comma; geneva&comma; sans-serif; font-size: 14px;'><strong>No incluye:<\/strong> Fuente de alimentaci\u00f3n<\/li>\n<\/ul><\/div>\n<\/p><\/div>\n<div style='border: 1px solid rgba(150&comma; 150&comma; 150&comma; 0.4); border-radius: 8px; overflow: hidden; display: flex; flex-direction: column; margin-top: 20px;'>\n<div style='padding: 15px; border-bottom: 1px solid rgba(150&comma; 150&comma; 150&comma; 0.2); font-weight: bold; font-size: 18px; background: #df001e; color: white;'>Accesorios Opcionales:<\/div>\n<div style='padding: 15px; color: inherit;'>\n<ul style='padding-left: 20px; margin: 0; font-size: 14px; list-style-type: disc;'>\n<li style='margin-bottom: 5px; font-family: verdana&comma; geneva&comma; sans-serif; font-size: 14px;'><strong>Montaje Vertical de Pared:<\/strong> <a style='text-decoration: none; color: #df001e;' href='https:\/\/www.syscom.mx\/producto\/DS-4600ZJ-GSAC-HIKVISION-229383.html' target='_blank' rel='noopener'>DS-4600ZJ-GSAC<\/a><\/li>\n<li style='margin-bottom: 5px; font-family: verdana&comma; geneva&comma; sans-serif; font-size: 14px;'><strong>Caja de Conexiones:<\/strong> <a style='text-decoration: none; color: #df001e;' href='https:\/\/www.syscom.mx\/producto\/DS-4680ZJ-GP-HIKVISION-229262.html' target='_blank' rel='noopener'>DS-4680ZJ-GP<\/a><\/li>\n<li style='margin-bottom: 5px; font-family: verdana&comma; geneva&comma; sans-serif; font-size: 14px;'><strong>Montaje de Techo Tipo Tubo:<\/strong> <a style='text-decoration: none; color: #df001e;' href='https:\/\/www.syscom.mx\/producto\/DS-4610ZJ-GSAC-HIKVISION-225183.html' target='_blank' rel='noopener'>DS-4610ZJ-GSAC<\/a><\/li>\n<\/ul><\/div>\n<\/p><\/div>\n<\/p><\/div>\n<\/p><\/div>\n<p> <!-- Caracter\u00edsticas destacadas --> <\/p>\n<div style='border: 1px solid rgba(150&comma; 150&comma; 150&comma; 0.4); border-radius: 8px; overflow: hidden; margin-bottom: 30px;'>\n<div style='padding: 15px; border-bottom: 1px solid rgba(150&comma; 150&comma; 150&comma; 0.2); font-weight: bold; font-size: 18px; background: #df001e; color: white;'>Caracter\u00edsticas Destacadas:<\/div>\n<div style='padding: 15px; color: inherit;'>\n<ul style='padding-left: 20px; margin: 0; font-size: 14px; list-style-type: disc;'>\n<li style='margin-bottom: 5px; font-family: verdana&comma; geneva&comma; sans-serif; font-size: 14px;'><strong>Pol\u00edmero Anticorrosivo:<\/strong> Ideal para Zonas Costeras o Alta Salinidad<\/li>\n<li style='margin-bottom: 5px; font-family: verdana&comma; geneva&comma; sans-serif; font-size: 14px;'><strong>DARKFIGHTER:<\/strong> Tecnolog\u00eda para visi\u00f3n nocturna avanzada<\/li>\n<li style='margin-bottom: 5px; font-family: verdana&comma; geneva&comma; sans-serif; font-size: 14px;'><strong>EIS:<\/strong> Estabilizaci\u00f3n electr\u00f3nica de imagen<\/li>\n<li style='margin-bottom: 5px; font-family: verdana&comma; geneva&comma; sans-serif; font-size: 14px;'><strong>AutoSeguimiento:<\/strong> Seguimiento autom\u00e1tico de objetos<\/li>\n<li style='margin-bottom: 5px; font-family: verdana&comma; geneva&comma; sans-serif; font-size: 14px;'><strong>Limpieza Autom\u00e1tica:<\/strong> Sistema Wiper integrado<\/li>\n<li style='margin-bottom: 5px; font-family: verdana&comma; geneva&comma; sans-serif; font-size: 14px;'><strong>Resistencia:<\/strong> Certificaci\u00f3n NEMA 4X y C5<\/li>\n<\/ul><\/div>\n<\/p><\/div>\n<p> <!-- Imagen final --> <\/p>\n<div style='margin: 30px 0;'> <img style='width: 100%; height: auto; border: 1px solid rgba(150&comma;150&comma;150&comma;0.3); border-radius: 8px;' src='https:\/\/ftp3.syscom.mx\/usuarios\/jsosa\/HIKVISION\/imagenes\/banners\/solution%20complete.png' alt='Soluci\u00f3n completa'> <\/div>\n<p> <!-- Video --> <\/p>\n<div style='position: relative; padding-bottom: 56.25%; height: 0; overflow: hidden; margin-bottom: 30px;'> <video style='position: absolute; top: 0; left: 0; width: 100%; height: 100%; border: none; border-radius: 8px; padding: 4px;' loop muted controls><source src='https:\/\/ftp3.syscom.mx\/usuarios\/ftp\/web_img\/hikvision\/VIDEO_CamarasAnticorrosion_1.mp4' type='video\/mp4'>Tu navegador no admite la etiqueta de video.<\/video> <\/div>\n<\/p><\/div>\n","protected":false},"excerpt":{"rendered":"<p>PTZ IP 4 Megapixel \/ 42X Zoom \/ Dual Light (500 mts IR \/ 100 mts Luz Blanca) \/ Polimero Anticorrosivo (Ideal para Zonas Costeras o Alta Salinidad) \/ AutoSeguimiento \/ DARKFIGHTER \/ EIS \/ Exterior IP67 \/ NEMA 4X \/ C5 \/ Wiper<\/p>\n","protected":false},"featured_media":98644,"comment_status":"open","ping_status":"closed","template":"","meta":[],"product_brand":[],"product_cat":[1224],"product_tag":[122,54,1225],"class_list":{"0":"post-98645","1":"product","2":"type-product","3":"status-publish","4":"has-post-thumbnail","6":"product_cat-ptz","7":"product_tag-camaras-ip-y-nvrs","8":"product_tag-hikvision","9":"product_tag-ptz","11":"first","12":"outofstock","13":"sale","14":"shipping-taxable","15":"purchasable","16":"product-type-simple"},"_links":{"self":[{"href":"https:\/\/soydeaqui.ddns.net\/pachuca\/index.php\/wp-json\/wp\/v2\/product\/98645","targetHints":{"allow":["GET"]}}],"collection":[{"href":"https:\/\/soydeaqui.ddns.net\/pachuca\/index.php\/wp-json\/wp\/v2\/product"}],"about":[{"href":"https:\/\/soydeaqui.ddns.net\/pachuca\/index.php\/wp-json\/wp\/v2\/types\/product"}],"replies":[{"embeddable":true,"href":"https:\/\/soydeaqui.ddns.net\/pachuca\/index.php\/wp-json\/wp\/v2\/comments?post=98645"}],"wp:featuredmedia":[{"embeddable":true,"href":"https:\/\/soydeaqui.ddns.net\/pachuca\/index.php\/wp-json\/wp\/v2\/media\/98644"}],"wp:attachment":[{"href":"https:\/\/soydeaqui.ddns.net\/pachuca\/index.php\/wp-json\/wp\/v2\/media?parent=98645"}],"wp:term":[{"taxonomy":"product_brand","embeddable":true,"href":"https:\/\/soydeaqui.ddns.net\/pachuca\/index.php\/wp-json\/wp\/v2\/product_brand?post=98645"},{"taxonomy":"product_cat","embeddable":true,"href":"https:\/\/soydeaqui.ddns.net\/pachuca\/index.php\/wp-json\/wp\/v2\/product_cat?post=98645"},{"taxonomy":"product_tag","embeddable":true,"href":"https:\/\/soydeaqui.ddns.net\/pachuca\/index.php\/wp-json\/wp\/v2\/product_tag?post=98645"}],"curies":[{"name":"wp","href":"https:\/\/api.w.org\/{rel}","templated":true}]}}