{"id":98639,"date":"2026-03-20T09:50:13","date_gmt":"2026-03-20T09:50:13","guid":{"rendered":"https:\/\/soydeaqui.ddns.net\/pachuca\/index.php\/producto\/convertidor-dp-macho-a-vga-hembra-negro\/"},"modified":"2026-03-20T09:50:19","modified_gmt":"2026-03-20T09:50:19","slug":"convertidor-dp-macho-a-vga-hembra-negro","status":"publish","type":"product","link":"https:\/\/soydeaqui.ddns.net\/pachuca\/index.php\/producto\/convertidor-dp-macho-a-vga-hembra-negro\/","title":{"rendered":"Convertidor DP Macho a VGA Hembra (Negro)."},"content":{"rendered":"<div style='width: 100%; max-width: 1200px; margin: 0 auto; font-family: sans-serif; line-height: 1.6; color: inherit; background-color: transparent;'> <!-- Secci\u00f3n de caracter\u00edsticas principales --> <\/p>\n<div style='display: flex; flex-wrap: wrap; gap: 30px; margin-bottom: 30px;'>\n<div style='flex: 1 1 300px; min-width: 280px;'>\n<h3 style='font-size: 22px; border-bottom: 2px solid currentColor; padding-bottom: 5px; margin-top: 0; color: inherit; opacity: 0.8;'>Caracter\u00edsticas principales<\/h3>\n<ul style='padding-left: 20px; font-size: 15px; color: inherit;'>\n<li style='margin-bottom: 5px;'>Adaptador DP a VGA con chipset incorporado&comma; convierte la se\u00f1al digital DisplayPort en se\u00f1al anal\u00f3gica VGA<\/li>\n<li style='margin-bottom: 5px;'>No es bidireccional&comma; solo transfiere se\u00f1al digital desde dispositivos fuente DisplayPort a pantallas&comma; televisores&comma; proyectores o monitores VGA<\/li>\n<li style='margin-bottom: 5px;'>Admite resoluci\u00f3n VGA: 1920 x 1200 o 1920 x 1080 @ 60 Hz (m\u00e1x.)<\/li>\n<li style='margin-bottom: 5px;'>Plug &#038; Play: No se requiere ning\u00fan controlador ni programa<\/li>\n<li style='margin-bottom: 5px;'>Amplia compatibilidad con dispositivos de entrada DisplayPort y dispositivos de salida VGA<\/li>\n<\/ul><\/div>\n<\/p><\/div>\n<p> <!-- Secci\u00f3n de especificaciones t\u00e9cnicas --> <\/p>\n<div style='display: flex; flex-wrap: wrap; gap: 20px; margin-bottom: 30px;'>\n<div style='flex: 1 1 250px; border: 1px solid rgba(150&comma; 150&comma; 150&comma; 0.4); border-radius: 8px; overflow: hidden; display: flex; flex-direction: column;'>\n<div style='padding: 15px; border-bottom: 1px solid rgba(150&comma; 150&comma; 150&comma; 0.2); font-weight: bold; font-size: 18px; color: inherit;'>Especificaciones t\u00e9cnicas<\/div>\n<div style='padding: 15px; color: inherit;'>\n<ul style='padding-left: 20px; margin: 0; font-size: 14px; list-style-type: disc;'>\n<li style='margin-bottom: 5px;'><strong>Entrada:<\/strong> DisplayPort Macho<\/li>\n<li style='margin-bottom: 5px;'><strong>Salida:<\/strong> VGA Hembra<\/li>\n<li style='margin-bottom: 5px;'><strong>Resoluci\u00f3n m\u00e1xima:<\/strong> 1920 x 1200 o 1920 x 1080 @ 60 Hz<\/li>\n<li style='margin-bottom: 5px;'><strong>Chipset:<\/strong> ANX9833<\/li>\n<li style='margin-bottom: 5px;'><strong>Construcci\u00f3n:<\/strong> M\u00faltiples blindajes internos<\/li>\n<li style='margin-bottom: 5px;'><strong>Carcasa:<\/strong> Material ABS<\/li>\n<li style='margin-bottom: 5px;'><strong>Color:<\/strong> Negro<\/li>\n<li style='margin-bottom: 5px;'><strong>Compatibilidad:<\/strong> Dispositivos DisplayPort y dispositivos VGA<\/li>\n<\/ul><\/div>\n<\/p><\/div>\n<p> <!-- Secci\u00f3n de compatibilidad --> <\/p>\n<div style='flex: 1 1 250px; border: 1px solid rgba(150&comma; 150&comma; 150&comma; 0.4); border-radius: 8px; overflow: hidden; display: flex; flex-direction: column;'>\n<div style='padding: 15px; border-bottom: 1px solid rgba(150&comma; 150&comma; 150&comma; 0.2); font-weight: bold; font-size: 18px; color: inherit;'>Compatibilidad<\/div>\n<div style='padding: 15px; color: inherit;'>\n<ul style='padding-left: 20px; margin: 0; font-size: 14px; list-style-type: disc;'>\n<li style='margin-bottom: 5px;'>HP Elitebook Revolve 810 G3<\/li>\n<li style='margin-bottom: 5px;'>HP Folio 1040 G2<\/li>\n<li style='margin-bottom: 5px;'>Dell Optiplex 790<\/li>\n<li style='margin-bottom: 5px;'>Acer Chromebox<\/li>\n<li style='margin-bottom: 5px;'>Otras computadoras port\u00e1tiles&comma; tarjetas gr\u00e1ficas y computadoras de escritorio con DisplayPort<\/li>\n<\/ul><\/div>\n<\/p><\/div>\n<p> <!-- Secci\u00f3n de funcionalidades --> <\/p>\n<div style='flex: 1 1 250px; border: 1px solid rgba(150&comma; 150&comma; 150&comma; 0.4); border-radius: 8px; overflow: hidden; display: flex; flex-direction: column;'>\n<div style='padding: 15px; border-bottom: 1px solid rgba(150&comma; 150&comma; 150&comma; 0.2); font-weight: bold; font-size: 18px; color: inherit;'>Funcionalidades<\/div>\n<div style='padding: 15px; color: inherit;'>\n<ul style='padding-left: 20px; margin: 0; font-size: 14px; list-style-type: disc;'>\n<li style='margin-bottom: 5px;'>Conversi\u00f3n digital a anal\u00f3gico<\/li>\n<li style='margin-bottom: 5px;'>Configuraci\u00f3n de escritorio extendido<\/li>\n<li style='margin-bottom: 5px;'>Pantallas reflejadas<\/li>\n<li style='margin-bottom: 5px;'>No requiere alimentaci\u00f3n externa<\/li>\n<\/ul><\/div>\n<\/p><\/div>\n<\/p><\/div>\n<p> <!-- Separador --> <\/p>\n<hr style='border: 0; border-top: 1px solid rgba(150&comma; 150&comma; 150&comma; 0.3); margin: 30px 0;'> <\/div>\n","protected":false},"excerpt":{"rendered":"<p>Convertidor DP Macho a VGA Hembra (Negro).<\/p>\n","protected":false},"featured_media":98638,"comment_status":"open","ping_status":"closed","template":"","meta":[],"product_brand":[],"product_cat":[2130],"product_tag":[488,650,2131],"class_list":{"0":"post-98639","1":"product","2":"type-product","3":"status-publish","4":"has-post-thumbnail","6":"product_cat-vga-dvi-hdmi","7":"product_tag-cables-y-conectores","8":"product_tag-ugreen","9":"product_tag-vga-dvi-hdmi","11":"first","12":"instock","13":"sale","14":"shipping-taxable","15":"purchasable","16":"product-type-simple"},"_links":{"self":[{"href":"https:\/\/soydeaqui.ddns.net\/pachuca\/index.php\/wp-json\/wp\/v2\/product\/98639","targetHints":{"allow":["GET"]}}],"collection":[{"href":"https:\/\/soydeaqui.ddns.net\/pachuca\/index.php\/wp-json\/wp\/v2\/product"}],"about":[{"href":"https:\/\/soydeaqui.ddns.net\/pachuca\/index.php\/wp-json\/wp\/v2\/types\/product"}],"replies":[{"embeddable":true,"href":"https:\/\/soydeaqui.ddns.net\/pachuca\/index.php\/wp-json\/wp\/v2\/comments?post=98639"}],"wp:featuredmedia":[{"embeddable":true,"href":"https:\/\/soydeaqui.ddns.net\/pachuca\/index.php\/wp-json\/wp\/v2\/media\/98638"}],"wp:attachment":[{"href":"https:\/\/soydeaqui.ddns.net\/pachuca\/index.php\/wp-json\/wp\/v2\/media?parent=98639"}],"wp:term":[{"taxonomy":"product_brand","embeddable":true,"href":"https:\/\/soydeaqui.ddns.net\/pachuca\/index.php\/wp-json\/wp\/v2\/product_brand?post=98639"},{"taxonomy":"product_cat","embeddable":true,"href":"https:\/\/soydeaqui.ddns.net\/pachuca\/index.php\/wp-json\/wp\/v2\/product_cat?post=98639"},{"taxonomy":"product_tag","embeddable":true,"href":"https:\/\/soydeaqui.ddns.net\/pachuca\/index.php\/wp-json\/wp\/v2\/product_tag?post=98639"}],"curies":[{"name":"wp","href":"https:\/\/api.w.org\/{rel}","templated":true}]}}