{"id":98623,"date":"2026-03-20T09:49:36","date_gmt":"2026-03-20T09:49:36","guid":{"rendered":"https:\/\/soydeaqui.ddns.net\/pachuca\/index.php\/producto\/cable-de-extension-activo-usb-2-0-30-metros-macho-hembra-booster-individual-fe1-1s-incorporado-velocidad-de-hasta-480-mbps-ideal-para-impresoras-consolas-webcam-etc\/"},"modified":"2026-03-20T09:49:38","modified_gmt":"2026-03-20T09:49:38","slug":"cable-de-extension-activo-usb-2-0-30-metros-macho-hembra-booster-individual-fe1-1s-incorporado-velocidad-de-hasta-480-mbps-ideal-para-impresoras-consolas-webcam-etc","status":"publish","type":"product","link":"https:\/\/soydeaqui.ddns.net\/pachuca\/index.php\/producto\/cable-de-extension-activo-usb-2-0-30-metros-macho-hembra-booster-individual-fe1-1s-incorporado-velocidad-de-hasta-480-mbps-ideal-para-impresoras-consolas-webcam-etc\/","title":{"rendered":"Cable de Extensi\u00f3n Activo USB 2.0 \/ 30 Metros \/ Macho-Hembra \/ Booster individual FE1.1S incorporado \/ Velocidad de hasta 480 Mbps \/ Ideal para impresoras, consolas , Webcam, etc."},"content":{"rendered":"<div style='width: 100%; max-width: 1200px; margin: 0 auto; font-family: sans-serif; line-height: 1.6; color: inherit; background-color: transparent;'> <!-- Im\u00e1genes --> <\/p>\n<div style='display: flex; flex-wrap: wrap; gap: 15px; margin-bottom: 30px;'>\n<div style='flex: 1 1 300px; min-width: 280px;'> <img style='width: 100%; height: auto; border: 1px solid rgba(150&comma;150&comma;150&comma;0.3); border-radius: 8px;' src='http:\/\/ftp3.syscom.mx\/usuarios\/hallende\/UGREEN2\/CABLES%20USB\/10319\/10321-10.jpg' alt=''> <\/div>\n<div style='flex: 1 1 300px; min-width: 280px;'> <img style='width: 100%; height: auto; border: 1px solid rgba(150&comma;150&comma;150&comma;0.3); border-radius: 8px;' src='http:\/\/ftp3.syscom.mx\/usuarios\/hallende\/UGREEN2\/CABLES%20USB\/10319\/10321-11.jpg' alt=''> <\/div>\n<\/p><\/div>\n<p> <!-- Secci\u00f3n de caracter\u00edsticas --> <\/p>\n<div style='display: flex; flex-wrap: wrap; gap: 30px; margin-bottom: 30px;'>\n<div style='flex: 1 1 300px; min-width: 280px;'>\n<h3 style='font-size: 22px; border-bottom: 2px solid currentColor; padding-bottom: 5px; margin-top: 0; color: inherit; opacity: 0.8;'>Transmisi\u00f3n estable<\/h3>\n<p style='font-size: 15px; color: inherit;'>El conjunto de chips con amplificador de se\u00f1al de baja potencia FE 1.1s integrado proporciona protecci\u00f3n contra interferencias de se\u00f1ales EMI\/RFI&comma; lo que permite un alto rendimiento.<\/p>\n<\/p><\/div>\n<div style='flex: 1 1 300px; min-width: 280px;'>\n<h3 style='font-size: 22px; border-bottom: 2px solid currentColor; padding-bottom: 5px; margin-top: 0; color: inherit; opacity: 0.8;'>S\u00faper rendimiento<\/h3>\n<p style='font-size: 15px; color: inherit;'>El n\u00facleo de cobre 28\/24AWG esta\u00f1ado grueso reduce la impedancia de transferencia y garantiza una transferencia de se\u00f1al sin intermitencias. El blindaje triple (l\u00e1mina\/trenza\/tierra) proporciona la m\u00e1xima resistencia a EMI\/RFI y una calidad de se\u00f1al superior. La estructura de cuatro n\u00facleos garantiza que las diferentes se\u00f1ales no interfieran entre s\u00ed.<\/p>\n<p style='font-size: 15px; color: inherit;'>La carcasa de ABS de alta calidad y PVC ign\u00edfugo garantiza una gran durabilidad y flexibilidad. Es f\u00e1cil mover este cable y extenderlo al lugar deseado.<\/p>\n<\/p><\/div>\n<div style='flex: 1 1 300px; min-width: 280px;'>\n<h3 style='font-size: 22px; border-bottom: 2px solid currentColor; padding-bottom: 5px; margin-top: 0; color: inherit; opacity: 0.8;'>Transferencia de datos r\u00e1pida<\/h3>\n<p style='font-size: 15px; color: inherit;'>Este cable extensor USB admite una tasa de transferencia de datos USB2.0 de alta velocidad de hasta 480 Mbps.<\/p>\n<\/p><\/div>\n<\/p><\/div>\n<p> <!-- Banner final --> <\/p>\n<div style='margin-bottom: 30px;'> <img style='width: 100%; height: auto; border: 1px solid rgba(150&comma;150&comma;150&comma;0.3); border-radius: 8px;' src='http:\/\/ftp3.syscom.mx\/usuarios\/maguilar\/Ugreen\/10319\/10319-Banner.png' alt=''> <\/div>\n<\/p><\/div>\n","protected":false},"excerpt":{"rendered":"<p>Cable de Extensi\u00f3n Activo USB 2.0 \/ 30 Metros \/ Macho-Hembra \/ Booster individual FE1.1S incorporado \/ Velocidad de hasta 480 Mbps \/ Ideal para impresoras, consolas , Webcam, etc.<\/p>\n","protected":false},"featured_media":32,"comment_status":"open","ping_status":"closed","template":"","meta":[],"product_brand":[],"product_cat":[1235],"product_tag":[417,1236,650],"class_list":{"0":"post-98623","1":"product","2":"type-product","3":"status-publish","4":"has-post-thumbnail","6":"product_cat-accesorios-para-computadora-y-smartphones","7":"product_tag-accesorios-generales","8":"product_tag-accesorios-para-computadora-y-smartphones","9":"product_tag-ugreen","11":"first","12":"outofstock","13":"sale","14":"shipping-taxable","15":"purchasable","16":"product-type-simple"},"_links":{"self":[{"href":"https:\/\/soydeaqui.ddns.net\/pachuca\/index.php\/wp-json\/wp\/v2\/product\/98623","targetHints":{"allow":["GET"]}}],"collection":[{"href":"https:\/\/soydeaqui.ddns.net\/pachuca\/index.php\/wp-json\/wp\/v2\/product"}],"about":[{"href":"https:\/\/soydeaqui.ddns.net\/pachuca\/index.php\/wp-json\/wp\/v2\/types\/product"}],"replies":[{"embeddable":true,"href":"https:\/\/soydeaqui.ddns.net\/pachuca\/index.php\/wp-json\/wp\/v2\/comments?post=98623"}],"wp:featuredmedia":[{"embeddable":true,"href":"https:\/\/soydeaqui.ddns.net\/pachuca\/index.php\/wp-json\/wp\/v2\/media\/32"}],"wp:attachment":[{"href":"https:\/\/soydeaqui.ddns.net\/pachuca\/index.php\/wp-json\/wp\/v2\/media?parent=98623"}],"wp:term":[{"taxonomy":"product_brand","embeddable":true,"href":"https:\/\/soydeaqui.ddns.net\/pachuca\/index.php\/wp-json\/wp\/v2\/product_brand?post=98623"},{"taxonomy":"product_cat","embeddable":true,"href":"https:\/\/soydeaqui.ddns.net\/pachuca\/index.php\/wp-json\/wp\/v2\/product_cat?post=98623"},{"taxonomy":"product_tag","embeddable":true,"href":"https:\/\/soydeaqui.ddns.net\/pachuca\/index.php\/wp-json\/wp\/v2\/product_tag?post=98623"}],"curies":[{"name":"wp","href":"https:\/\/api.w.org\/{rel}","templated":true}]}}