{"id":98596,"date":"2026-03-20T09:48:30","date_gmt":"2026-03-20T09:48:30","guid":{"rendered":"https:\/\/soydeaqui.ddns.net\/pachuca\/index.php\/producto\/cable-hdmi-ngulo-90-1-metro-3-28-pies-alta-definicin-versin-2-0-alta-velocidad-18gbps-4k60hz\/"},"modified":"2026-03-20T09:48:33","modified_gmt":"2026-03-20T09:48:33","slug":"cable-hdmi-ngulo-90-1-metro-3-28-pies-alta-definicin-versin-2-0-alta-velocidad-18gbps-4k60hz","status":"publish","type":"product","link":"https:\/\/soydeaqui.ddns.net\/pachuca\/index.php\/producto\/cable-hdmi-ngulo-90-1-metro-3-28-pies-alta-definicin-versin-2-0-alta-velocidad-18gbps-4k60hz\/","title":{"rendered":"Cable HDMI ?ngulo 90? | 1 Metro (3.28 Pies) | Alta Definici?n | Versi?n 2.0 | Alta Velocidad 18Gbps | 4K@60Hz |"},"content":{"rendered":"<div style='width: 100%; max-width: 1200px; margin: 0 auto; font-family: sans-serif; line-height: 1.6; color: inherit; background-color: transparent;'> <!-- Imagen 1 --> <\/p>\n<div style='display: flex; justify-content: center; margin: 20px 0;'> <img style='width: 40%; height: auto; border: 1px solid rgba(150&comma;150&comma;150&comma;0.3); border-radius: 8px;' src='https:\/\/ftp3.syscom.mx\/usuarios\/luis.vargas\/EpcomProAudio\/epcom_proaudio.png' alt='Logo Epcom Proaudio'> <\/div>\n<p> <!-- Descripci\u00f3n principal --> <\/p>\n<div style='margin: 30px 0;'>\n<p style='text-align: center; font-size: 14pt; color: inherit;'>El cable HDMI con Ethernet y conectores en \u00e1ngulo de 90 grados de SYSCOM\u00ae te ofrece una soluci\u00f3n vers\u00e1til<\/p>\n<p style='text-align: center; font-size: 14pt; color: inherit;'>y conveniente. Con capacidad para transmitir audio y v\u00eddeo en 4K&comma; cuenta tambi\u00e9n con conectividad Ethernet para una conexi\u00f3n a la red. Sus conectores chapados en oro garantizan una conexi\u00f3n duradera&comma; mientras que el dise\u00f1o en \u00e1ngulo facilita la conexi\u00f3n en espacios ajustados. En resumen&comma; este cable proporciona rendimiento de alta calidad y comodidad para tus necesidades de conexi\u00f3n HDMI.<\/p>\n<\/p><\/div>\n<p> <!-- Secci\u00f3n de caracter\u00edsticas --> <\/p>\n<div style='display: flex; flex-wrap: wrap; gap: 30px; margin: 30px 0;'>\n<div style='flex: 1 1 300px; min-width: 280px;'> <img style='width: 100%; height: auto; border: 1px solid rgba(150&comma;150&comma;150&comma;0.3); border-radius: 8px;' src='https:\/\/ftp3.syscom.mx\/usuarios\/luis.vargas\/EpcomProAudio\/Cable\/CableHDMI\/EP90.jpg' alt='Cable HDMI 90\u00ba'> <\/div>\n<div style='flex: 1 1 300px; min-width: 280px;'>\n<h3 style='font-size: 22px; border-bottom: 2px solid currentColor; padding-bottom: 5px; margin-top: 0; color: inherit; opacity: 0.8;'>Caracter\u00edsticas<\/h3>\n<ul style='padding-left: 20px; font-size: 15px; color: inherit;'>\n<li style='margin-bottom: 5px;'>Cable HDMI 2.0V<\/li>\n<li style='margin-bottom: 5px;'>Longitud: 1m<\/li>\n<li style='margin-bottom: 5px;'>Alta velocidad con Ethernet&comma; habilitado para 3D<\/li>\n<li style='margin-bottom: 5px;'>HDMI A macho a HDMI A macho<\/li>\n<li style='margin-bottom: 5px;'>30AWG&comma; OD6.5mm para 1-3M<\/li>\n<li style='margin-bottom: 5px;'>Conectores chapados en oro<\/li>\n<li style='margin-bottom: 5px;'>Conector met\u00e1lico<\/li>\n<li style='margin-bottom: 5px;'>Conductor de cobre + trenzado AL-MG<\/li>\n<li style='margin-bottom: 5px;'>Chaqueta de PVC con funda de nailon para 1-3M&comma; chaqueta de PVC para 5M (sin funda de nailon)<\/li>\n<\/ul>\n<h4 style='font-size: 18px; margin-top: 20px; margin-bottom: 10px; color: inherit;'>Cables 90\u00ba<\/h4>\n<ul style='padding-left: 20px; font-size: 15px; color: inherit;'>\n<li style='margin-bottom: 5px;'>EP90H1M<\/li>\n<li style='margin-bottom: 5px;'>EP90H2M<\/li>\n<li style='margin-bottom: 5px;'>EP90H3M<\/li>\n<\/ul><\/div>\n<\/p><\/div>\n<p> <!-- Imagenes adicionales --> <\/p>\n<div style='display: flex; flex-direction: column; gap: 20px; margin: 30px 0;'>\n<div style='display: flex; justify-content: center;'> <img style='width: 40%; height: auto; border: 1px solid rgba(150&comma;150&comma;150&comma;0.3); border-radius: 8px;' src='https:\/\/ftp3.syscom.mx\/usuarios\/luis.vargas\/EpcomProAudio\/Cable\/CableHDMI\/90H-1.png' alt='Cable HDMI 90\u00ba detalle'> <\/div>\n<div style='display: flex; justify-content: center;'> <img style='width: 100%; height: auto; border: 1px solid rgba(150&comma;150&comma;150&comma;0.3); border-radius: 8px;' src='https:\/\/ftp3.syscom.mx\/usuarios\/luis.vargas\/EpcomProAudio\/Cable\/CableHDMI\/EPH.png' alt='Cable HDMI'> <\/div>\n<\/p><\/div>\n<p> <!-- Separador final --> <\/p>\n<hr style='border: 0; border-top: 1px solid rgba(150&comma; 150&comma; 150&comma; 0.3); margin: 30px 0;'> <\/div>\n","protected":false},"excerpt":{"rendered":"<p>Cable HDMI ?ngulo 90? | 1 Metro (3.28 Pies) | Alta Definici?n | Versi?n 2.0 | Alta Velocidad 18Gbps | 4K@60Hz |<\/p>\n","protected":false},"featured_media":98595,"comment_status":"open","ping_status":"closed","template":"","meta":[],"product_brand":[],"product_cat":[691],"product_tag":[692,488,110],"class_list":{"0":"post-98596","1":"product","2":"type-product","3":"status-publish","4":"has-post-thumbnail","6":"product_cat-audio-y-video-cables-y-conectores","7":"product_tag-audio-y-video","8":"product_tag-cables-y-conectores","9":"product_tag-epcom-proaudio","11":"first","12":"instock","13":"sale","14":"shipping-taxable","15":"purchasable","16":"product-type-simple"},"_links":{"self":[{"href":"https:\/\/soydeaqui.ddns.net\/pachuca\/index.php\/wp-json\/wp\/v2\/product\/98596","targetHints":{"allow":["GET"]}}],"collection":[{"href":"https:\/\/soydeaqui.ddns.net\/pachuca\/index.php\/wp-json\/wp\/v2\/product"}],"about":[{"href":"https:\/\/soydeaqui.ddns.net\/pachuca\/index.php\/wp-json\/wp\/v2\/types\/product"}],"replies":[{"embeddable":true,"href":"https:\/\/soydeaqui.ddns.net\/pachuca\/index.php\/wp-json\/wp\/v2\/comments?post=98596"}],"wp:featuredmedia":[{"embeddable":true,"href":"https:\/\/soydeaqui.ddns.net\/pachuca\/index.php\/wp-json\/wp\/v2\/media\/98595"}],"wp:attachment":[{"href":"https:\/\/soydeaqui.ddns.net\/pachuca\/index.php\/wp-json\/wp\/v2\/media?parent=98596"}],"wp:term":[{"taxonomy":"product_brand","embeddable":true,"href":"https:\/\/soydeaqui.ddns.net\/pachuca\/index.php\/wp-json\/wp\/v2\/product_brand?post=98596"},{"taxonomy":"product_cat","embeddable":true,"href":"https:\/\/soydeaqui.ddns.net\/pachuca\/index.php\/wp-json\/wp\/v2\/product_cat?post=98596"},{"taxonomy":"product_tag","embeddable":true,"href":"https:\/\/soydeaqui.ddns.net\/pachuca\/index.php\/wp-json\/wp\/v2\/product_tag?post=98596"}],"curies":[{"name":"wp","href":"https:\/\/api.w.org\/{rel}","templated":true}]}}