{"id":98586,"date":"2026-03-20T09:48:08","date_gmt":"2026-03-20T09:48:08","guid":{"rendered":"https:\/\/soydeaqui.ddns.net\/pachuca\/index.php\/producto\/cable-hdmi-de-fibra-ptica-de-15-metros-49-21-pies-alta-definicin-versin-2-0-alta-velocidad-18gbps-4k60hz-hdcp-2-2-resistente-a-emi-y-rfi\/"},"modified":"2026-03-20T09:48:09","modified_gmt":"2026-03-20T09:48:09","slug":"cable-hdmi-de-fibra-ptica-de-15-metros-49-21-pies-alta-definicin-versin-2-0-alta-velocidad-18gbps-4k60hz-hdcp-2-2-resistente-a-emi-y-rfi","status":"publish","type":"product","link":"https:\/\/soydeaqui.ddns.net\/pachuca\/index.php\/producto\/cable-hdmi-de-fibra-ptica-de-15-metros-49-21-pies-alta-definicin-versin-2-0-alta-velocidad-18gbps-4k60hz-hdcp-2-2-resistente-a-emi-y-rfi\/","title":{"rendered":"Cable HDMI de Fibra ?ptica de 15 Metros (49.21 Pies) | Alta Definici?n | Versi?n 2.0 | Alta Velocidad 18Gbps | 4K@60Hz | HDCP 2.2 | Resistente a EMI y RFI"},"content":{"rendered":"<div style='width: 100%; max-width: 1200px; margin: 0 auto; font-family: sans-serif; line-height: 1.6; color: inherit; background-color: transparent;'> <!-- Imagen logo --> <\/p>\n<div style='width: 100%; margin: 30px 0; text-align: center;'> <img style='width: 40%; height: auto; border: 1px solid rgba(150&comma;150&comma;150&comma;0.3); border-radius: 8px;' src='https:\/\/ftp3.syscom.mx\/usuarios\/luis.vargas\/EpcomProAudio\/epcom_proaudio.png' alt='Logo Epcom ProAudio'> <\/div>\n<p> <!-- Descripci\u00f3n principal --> <\/p>\n<div style='margin-bottom: 30px;'>\n<div style='display: flex; flex-wrap: wrap; gap: 30px;'>\n<div style='flex: 1 1 300px; min-width: 280px;'>\n<h3 style='font-size: 22px; border-bottom: 2px solid currentColor; padding-bottom: 5px; margin-top: 0; color: inherit; opacity: 0.8;'>Descripci\u00f3n<\/h3>\n<p style='font-size: 15px; color: inherit; text-align: justify;'> El cable HDMI de fibra \u00f3ptica de Epcom ProAudio supera las limitaciones de distancia con un rendimiento excepcional. La fibra \u00f3ptica permite conexiones a larga distancia sin degradaci\u00f3n de se\u00f1al&comma; ideal para resoluciones vibrantes 4K. Con conectores chapados en oro y una chaqueta de PVC resistente&comma; garantiza conexiones duraderas y sin corrosi\u00f3n. Adem\u00e1s&comma; la fibra \u00f3ptica elimina interferencias electromagn\u00e9ticas para una transmisi\u00f3n estable. En resumen&comma; este cable ofrece calidad&comma; flexibilidad y confiabilidad en conexiones HDMI. <\/p>\n<\/p><\/div>\n<\/p><\/div>\n<\/p><\/div>\n<p> <!-- Secci\u00f3n de caracter\u00edsticas --> <\/p>\n<div style='display: flex; flex-wrap: wrap; gap: 20px; margin-bottom: 30px;'>\n<div style='flex: 1 1 300px; min-width: 280px;'>\n<div style='border: 1px solid rgba(150&comma; 150&comma; 150&comma; 0.4); border-radius: 8px; overflow: hidden; display: flex; flex-direction: column;'>\n<div style='padding: 15px; border-bottom: 1px solid rgba(150&comma; 150&comma; 150&comma; 0.2); font-weight: bold; font-size: 18px; color: inherit;'>Caracter\u00edsticas<\/div>\n<div style='padding: 15px; color: inherit;'>\n<ul style='padding-left: 20px; margin: 0; font-size: 14px; list-style-type: disc;'>\n<li style='margin-bottom: 5px;'>Cable HDMI \u00d3ptico 2.0 Versi\u00f3n A\/M-A\/M<\/li>\n<li style='margin-bottom: 5px;'>Longitud: 15m<\/li>\n<li style='margin-bottom: 5px;'>Tapones chapados en oro<\/li>\n<li style='margin-bottom: 5px;'>Carcasa totalmente met\u00e1lica<\/li>\n<li style='margin-bottom: 5px;'>Admite pantalla UHD 4K 60 HZ<\/li>\n<li style='margin-bottom: 5px;'>Compatible con HDCP 2.2<\/li>\n<li style='margin-bottom: 5px;'>Altamente resistente con EMI y RFI<\/li>\n<li style='margin-bottom: 5px;'>Mucho m\u00e1s delgado y suave que el tradicional (OD4.5mm)<\/li>\n<\/ul><\/div>\n<\/p><\/div>\n<\/p><\/div>\n<p> <!-- Cables relacionados --> <\/p>\n<div style='flex: 1 1 300px; min-width: 280px;'>\n<div style='border: 1px solid rgba(150&comma; 150&comma; 150&comma; 0.4); border-radius: 8px; overflow: hidden; display: flex; flex-direction: column;'>\n<div style='padding: 15px; border-bottom: 1px solid rgba(150&comma; 150&comma; 150&comma; 0.2); font-weight: bold; font-size: 18px; color: inherit;'>Cables disponibles<\/div>\n<div style='padding: 15px; color: inherit;'>\n<ul style='padding-left: 20px; margin: 0; font-size: 14px; list-style-type: disc;'>\n<li style='margin-bottom: 5px;'>EPFOH4K15M<\/li>\n<li style='margin-bottom: 5px;'>EPFOH4K20M<\/li>\n<li style='margin-bottom: 5px;'>EPFOH4K30M<\/li>\n<li style='margin-bottom: 5px;'>EPFOH8K10M<\/li>\n<li style='margin-bottom: 5px;'>EPFOH8K15M<\/li>\n<\/ul><\/div>\n<\/p><\/div>\n<\/p><\/div>\n<\/p><\/div>\n<p> <!-- Imagen principal --> <\/p>\n<div style='width: 100%; margin: 30px 0; text-align: center;'> <img style='width: 100%; height: auto; border: 1px solid rgba(150&comma;150&comma;150&comma;0.3); border-radius: 8px;' src='https:\/\/ftp3.syscom.mx\/usuarios\/luis.vargas\/EpcomProAudio\/Cable\/CableHDMI\/FO-1.jpg' alt='Cable HDMI de Fibra \u00d3ptica'> <\/div>\n<p> <!-- Imagen secundaria 1 --> <\/p>\n<div style='width: 100%; margin: 30px 0; text-align: center;'> <img style='width: 40%; height: auto; border: 1px solid rgba(150&comma;150&comma;150&comma;0.3); border-radius: 8px;' src='https:\/\/ftp3.syscom.mx\/usuarios\/luis.vargas\/EpcomProAudio\/Cable\/CableHDMI\/FO.png' alt='Fibra \u00d3ptica'> <\/div>\n<p> <!-- Imagen secundaria 2 --> <\/p>\n<div style='width: 100%; margin: 30px 0; text-align: center;'> <img style='width: 100%; height: auto; border: 1px solid rgba(150&comma;150&comma;150&comma;0.3); border-radius: 8px;' src='https:\/\/ftp3.syscom.mx\/usuarios\/luis.vargas\/EpcomProAudio\/Cable\/CableHDMI\/EPH.png' alt='Conector HDMI'> <\/div>\n<p> <!-- Separador final --> <\/p>\n<hr style='border: 0; border-top: 1px solid rgba(150&comma; 150&comma; 150&comma; 0.3); margin: 30px 0;'> <\/div>\n","protected":false},"excerpt":{"rendered":"<p>Cable HDMI de Fibra ?ptica de 15 Metros (49.21 Pies) | Alta Definici?n | Versi?n 2.0 | Alta Velocidad 18Gbps | 4K@60Hz | HDCP 2.2 | Resistente a EMI y RFI<\/p>\n","protected":false},"featured_media":98585,"comment_status":"open","ping_status":"closed","template":"","meta":[],"product_brand":[],"product_cat":[691],"product_tag":[692,488,110],"class_list":{"0":"post-98586","1":"product","2":"type-product","3":"status-publish","4":"has-post-thumbnail","6":"product_cat-audio-y-video-cables-y-conectores","7":"product_tag-audio-y-video","8":"product_tag-cables-y-conectores","9":"product_tag-epcom-proaudio","11":"first","12":"instock","13":"sale","14":"shipping-taxable","15":"purchasable","16":"product-type-simple"},"_links":{"self":[{"href":"https:\/\/soydeaqui.ddns.net\/pachuca\/index.php\/wp-json\/wp\/v2\/product\/98586","targetHints":{"allow":["GET"]}}],"collection":[{"href":"https:\/\/soydeaqui.ddns.net\/pachuca\/index.php\/wp-json\/wp\/v2\/product"}],"about":[{"href":"https:\/\/soydeaqui.ddns.net\/pachuca\/index.php\/wp-json\/wp\/v2\/types\/product"}],"replies":[{"embeddable":true,"href":"https:\/\/soydeaqui.ddns.net\/pachuca\/index.php\/wp-json\/wp\/v2\/comments?post=98586"}],"wp:featuredmedia":[{"embeddable":true,"href":"https:\/\/soydeaqui.ddns.net\/pachuca\/index.php\/wp-json\/wp\/v2\/media\/98585"}],"wp:attachment":[{"href":"https:\/\/soydeaqui.ddns.net\/pachuca\/index.php\/wp-json\/wp\/v2\/media?parent=98586"}],"wp:term":[{"taxonomy":"product_brand","embeddable":true,"href":"https:\/\/soydeaqui.ddns.net\/pachuca\/index.php\/wp-json\/wp\/v2\/product_brand?post=98586"},{"taxonomy":"product_cat","embeddable":true,"href":"https:\/\/soydeaqui.ddns.net\/pachuca\/index.php\/wp-json\/wp\/v2\/product_cat?post=98586"},{"taxonomy":"product_tag","embeddable":true,"href":"https:\/\/soydeaqui.ddns.net\/pachuca\/index.php\/wp-json\/wp\/v2\/product_tag?post=98586"}],"curies":[{"name":"wp","href":"https:\/\/api.w.org\/{rel}","templated":true}]}}