{"id":98550,"date":"2026-03-20T09:46:38","date_gmt":"2026-03-20T09:46:38","guid":{"rendered":"https:\/\/soydeaqui.ddns.net\/pachuca\/index.php\/producto\/mini-estacion-de-trabajo-para-maxpro-en-videovigilancia-tarjeta-grafica-nvidia-hasta-2-monitores-simultaneos\/"},"modified":"2026-03-20T09:46:39","modified_gmt":"2026-03-20T09:46:39","slug":"mini-estacion-de-trabajo-para-maxpro-en-videovigilancia-tarjeta-grafica-nvidia-hasta-2-monitores-simultaneos","status":"publish","type":"product","link":"https:\/\/soydeaqui.ddns.net\/pachuca\/index.php\/producto\/mini-estacion-de-trabajo-para-maxpro-en-videovigilancia-tarjeta-grafica-nvidia-hasta-2-monitores-simultaneos\/","title":{"rendered":"MINI Estaci\u00f3n de Trabajo para MAXPRO en Videovigilancia \/ Tarjeta Gr\u00e1fica NVIDIA \/ Hasta 2 Monitores Simult\u00e1neos"},"content":{"rendered":"<div style='width: 100%; max-width: 1200px; margin: 0 auto; font-family: sans-serif; line-height: 1.6; color: inherit; background-color: transparent;'> <!-- Im\u00e1genes iniciales --> <\/p>\n<div style='width: 100%; display: flex; flex-direction: column; gap: 30px; margin-bottom: 30px;'> <img style='width: 100%; height: auto; border: 1px solid rgba(150&comma;150&comma;150&comma;0.3); border-radius: 8px;' src='https:\/\/ftp3.syscom.mx\/usuarios\/pnunez\/Honeywell\/HC30WE5R2\/Imagenes\/banner-honeywell.jpg' alt=''> <img style='width: 100%; height: auto; border: 1px solid rgba(150&comma;150&comma;150&comma;0.3); border-radius: 8px;' src='https:\/\/ftp3.syscom.mx\/usuarios\/pnunez\/Honeywell\/Banners\/syscom-stock-disponible%20%281%29.jpg' alt=''> <\/div>\n<p> <!-- T\u00edtulo --> <\/p>\n<h2 style='font-size: 24px; margin-bottom: 20px; color: inherit; opacity: 0.8;'>MINI Estaci\u00f3n de Trabajo Lenovo para MAXPRO<\/h2>\n<p> <!-- Descripci\u00f3n general --> <\/p>\n<div style='display: flex; flex-wrap: wrap; gap: 30px; margin-bottom: 30px;'>\n<div style='flex: 1 1 300px; min-width: 280px;'>\n<div style='border-left: 3px solid #b23131; padding-left: 15px; margin-bottom: 15px;'>\n<p style='margin-bottom: 15px; font-size: 14px; color: inherit;'>La elegante y compacta workstation ThinkStation P340 Tiny cabe en cualquier parte y puede colocarse tanto en horizontal como en vertical. Puedes montar este dispositivo de 1 litro en una pared&comma; detr\u00e1s de un monitor&comma; debajo de un escritorio o incluso en una estanter\u00eda. Te sigue adonde quieras que vayas.<\/p>\n<p style='margin-bottom: 15px; font-size: 14px; color: inherit;'><strong>1 Tiny&comma; hasta 6 pantallas independientes<\/strong><br \/>Gracias a la tarjeta gr\u00e1fica NVIDIA\u00ae Quadro\u00ae P1000&comma; esta workstation admite hasta seis pantallas independientes. Y es ideal para aplicaciones intensivas con certificaciones de proveedores de software independientes (ISV) de todos los principales proveedores.<\/p>\n<p style='margin-bottom: 15px; font-size: 14px; color: inherit;'><strong>Diminuta pero resistente<\/strong><br \/>Si bien es lo suficientemente elegante como para exhibirla \u2014aunque lo suficientemente peque\u00f1a como para ocultarla\u2014&comma; la HMW7TM es resistente. Ha superado 18 procedimientos de est\u00e1ndares militares MIL-STD 810G y puede soportar las condiciones m\u00e1s duras&comma; as\u00ed podr\u00e1s implementarla en cualquier lugar.<\/p>\n<p style='margin-bottom: 0; font-size: 14px; color: inherit;'><strong>Seguridad integrada<\/strong><br \/>Las soluciones de seguridad ThinkShield de Lenovo protegen tu dispositivo y datos con un conjunto de hardware y software. Por un lado&comma; un chip TPM 2.0 cifra tus contrase\u00f1as; por otro lado&comma; la protecci\u00f3n USB inteligente basada en BIOS evita que usuarios no autorizados se conecten y accedan a tus archivos.<\/p>\n<\/p><\/div>\n<\/p><\/div>\n<\/p><\/div>\n<p> <!-- Especificaciones t\u00e9cnicas en 3 columnas --> <\/p>\n<div style='display: flex; flex-wrap: wrap; gap: 20px; margin-bottom: 30px;'>\n<div style='flex: 1 1 300px; border: 1px solid rgba(150&comma; 150&comma; 150&comma; 0.4); border-radius: 8px; overflow: hidden; display: flex; flex-direction: column;'>\n<div style='padding: 15px; border-bottom: 1px solid rgba(150&comma; 150&comma; 150&comma; 0.2); font-weight: bold; font-size: 16px; color: inherit;'>Conectividad y Puertos<\/div>\n<div style='padding: 15px; color: inherit; flex-grow: 1;'>\n<p style='margin-bottom: 5px; font-size: 13px; color: inherit;'><strong>WiFi\/Bluetooth:<\/strong><\/p>\n<ul style='padding-left: 20px; margin-bottom: 15px; font-size: 13px; list-style-type: disc; color: inherit;'>\n<li style='margin-bottom: 5px;'>Intel\u00ae 9560 802.11 AC vPro\u2122 (2&#215;2) + Bluetooth\u00ae 5.0 (Opcional)<\/li>\n<li style='margin-bottom: 5px;'>Intel Wi-Fi 6 AX 201 2*2AX + Bluetooth 5.0 (Opcional)<\/li>\n<\/ul>\n<p style='margin-bottom: 5px; font-size: 13px; color: inherit;'><strong>Puertos Frontales:<\/strong><\/p>\n<ul style='padding-left: 20px; margin-bottom: 15px; font-size: 13px; list-style-type: disc; color: inherit;'>\n<li style='margin-bottom: 5px;'>USB 3.2 de 2.\u00aa generaci\u00f3n (tipo A)<\/li>\n<li style='margin-bottom: 5px;'>USB 3.2 de 1.\u00aa generaci\u00f3n (tipo C)<\/li>\n<li style='margin-bottom: 5px;'>Toma de auriculares y micr\u00f3fono<\/li>\n<\/ul>\n<p style='margin-bottom: 5px; font-size: 13px; color: inherit;'><strong>Puertos Traseros:<\/strong><\/p>\n<ul style='padding-left: 20px; margin-bottom: 0; font-size: 13px; list-style-type: disc; color: inherit;'>\n<li style='margin-bottom: 5px;'>2 USB 3.2 de 2.\u00aa generaci\u00f3n (tipo A)<\/li>\n<li style='margin-bottom: 5px;'>2 USB 3.2 de 1.\u00aa generaci\u00f3n (tipo A)<\/li>\n<li style='margin-bottom: 5px;'>DisplayPort\u2122&comma; HDMI&comma; RJ45 (Ethernet 1 Gb)<\/li>\n<li style='margin-bottom: 5px;'>Antena dipolar wifi<\/li>\n<li style='margin-bottom: 5px;'>4 mini DisplayPort (con tarjeta gr\u00e1fica)<\/li>\n<\/ul><\/div>\n<\/p><\/div>\n<div style='flex: 1 1 300px; border: 1px solid rgba(150&comma; 150&comma; 150&comma; 0.4); border-radius: 8px; overflow: hidden; display: flex; flex-direction: column;'>\n<div style='padding: 15px; border-bottom: 1px solid rgba(150&comma; 150&comma; 150&comma; 0.2); font-weight: bold; font-size: 16px; color: inherit;'>Dimensiones y Especificaciones<\/div>\n<div style='padding: 15px; color: inherit; flex-grow: 1;'>\n<p style='margin-bottom: 5px; font-size: 13px; color: inherit;'><strong>Dimensiones:<\/strong><\/p>\n<p style='margin-bottom: 15px; font-size: 13px; color: inherit;'>36&comma;5 mm (Al) \u00d7 182&comma;9 mm (An) \u00d7 179 mm (Pr)<\/p>\n<p style='margin-bottom: 5px; font-size: 13px; color: inherit;'><strong>Peso:<\/strong><\/p>\n<p style='margin-bottom: 15px; font-size: 13px; color: inherit;'>A partir de 1&comma;32 kg<\/p>\n<p style='margin-bottom: 5px; font-size: 13px; color: inherit;'><strong>Fuente de Alimentaci\u00f3n:<\/strong><\/p>\n<ul style='padding-left: 20px; margin-bottom: 15px; font-size: 13px; list-style-type: disc; color: inherit;'>\n<li style='margin-bottom: 5px;'>170 W con eficiencia del 89%<\/li>\n<li style='margin-bottom: 5px;'>230 W con eficiencia del 89%<\/li>\n<\/ul>\n<p style='margin-bottom: 5px; font-size: 13px; color: inherit;'><strong>Seguridad:<\/strong><\/p>\n<ul style='padding-left: 20px; margin-bottom: 0; font-size: 13px; list-style-type: disc; color: inherit;'>\n<li style='margin-bottom: 5px;'>M\u00f3dulo de plataforma segura (TPM 2.0)<\/li>\n<li style='margin-bottom: 5px;'>Ranura para conector de seguridad Kensington\u00ae<\/li>\n<\/ul><\/div>\n<\/p><\/div>\n<div style='flex: 1 1 300px; border: 1px solid rgba(150&comma; 150&comma; 150&comma; 0.4); border-radius: 8px; overflow: hidden; display: flex; flex-direction: column;'>\n<div style='padding: 15px; border-bottom: 1px solid rgba(150&comma; 150&comma; 150&comma; 0.2); font-weight: bold; font-size: 16px; color: inherit;'>Certificaciones<\/div>\n<div style='padding: 15px; color: inherit; flex-grow: 1;'>\n<p style='margin-bottom: 5px; font-size: 13px; color: inherit;'><strong>Certificaciones ISV:<\/strong><\/p>\n<ul style='padding-left: 20px; margin-bottom: 15px; font-size: 13px; list-style-type: disc; color: inherit;'>\n<li style='margin-bottom: 5px;'>Autodesk\u00ae AutoCAD&comma; Inventor&comma; Revit<\/li>\n<li style='margin-bottom: 5px;'>AVEVA\u00ae PDMS<\/li>\n<li style='margin-bottom: 5px;'>Avid\u00ae Media Composer<\/li>\n<li style='margin-bottom: 5px;'>Bentley\u00ae MicroStation<\/li>\n<li style='margin-bottom: 5px;'>Dassault\u00ae 3DEXPERIENCE&comma; SOLIDWORKS<\/li>\n<li style='margin-bottom: 5px;'>Nemetschek\u00ae Vectorworks<\/li>\n<li style='margin-bottom: 5px;'>PTC Creo\u00ae<\/li>\n<li style='margin-bottom: 5px;'>Siemens\u00ae NX&comma; Solid Edge&comma; Teamcenter&comma; Tecnomatix<\/li>\n<li style='margin-bottom: 5px;'>Medical Imaging de McKesson<\/li>\n<\/ul>\n<p style='margin-top: 15px; font-size: 11px; color: inherit; font-style: italic;'>Las especificaciones pueden variar seg\u00fan la regi\u00f3n o el modelo.<\/p>\n<\/p><\/div>\n<\/p><\/div>\n<\/p><\/div>\n<p> <!-- Imagen de Medidas --> <\/p>\n<div style='width: 100%; margin: 30px 0; display: flex; justify-content: center;'> <img style='width: 70%; max-width: 800px; height: auto; border: 1px solid rgba(150&comma;150&comma;150&comma;0.3); border-radius: 8px;' src='https:\/\/ftp3.syscom.mx\/usuarios\/pnunez\/Honeywell\/HMW7TM\/HMW7TM%20puertos.png' alt='ThinkStation P340 Tiny - Medidas y Dimensiones'> <\/div>\n<p> <!-- Banner NDAA --> <\/p>\n<div style='width: 100%; margin: 30px 0; display: flex; justify-content: center;'> <img style='width: 100%; max-width: 100%; height: auto; min-height: 300px; border: 1px solid rgba(150&comma;150&comma;150&comma;0.3); border-radius: 8px; object-fit: contain;' src='https:\/\/ftp3.syscom.mx\/usuarios\/pnunez\/Honeywell\/NDAA\/NDAA-HONEYWELL.jpg' alt='NDAA Compliant'> <\/div>\n<p> <!-- Video de YouTube --> <\/p>\n<div style='width: 100%; margin: 30px 0;'>\n<div style='position: relative; padding-bottom: 56.25%; height: 0; overflow: hidden;'>   <\/div>\n<\/p><\/div>\n<p> <!-- Separador final --> <\/p>\n<hr style='border: 0; border-top: 1px solid rgba(150&comma; 150&comma; 150&comma; 0.3); margin: 30px 0;'> <\/div>\n","protected":false},"excerpt":{"rendered":"<p>MINI Estaci\u00f3n de Trabajo para MAXPRO en Videovigilancia \/ Tarjeta Gr\u00e1fica NVIDIA \/ Hasta 2 Monitores Simult\u00e1neos<\/p>\n","protected":false},"featured_media":98549,"comment_status":"open","ping_status":"closed","template":"","meta":[],"product_brand":[],"product_cat":[2181],"product_tag":[2182,209,2065],"class_list":{"0":"post-98550","1":"product","2":"type-product","3":"status-publish","4":"has-post-thumbnail","6":"product_cat-estaciones-de-trabajo-workstation","7":"product_tag-estaciones-de-trabajo-workstation","8":"product_tag-honeywell","9":"product_tag-servidores-almacenamiento","11":"first","12":"outofstock","13":"sale","14":"shipping-taxable","15":"purchasable","16":"product-type-simple"},"_links":{"self":[{"href":"https:\/\/soydeaqui.ddns.net\/pachuca\/index.php\/wp-json\/wp\/v2\/product\/98550","targetHints":{"allow":["GET"]}}],"collection":[{"href":"https:\/\/soydeaqui.ddns.net\/pachuca\/index.php\/wp-json\/wp\/v2\/product"}],"about":[{"href":"https:\/\/soydeaqui.ddns.net\/pachuca\/index.php\/wp-json\/wp\/v2\/types\/product"}],"replies":[{"embeddable":true,"href":"https:\/\/soydeaqui.ddns.net\/pachuca\/index.php\/wp-json\/wp\/v2\/comments?post=98550"}],"wp:featuredmedia":[{"embeddable":true,"href":"https:\/\/soydeaqui.ddns.net\/pachuca\/index.php\/wp-json\/wp\/v2\/media\/98549"}],"wp:attachment":[{"href":"https:\/\/soydeaqui.ddns.net\/pachuca\/index.php\/wp-json\/wp\/v2\/media?parent=98550"}],"wp:term":[{"taxonomy":"product_brand","embeddable":true,"href":"https:\/\/soydeaqui.ddns.net\/pachuca\/index.php\/wp-json\/wp\/v2\/product_brand?post=98550"},{"taxonomy":"product_cat","embeddable":true,"href":"https:\/\/soydeaqui.ddns.net\/pachuca\/index.php\/wp-json\/wp\/v2\/product_cat?post=98550"},{"taxonomy":"product_tag","embeddable":true,"href":"https:\/\/soydeaqui.ddns.net\/pachuca\/index.php\/wp-json\/wp\/v2\/product_tag?post=98550"}],"curies":[{"name":"wp","href":"https:\/\/api.w.org\/{rel}","templated":true}]}}