{"id":98548,"date":"2026-03-20T09:46:34","date_gmt":"2026-03-20T09:46:34","guid":{"rendered":"https:\/\/soydeaqui.ddns.net\/pachuca\/index.php\/producto\/dvr-movil-2-megapixel-1080p-4-canales-turbohd-tecnologia-ia-integrada-soporta-4g-gps-sensor-g-soporta-2-memorias-sd-512-gb-total-alarmas-i-o\/"},"modified":"2026-03-20T09:46:34","modified_gmt":"2026-03-20T09:46:34","slug":"dvr-movil-2-megapixel-1080p-4-canales-turbohd-tecnologia-ia-integrada-soporta-4g-gps-sensor-g-soporta-2-memorias-sd-512-gb-total-alarmas-i-o","status":"publish","type":"product","link":"https:\/\/soydeaqui.ddns.net\/pachuca\/index.php\/producto\/dvr-movil-2-megapixel-1080p-4-canales-turbohd-tecnologia-ia-integrada-soporta-4g-gps-sensor-g-soporta-2-memorias-sd-512-gb-total-alarmas-i-o\/","title":{"rendered":"DVR M\u00f3vil 2 Megapixel (1080p) \/ 4 Canales TURBOHD \/ Tecnolog\u00eda IA Integrada \/ Soporta 4G \/ GPS \/ Sensor G \/ Soporta 2 Memorias SD (512 GB Total) \/ Alarmas I\/O"},"content":{"rendered":"<div style='width: 100%; max-width: 1200px; margin: 0 auto; font-family: sans-serif; line-height: 1.6; color: inherit; background-color: transparent;'>\n<p style='text-align: center; margin: 0; padding: 20px 0;'> <img style='width: 45%; height: auto; border: 1px solid rgba(150&comma;150&comma;150&comma;0.3); border-radius: 8px;' src='https:\/\/ftp3.syscom.mx\/usuarios\/jsosa\/HIKVISION\/imagenes\/logo\/hikvision%20see%20far.png' alt='Logo Hikvision'> <\/p>\n<div style='display: flex; flex-wrap: wrap; gap: 30px; margin: 30px 0;'>\n<div style='flex: 1 1 400px; min-width: 300px;'>\n<div style='border-left: 5px solid #ff0000; border-radius: 8px; padding: 15px; box-shadow: 2px 2px 10px rgba(216&comma;216&comma;216&comma;0.5);'>\n<h3 style='font-size: 20px; margin-top: 0; margin-bottom: 15px; color: inherit; opacity: 0.9;'><strong>Caracter\u00edsticas principales<\/strong><\/h3>\n<ul style='padding-left: 20px; font-size: 15px; color: inherit; list-style-type: disc;'>\n<li style='margin-bottom: 8px;'>Soporta 4 c\u00e1maras m\u00f3vil TURBO 1080p<\/li>\n<li style='margin-bottom: 8px;'>Soporta audio canal 2&comma;3&comma;y 4 (canal uno por microfono externo)<\/li>\n<li style='margin-bottom: 8px;'>Compresi\u00f3n H.264 \/ H.265<\/li>\n<li style='margin-bottom: 8px;'>Soporta 2 memorias SD de hasta 256 GB cada uno (no incluida)<\/li>\n<li style='margin-bottom: 8px;'>Incluye modulo de GPS<\/li>\n<li style='margin-bottom: 8px;'>Incluye modulo de 4G (requiere SIM de datos para transmision de informaci\u00f3n remota y licencias del software Hik-Connect 6)<\/li>\n<li style='margin-bottom: 8px; font-weight: bold;'>Soporta c\u00e1maras con Inteligencia Artificial&comma; ADAS&comma; DSM y BSD<\/li>\n<li style='margin-bottom: 8px; font-weight: bold;'>Notificaciones audibles para el conductor con el parlante <a href='https:\/\/www.syscom.mx\/principal\/searchcont?route=DS-1350HMAE-HIKVISION-211021&#038;autodetect=ds1350' style='color: inherit; text-decoration: underline;'>DS-1350HM(AE)<\/a><\/li>\n<li style='margin-bottom: 8px;'>Soporta apagado tardio calendarizado (0 hasta 6 horas)<\/li>\n<li style='margin-bottom: 8px;'>Audio de dos v\u00edas plataforma y cabina (Necesario <a href='https:\/\/www.syscom.mx\/principal\/searchcont?route=DS-1350HMAE-HIKVISION-211021&#038;autodetect=ds1350' style='color: inherit; text-decoration: underline;'>DS-1350HM(AE)<\/a>&comma; <a href='https:\/\/www.syscom.mx\/principal\/searchcont?route=DS-MP1351AE-HIKVISION-207160&#038;autodetect=ds1350' style='color: inherit; text-decoration: underline;'>DS-MP1351(AE)<\/a>)<\/li>\n<\/ul>\n<p style='margin-top: 20px; font-weight: bold; color: inherit;'><strong>Nota:<\/strong> El consumo de datos (3G \/ 4G) depender\u00e1 de la configuraci\u00f3n de resoluci\u00f3n y el tiempo de visualizaci\u00f3n en tiempo real.<\/p>\n<\/p><\/div>\n<\/p><\/div>\n<div style='flex: 1 1 400px; min-width: 300px;'>\n<div style='border-left: 5px solid #ff0000; border-radius: 8px; padding: 15px; box-shadow: 2px 2px 10px rgba(216&comma;216&comma;216&comma;0.5);'>\n<h3 style='font-size: 20px; margin-top: 0; margin-bottom: 15px; color: inherit; opacity: 0.9;'><strong>Caracter\u00edsticas F\u00edsicas y El\u00e9ctricas<\/strong><\/h3>\n<ul style='padding-left: 20px; font-size: 15px; color: inherit; list-style-type: disc;'>\n<li style='margin-bottom: 8px;'>1 Puerto de red (10M \/ 100M) \/ Conector tipo aviador<\/li>\n<li style='margin-bottom: 8px;'>4 Entradas de alarma<\/li>\n<li style='margin-bottom: 8px;'>2 Salidas de alarma (requerido el relay <a href='https:\/\/www.syscom.mx\/producto\/RBSNT-TL-ALTRONIX-73594.html' style='color: inherit; text-decoration: underline;'>RBSNT-TL<\/a>)<\/li>\n<li style='margin-bottom: 8px;'>Sensor G incorporado<\/li>\n<li style='margin-bottom: 8px;'>Alimentaci\u00f3n: 9 &#8211; 32 Vcc (se alimenta directa de la bater\u00eda del autom\u00f3vil)<\/li>\n<li style='margin-bottom: 8px;'>Dimensiones: 184 x 134.4 x 44 mm<\/li>\n<li style='margin-bottom: 8px;'>Peso: 0.8 kg<\/li>\n<\/ul><\/div>\n<\/p><\/div>\n<\/p><\/div>\n<div style='border-left: 5px solid #ff0000; border-radius: 8px; padding: 15px; box-shadow: 2px 2px 10px rgba(216&comma;216&comma;216&comma;0.5); margin: 30px 0;'>\n<h3 style='font-size: 20px; margin-top: 0; margin-bottom: 15px; color: inherit; opacity: 0.9;'><strong>Soluciones para transmisi\u00f3n y centralizaci\u00f3n remota<\/strong><\/h3>\n<p style='margin-top: 0;'><strong>1. Plataforma Hik-Central Profesional:<\/strong><\/p>\n<ul style='padding-left: 20px; font-size: 15px; color: inherit; list-style-type: disc;'>\n<li style='margin-bottom: 8px;'> <a href='https:\/\/www.syscom.mx\/principal\/searchcont?route=DS-MP5604-HIKVISION-188780&#038;autodetect=HC-P-MS-B' target='_blank' rel='noopener' style='color: inherit; text-decoration: underline;'> <strong>HC-P-MS-B<\/strong> <\/a>: Licencia base para dispositivos m\u00f3viles&comma; incluye 10 unidades y m\u00f3dulo de Business Intelligence <\/li>\n<li style='margin-bottom: 8px;'> <a href='https:\/\/www.syscom.mx\/producto\/HC-P-MS-1-HIKVISION-200925.html' target='_blank' rel='noopener' style='color: inherit; text-decoration: underline;'> <strong>HC-P-MS\/1<\/strong> <\/a>: Licencia para 1 dispositivo m\u00f3vil adicional (requiere licencia base activa) <\/li>\n<\/ul>\n<p style='margin-top: 15px; font-size: 15px;'><strong>Requisitos de infraestructura:<\/strong><\/p>\n<ul style='padding-left: 20px; font-size: 15px; color: inherit; list-style-type: disc;'>\n<li style='margin-bottom: 8px;'>Servidor dedicado (m\u00ednimo Core i5 y 8GB RAM) para servicios Hik-Central Profesional<\/li>\n<li style='margin-bottom: 8px;'>IP p\u00fablica fija y ancho de banda adecuado seg\u00fan cantidad de DVRs a centralizar<\/li>\n<\/ul>\n<p style='margin-top: 15px;'><strong>2. Plataforma Hik-Connect Teams:<\/strong><\/p>\n<ul style='padding-left: 20px; font-size: 15px; color: inherit; list-style-type: disc;'>\n<li style='margin-bottom: 8px;'> <a href='https:\/\/www.syscom.mx\/principal\/searchcont?route=HCT-VEHICULO-1D-1A-HIKVISION-226162&#038;autodetect=HCTvehiculo' target='_blank' rel='noopener' style='color: inherit; text-decoration: underline;'> <strong>HCT-VEHICULO-1D-1A<\/strong> <\/a>: Licencia Anual HikConnect Teams para monitoreo vehicular <\/li>\n<\/ul>\n<p style='margin-top: 15px; font-size: 15px;'>Soluci\u00f3n en la nube sin necesidad de servidores&comma; administraci\u00f3n mediante interfaz web<\/p>\n<p style='margin-top: 15px; font-size: 15px;'><strong>Nota:<\/strong> Cuenta gratuita con 10 equipos en Hik-Connect.com (disponible desde enero 2024 para nuevas licencias)<\/p>\n<p style='margin-top: 15px; font-size: 15px;'> <a href='https:\/\/soporte.syscom.mx\/es\/articles\/8507358-hikconnect-for-teams-crear-cuenta-hikconnect-for-teams' target='_blank' rel='noopener' style='color: inherit; text-decoration: underline;'>Crear cuenta HikConnect Teams desde p\u00e1gina web<\/a> <\/p>\n<\/p><\/div>\n<div style='display: flex; flex-wrap: wrap; gap: 20px; margin: 30px 0;'>\n<div style='flex: 1 1 400px; min-width: 300px;'>\n<div style='border: 1px solid rgba(150&comma;150&comma;150&comma;0.4); border-radius: 8px; overflow: hidden;'>\n<div style='padding: 15px; border-bottom: 1px solid rgba(150&comma;150&comma;150&comma;0.2); font-weight: bold; font-size: 18px; color: inherit;'>C\u00e1mara Compatible para An\u00e1lisis de Comportamiento del Conductor (DBA)<\/div>\n<div style='padding: 15px; color: inherit;'>\n<p style='margin: 0 0 15px; font-size: 15px;'> <a href='https:\/\/www.syscom.mx\/principal\/searchcont?route=AE-VC154T-IT3.1-HIKVISION-219714&#038;autodetect=AEVC154' style='color: inherit; text-decoration: underline;'> <strong>AE-VC154T-IT(3.1)<\/strong> <\/a> <\/p>\n<p> <img style='width: 100%; height: auto; border: 1px solid rgba(150&comma;150&comma;150&comma;0.3); border-radius: 8px;' src='https:\/\/ftp3.syscom.mx\/usuarios\/fotos\/BancoFotografiasSyscom\/HIKVISION\/AEVC154TIT(3.1)\/AEVC154TIT(3.1)-l.PNG' alt='C\u00e1mara AE-VC154T-IT(3.1)'> <\/div>\n<\/p><\/div>\n<\/p><\/div>\n<div style='flex: 1 1 400px; min-width: 300px;'>\n<div style='border: 1px solid rgba(150&comma;150&comma;150&comma;0.4); border-radius: 8px; overflow: hidden;'>\n<div style='padding: 15px; border-bottom: 1px solid rgba(150&comma;150&comma;150&comma;0.2); font-weight: bold; font-size: 18px; color: inherit;'>C\u00e1mara Compatible para Asistencia a la Conducci\u00f3n (ADAS)<\/div>\n<div style='padding: 15px; color: inherit;'>\n<p style='margin: 0 0 15px; font-size: 15px;'> <a href='https:\/\/www.syscom.mx\/principal\/searchcont?route=AE-VC155T3.1-HIKVISION-220907&#038;autodetect=AEVC155' style='color: inherit; text-decoration: underline;'> <strong>AE-VC155T(3.1)<\/strong> <\/a> <\/p>\n<p> <img style='width: 100%; height: auto; border: 1px solid rgba(150&comma;150&comma;150&comma;0.3); border-radius: 8px;' src='https:\/\/www.hikvision.com\/content\/dam\/hikvision\/products\/S000000001\/S000005940\/S000005995\/S000005996\/OFR008110\/M000052756\/images\/%E4%B8%BB%E8%A7%86%E5%9B%BE.png.thumb.319.319.png?f=webp' alt='C\u00e1mara AE-VC155T(3.1)'> <\/div>\n<\/p><\/div>\n<\/p><\/div>\n<\/p><\/div>\n<div style='margin: 30px 0;'>\n<div style='border: 1px solid rgba(150&comma;150&comma;150&comma;0.4); border-radius: 8px; overflow: hidden;'>\n<div style='padding: 15px; border-bottom: 1px solid rgba(150&comma;150&comma;150&comma;0.2); font-weight: bold; font-size: 18px; color: inherit;'>Diagrama de conexi\u00f3n con sus accesorios<\/div>\n<div style='padding: 15px; color: inherit;'> <img style='width: 100%; height: auto; border: 1px solid rgba(150&comma;150&comma;150&comma;0.3); border-radius: 8px;' src='https:\/\/ftp3.syscom.mx\/usuarios\/jsosa\/HIKVISION\/imagenes\/movil\/digrama%20dvr%20movil%20hikvision.png' alt='Diagrama de conexi\u00f3n'> <\/div>\n<\/p><\/div>\n<\/p><\/div>\n<div style='display: flex; flex-wrap: wrap; gap: 20px; margin: 30px 0;'>\n<div style='flex: 1 1 300px; min-width: 250px;'> <img style='width: 100%; height: auto; border: 1px solid rgba(150&comma;150&comma;150&comma;0.3); border-radius: 8px;' src='https:\/\/i.imgur.com\/4aaVVDY.png' alt=''> <\/div>\n<div style='flex: 1 1 300px; min-width: 250px;'> <img style='width: 100%; height: auto; border: 1px solid rgba(150&comma;150&comma;150&comma;0.3); border-radius: 8px;' src='https:\/\/i.imgur.com\/d2o6uq2.gif' alt=''> <\/div>\n<div style='flex: 1 1 300px; min-width: 250px;'> <img style='width: 100%; height: auto; border: 1px solid rgba(150&comma;150&comma;150&comma;0.3); border-radius: 8px;' src='https:\/\/i.imgur.com\/fvJ6HI6.gif' alt=''> <\/div>\n<div style='flex: 1 1 300px; min-width: 250px;'> <img style='width: 100%; height: auto; border: 1px solid rgba(150&comma;150&comma;150&comma;0.3); border-radius: 8px;' src='https:\/\/i.imgur.com\/qyaoREq.gif' alt=''> <\/div>\n<div style='flex: 1 1 300px; min-width: 250px;'> <img style='width: 100%; height: auto; border: 1px solid rgba(150&comma;150&comma;150&comma;0.3); border-radius: 8px;' src='https:\/\/i.imgur.com\/QtjAhwx.gif' alt=''> <\/div>\n<\/p><\/div>\n<\/p><\/div>\n","protected":false},"excerpt":{"rendered":"<p>DVR M\u00f3vil 2 Megapixel (1080p) \/ 4 Canales TURBOHD \/ Tecnolog\u00eda IA Integrada \/ Soporta 4G \/ GPS \/ Sensor G \/ Soporta 2 Memorias SD (512 GB Total) \/ Alarmas I\/O<\/p>\n","protected":false},"featured_media":98547,"comment_status":"open","ping_status":"closed","template":"","meta":[],"product_brand":[],"product_cat":[1343],"product_tag":[54,1345,1344],"class_list":{"0":"post-98548","1":"product","2":"type-product","3":"status-publish","4":"has-post-thumbnail","6":"product_cat-videograbadoras-moviles","7":"product_tag-hikvision","8":"product_tag-videograbadoras-moviles","9":"product_tag-videograbadoras-moviles-y-portatiles","11":"first","12":"instock","13":"sale","14":"shipping-taxable","15":"purchasable","16":"product-type-simple"},"_links":{"self":[{"href":"https:\/\/soydeaqui.ddns.net\/pachuca\/index.php\/wp-json\/wp\/v2\/product\/98548","targetHints":{"allow":["GET"]}}],"collection":[{"href":"https:\/\/soydeaqui.ddns.net\/pachuca\/index.php\/wp-json\/wp\/v2\/product"}],"about":[{"href":"https:\/\/soydeaqui.ddns.net\/pachuca\/index.php\/wp-json\/wp\/v2\/types\/product"}],"replies":[{"embeddable":true,"href":"https:\/\/soydeaqui.ddns.net\/pachuca\/index.php\/wp-json\/wp\/v2\/comments?post=98548"}],"wp:featuredmedia":[{"embeddable":true,"href":"https:\/\/soydeaqui.ddns.net\/pachuca\/index.php\/wp-json\/wp\/v2\/media\/98547"}],"wp:attachment":[{"href":"https:\/\/soydeaqui.ddns.net\/pachuca\/index.php\/wp-json\/wp\/v2\/media?parent=98548"}],"wp:term":[{"taxonomy":"product_brand","embeddable":true,"href":"https:\/\/soydeaqui.ddns.net\/pachuca\/index.php\/wp-json\/wp\/v2\/product_brand?post=98548"},{"taxonomy":"product_cat","embeddable":true,"href":"https:\/\/soydeaqui.ddns.net\/pachuca\/index.php\/wp-json\/wp\/v2\/product_cat?post=98548"},{"taxonomy":"product_tag","embeddable":true,"href":"https:\/\/soydeaqui.ddns.net\/pachuca\/index.php\/wp-json\/wp\/v2\/product_tag?post=98548"}],"curies":[{"name":"wp","href":"https:\/\/api.w.org\/{rel}","templated":true}]}}