{"id":98531,"date":"2026-03-20T09:45:41","date_gmt":"2026-03-20T09:45:41","guid":{"rendered":"https:\/\/soydeaqui.ddns.net\/pachuca\/index.php\/producto\/ups-600va-360-w-linea-interactiva-6-contactos-5-15r-4-respaldadas-regulacion-de-voltaje-proteccion-rj45\/"},"modified":"2026-03-20T09:45:58","modified_gmt":"2026-03-20T09:45:58","slug":"ups-600va-360-w-linea-interactiva-6-contactos-5-15r-4-respaldadas-regulacion-de-voltaje-proteccion-rj45","status":"publish","type":"product","link":"https:\/\/soydeaqui.ddns.net\/pachuca\/index.php\/producto\/ups-600va-360-w-linea-interactiva-6-contactos-5-15r-4-respaldadas-regulacion-de-voltaje-proteccion-rj45\/","title":{"rendered":"UPS 600VA\/360 W L\u00ednea Interactiva \/ 6 Contactos 5-15R (4 Respaldadas) \/ Regulaci\u00f3n de Voltaje \/ Protecci\u00f3n RJ45"},"content":{"rendered":"<div style='width: 100%; max-width: 1200px; margin: 0 auto; font-family: sans-serif; line-height: 1.6; color: inherit; background-color: transparent;'> <!-- Secci\u00f3n intro --> <\/p>\n<div style='margin-bottom: 30px;'>\n<p style='margin-bottom: 15px; font-size: 14px; color: inherit;'>El equipo ideal para peque\u00f1as y medianas empresas<\/p>\n<p style='margin-bottom: 15px; font-size: 14px; color: inherit;'>La l\u00ednea de UPS Linked Pro fue dise\u00f1ada para brindar alto desempe\u00f1o y una excelente calidad&comma; son usados para proteger y energizar equipos tales como computadoras personales&comma; conmutadores de peque\u00f1a escala&comma; puntos de venta&comma; etc. Prove\u00e9 protecci\u00f3n de potencia contra sobrevoltajes y picos. Tambi\u00e9n suministra voltaje puro con Regulador Autom\u00e1tico de Voltaje (AVR) en boost y buck. Es simple&comma; a bajo costo y su instalaci\u00f3n es sencilla y r\u00e1pida.<\/p>\n<\/p><\/div>\n<p> <!-- Caracter\u00edsticas generales --> <\/p>\n<div style='margin-bottom: 30px;'>\n<h3 style='font-size: 22px; border-bottom: 2px solid currentColor; padding-bottom: 5px; margin-top: 0; color: inherit; opacity: 0.8;'>Caracter\u00edsticas Generales<\/h3>\n<ul style='padding-left: 20px; font-size: 15px; color: inherit;'>\n<li style='margin-bottom: 5px;'>Capacidad: 600 VA \/ 360 W.<\/li>\n<li style='margin-bottom: 5px;'>Topolog\u00eda: L\u00ednea interactiva.<\/li>\n<li style='margin-bottom: 5px;'>Sin pantalla LCD.<\/li>\n<li style='margin-bottom: 5px;'>Tipo de onda: Onda senoidal simulada<\/li>\n<li style='margin-bottom: 5px;'>Salida: 120 VCA \u00b1 10%<\/li>\n<li style='margin-bottom: 5px;'>Tipo de conector y cable: NEMA 5-15P (1.8 metros de longitud).<\/li>\n<li style='margin-bottom: 5px;'>Total de salidas: 6 \u00d7 NEMA 5-15R (2 Salida sin respaldo&comma; solo protecci\u00f3n).<\/li>\n<li style='margin-bottom: 5px;'>Bater\u00eda: 1 x 12V\/7 Ah<\/li>\n<\/ul>\n<p style='margin: 15px 0; font-size: 14px; color: inherit;'><strong>El tiempo de respaldo puede variar dependiendo de la carga conectada&comma; temperatura ambiente y estado de las bater\u00edas<\/strong><\/p>\n<\/p><\/div>\n<p> <!-- Tiempos de respaldo --> <\/p>\n<div style='margin-bottom: 30px;'>\n<h3 style='font-size: 22px; border-bottom: 2px solid currentColor; padding-bottom: 5px; margin-top: 0; color: inherit; opacity: 0.8;'>Tiempos de Respaldo t\u00edpicos<\/h3>\n<p style='margin-bottom: 15px; font-size: 14px; color: inherit;'>Tiempos de respaldo estimados (Click en la Imagen):<\/p>\n<p> <a href='https:\/\/ftp3.syscom.mx\/usuarios\/mtopete\/Back%20up%20LinkedPro.xlsx' style='display: inline-block; margin-bottom: 20px;'> <img style='width: 100%; height: auto; border: 1px solid rgba(150&comma;150&comma;150&comma;0.3); border-radius: 8px;' src='https:\/\/ftp3.syscom.mx\/usuarios\/mtopete\/respaldo.jpg' alt=''> <\/a> <\/p>\n<ul style='padding-left: 20px; font-size: 15px; color: inherit;'>\n<li style='margin-bottom: 5px;'>Duraci\u00f3n a media carga: 7.0 min<\/li>\n<li style='margin-bottom: 5px;'>Duraci\u00f3n a carga completa: 1.8 min<\/li>\n<li style='margin-bottom: 5px;'>Duraci\u00f3n con 50W: 23.0 min<\/li>\n<li style='margin-bottom: 5px;'>Duraci\u00f3n con 100W: 13.0 min<\/li>\n<li style='margin-bottom: 5px;'>Duraci\u00f3n con 200W: 4.0 min<\/li>\n<li style='margin-bottom: 5px;'>Duraci\u00f3n con 300W: 2.0 min<\/li>\n<\/ul><\/div>\n<p> <!-- Especificaciones t\u00e9cnicas --> <\/p>\n<div style='display: flex; flex-wrap: wrap; gap: 20px; margin-bottom: 30px;'>\n<div style='flex: 1 1 250px; border: 1px solid rgba(150&comma; 150&comma; 150&comma; 0.4); border-radius: 8px; overflow: hidden; display: flex; flex-direction: column;'>\n<div style='padding: 15px; border-bottom: 1px solid rgba(150&comma; 150&comma; 150&comma; 0.2); font-weight: bold; font-size: 18px; color: inherit;'>Capacidad<\/div>\n<div style='padding: 15px; color: inherit;'>\n<ul style='padding-left: 20px; margin: 0; font-size: 14px; list-style-type: disc;'>\n<li style='margin-bottom: 5px;'><strong>600VA \/ 360W<\/strong><\/li>\n<\/ul><\/div>\n<\/p><\/div>\n<div style='flex: 1 1 250px; border: 1px solid rgba(150&comma; 150&comma; 150&comma; 0.4); border-radius: 8px; overflow: hidden; display: flex; flex-direction: column;'>\n<div style='padding: 15px; border-bottom: 1px solid rgba(150&comma; 150&comma; 150&comma; 0.2); font-weight: bold; font-size: 18px; color: inherit;'>Entrada<\/div>\n<div style='padding: 15px; color: inherit;'>\n<ul style='padding-left: 20px; margin: 0; font-size: 14px; list-style-type: disc;'>\n<li style='margin-bottom: 5px;'><strong>Voltaje Nominal:<\/strong> 110\/120 Vac<\/li>\n<li style='margin-bottom: 5px;'><strong>Rango de Voltaje:<\/strong> 81-145 Vac<\/li>\n<li style='margin-bottom: 5px;'><strong>Rango de Frecuencia:<\/strong> 60\/50Hz (Auto-sensing)<\/li>\n<\/ul><\/div>\n<\/p><\/div>\n<div style='flex: 1 1 250px; border: 1px solid rgba(150&comma; 150&comma; 150&comma; 0.4); border-radius: 8px; overflow: hidden; display: flex; flex-direction: column;'>\n<div style='padding: 15px; border-bottom: 1px solid rgba(150&comma; 150&comma; 150&comma; 0.2); font-weight: bold; font-size: 18px; color: inherit;'>Salida<\/div>\n<div style='padding: 15px; color: inherit;'>\n<ul style='padding-left: 20px; margin: 0; font-size: 14px; list-style-type: disc;'>\n<li style='margin-bottom: 5px;'><strong>Regulaci\u00f3n de Voltaje en Bater\u00eda (V. CA):<\/strong> \u00b110%<\/li>\n<li style='margin-bottom: 5px;'><strong>Rango de Frecuencia en Bater\u00eda:<\/strong> 60\/50Hz \u00b11 Hz<\/li>\n<li style='margin-bottom: 5px;'><strong>Tiempo de Transferencia:<\/strong> Normalmente 2-6ms&comma; 10ms M\u00e1x.<\/li>\n<li style='margin-bottom: 5px;'><strong>Tipo de Onda:<\/strong> Simulada<\/li>\n<\/ul><\/div>\n<\/p><\/div>\n<div style='flex: 1 1 250px; border: 1px solid rgba(150&comma; 150&comma; 150&comma; 0.4); border-radius: 8px; overflow: hidden; display: flex; flex-direction: column;'>\n<div style='padding: 15px; border-bottom: 1px solid rgba(150&comma; 150&comma; 150&comma; 0.2); font-weight: bold; font-size: 18px; color: inherit;'>Bater\u00eda<\/div>\n<div style='padding: 15px; color: inherit;'>\n<ul style='padding-left: 20px; margin: 0; font-size: 14px; list-style-type: disc;'>\n<li style='margin-bottom: 5px;'><strong>Voltaje Nominal:<\/strong> 12Vcd<\/li>\n<li style='margin-bottom: 5px;'><strong>Capacidad de Bater\u00eda:<\/strong> 12V \/ 7Ah \u00d7 1<\/li>\n<li style='margin-bottom: 5px;'><strong>Tiempo de Carga:<\/strong> 4-6 horas al 90% de la carga<\/li>\n<\/ul><\/div>\n<\/p><\/div>\n<div style='flex: 1 1 250px; border: 1px solid rgba(150&comma; 150&comma; 150&comma; 0.4); border-radius: 8px; overflow: hidden; display: flex; flex-direction: column;'>\n<div style='padding: 15px; border-bottom: 1px solid rgba(150&comma; 150&comma; 150&comma; 0.2); font-weight: bold; font-size: 18px; color: inherit;'>Indicador<\/div>\n<div style='padding: 15px; color: inherit;'>\n<ul style='padding-left: 20px; margin: 0; font-size: 14px; list-style-type: disc;'>\n<li style='margin-bottom: 5px;'><strong>LED:<\/strong> X<\/li>\n<li style='margin-bottom: 5px;'><strong>LCD:<\/strong> Disponible en modelo LP600LCD<\/li>\n<\/ul><\/div>\n<\/p><\/div>\n<div style='flex: 1 1 250px; border: 1px solid rgba(150&comma; 150&comma; 150&comma; 0.4); border-radius: 8px; overflow: hidden; display: flex; flex-direction: column;'>\n<div style='padding: 15px; border-bottom: 1px solid rgba(150&comma; 150&comma; 150&comma; 0.2); font-weight: bold; font-size: 18px; color: inherit;'>Protecci\u00f3n<\/div>\n<div style='padding: 15px; color: inherit;'>\n<ul style='padding-left: 20px; margin: 0; font-size: 14px; list-style-type: disc;'>\n<li style='margin-bottom: 5px;'><strong>Protecci\u00f3n Completa:<\/strong> Contra cortocircuito&comma; sobrecarga en salida&comma; sobrecarga de bater\u00eda&comma; sobredescarga<\/li>\n<\/ul><\/div>\n<\/p><\/div>\n<div style='flex: 1 1 250px; border: 1px solid rgba(150&comma; 150&comma; 150&comma; 0.4); border-radius: 8px; overflow: hidden; display: flex; flex-direction: column;'>\n<div style='padding: 15px; border-bottom: 1px solid rgba(150&comma; 150&comma; 150&comma; 0.2); font-weight: bold; font-size: 18px; color: inherit;'>Alarma<\/div>\n<div style='padding: 15px; color: inherit;'>\n<ul style='padding-left: 20px; margin: 0; font-size: 14px; list-style-type: disc;'>\n<li style='margin-bottom: 5px;'><strong>Modo Bater\u00eda:<\/strong> Emite un beep cada 10 segundos<\/li>\n<li style='margin-bottom: 5px;'><strong>Bater\u00eda Baja:<\/strong> Emite un beep cada segundo<\/li>\n<li style='margin-bottom: 5px;'><strong>Sobrecarga:<\/strong> Emite un beep cada 0.5 segundos<\/li>\n<li style='margin-bottom: 5px;'><strong>Reemplazo de Bater\u00eda:<\/strong> Emite un beep cada 2 segundos<\/li>\n<li style='margin-bottom: 5px;'><strong>Falla:<\/strong> Beep continuo<\/li>\n<\/ul><\/div>\n<\/p><\/div>\n<div style='flex: 1 1 250px; border: 1px solid rgba(150&comma; 150&comma; 150&comma; 0.4); border-radius: 8px; overflow: hidden; display: flex; flex-direction: column;'>\n<div style='padding: 15px; border-bottom: 1px solid rgba(150&comma; 150&comma; 150&comma; 0.2); font-weight: bold; font-size: 18px; color: inherit;'>Administraci\u00f3n<\/div>\n<div style='padding: 15px; color: inherit;'>\n<ul style='padding-left: 20px; margin: 0; font-size: 14px; list-style-type: disc;'>\n<li style='margin-bottom: 5px;'><strong>Puertos de Comunicaci\u00f3n:<\/strong> USB o RS232 (Compatible con Windows\u00ae 2000\/2003\/XP\/Vista\/2008&comma; Windows\u00ae 7&comma; Linux&comma; Unix&comma; y MAC)<\/li>\n<\/ul><\/div>\n<\/p><\/div>\n<div style='flex: 1 1 250px; border: 1px solid rgba(150&comma; 150&comma; 150&comma; 0.4); border-radius: 8px; overflow: hidden; display: flex; flex-direction: column;'>\n<div style='padding: 15px; border-bottom: 1px solid rgba(150&comma; 150&comma; 150&comma; 0.2); font-weight: bold; font-size: 18px; color: inherit;'>Ambiente de Operaci\u00f3n<\/div>\n<div style='padding: 15px; color: inherit;'>\n<ul style='padding-left: 20px; margin: 0; font-size: 14px; list-style-type: disc;'>\n<li style='margin-bottom: 5px;'><strong>Humedad Relativa:<\/strong> 0-90% RH @ 0-40\u00b0C (sin condensaci\u00f3n)<\/li>\n<li style='margin-bottom: 5px;'><strong>Nivel de Ruido:<\/strong> Menor a 45dB<\/li>\n<\/ul><\/div>\n<\/p><\/div>\n<div style='flex: 1 1 250px; border: 1px solid rgba(150&comma; 150&comma; 150&comma; 0.4); border-radius: 8px; overflow: hidden; display: flex; flex-direction: column;'>\n<div style='padding: 15px; border-bottom: 1px solid rgba(150&comma; 150&comma; 150&comma; 0.2); font-weight: bold; font-size: 18px; color: inherit;'>Caracter\u00edsticas F\u00edsicas<\/div>\n<div style='padding: 15px; color: inherit;'>\n<ul style='padding-left: 20px; margin: 0; font-size: 14px; list-style-type: disc;'>\n<li style='margin-bottom: 5px;'><strong>Dimensiones (Profundidad x Ancho x Alto):<\/strong> 298 \u00d7 101 \u00d7 142 mm<\/li>\n<li style='margin-bottom: 5px;'><strong>Peso Aproximado:<\/strong> 4.3 kg<\/li>\n<\/ul><\/div>\n<\/p><\/div>\n<div style='flex: 1 1 250px; border: 1px solid rgba(150&comma; 150&comma; 150&comma; 0.4); border-radius: 8px; overflow: hidden; display: flex; flex-direction: column;'>\n<div style='padding: 15px; border-bottom: 1px solid rgba(150&comma; 150&comma; 150&comma; 0.2); font-weight: bold; font-size: 18px; color: inherit;'>Certificaciones<\/div>\n<div style='padding: 15px; color: inherit;'>\n<ul style='padding-left: 20px; margin: 0; font-size: 14px; list-style-type: disc;'>\n<li style='margin-bottom: 5px;'><strong>EMC:<\/strong> IEC\/EN 62040-2&comma; IEC 61000-4-2&comma; IEC 61000-4-3&comma; IEC 61000-4-4&comma; IEC 61000-4-5&comma; IEC 61000-4-6&comma; IEC 61000-4-8<\/li>\n<li style='margin-bottom: 5px;'><strong>Desempe\u00f1o:<\/strong> IEC\/EN 62040-1&comma; IEC\/EN 60950-1&comma; IEC\/EN 62040-3<\/li>\n<\/ul><\/div>\n<\/p><\/div>\n<\/p><\/div>\n<p> <!-- Informaci\u00f3n adicional --> <\/p>\n<div style='margin-bottom: 30px;'>\n<p style='font-size: 14px; color: inherit;'>Este modelo LP600L es una soluci\u00f3n fiable y eficiente para la protecci\u00f3n de equipos electr\u00f3nicos sensibles&comma; con una bater\u00eda de respaldo que garantiza una operaci\u00f3n continua y segura frente a interrupciones el\u00e9ctricas. Ideal para entornos de oficina&comma; hogar y sistemas de seguridad.<\/p>\n<\/p><\/div>\n<p> <!-- Secci\u00f3n de im\u00e1genes adicionales --> <\/p>\n<div style='margin-bottom: 30px;'>\n<div style='margin-bottom: 20px;'> <img style='width: 100%; height: auto; border: 1px solid rgba(150&comma;150&comma;150&comma;0.3); border-radius: 8px;' src='https:\/\/ftp3.syscom.mx\/usuarios\/fotos\/BancoFotografiasSyscom\/LINKEDPROBYEPCOM\/LP600L\/LP600L-AD-5-l.PNG' alt=''> <\/div>\n<div style='margin-bottom: 20px;'> <img style='width: 100%; height: auto; border: 1px solid rgba(150&comma;150&comma;150&comma;0.3); border-radius: 8px;' src='https:\/\/ftp3.syscom.mx\/usuarios\/fotos\/BancoFotografiasSyscom\/LINKEDPROBYEPCOM\/LP600LCD\/LP600LCD-p.PNG' alt=''> <\/div>\n<p style='margin: 15px 0; font-size: 14px; color: inherit;'>Los UPS de la interactiva de Linked Pro son especiales para suplir necesidades tales como hardware de redes&comma; computadoras&comma; etc.&comma; estos equipos corrigen fluctuaciones menores de energ\u00eda sin necesidad de cambiar a modo bater\u00eda&comma; haciendo m\u00e1s longevo el tiempo de vida de la bater\u00eda.<\/p>\n<\/p><\/div>\n<p> <!-- Secci\u00f3n de tecnolog\u00eda On-Line --> <\/p>\n<div style='margin-bottom: 30px;'>\n<div style='margin-bottom: 20px;'> <img style='width: 100%; height: auto; border: 1px solid rgba(150&comma;150&comma;150&comma;0.3); border-radius: 8px;' src='https:\/\/ftp3.syscom.mx\/usuarios\/fotos\/BancoFotografiasSyscom\/LINKEDPROBYEPCOM\/LP1KRT\/LP1KRT-p.PNG' alt=''> <\/div>\n<div style='margin-bottom: 20px;'> <img style='width: 100%; height: auto; border: 1px solid rgba(150&comma;150&comma;150&comma;0.3); border-radius: 8px;' src='http:\/\/ftp3.syscom.mx\/usuarios\/ftp\/single_page\/epcom_powerline\/ups_icono1.png' alt=''> <\/div>\n<h4 style='font-size: 18px; margin: 15px 0 10px; color: inherit; opacity: 0.8;'>Energ\u00eda Confiable para sus Equipos<\/h4>\n<p style='margin-bottom: 15px; font-size: 14px; color: inherit;'>La tecnolog\u00eda de UPS On-Line (doble conversi\u00f3n) es la versi\u00f3n de alta densidad de Linked Pro&comma; est\u00e1 dise\u00f1ada para aplicaciones de voltajes de 100\/110\/115\/120\/127 VAC.<\/p>\n<p style='margin-bottom: 15px; font-size: 14px; color: inherit;'>Est\u00e1 equipado con correcci\u00f3n de factor de potencia (PFC) en la entrada&comma; factor de potencia de 0.9 en la salida&comma; ofreciendo altos niveles de confiabilidad y protecci\u00f3n para sistemas IT&comma; equipo de telecomunicaciones&comma; equipo m\u00e9dico y sistemas de misi\u00f3n cr\u00edtica. Es convertible a Rack o Torre y solo toma 2U unidades de Rack.<\/p>\n<\/p><\/div>\n<p> <!-- Highlights de tecnolog\u00eda On-Line --> <\/p>\n<div style='margin-bottom: 30px;'>\n<h4 style='font-size: 18px; margin: 15px 0 10px; color: inherit; opacity: 0.8;'>Highlights<\/h4>\n<ul style='padding-left: 20px; font-size: 14px; color: inherit;'>\n<li style='margin-bottom: 5px;'>Los UPS On-Line ofrecen tecnolog\u00eda de alta eficiencia de conversi\u00f3n en l\u00ednea doble.<\/li>\n<li style='margin-bottom: 5px;'>Onda senoidal pura.<\/li>\n<li style='margin-bottom: 5px;'>Funcionamiento en modo Eco para el ahorro energ\u00e9tico.<\/li>\n<li style='margin-bottom: 5px;'>Rango din\u00e1mico de voltaje.<\/li>\n<li style='margin-bottom: 5px;'>Voltaje configurable de salida v\u00eda LCD.<\/li>\n<li style='margin-bottom: 5px;'>Modulo de bater\u00edas para extender tiempo de respaldo.<\/li>\n<li style='margin-bottom: 5px;'>Instalaci\u00f3n Rack\/Torre.<\/li>\n<li style='margin-bottom: 5px;'>Los UPS de topolog\u00eda On-line pueden ser configurados horizontal o verticalmente.<\/li>\n<\/ul><\/div>\n<p> <!-- Secci\u00f3n de AVR --> <\/p>\n<div style='display: flex; flex-wrap: wrap; gap: 30px; margin-bottom: 30px;'>\n<div style='flex: 1 1 300px; min-width: 280px;'>\n<h4 style='font-size: 18px; margin: 15px 0 10px; color: inherit; opacity: 0.8;'>Rango din\u00e1mico de voltaje (AVR)<\/h4>\n<p style='font-size: 14px; color: inherit;'>El rango din\u00e1mico de voltaje (AVR) en los UPS de Linked Pro ayuda a estabilizar la se\u00f1al entrante de CA&comma; se encarga de controlar los voltajes altos y bajos&comma; manteniendo la energ\u00eda de salida a un nivel nominal de 120v&comma; reduce fallas del sistema e incrementa significativamente la vida de la bater\u00eda.<\/p>\n<\/p><\/div>\n<div style='flex: 1 1 300px; min-width: 280px;'>\n<h4 style='font-size: 18px; margin: 15px 0 10px; color: inherit; opacity: 0.8;'>Voltajes configurables de salida<\/h4>\n<p style='font-size: 14px; color: inherit;'>Algunos modelos de Linked Pro&comma; pueden ser configurables con voltaje de salida seleccionable: 100 V \/ 110 V \/ 115 V \/ 120 V \/ 127 V AC.<\/p>\n<\/p><\/div>\n<\/p><\/div>\n<\/p><\/div>\n","protected":false},"excerpt":{"rendered":"<p>UPS 600VA\/360 W L\u00ednea Interactiva \/ 6 Contactos 5-15R (4 Respaldadas) \/ Regulaci\u00f3n de Voltaje \/ Protecci\u00f3n RJ45<\/p>\n","protected":false},"featured_media":98530,"comment_status":"open","ping_status":"closed","template":"","meta":[],"product_brand":[],"product_cat":[1231],"product_tag":[142,435,1232],"class_list":{"0":"post-98531","1":"product","2":"type-product","3":"status-publish","4":"has-post-thumbnail","6":"product_cat-ups-no-break-energia-videovigilancia","7":"product_tag-energia","8":"product_tag-linkedpro-by-epcom","9":"product_tag-ups-no-break-2","11":"first","12":"outofstock","13":"sale","14":"shipping-taxable","15":"purchasable","16":"product-type-simple"},"_links":{"self":[{"href":"https:\/\/soydeaqui.ddns.net\/pachuca\/index.php\/wp-json\/wp\/v2\/product\/98531","targetHints":{"allow":["GET"]}}],"collection":[{"href":"https:\/\/soydeaqui.ddns.net\/pachuca\/index.php\/wp-json\/wp\/v2\/product"}],"about":[{"href":"https:\/\/soydeaqui.ddns.net\/pachuca\/index.php\/wp-json\/wp\/v2\/types\/product"}],"replies":[{"embeddable":true,"href":"https:\/\/soydeaqui.ddns.net\/pachuca\/index.php\/wp-json\/wp\/v2\/comments?post=98531"}],"wp:featuredmedia":[{"embeddable":true,"href":"https:\/\/soydeaqui.ddns.net\/pachuca\/index.php\/wp-json\/wp\/v2\/media\/98530"}],"wp:attachment":[{"href":"https:\/\/soydeaqui.ddns.net\/pachuca\/index.php\/wp-json\/wp\/v2\/media?parent=98531"}],"wp:term":[{"taxonomy":"product_brand","embeddable":true,"href":"https:\/\/soydeaqui.ddns.net\/pachuca\/index.php\/wp-json\/wp\/v2\/product_brand?post=98531"},{"taxonomy":"product_cat","embeddable":true,"href":"https:\/\/soydeaqui.ddns.net\/pachuca\/index.php\/wp-json\/wp\/v2\/product_cat?post=98531"},{"taxonomy":"product_tag","embeddable":true,"href":"https:\/\/soydeaqui.ddns.net\/pachuca\/index.php\/wp-json\/wp\/v2\/product_tag?post=98531"}],"curies":[{"name":"wp","href":"https:\/\/api.w.org\/{rel}","templated":true}]}}