{"id":98470,"date":"2026-03-20T09:42:50","date_gmt":"2026-03-20T09:42:50","guid":{"rendered":"https:\/\/soydeaqui.ddns.net\/pachuca\/index.php\/producto\/kit-de-transceptores-baluns-con-terminal-push-superior-proteccion-de-sobrecarga-integrado-resolucion-4k-cable-flexible-coaxial-blindado-coaxitron-audio-por-coaxitron-conector-100-cobre\/"},"modified":"2026-03-20T09:42:52","modified_gmt":"2026-03-20T09:42:52","slug":"kit-de-transceptores-baluns-con-terminal-push-superior-proteccion-de-sobrecarga-integrado-resolucion-4k-cable-flexible-coaxial-blindado-coaxitron-audio-por-coaxitron-conector-100-cobre","status":"publish","type":"product","link":"https:\/\/soydeaqui.ddns.net\/pachuca\/index.php\/producto\/kit-de-transceptores-baluns-con-terminal-push-superior-proteccion-de-sobrecarga-integrado-resolucion-4k-cable-flexible-coaxial-blindado-coaxitron-audio-por-coaxitron-conector-100-cobre\/","title":{"rendered":"Kit de Transceptores (Baluns) con Terminal PUSH SUPERIOR, PROTECCION DE SOBRECARGA INTEGRADO, Resoluci\u00f3n 4K , Cable flexible COAXIAL Blindado \/ COAXITRON \/ AUDIO POR COAXITRON \/ Conector 100% COBRE \/  Calidad PREMIUM"},"content":{"rendered":"<div style='width: 100%; max-width: 1200px; margin: 0 auto; font-family: sans-serif; line-height: 1.6; color: inherit; background-color: transparent;'> <!-- Banner 1 --> <\/p>\n<div style='width: 100%; margin-bottom: 30px;'> <img style='width: 100%; height: auto; border: 1px solid rgba(150&comma;150&comma;150&comma;0.3); border-radius: 8px;' src='https:\/\/ftp3.syscom.mx\/usuarios\/pnunez\/Honeywell\/HC30WE5R2\/Imagenes\/banner-honeywell.jpg' alt='Banner 1'> <\/div>\n<p> <!-- Video 1 --> <\/p>\n<div style='position: relative; padding-bottom: 56.25%; height: 0; overflow: hidden; margin-bottom: 30px;'>   <\/div>\n<div style='margin-bottom: 30px; font-size: 14px; color: inherit; opacity: 0.8;'>Descripci\u00f3n del Video 1: Introducci\u00f3n a las caracter\u00edsticas del producto.<\/div>\n<p> <!-- Banner 2 --> <\/p>\n<div style='width: 100%; margin-bottom: 30px;'> <img style='width: 100%; height: auto; border: 1px solid rgba(150&comma;150&comma;150&comma;0.3); border-radius: 8px;' src='https:\/\/ftp3.syscom.mx\/usuarios\/pnunez\/Honeywell\/NDAA\/NDAA-HONEYWELL.jpg' alt='Banner 2'> <\/div>\n<p> <!-- Video 2 --> <\/p>\n<div style='position: relative; padding-bottom: 56.25%; height: 0; overflow: hidden; margin-bottom: 30px;'>   <\/div>\n<div style='margin-bottom: 30px; font-size: 14px; color: inherit; opacity: 0.8;'>Descripci\u00f3n del Video 2: Demostraci\u00f3n y especificaciones t\u00e9cnicas.<\/div>\n<p> <!-- Secci\u00f3n de contenido con flex\/grid --> <\/p>\n<div style='display: flex; flex-wrap: wrap; gap: 30px; margin-bottom: 30px;'>\n<div style='flex: 1 1 300px; min-width: 280px;'>\n<h3 style='font-size: 22px; border-bottom: 2px solid currentColor; padding-bottom: 5px; margin-top: 0; color: inherit; opacity: 0.8;'>Caracter\u00edsticas<\/h3>\n<ul style='padding-left: 20px; font-size: 15px; color: inherit;'>\n<li style='margin-bottom: 5px;'>Resoluci\u00f3n m\u00e1xima: 5 Megap\u00edxel (2560 x 1920) a 30FPS.<\/li>\n<li style='margin-bottom: 5px;'>Lente Varifocal Motorizado: 2.7-13.5 mm.<\/li>\n<li style='margin-bottom: 5px;'>Distancia de IR: 50m IR inteligente.<\/li>\n<li style='margin-bottom: 5px;'>Compresi\u00f3n: H.265&comma; H.264&comma; MJPEG.<\/li>\n<li style='margin-bottom: 5px;'>ONVIF: Profile S\/G\/T<\/li>\n<li style='margin-bottom: 5px;'>Sensor de imagen: 1\/2.8 Scan Progresivo CMOS<\/li>\n<li style='margin-bottom: 5px;'>Iluminaci\u00f3n m\u00ednima: Color: 0.005 Lux&comma; B\/N: 0Lux con IR encendido @F1.6<\/li>\n<li style='margin-bottom: 5px;'>D\u00eda \/ Noche real con filtro ICR.<\/li>\n<\/ul><\/div>\n<div style='flex: 1 1 300px; min-width: 280px;'>\n<h3 style='font-size: 22px; border-bottom: 2px solid currentColor; padding-bottom: 5px; margin-top: 0; color: inherit; opacity: 0.8;'>Especificaciones T\u00e9cnicas<\/h3>\n<ul style='padding-left: 20px; font-size: 15px; color: inherit;'>\n<li style='margin-bottom: 5px;'>Compensaci\u00f3n de luz: WDR 120dB&comma; BLC&comma; HLC&comma; 3 DNR.<\/li>\n<li style='margin-bottom: 5px;'>Video anal\u00edticos embebidos: Detecci\u00f3n Sabotaje (Tampering)&comma; Movimiento y Regi\u00f3n de Interes.<\/li>\n<li style='margin-bottom: 5px;'>Iluminaci\u00f3n m\u00ednima: 0.035 Lux<\/li>\n<li style='margin-bottom: 5px;'>Mascara de privacidad 5 zonas.<\/li>\n<li style='margin-bottom: 5px;'>Certificaci\u00f3n NDAA.<\/li>\n<li style='margin-bottom: 5px;'>Almacenamiento: Soporta microSD de hasta 256GB (no incluida).<\/li>\n<li style='margin-bottom: 5px;'>Puerto Ethernet RJ45 10\/100 Mbps<\/li>\n<li style='margin-bottom: 5px;'>ONVIF: Profile S&comma; G y T<\/li>\n<\/ul><\/div>\n<div style='flex: 1 1 300px; min-width: 280px;'>\n<h3 style='font-size: 22px; border-bottom: 2px solid currentColor; padding-bottom: 5px; margin-top: 0; color: inherit; opacity: 0.8;'>Caracter\u00edsticas Destacadas<\/h3>\n<ul style='padding-left: 20px; font-size: 15px; color: inherit;'>\n<li style='margin-bottom: 5px;'>Temperatura de operaci\u00f3n: -40 a 60 \u00b0C<\/li>\n<li style='margin-bottom: 5px;'>Alimentaci\u00f3n: 12Vcc&comma; PoE (802.3af) Clase 0 \/ 6 W.<\/li>\n<li style='margin-bottom: 5px;'>Protecci\u00f3n: IP67 \/ IK10.<\/li>\n<li style='margin-bottom: 5px;'>Dimensiones: 130.0 x 112.3 mm.<\/li>\n<li style='margin-bottom: 5px;'>Peso: 0.86 Kg.<\/li>\n<li style='margin-bottom: 5px;'>Garant\u00eda 3 a\u00f1os.<\/li>\n<li style='margin-bottom: 5px;'>Alta resistencia a condiciones adversas.<\/li>\n<li style='margin-bottom: 5px;'>Instalaci\u00f3n f\u00e1cil y r\u00e1pida.<\/li>\n<\/ul><\/div>\n<\/p><\/div>\n<p> <!-- Separador --> <\/p>\n<hr style='border: 0; border-top: 1px solid rgba(150&comma; 150&comma; 150&comma; 0.3); margin: 30px 0;'> <\/div>\n","protected":false},"excerpt":{"rendered":"<p>Kit de Transceptores (Baluns) con Terminal PUSH SUPERIOR, PROTECCION DE SOBRECARGA INTEGRADO, Resoluci\u00f3n 4K , Cable flexible COAXIAL Blindado \/ COAXITRON \/ AUDIO POR COAXITRON \/ Conector 100% COBRE \/  Calidad PREMIUM<\/p>\n","protected":false},"featured_media":98469,"comment_status":"open","ping_status":"closed","template":"","meta":[],"product_brand":[],"product_cat":[2327],"product_tag":[417,507,2328],"class_list":{"0":"post-98470","1":"product","2":"type-product","3":"status-publish","4":"has-post-thumbnail","6":"product_cat-transceptores-de-video","7":"product_tag-accesorios-generales","8":"product_tag-epcom-titanium","9":"product_tag-transceptores-de-video","11":"first","12":"outofstock","13":"sale","14":"shipping-taxable","15":"purchasable","16":"product-type-simple"},"_links":{"self":[{"href":"https:\/\/soydeaqui.ddns.net\/pachuca\/index.php\/wp-json\/wp\/v2\/product\/98470","targetHints":{"allow":["GET"]}}],"collection":[{"href":"https:\/\/soydeaqui.ddns.net\/pachuca\/index.php\/wp-json\/wp\/v2\/product"}],"about":[{"href":"https:\/\/soydeaqui.ddns.net\/pachuca\/index.php\/wp-json\/wp\/v2\/types\/product"}],"replies":[{"embeddable":true,"href":"https:\/\/soydeaqui.ddns.net\/pachuca\/index.php\/wp-json\/wp\/v2\/comments?post=98470"}],"wp:featuredmedia":[{"embeddable":true,"href":"https:\/\/soydeaqui.ddns.net\/pachuca\/index.php\/wp-json\/wp\/v2\/media\/98469"}],"wp:attachment":[{"href":"https:\/\/soydeaqui.ddns.net\/pachuca\/index.php\/wp-json\/wp\/v2\/media?parent=98470"}],"wp:term":[{"taxonomy":"product_brand","embeddable":true,"href":"https:\/\/soydeaqui.ddns.net\/pachuca\/index.php\/wp-json\/wp\/v2\/product_brand?post=98470"},{"taxonomy":"product_cat","embeddable":true,"href":"https:\/\/soydeaqui.ddns.net\/pachuca\/index.php\/wp-json\/wp\/v2\/product_cat?post=98470"},{"taxonomy":"product_tag","embeddable":true,"href":"https:\/\/soydeaqui.ddns.net\/pachuca\/index.php\/wp-json\/wp\/v2\/product_tag?post=98470"}],"curies":[{"name":"wp","href":"https:\/\/api.w.org\/{rel}","templated":true}]}}