{"id":98468,"date":"2026-03-20T09:42:45","date_gmt":"2026-03-20T09:42:45","guid":{"rendered":"https:\/\/soydeaqui.ddns.net\/pachuca\/index.php\/producto\/kit-de-transceptores-baluns-con-terminal-push-superior-pig-tail-en-ambos-conectores-resolucion-4k-cable-flexible-coaxial-blindado-coaxitron-audio-por-coaxitron-conector-100-cobre-calidad\/"},"modified":"2026-03-20T09:42:47","modified_gmt":"2026-03-20T09:42:47","slug":"kit-de-transceptores-baluns-con-terminal-push-superior-pig-tail-en-ambos-conectores-resolucion-4k-cable-flexible-coaxial-blindado-coaxitron-audio-por-coaxitron-conector-100-cobre-calidad","status":"publish","type":"product","link":"https:\/\/soydeaqui.ddns.net\/pachuca\/index.php\/producto\/kit-de-transceptores-baluns-con-terminal-push-superior-pig-tail-en-ambos-conectores-resolucion-4k-cable-flexible-coaxial-blindado-coaxitron-audio-por-coaxitron-conector-100-cobre-calidad\/","title":{"rendered":"Kit de Transceptores (Baluns) con Terminal PUSH SUPERIOR PIG TAIL en ambos conectores, Resoluci\u00f3n 4K , Cable flexible COAXIAL Blindado \/ COAXITRON \/ AUDIO POR COAXITRON  \/Conector 100% COBRE \/  Calidad PREMIUM"},"content":{"rendered":"<div style='width: 100%; max-width: 1200px; margin: 0 auto; font-family: sans-serif; line-height: 1.6; color: inherit; background-color: transparent;'> <!-- T\u00edtulo y descripci\u00f3n --> <\/p>\n<div style='display: flex; flex-direction: column; align-items: center; text-align: center; margin-bottom: 30px;'>\n<h1 style='font-size: 32px; margin: 0; color: inherit;'>TT101FTURBOZ<\/h1>\n<h3 style='font-size: 22px; margin: 10px 0 20px; color: inherit;'>Bal\u00fan de Video Pasivo Turbo HD de Un S\u00f3lo Canal<\/h3>\n<p> <img style='width: 100%; max-width: 600px; height: auto; border: 1px solid rgba(150&comma;150&comma;150&comma;0.3); border-radius: 8px; margin-bottom: 15px;' src='https:\/\/example.com\/tt101fturboz.png' alt='TT101FTURBOZ'> <\/p>\n<div style='border: 1px solid rgba(150&comma;150&comma;150&comma;0.3); border-radius: 8px; padding: 20px; width: 100%; max-width: 800px; background-color: rgba(150&comma;150&comma;150&comma;0.05);'>\n<p style='margin-bottom: 15px;'>Gracias por comprar este producto. Para un rendimiento \u00f3ptimo y seguridad&comma; lea atentamente las instrucciones y conserve el manual para futuras consultas.<\/p>\n<h4 style='font-size: 18px; margin-top: 20px; margin-bottom: 10px; color: inherit; border-bottom: 2px solid currentColor; padding-bottom: 5px; opacity: 0.8;'>Descripci\u00f3n General<\/h4>\n<p style='margin-bottom: 10px;'>El video bal\u00fan TT101FTURBOZ es un dispositivo pasivo (no amplificado) que permite la transmisi\u00f3n de se\u00f1ales de video CCTV HD en tiempo real a trav\u00e9s de un cable rentable de par trenzado sin blindaje (UTP). El TT101FTURBOZ es compatible con todas las c\u00e1maras anal\u00f3gicas HD-TVI&comma; HD-CVI&comma; AHD y CVBS.<\/p>\n<p style='margin-bottom: 10px;'>El TT101FTURBOZ tiene un cable flexible mini coaxial que permite un montaje r\u00e1pido en c\u00e1maras fijas&comma; permite el montaje en la c\u00e1mara en la mayor\u00eda de las c\u00e1maras domo y permite una conexi\u00f3n flexible con DVR. El bloque de terminales push-pin permite la conexi\u00f3n sin herramientas de la salida del cable UTP. Utilizado en pares&comma; el TT101FTURBOZ elimina el cable coaxial costoso y voluminoso.<\/p>\n<p style='margin-bottom: 10px;'>El rechazo de interferencias superior y las bajas emisiones de TT101FTURBOZ permiten que las se\u00f1ales de video coexistan en el mismo haz de cables que el tel\u00e9fono&comma; el datacom o los circuitos de alimentaci\u00f3n de baja tensi\u00f3n. Esto permite el uso de una planta de cable compartida o existente. El TT101FTURBOZ es un supresor de sobretensiones incorporado para proteger el equipo de video contra picos de voltaje da\u00f1inos&comma; su interferencia y la inmunidad al ruido aseguran la calidad de las se\u00f1ales de video.<\/p>\n<\/p><\/div>\n<\/p><\/div>\n<p> <!-- Videos --> <\/p>\n<h4 style='font-size: 20px; margin-bottom: 15px; color: inherit; opacity: 0.7;'>Videos<\/h4>\n<div style='display: flex; flex-direction: column; gap: 20px; margin-bottom: 30px;'>\n<div style='position: relative; padding-bottom: 56.25%; height: 0; overflow: hidden;'>   <\/div>\n<div style='position: relative; padding-bottom: 56.25%; height: 0; overflow: hidden;'>   <\/div>\n<\/p><\/div>\n<p> <!-- Separador --> <\/p>\n<hr style='border: 0; border-top: 1px solid rgba(150&comma; 150&comma; 150&comma; 0.3); margin: 30px 0;'> <!-- Especificaciones --> <\/p>\n<div style='display: flex; flex-wrap: wrap; gap: 20px; margin-bottom: 30px;'> <!-- Caracter\u00edsticas --> <\/p>\n<div style='flex: 1 1 300px; min-width: 280px; border: 1px solid rgba(150&comma; 150&comma; 150&comma; 0.4); border-radius: 8px; overflow: hidden; display: flex; flex-direction: column;'>\n<div style='padding: 15px; border-bottom: 1px solid rgba(150&comma; 150&comma; 150&comma; 0.2); font-weight: bold; font-size: 18px; color: inherit; background-color: rgba(150&comma;150&comma;150&comma;0.05);'>Caracter\u00edsticas<\/div>\n<div style='padding: 15px; color: inherit;'>\n<ul style='padding-left: 20px; margin: 0; font-size: 14px; list-style-type: disc;'>\n<li style='margin-bottom: 5px;'>Transmisi\u00f3n en tiempo real sobre UTP Cat 5e\/6.<\/li>\n<li style='margin-bottom: 5px;'>No se requiere energ\u00eda.<\/li>\n<li style='margin-bottom: 5px;'>Compatible con todas las c\u00e1maras anal\u00f3gicas HD-TVI \/ CVI \/ AHD \/ CVBS.<\/li>\n<li style='margin-bottom: 5px;'>Consulte la secci\u00f3n &#8216;Tabla de Distancias de Transmisi\u00f3n&#8217; para conocer la distancia de las c\u00e1maras 720P \/ 960P \/ 1080P \/ 3 MP \/ 4 MP \/ 5MP \/ 4K.<\/li>\n<li style='margin-bottom: 5px;'>Conector BNC macho con cable flexible mini-coax pigtail de 150 mm (5.9&#8242;).<\/li>\n<li style='margin-bottom: 5px;'>TVS (supresor de voltaje transitorio) de estado s\u00f3lido incorporado para protecci\u00f3n contra sobretensiones.<\/li>\n<li style='margin-bottom: 5px;'>Dise\u00f1o de filtro de onda y antiest\u00e1tico.<\/li>\n<li style='margin-bottom: 5px;'>Dise\u00f1o de protecci\u00f3n contra rayos grado 3.<\/li>\n<li style='margin-bottom: 5px;'>Inmunidad al ruido y diafon\u00eda de 60 dB.<\/li>\n<li style='margin-bottom: 5px;'>Rechazo excepcional de interferencias.<\/li>\n<li style='margin-bottom: 5px;'>Carcasa de pl\u00e1stico de ingenier\u00eda ABS.<\/li>\n<\/ul><\/div>\n<\/p><\/div>\n<p> <!-- Especificaciones T\u00e9cnicas --> <\/p>\n<div style='flex: 1 1 300px; min-width: 280px; border: 1px solid rgba(150&comma; 150&comma; 150&comma; 0.4); border-radius: 8px; overflow: hidden; display: flex; flex-direction: column;'>\n<div style='padding: 15px; border-bottom: 1px solid rgba(150&comma; 150&comma; 150&comma; 0.2); font-weight: bold; font-size: 18px; color: inherit; background-color: rgba(150&comma;150&comma;150&comma;0.05);'>Especificaciones T\u00e9cnicas<\/div>\n<div style='padding: 15px; color: inherit;'>\n<ul style='padding-left: 20px; margin: 0; font-size: 14px; list-style-type: disc;'>\n<li style='margin-bottom: 5px;'><strong>Modelo:<\/strong> TT101FTURBOZ<\/li>\n<li style='margin-bottom: 5px;'><strong>Frecuencia de Operaci\u00f3n:<\/strong> DC a 42 MHz<\/li>\n<li style='margin-bottom: 5px;'><strong>Impedancia:<\/strong> Coaxial BNC 75 \u03a9&comma; UTP 100 \u03a9<\/li>\n<li style='margin-bottom: 5px;'><strong>Atenuaci\u00f3n:<\/strong> 1.5 dB t\u00edp. max.<\/li>\n<li style='margin-bottom: 5px;'><strong>Protecci\u00f3n contra sobretensiones:<\/strong> Integrada<\/li>\n<li style='margin-bottom: 5px;'><strong>Carcasa:<\/strong> Pl\u00e1stico de ingenier\u00eda ABS<\/li>\n<li style='margin-bottom: 5px;'><strong>Dimensiones:<\/strong> 38.4 x 18.6 x 19.5 mm<\/li>\n<li style='margin-bottom: 5px;'><strong>Peso:<\/strong> 22 g<\/li>\n<\/ul><\/div>\n<\/p><\/div>\n<p> <!-- Caracter\u00edsticas Destacadas --> <\/p>\n<div style='flex: 1 1 300px; min-width: 280px; border: 1px solid rgba(150&comma; 150&comma; 150&comma; 0.4); border-radius: 8px; overflow: hidden; display: flex; flex-direction: column;'>\n<div style='padding: 15px; border-bottom: 1px solid rgba(150&comma; 150&comma; 150&comma; 0.2); font-weight: bold; font-size: 18px; color: inherit; background-color: rgba(150&comma;150&comma;150&comma;0.05);'>Caracter\u00edsticas Destacadas<\/div>\n<div style='padding: 15px; color: inherit;'>\n<ul style='padding-left: 20px; margin: 0; font-size: 14px; list-style-type: disc;'>\n<li style='margin-bottom: 5px; font-weight: bold;'>Dise\u00f1o de filtro de onda antiest\u00e1tico<\/li>\n<li style='margin-bottom: 5px; font-weight: bold;'>Inmunidad al ruido y diafon\u00eda de 60 dB<\/li>\n<li style='margin-bottom: 5px; font-weight: bold;'>Rechazo excepcional de interferencias<\/li>\n<li style='margin-bottom: 5px;'>Protecci\u00f3n contra rayos grado 3<\/li>\n<li style='margin-bottom: 5px;'>Transmisi\u00f3n de 250 metros para c\u00e1maras 720P<\/li>\n<li style='margin-bottom: 5px;'>Transmisi\u00f3n de 320 metros para c\u00e1maras 1080P<\/li>\n<li style='margin-bottom: 5px;'>Compatible con sistemas de monitoreo de seguridad<\/li>\n<li style='margin-bottom: 5px;'>Aplicable en hospitales&comma; aeropuertos&comma; bancos y m\u00e1s<\/li>\n<\/ul><\/div>\n<\/p><\/div>\n<\/p><\/div>\n<p> <!-- Tabla de Distancias --> <\/p>\n<div style='margin-bottom: 30px;'> <img style='width: 100%; height: auto; border: 1px solid rgba(150&comma;150&comma;150&comma;0.3); border-radius: 8px; margin-bottom: 15px;' src='https:\/\/example.com\/distance-chart.jpg' alt='Tabla de Distancias de Transmisi\u00f3n'> <\/p>\n<h4 style='font-size: 20px; text-align: center; margin-bottom: 20px; color: inherit; opacity: 0.7;'>Tabla de Distancias de Transmisi\u00f3n<\/h4>\n<div style='overflow-x: auto;'>\n<table style='width: 100%; border-collapse: collapse; border: 1px solid rgba(150&comma;150&comma;150&comma;0.3);'>\n<thead style='background-color: rgba(150&comma;150&comma;150&comma;0.05);'>\n<tr>\n<th style='border: 1px solid rgba(150&comma;150&comma;150&comma;0.3); padding: 12px; text-align: left;'>Tipo de C\u00e1mara<\/th>\n<th style='border: 1px solid rgba(150&comma;150&comma;150&comma;0.3); padding: 12px; text-align: left;'>HD-TVI<\/th>\n<th style='border: 1px solid rgba(150&comma;150&comma;150&comma;0.3); padding: 12px; text-align: left;'>HD-CVI<\/th>\n<th style='border: 1px solid rgba(150&comma;150&comma;150&comma;0.3); padding: 12px; text-align: left;'>HD-AHD<\/th>\n<\/tr>\n<\/thead>\n<tbody>\n<tr>\n<td style='border: 1px solid rgba(150&comma;150&comma;150&comma;0.3); padding: 10px;'>C\u00e1mara 720P<\/td>\n<td style='border: 1px solid rgba(150&comma;150&comma;150&comma;0.3); padding: 10px;'>250 m (820 ft)<\/td>\n<td style='border: 1px solid rgba(150&comma;150&comma;150&comma;0.3); padding: 10px;'>440 m (1&comma;443 ft)<\/td>\n<td style='border: 1px solid rgba(150&comma;150&comma;150&comma;0.3); padding: 10px;'>320 m (1&comma;049 ft)<\/td>\n<\/tr>\n<tr>\n<td style='border: 1px solid rgba(150&comma;150&comma;150&comma;0.3); padding: 10px;'>C\u00e1mara 960P<\/td>\n<td style='border: 1px solid rgba(150&comma;150&comma;150&comma;0.3); padding: 10px;'>No probado<\/td>\n<td style='border: 1px solid rgba(150&comma;150&comma;150&comma;0.3); padding: 10px;'>No probado<\/td>\n<td style='border: 1px solid rgba(150&comma;150&comma;150&comma;0.3); padding: 10px;'>320 m (1&comma;049 ft)<\/td>\n<\/tr>\n<tr>\n<td style='border: 1px solid rgba(150&comma;150&comma;150&comma;0.3); padding: 10px;'>C\u00e1mara 1080P<\/td>\n<td style='border: 1px solid rgba(150&comma;150&comma;150&comma;0.3); padding: 10px;'>250 m (820 ft)<\/td>\n<td style='border: 1px solid rgba(150&comma;150&comma;150&comma;0.3); padding: 10px;'>250 m (820 ft)<\/td>\n<td style='border: 1px solid rgba(150&comma;150&comma;150&comma;0.3); padding: 10px;'>320 m (1&comma;049 ft)<\/td>\n<\/tr>\n<tr>\n<td style='border: 1px solid rgba(150&comma;150&comma;150&comma;0.3); padding: 10px;'>C\u00e1mara 3 MP<\/td>\n<td style='border: 1px solid rgba(150&comma;150&comma;150&comma;0.3); padding: 10px;'>250 m (820 ft)<\/td>\n<td style='border: 1px solid rgba(150&comma;150&comma;150&comma;0.3); padding: 10px;'>No probado<\/td>\n<td style='border: 1px solid rgba(150&comma;150&comma;150&comma;0.3); padding: 10px;'>180 m (590 ft)<\/td>\n<\/tr>\n<tr>\n<td style='border: 1px solid rgba(150&comma;150&comma;150&comma;0.3); padding: 10px;'>C\u00e1mara 4 MP<\/td>\n<td style='border: 1px solid rgba(150&comma;150&comma;150&comma;0.3); padding: 10px;'>250 m (820 ft)<\/td>\n<td style='border: 1px solid rgba(150&comma;150&comma;150&comma;0.3); padding: 10px;'>230 m (755 ft)<\/td>\n<td style='border: 1px solid rgba(150&comma;150&comma;150&comma;0.3); padding: 10px;'>200 m (656 ft)<\/td>\n<\/tr>\n<tr>\n<td style='border: 1px solid rgba(150&comma;150&comma;150&comma;0.3); padding: 10px;'>C\u00e1mara 5 MP<\/td>\n<td style='border: 1px solid rgba(150&comma;150&comma;150&comma;0.3); padding: 10px;'>250 m (820 ft)<\/td>\n<td style='border: 1px solid rgba(150&comma;150&comma;150&comma;0.3); padding: 10px;'>No probado<\/td>\n<td style='border: 1px solid rgba(150&comma;150&comma;150&comma;0.3); padding: 10px;'>200 m (656 ft)<\/td>\n<\/tr>\n<tr>\n<td style='border: 1px solid rgba(150&comma;150&comma;150&comma;0.3); padding: 10px;'>C\u00e1mara 4K<\/td>\n<td style='border: 1px solid rgba(150&comma;150&comma;150&comma;0.3); padding: 10px;'>No probado<\/td>\n<td style='border: 1px solid rgba(150&comma;150&comma;150&comma;0.3); padding: 10px;'>200 m (656 ft)<\/td>\n<td style='border: 1px solid rgba(150&comma;150&comma;150&comma;0.3); padding: 10px;'>No probado<\/td>\n<\/tr>\n<\/tbody>\n<\/table><\/div>\n<\/p><\/div>\n<p> <!-- Recomendaciones --> <\/p>\n<div style='margin-bottom: 30px;'>\n<h4 style='font-size: 20px; margin-bottom: 15px; color: inherit; opacity: 0.7;'>Recomendaciones<\/h4>\n<ul style='padding-left: 20px; margin: 0; font-size: 14px; list-style-type: disc;'>\n<li style='margin-bottom: 5px;'>Se recomienda el uso del TT101FTURBOZ con cableado de par trenzado sin blindaje (UTP) de 24 a 22 AWG.<\/li>\n<li style='margin-bottom: 5px;'>Deben evitarse los pares blindados individualmente&comma; ya que reducen dr\u00e1sticamente el rango operativo de los sistemas.<\/li>\n<li style='margin-bottom: 5px;'>Es aceptable un cable de varios pares (25 pares o m\u00e1s) con un blindaje general.<\/li>\n<li style='margin-bottom: 5px;'>Las se\u00f1ales de video pueden coexistir en el mismo paquete de cables que los circuitos de energ\u00eda de bajo voltaje&comma; comunicaci\u00f3n de datos o tel\u00e9fono.<\/li>\n<li style='margin-bottom: 5px;'>Si bien&comma; el video puede entrecruzarse a trav\u00e9s de terminales de bloqueo de conexi\u00f3n telef\u00f3nica&comma; cualquier derivaci\u00f3n de puente&comma; tambi\u00e9n llamada derivaci\u00f3n en T-tap y cualquier dispositivo resistivo&comma; de capacidad o inductivo &#8216;DEBE SER&#8217; eliminado del par.<\/li>\n<\/ul><\/div>\n<p> <!-- Aplicaciones --> <\/p>\n<div style='margin-bottom: 30px;'>\n<h4 style='font-size: 20px; margin-bottom: 15px; color: inherit; opacity: 0.7;'>Aplicaciones<\/h4>\n<ul style='padding-left: 20px; margin: 0; font-size: 14px; list-style-type: disc;'>\n<li style='margin-bottom: 5px;'>Sistema de monitoreo de seguridad.<\/li>\n<li style='margin-bottom: 5px;'>Sistema de ense\u00f1anza en red multimedia.<\/li>\n<li style='margin-bottom: 5px;'>Sistema de visualizaci\u00f3n de monitorizaci\u00f3n m\u00e9dica.<\/li>\n<li style='margin-bottom: 5px;'>Sistema de control de automatizaci\u00f3n industrial.<\/li>\n<li style='margin-bottom: 5px;'>Sistema de visualizaci\u00f3n de informaci\u00f3n bancaria&comma; de valores y financiero.<\/li>\n<li style='margin-bottom: 5px;'>Monitoreo remoto de servidores de red.<\/li>\n<li style='margin-bottom: 5px;'>Seguridad de grandes almacenes.<\/li>\n<li style='margin-bottom: 5px;'>Seguridad de casinos.<\/li>\n<li style='margin-bottom: 5px;'>Hospitales&comma; aeropuertos y bancos.<\/li>\n<li style='margin-bottom: 5px;'>Campus escolares.<\/li>\n<\/ul><\/div>\n<p> <!-- Diagrama de Aplicaci\u00f3n --> <\/p>\n<div style='margin-bottom: 30px;'>\n<h4 style='font-size: 20px; margin-bottom: 15px; color: inherit; opacity: 0.7;'>Diagrama de Aplicaci\u00f3n<\/h4>\n<p> <img style='width: 100%; height: auto; border: 1px solid rgba(150&comma;150&comma;150&comma;0.3); border-radius: 8px;' src='https:\/\/example.com\/application-diagram.jpg' alt='Diagrama de Aplicaci\u00f3n'> <\/div>\n<p> <!-- Notas --> <\/p>\n<div style='margin-bottom: 30px;'>\n<h4 style='font-size: 20px; margin-bottom: 15px; color: inherit; opacity: 0.7;'>Nota:<\/h4>\n<ul style='padding-left: 20px; margin: 0; font-size: 14px; list-style-type: disc;'>\n<li style='margin-bottom: 5px;'>La distancia de transmisi\u00f3n real variar\u00e1 seg\u00fan la calidad del cable&comma; la c\u00e1mara espec\u00edfica y el entorno del lugar.<\/li>\n<li style='margin-bottom: 5px;'>Aseg\u00farese de instalar el transmisor en el lado de la c\u00e1mara y el receptor en el lado del DVR para lograr la mejor calidad de video.<\/li>\n<li style='margin-bottom: 5px;'>Si ajusta la saturaci\u00f3n del DVR&comma; la distancia de transmisi\u00f3n de video podr\u00eda ser mayor. HD-CVI 720P: m\u00e1x. Hasta 470 m (1&comma;541 ft).<\/li>\n<li style='margin-bottom: 5px;'>Si se produce una aberraci\u00f3n crom\u00e1tica&comma; ajuste tambi\u00e9n la saturaci\u00f3n&comma; la imagen se recuperar\u00e1 perfectamente autom\u00e1ticamente.<\/li>\n<li style='margin-bottom: 5px;'>El dispositivo no es resistente al agua y no debe utilizarse en exteriores.<\/li>\n<\/ul><\/div>\n<\/p><\/div>\n","protected":false},"excerpt":{"rendered":"<p>Kit de Transceptores (Baluns) con Terminal PUSH SUPERIOR PIG TAIL en ambos conectores, Resoluci\u00f3n 4K , Cable flexible COAXIAL Blindado \/ COAXITRON \/ AUDIO POR COAXITRON  \/Conector 100% COBRE \/  Calidad PREMIUM<\/p>\n","protected":false},"featured_media":98467,"comment_status":"open","ping_status":"closed","template":"","meta":[],"product_brand":[],"product_cat":[2327],"product_tag":[417,507,2328],"class_list":{"0":"post-98468","1":"product","2":"type-product","3":"status-publish","4":"has-post-thumbnail","6":"product_cat-transceptores-de-video","7":"product_tag-accesorios-generales","8":"product_tag-epcom-titanium","9":"product_tag-transceptores-de-video","11":"first","12":"outofstock","13":"sale","14":"shipping-taxable","15":"purchasable","16":"product-type-simple"},"_links":{"self":[{"href":"https:\/\/soydeaqui.ddns.net\/pachuca\/index.php\/wp-json\/wp\/v2\/product\/98468","targetHints":{"allow":["GET"]}}],"collection":[{"href":"https:\/\/soydeaqui.ddns.net\/pachuca\/index.php\/wp-json\/wp\/v2\/product"}],"about":[{"href":"https:\/\/soydeaqui.ddns.net\/pachuca\/index.php\/wp-json\/wp\/v2\/types\/product"}],"replies":[{"embeddable":true,"href":"https:\/\/soydeaqui.ddns.net\/pachuca\/index.php\/wp-json\/wp\/v2\/comments?post=98468"}],"wp:featuredmedia":[{"embeddable":true,"href":"https:\/\/soydeaqui.ddns.net\/pachuca\/index.php\/wp-json\/wp\/v2\/media\/98467"}],"wp:attachment":[{"href":"https:\/\/soydeaqui.ddns.net\/pachuca\/index.php\/wp-json\/wp\/v2\/media?parent=98468"}],"wp:term":[{"taxonomy":"product_brand","embeddable":true,"href":"https:\/\/soydeaqui.ddns.net\/pachuca\/index.php\/wp-json\/wp\/v2\/product_brand?post=98468"},{"taxonomy":"product_cat","embeddable":true,"href":"https:\/\/soydeaqui.ddns.net\/pachuca\/index.php\/wp-json\/wp\/v2\/product_cat?post=98468"},{"taxonomy":"product_tag","embeddable":true,"href":"https:\/\/soydeaqui.ddns.net\/pachuca\/index.php\/wp-json\/wp\/v2\/product_tag?post=98468"}],"curies":[{"name":"wp","href":"https:\/\/api.w.org\/{rel}","templated":true}]}}