{"id":98435,"date":"2026-03-20T09:41:20","date_gmt":"2026-03-20T09:41:20","guid":{"rendered":"https:\/\/soydeaqui.ddns.net\/pachuca\/index.php\/producto\/clavija-industrial-de-30-a-120-208-v-ca-4-polos-5-hilos-ip67\/"},"modified":"2026-03-20T09:41:22","modified_gmt":"2026-03-20T09:41:22","slug":"clavija-industrial-de-30-a-120-208-v-ca-4-polos-5-hilos-ip67","status":"publish","type":"product","link":"https:\/\/soydeaqui.ddns.net\/pachuca\/index.php\/producto\/clavija-industrial-de-30-a-120-208-v-ca-4-polos-5-hilos-ip67\/","title":{"rendered":"Clavija industrial de 30 A \/ 120\/208 V CA \/  4 Polos 5 Hilos \/ IP67."},"content":{"rendered":"<div style='width: 100%; max-width: 1200px; margin: 0 auto; font-family: sans-serif; line-height: 1.6; color: inherit; background-color: transparent;'>\n<div style='display: flex; flex-wrap: wrap; gap: 30px; margin-bottom: 30px;'>\n<div style='flex: 1 1 300px; min-width: 280px;'>\n<h3 style='font-size: 22px; border-bottom: 2px solid currentColor; padding-bottom: 5px; margin-top: 0; color: inherit; opacity: 0.8;'>Especificaciones<\/h3>\n<ul style='padding-left: 20px; font-size: 15px; color: inherit;'>\n<li style='margin-bottom: 5px;'><strong>Aplicaci\u00f3n:<\/strong> Clavija de alto amperaje<\/li>\n<li style='margin-bottom: 5px;'><strong>Color:<\/strong> Azul<\/li>\n<li style='margin-bottom: 5px;'><strong>Ambientes de trabajo:<\/strong> Cuerpo aislado<\/li>\n<li style='margin-bottom: 5px;'><strong>Material:<\/strong> Compuesto<\/li>\n<li style='margin-bottom: 5px;'><strong>Tipo de equipo:<\/strong> Emchufe macho<\/li>\n<li style='margin-bottom: 5px;'><strong>Montaje:<\/strong> Montaje con cable<\/li>\n<li style='margin-bottom: 5px;'><strong>N\u00famero de Polos:<\/strong> 4 Polos<\/li>\n<li style='margin-bottom: 5px;'><strong>Temperatura de Operaci\u00f3n:<\/strong> M\u00e1xima continua de 75 \u00b0C y m\u00ednima de -40 \u00b0C sin impactos&comma; -25 sin impactos<\/li>\n<li style='margin-bottom: 5px;'><strong>Serie:<\/strong> Serie HBL de servicio pesado<\/li>\n<li style='margin-bottom: 5px;'><strong>Tama\u00f1o:<\/strong> Producto de tama\u00f1o est\u00e1ndar<\/li>\n<li style='margin-bottom: 5px;'><strong>Conectividad:<\/strong> Tornillos de presi\u00f3n a la terminal<\/li>\n<li style='margin-bottom: 5px;'><strong>Rango de Amperaje:<\/strong> 30 A<\/li>\n<li style='margin-bottom: 5px;'><strong>Fase:<\/strong> Tres fases<\/li>\n<li style='margin-bottom: 5px;'><strong>Clasificaci\u00f3n de Voltaje:<\/strong> 120\/208 V CA<\/li>\n<li style='margin-bottom: 5px;'><strong>Tipo de cable:<\/strong> Todo port\u00e1til<\/li>\n<li style='margin-bottom: 5px;'><strong>N\u00famero de conductores:<\/strong> 5 Hilos conexi\u00f3n a tierra<\/li>\n<li style='margin-bottom: 5px;'><strong>N\u00famero de Cables:<\/strong> 5 Cables<\/li>\n<li style='margin-bottom: 5px;'><strong>Nema:<\/strong> No Nema<\/li>\n<li style='margin-bottom: 5px;'><strong>Tama\u00f1o de Cable:<\/strong> #12 AWG a #8 AWG<\/li>\n<\/ul><\/div>\n<\/p><\/div>\n<div style='display: flex; flex-wrap: wrap; gap: 20px; margin-bottom: 30px;'>\n<div style='flex: 1 1 250px; border: 1px solid rgba(150&comma; 150&comma; 150&comma; 0.4); border-radius: 8px; overflow: hidden; display: flex; flex-direction: column;'>\n<div style='padding: 15px; border-bottom: 1px solid rgba(150&comma; 150&comma; 150&comma; 0.2); font-weight: bold; font-size: 18px; color: inherit;'>Rendimiento<\/div>\n<div style='padding: 15px; color: inherit;'>\n<ul style='padding-left: 20px; margin: 0; font-size: 14px; list-style-type: disc;'>\n<li style='margin-bottom: 5px;'>El\u00e9ctrico &#8211; Interrupci\u00f3n de corriente &#8211; Certificado para interrupci\u00f3n de corriente a corriente nominal completa<\/li>\n<li style='margin-bottom: 5px;'>El\u00e9ctrico &#8211; Voltaje diel\u00e9ctrico &#8211; Soporta un m\u00ednimo de 3 000 V CA<\/li>\n<li style='margin-bottom: 5px;'>El\u00e9ctrico &#8211; M\u00e1x. Voltaje de funcionamiento: 600 V RMS<\/li>\n<li style='margin-bottom: 5px;'>Ambiental &#8211; Inflamabilidad &#8211; HB o mejor seg\u00fan UL 94 o CSA C22.2 No. 0.17<\/li>\n<li style='margin-bottom: 5px;'>Ambiental &#8211; Protecci\u00f3n de Ingreso &#8211; Idonedad IP67<\/li>\n<li style='margin-bottom: 5px;'>Ambiental &#8211; Resistencia a la humedad &#8211; Herm\u00e9tico seg\u00fan IEC 60309 &#8211; 1<\/li>\n<li style='margin-bottom: 5px;'>Ambiental &#8211; Temperaturas de funcionamiento &#8211; M\u00e1xima continua de 75 \u00b0C y m\u00ednima de -40 \u00b0C sin impactos<\/li>\n<li style='margin-bottom: 5px;'>Mec\u00e1nico &#8211; Resistencia al impacto &#8211; Seg\u00fan CSA C22.2 No. 182.1 \/ UL 1682<\/li>\n<li style='margin-bottom: 5px;'>Mec\u00e1nico &#8211; Identificaci\u00f3n del producto &#8211; Las identificaci\u00f3n y clasificaciones son una parte permanente de la carcasa del dispositivo<\/li>\n<li style='margin-bottom: 5px;'>Mec\u00e1nico &#8211; Identificaci\u00f3n de terminales &#8211; Terminales identificados de acuerdo con las convenciones norteamericas e IEC<\/li>\n<\/ul><\/div>\n<\/p><\/div>\n<div style='flex: 1 1 250px; border: 1px solid rgba(150&comma; 150&comma; 150&comma; 0.4); border-radius: 8px; overflow: hidden; display: flex; flex-direction: column;'>\n<div style='padding: 15px; border-bottom: 1px solid rgba(150&comma; 150&comma; 150&comma; 0.2); font-weight: bold; font-size: 18px; color: inherit;'>Certificaciones y Est\u00e1ndares<\/div>\n<div style='padding: 15px; color: inherit;'>\n<ul style='padding-left: 20px; margin: 0; font-size: 14px; list-style-type: disc;'>\n<li style='margin-bottom: 5px;'>Norma CSA C22.2 No.182.1<\/li>\n<li style='margin-bottom: 5px;'>UL Clasificado seg\u00fan IEC 60309-1<\/li>\n<li style='margin-bottom: 5px;'>Listado por UL&comma; archivo E146032<\/li>\n<\/ul><\/div>\n<\/p><\/div>\n<\/p><\/div>\n<\/p><\/div>\n","protected":false},"excerpt":{"rendered":"<p>Clavija industrial de 30 A \/ 120\/208 V CA \/  4 Polos 5 Hilos \/ IP67.<\/p>\n","protected":false},"featured_media":98434,"comment_status":"open","ping_status":"closed","template":"","meta":[],"product_brand":[],"product_cat":[1071],"product_tag":[1066,1072,705],"class_list":{"0":"post-98435","1":"product","2":"type-product","3":"status-publish","4":"has-post-thumbnail","6":"product_cat-extensiones-y-multicontactos","7":"product_tag-area-electrica","8":"product_tag-extensiones-y-multicontactos","9":"product_tag-hubbell","11":"first","12":"outofstock","13":"sale","14":"shipping-taxable","15":"purchasable","16":"product-type-simple"},"_links":{"self":[{"href":"https:\/\/soydeaqui.ddns.net\/pachuca\/index.php\/wp-json\/wp\/v2\/product\/98435","targetHints":{"allow":["GET"]}}],"collection":[{"href":"https:\/\/soydeaqui.ddns.net\/pachuca\/index.php\/wp-json\/wp\/v2\/product"}],"about":[{"href":"https:\/\/soydeaqui.ddns.net\/pachuca\/index.php\/wp-json\/wp\/v2\/types\/product"}],"replies":[{"embeddable":true,"href":"https:\/\/soydeaqui.ddns.net\/pachuca\/index.php\/wp-json\/wp\/v2\/comments?post=98435"}],"wp:featuredmedia":[{"embeddable":true,"href":"https:\/\/soydeaqui.ddns.net\/pachuca\/index.php\/wp-json\/wp\/v2\/media\/98434"}],"wp:attachment":[{"href":"https:\/\/soydeaqui.ddns.net\/pachuca\/index.php\/wp-json\/wp\/v2\/media?parent=98435"}],"wp:term":[{"taxonomy":"product_brand","embeddable":true,"href":"https:\/\/soydeaqui.ddns.net\/pachuca\/index.php\/wp-json\/wp\/v2\/product_brand?post=98435"},{"taxonomy":"product_cat","embeddable":true,"href":"https:\/\/soydeaqui.ddns.net\/pachuca\/index.php\/wp-json\/wp\/v2\/product_cat?post=98435"},{"taxonomy":"product_tag","embeddable":true,"href":"https:\/\/soydeaqui.ddns.net\/pachuca\/index.php\/wp-json\/wp\/v2\/product_tag?post=98435"}],"curies":[{"name":"wp","href":"https:\/\/api.w.org\/{rel}","templated":true}]}}