{"id":98431,"date":"2026-03-20T09:41:11","date_gmt":"2026-03-20T09:41:11","guid":{"rendered":"https:\/\/soydeaqui.ddns.net\/pachuca\/index.php\/producto\/servidor-de-almacenamiento-en-red-soporta-24-discos-duros-no-incluye-discos-duros-raid-graba-1024-canales-ip-doble-procesador\/"},"modified":"2026-03-20T09:41:13","modified_gmt":"2026-03-20T09:41:13","slug":"servidor-de-almacenamiento-en-red-soporta-24-discos-duros-no-incluye-discos-duros-raid-graba-1024-canales-ip-doble-procesador","status":"publish","type":"product","link":"https:\/\/soydeaqui.ddns.net\/pachuca\/index.php\/producto\/servidor-de-almacenamiento-en-red-soporta-24-discos-duros-no-incluye-discos-duros-raid-graba-1024-canales-ip-doble-procesador\/","title":{"rendered":"Servidor de Almacenamiento en Red \/  Soporta 24 Discos Duros (No incluye Discos Duros) \/ RAID \/ Graba 1024 canales IP \/ Doble procesador"},"content":{"rendered":"<div style='width: 100%; max-width: 1200px; margin: 0 auto; font-family: sans-serif; line-height: 1.6; color: inherit; background-color: transparent;'>\n<div style='text-align: center; margin: 30px 0;'> <img style='width: 45%; height: auto; border: 1px solid rgba(150&comma;150&comma;150&comma;0.3); border-radius: 8px;' src='https:\/\/ftp3.syscom.mx\/usuarios\/jsosa\/HIKVISION\/imagenes\/logo\/hikvision%20see%20far.png' alt='Logo Hikvision'> <\/div>\n<div style='display: flex; flex-wrap: wrap; gap: 30px; margin-bottom: 30px;'>\n<div style='flex: 1 1 300px; min-width: 280px;'>\n<h3 style='font-size: 22px; border-bottom: 2px solid currentColor; padding-bottom: 5px; margin-top: 0; color: inherit; opacity: 0.8;'>Caracter\u00edsticas principales<\/h3>\n<ul style='padding-left: 20px; font-size: 15px; color: inherit;'>\n<li style='margin-bottom: 5px;'>Compatible con sistemas de Hik-Central Professional (no requiere licencias adicionales para grabar)<\/li>\n<li style='margin-bottom: 5px;'>Soporta compresi\u00f3n H.265+ \/ H.265 \/ H.264<\/li>\n<li style='margin-bottom: 5px;'>Soporta hasta 24 HDD internos de hasta 16 TB c\/u SATA<\/li>\n<li style='margin-bottom: 5px;'>Soporta Hot Swap<\/li>\n<li style='margin-bottom: 5px;'>Controldor simple<\/li>\n<li style='margin-bottom: 5px;'>Cuenta con fuente de alimentaci\u00f3n redundante<\/li>\n<li style='margin-bottom: 5px;'>Maneja protocolos iSCSI \/ RTSP \/ ONVIF \/ PSIA<\/li>\n<li style='margin-bottom: 5px;'>Puede grabar hasta 1024 c\u00e1maras IP (usando 2 Mbps por c\u00e1mara)<\/li>\n<li style='margin-bottom: 5px;'>Soporta arreglo network RAID 0&comma; 1&comma; 3&comma; 5&comma; 6&comma; 10&comma; 50&comma; JBOD&comma; hot spare<\/li>\n<\/ul><\/div>\n<div style='flex: 1 1 300px; min-width: 280px;'>\n<h3 style='font-size: 22px; border-bottom: 2px solid currentColor; padding-bottom: 5px; margin-top: 0; color: inherit; opacity: 0.8;'>Caracter\u00edsticas F\u00edsicas y El\u00e9ctricas<\/h3>\n<ul style='padding-left: 20px; font-size: 15px; color: inherit;'>\n<li style='margin-bottom: 5px;'>Dimensiones: 484 mm x 724 mm x 174 mm<\/li>\n<li style='margin-bottom: 5px;'>Peso: 40 Kg (sin HDD)<\/li>\n<li style='margin-bottom: 5px;'>Alimentaci\u00f3n: 410 W<\/li>\n<li style='margin-bottom: 5px;'>Ocupa 4U de rack (19&#8242;)<\/li>\n<\/ul><\/div>\n<\/p><\/div>\n<div style='margin: 30px 0;'> <img style='width: 100%; height: auto; border: 1px solid rgba(150&comma;150&comma;150&comma;0.3); border-radius: 8px;' src='https:\/\/ftp3.syscom.mx\/usuarios\/yalvarado\/hikvision\/CVR\/FOTOS\/CVR4.PNG' alt='Vista frontal del servidor'> <\/div>\n<div style='margin: 30px 0;'>\n<p style='text-align: justify; font-size: 15px; color: inherit;'>La serie DS-A83 es la soluci\u00f3n de almacenamiento de clase empresarial de alto rendimiento y alta confiabilidad&comma; que ofrece un ancho de banda de 4 a 8 Gbps y almacenamiento a gran escala.<\/p>\n<p style='text-align: justify; font-size: 15px; color: inherit;'>Con procesador dual multinucleo de 64 bits&comma; estructura confiable y tecnolog\u00eda RAID 6&comma; el producto cumple con los requisitos de alto rendimiento y garantiza estrictamente la seguridad de los datos.<\/p>\n<\/p><\/div>\n<div style='margin: 30px 0;'> <img style='width: 100%; height: auto; border: 1px solid rgba(150&comma;150&comma;150&comma;0.3); border-radius: 8px;' src='https:\/\/ftp3.syscom.mx\/usuarios\/yalvarado\/hikvision\/CVR\/FOTOS\/CVR6.PNG' alt='Vista trasera del servidor'> <\/div>\n<div style='display: flex; flex-wrap: wrap; gap: 30px; margin-top: 30px;'>\n<div style='flex: 1 1 300px; min-width: 280px;'>\n<h3 style='font-size: 22px; border-bottom: 2px solid currentColor; padding-bottom: 5px; margin-top: 0; color: inherit; opacity: 0.8;'>SOLUCI\u00d3N RENTABLE<\/h3>\n<ul style='padding-left: 20px; font-size: 15px; color: inherit;'>\n<li style='margin-bottom: 5px;'>La soluci\u00f3n de Hikvision ocupa menos espacio en la sala&comma; utiliza menos electricidad y reduce el tiempo de implementaci\u00f3n&comma; lo que le ahorra tiempo y dinero. En comparaci\u00f3n con los dispositivos de almacenamiento de 8TB actuales&comma; el HDD SMR de 20TB ahorra a los usuarios hasta un 35% del costo TB y hasta un 50% del consumo de espacio y energ\u00eda por TB.<\/li>\n<\/ul><\/div>\n<div style='flex: 1 1 300px; min-width: 280px;'> <img style='width: 100%; height: auto; border: 1px solid rgba(150&comma;150&comma;150&comma;0.3); border-radius: 8px;' src='https:\/\/ftp3.syscom.mx\/usuarios\/yalvarado\/hikvision\/CVR\/FOTOS\/CVR.PNG' alt='Soluci\u00f3n rentable'> <\/div>\n<\/p><\/div>\n<div style='display: flex; flex-wrap: wrap; gap: 30px; margin-top: 30px;'>\n<div style='flex: 1 1 300px; min-width: 280px;'> <img style='width: 100%; height: auto; border: 1px solid rgba(150&comma;150&comma;150&comma;0.3); border-radius: 8px;' src='https:\/\/ftp3.syscom.mx\/usuarios\/yalvarado\/hikvision\/CVR\/FOTOS\/CVR2.PNG' alt='Tecnolog\u00eda iRAID'> <\/div>\n<div style='flex: 1 1 300px; min-width: 280px;'>\n<h3 style='font-size: 22px; border-bottom: 2px solid currentColor; padding-bottom: 5px; margin-top: 0; color: inherit; opacity: 0.8;'>SEGURA Y CONFIABLE<\/h3>\n<ul style='padding-left: 20px; font-size: 15px; color: inherit;'>\n<li style='margin-bottom: 5px;'>La tecnolog\u00eda de almacenamiento iRAID de Hikvision aumenta la seguridad de los datos. Mientras que el RAID tradicional deja de funcionar cuando fallan tres discos duros&comma; iRAID contin\u00faa funcionando&comma; por lo que la grabaci\u00f3n de video contin\u00faa sin interrupciones incluso cuando fallan cuatro discos duros (la versi\u00f3n personalizada). Adem\u00e1s&comma; los datos almacenados en discos duros que funcionan a\u00fan se pueden reproducir.<\/li>\n<\/ul><\/div>\n<\/p><\/div>\n<div style='display: flex; flex-wrap: wrap; gap: 30px; margin-top: 30px;'>\n<div style='flex: 1 1 300px; min-width: 280px;'>\n<h3 style='font-size: 22px; border-bottom: 2px solid currentColor; padding-bottom: 5px; margin-top: 0; color: inherit; opacity: 0.8;'>F\u00c1CIL OPERACI\u00d3N Y MANTENIMIENTO<\/h3>\n<ul style='padding-left: 20px; font-size: 15px; color: inherit;'>\n<li style='margin-bottom: 5px;'>Nuestro software de mantenimiento recientemente lanzado admite una configuraci\u00f3n sencilla y \u00fanica&comma; lo que ahorra tiempo y mejora la eficiencia. El estado de los HDD&comma; CPU&comma; unidades de energ\u00eda y ventiladores se monitorea en tiempo real y se mostrar\u00e1n mensajes de alarma cuando ocurra alg\u00fan problema.<\/li>\n<\/ul><\/div>\n<div style='flex: 1 1 300px; min-width: 280px;'> <img style='width: 100%; height: auto; border: 1px solid rgba(150&comma;150&comma;150&comma;0.3); border-radius: 8px;' src='https:\/\/ftp3.syscom.mx\/usuarios\/yalvarado\/hikvision\/CVR\/FOTOS\/CVR3.PNG' alt='Operaci\u00f3n y mantenimiento'> <\/div>\n<\/p><\/div>\n<\/p><\/div>\n","protected":false},"excerpt":{"rendered":"<p>Servidor de Almacenamiento en Red \/  Soporta 24 Discos Duros (No incluye Discos Duros) \/ RAID \/ Graba 1024 canales IP \/ Doble procesador<\/p>\n","protected":false},"featured_media":98430,"comment_status":"open","ping_status":"closed","template":"","meta":[],"product_brand":[],"product_cat":[2064],"product_tag":[2066,54,2065],"class_list":{"0":"post-98431","1":"product","2":"type-product","3":"status-publish","4":"has-post-thumbnail","6":"product_cat-almacenamiento-nas-san-esata","7":"product_tag-almacenamiento-nas-san-esata","8":"product_tag-hikvision","9":"product_tag-servidores-almacenamiento","11":"first","12":"outofstock","13":"sale","14":"shipping-taxable","15":"purchasable","16":"product-type-simple"},"_links":{"self":[{"href":"https:\/\/soydeaqui.ddns.net\/pachuca\/index.php\/wp-json\/wp\/v2\/product\/98431","targetHints":{"allow":["GET"]}}],"collection":[{"href":"https:\/\/soydeaqui.ddns.net\/pachuca\/index.php\/wp-json\/wp\/v2\/product"}],"about":[{"href":"https:\/\/soydeaqui.ddns.net\/pachuca\/index.php\/wp-json\/wp\/v2\/types\/product"}],"replies":[{"embeddable":true,"href":"https:\/\/soydeaqui.ddns.net\/pachuca\/index.php\/wp-json\/wp\/v2\/comments?post=98431"}],"wp:featuredmedia":[{"embeddable":true,"href":"https:\/\/soydeaqui.ddns.net\/pachuca\/index.php\/wp-json\/wp\/v2\/media\/98430"}],"wp:attachment":[{"href":"https:\/\/soydeaqui.ddns.net\/pachuca\/index.php\/wp-json\/wp\/v2\/media?parent=98431"}],"wp:term":[{"taxonomy":"product_brand","embeddable":true,"href":"https:\/\/soydeaqui.ddns.net\/pachuca\/index.php\/wp-json\/wp\/v2\/product_brand?post=98431"},{"taxonomy":"product_cat","embeddable":true,"href":"https:\/\/soydeaqui.ddns.net\/pachuca\/index.php\/wp-json\/wp\/v2\/product_cat?post=98431"},{"taxonomy":"product_tag","embeddable":true,"href":"https:\/\/soydeaqui.ddns.net\/pachuca\/index.php\/wp-json\/wp\/v2\/product_tag?post=98431"}],"curies":[{"name":"wp","href":"https:\/\/api.w.org\/{rel}","templated":true}]}}