{"id":98405,"date":"2026-03-20T09:40:01","date_gmt":"2026-03-20T09:40:01","guid":{"rendered":"https:\/\/soydeaqui.ddns.net\/pachuca\/index.php\/producto\/kit-extensor-por-fibra-optica-hasta-40-kilometros-4k60hz-con-ir-rs232\/"},"modified":"2026-03-20T09:40:10","modified_gmt":"2026-03-20T09:40:10","slug":"kit-extensor-por-fibra-optica-hasta-40-kilometros-4k60hz-con-ir-rs232","status":"publish","type":"product","link":"https:\/\/soydeaqui.ddns.net\/pachuca\/index.php\/producto\/kit-extensor-por-fibra-optica-hasta-40-kilometros-4k60hz-con-ir-rs232\/","title":{"rendered":"Kit extensor por fibra \u00f3ptica | Hasta 40 kil\u00f3metros|  4K@60Hz | con IR | RS232"},"content":{"rendered":"<div style='width: 100%; max-width: 1200px; margin: 0 auto; font-family: sans-serif; line-height: 1.6; color: inherit; background-color: transparent;'> <!-- Imagen 1 --> <\/p>\n<div style='margin-bottom: 30px;'> <img style='width: 100%; height: auto; border: 1px solid rgba(150&comma;150&comma;150&comma;0.3); border-radius: 8px;' src='https:\/\/ftp3.syscom.mx\/usuarios\/luis.vargas\/EpcomTitanium\/titaniumup.jpg' alt=''> <\/div>\n<p> <!-- Descripci\u00f3n principal --> <\/p>\n<div style='margin-bottom: 30px;'>\n<h1 style='text-align: center; color: inherit; font-size: 28px; margin-bottom: 20px;'><strong>TT982<\/strong><\/h1>\n<p style='text-align: center; margin: 0 70px; font-size: 16px; color: inherit;'> Kit extensor \u00f3ptico HDMI 4k@60Hz. Utilizan la tecnolog\u00eda ipcolor STREAM para transmisi\u00f3n de alta definici\u00f3n y baja latencia. La se\u00f1al HDMI 4k@60Hz se puede extender hasta 40 km mediante un cable de fibra monomodo LC&comma; conexi\u00f3n compatible uno a uno&comma; conexiones uno a muchos a trav\u00e9s de un conmutador gigabit&comma; o cambiar de cascada. Admite la salida de v\u00eddeo a trav\u00e9s del cable HDMI&comma; la recepci\u00f3n de se\u00f1ales infrarrojas a trav\u00e9s de un receptor y la transferencia de datos a trav\u00e9s del puerto RS-232. <\/p>\n<\/p><\/div>\n<p> <!-- Secci\u00f3n de caracter\u00edsticas --> <\/p>\n<div style='margin-bottom: 30px;'>\n<h2 style='text-align: center; font-size: 22px; color: inherit; margin-bottom: 20px;'><strong>Caracter\u00edsticas<\/strong><\/h2>\n<div style='display: flex; flex-wrap: wrap; gap: 20px;'> <!-- Caracter\u00edsticas 1 --> <\/p>\n<div style='flex: 1 1 300px; min-width: 280px;'>\n<div style='border: 1px solid rgba(150&comma;150&comma;150&comma;0.3); border-radius: 8px; padding: 15px; background-color: rgba(67&comma;156&comma;199&comma;0.05);'>\n<h3 style='font-size: 18px; color: inherit; margin-top: 0; margin-bottom: 15px;'><strong>HDMI \/ HDCP \/ Banda<\/strong><\/h3>\n<ul style='padding-left: 20px; font-size: 14px; color: inherit; list-style-type: disc;'>\n<li style='margin-bottom: 5px;'><strong>HDMI:<\/strong> 2.0<\/li>\n<li style='margin-bottom: 5px;'><strong>HDCP:<\/strong> 2.2<\/li>\n<li style='margin-bottom: 5px;'><strong>Ancho de banda:<\/strong> 18Gbps<\/li>\n<li style='margin-bottom: 5px;'><strong>Resoluciones:<\/strong> 40&#215;2160@24\/30\/50\/60Hz&comma; 1080p@50\/60Hz&comma; 720p@50\/60Hz&comma; 1920&#215;1200@60Hz&comma; 2560&#215;1440@60Hz&comma; 2560&#215;1600@60Hz<\/li>\n<li style='margin-bottom: 5px;'><strong>Formato de audio:<\/strong> LPCM<\/li>\n<\/ul><\/div>\n<\/p><\/div>\n<p> <!-- Caracter\u00edsticas 2 --> <\/p>\n<div style='flex: 1 1 300px; min-width: 280px;'>\n<div style='border: 1px solid rgba(150&comma;150&comma;150&comma;0.3); border-radius: 8px; padding: 15px; background-color: rgba(67&comma;156&comma;199&comma;0.05);'>\n<h3 style='font-size: 18px; color: inherit; margin-top: 0; margin-bottom: 15px;'><strong>Conexi\u00f3n \/ F\u00edsico<\/strong><\/h3>\n<ul style='padding-left: 20px; font-size: 14px; color: inherit; list-style-type: disc;'>\n<li style='margin-bottom: 5px;'><strong>Medio de transmisi\u00f3n:<\/strong> Fibra \u00f3ptica<\/li>\n<li style='margin-bottom: 5px;'><strong>Interfaz de fibra \u00f3ptica:<\/strong> LC-LC<\/li>\n<li style='margin-bottom: 5px;'><strong>Dimensiones:<\/strong> 106(L)*103(W)*25(H)mm<\/li>\n<li style='margin-bottom: 5px;'><strong>Peso neto:<\/strong> TX: 290g; RX: 286g<\/li>\n<li style='margin-bottom: 5px;'><strong>Fuente de alimentaci\u00f3n:<\/strong> 5V\/2A<\/li>\n<li><strong>Consumo:<\/strong> 7.5W<\/li>\n<\/ul><\/div>\n<\/p><\/div>\n<p> <!-- Caracter\u00edsticas 3 --> <\/p>\n<div style='flex: 1 1 300px; min-width: 280px;'>\n<div style='border: 1px solid rgba(150&comma;150&comma;150&comma;0.3); border-radius: 8px; padding: 15px; background-color: rgba(67&comma;156&comma;199&comma;0.05);'>\n<h3 style='font-size: 18px; color: inherit; margin-top: 0; margin-bottom: 15px;'><strong>Condiciones \/ Incluye<\/strong><\/h3>\n<ul style='padding-left: 20px; font-size: 14px; color: inherit; list-style-type: disc;'>\n<li style='margin-bottom: 5px;'><strong>Temperatura de operaci\u00f3n:<\/strong> -20-60\u00ba<\/li>\n<li style='margin-bottom: 5px;'><strong>Incluye:<\/strong><\/li>\n<ul style='padding-left: 30px; margin-top: 5px; margin-bottom: 0;'>\n<li style='margin-bottom: 5px;'>2x Fuente de 5V\/2A<\/li>\n<li style='margin-bottom: 5px;'>1x TX IR<\/li>\n<li style='margin-bottom: 5px;'>1x RX IR<\/li>\n<li style='margin-bottom: 5px;'>1x M\u00f3dulo \u00d3ptico SEP+ (T1310nm\/R1550nm)<\/li>\n<li>1x M\u00f3dulo \u00d3ptico SEP+ (T1550nm\/R1310nm)<\/li>\n<\/ul>\n<\/ul><\/div>\n<\/p><\/div>\n<\/p><\/div>\n<\/p><\/div>\n<p> <!-- Imagen 2 --> <\/p>\n<div style='margin-bottom: 30px;'> <img style='width: 100%; height: auto; border: 1px solid rgba(150&comma;150&comma;150&comma;0.3); border-radius: 8px;' src='https:\/\/ftp3.syscom.mx\/usuarios\/luis.vargas\/EpcomTitanium\/TT982\/TT982-Poster.jpg' alt=''> <\/div>\n<p> <!-- PDF --> <\/p>\n<div style='margin-bottom: 30px;'>\n<div style='position: relative; padding-bottom: 120%; height: 0; overflow: hidden;'>   <\/div>\n<\/p><\/div>\n<\/p><\/div>\n","protected":false},"excerpt":{"rendered":"<p>Kit extensor por fibra \u00f3ptica | Hasta 40 kil\u00f3metros|  4K@60Hz | con IR | RS232<\/p>\n","protected":false},"featured_media":98404,"comment_status":"open","ping_status":"closed","template":"","meta":[],"product_brand":[],"product_cat":[2073,2074,2077,2075,2072,2076],"product_tag":[417,2079,2080,2083,507,2081,2078,2082],"class_list":{"0":"post-98405","1":"product","2":"type-product","3":"status-publish","4":"has-post-thumbnail","6":"product_cat-convertidores","7":"product_cat-divisores","8":"product_cat-dvi","9":"product_cat-hdmi","10":"product_cat-kits-extensores","11":"product_cat-vga","12":"product_tag-accesorios-generales","13":"product_tag-convertidores","14":"product_tag-divisores","15":"product_tag-dvi","16":"product_tag-epcom-titanium","17":"product_tag-hdmi","18":"product_tag-kits-extensores","19":"product_tag-vga","21":"first","22":"instock","23":"sale","24":"shipping-taxable","25":"purchasable","26":"product-type-simple"},"_links":{"self":[{"href":"https:\/\/soydeaqui.ddns.net\/pachuca\/index.php\/wp-json\/wp\/v2\/product\/98405","targetHints":{"allow":["GET"]}}],"collection":[{"href":"https:\/\/soydeaqui.ddns.net\/pachuca\/index.php\/wp-json\/wp\/v2\/product"}],"about":[{"href":"https:\/\/soydeaqui.ddns.net\/pachuca\/index.php\/wp-json\/wp\/v2\/types\/product"}],"replies":[{"embeddable":true,"href":"https:\/\/soydeaqui.ddns.net\/pachuca\/index.php\/wp-json\/wp\/v2\/comments?post=98405"}],"wp:featuredmedia":[{"embeddable":true,"href":"https:\/\/soydeaqui.ddns.net\/pachuca\/index.php\/wp-json\/wp\/v2\/media\/98404"}],"wp:attachment":[{"href":"https:\/\/soydeaqui.ddns.net\/pachuca\/index.php\/wp-json\/wp\/v2\/media?parent=98405"}],"wp:term":[{"taxonomy":"product_brand","embeddable":true,"href":"https:\/\/soydeaqui.ddns.net\/pachuca\/index.php\/wp-json\/wp\/v2\/product_brand?post=98405"},{"taxonomy":"product_cat","embeddable":true,"href":"https:\/\/soydeaqui.ddns.net\/pachuca\/index.php\/wp-json\/wp\/v2\/product_cat?post=98405"},{"taxonomy":"product_tag","embeddable":true,"href":"https:\/\/soydeaqui.ddns.net\/pachuca\/index.php\/wp-json\/wp\/v2\/product_tag?post=98405"}],"curies":[{"name":"wp","href":"https:\/\/api.w.org\/{rel}","templated":true}]}}