{"id":98356,"date":"2026-03-20T09:37:52","date_gmt":"2026-03-20T09:37:52","guid":{"rendered":"https:\/\/soydeaqui.ddns.net\/pachuca\/index.php\/producto\/cargador-inalambrico-magnetico-15w-tecnologia-magsafe-qi-certificado-mfm-modulo-de-carga-original-carga-rapida-fuerte-absorcion-magnetica-cable-de-nylon-trenzado-1-5-metros-multi-p\/"},"modified":"2026-03-20T09:37:52","modified_gmt":"2026-03-20T09:37:52","slug":"cargador-inalambrico-magnetico-15w-tecnologia-magsafe-qi-certificado-mfm-modulo-de-carga-original-carga-rapida-fuerte-absorcion-magnetica-cable-de-nylon-trenzado-1-5-metros-multi-p","status":"publish","type":"product","link":"https:\/\/soydeaqui.ddns.net\/pachuca\/index.php\/producto\/cargador-inalambrico-magnetico-15w-tecnologia-magsafe-qi-certificado-mfm-modulo-de-carga-original-carga-rapida-fuerte-absorcion-magnetica-cable-de-nylon-trenzado-1-5-metros-multi-p\/","title":{"rendered":"Cargador Inal\u00e1mbrico Magn\u00e9tico | 15W | Tecnolog\u00eda Magsafe | Qi | Certificado MFM | Modulo de Carga Original | Carga R\u00e1pida | Fuerte Absorci\u00f3n Magn\u00e9tica | Cable de Nylon Trenzado | 1.5 metros | Multi Protecci&#038;o"},"content":{"rendered":"<div style=\"width: 100%; max-width: 1200px; margin: 0 auto; font-family: sans-serif; line-height: 1.6; color: inherit; background-color: transparent;\">\n<div style=\"display: flex; flex-wrap: wrap; gap: 30px; margin-bottom: 30px;\">\n<div style=\"flex: 1 1 300px; min-width: 280px;\">\n<h3 style=\"font-size: 22px; border-bottom: 2px solid currentColor; padding-bottom: 5px; margin-top: 0; color: inherit; opacity: 0.8;\">Caracter&iacute;sticas Principales<\/h3>\n<ul style=\"padding-left: 20px; font-size: 15px; color: inherit;\">\n<li style=\"margin-bottom: 5px;\">Chip de alta tecnolog&iacute;a incorporado con protecci&oacute;n contra sobrecalentamiento&comma; sobrecarga&comma; detecci&oacute;n de objetos y cortocircuitos<\/li>\n<li style=\"margin-bottom: 5px;\">Carga directa a trav&eacute;s de funda magn&eacute;tica sin necesidad de quitarla<\/li>\n<li style=\"margin-bottom: 5px;\">Dise&ntilde;o delgado (0.236 in) y ligero para f&aacute;cil transporte<\/li>\n<li style=\"margin-bottom: 5px;\">Carga r&aacute;pida de 5W para AirPods 2\/AirPods Pro<\/li>\n<li style=\"margin-bottom: 5px;\">Carcasa de aleaci&oacute;n de aluminio mate para mejor disipaci&oacute;n de calor<\/li>\n<li style=\"margin-bottom: 5px;\">Cable de carga trenzado de nylon con resistencia a 15&comma;000 pruebas de flexi&oacute;n<\/li>\n<\/ul>\n<\/div>\n<div style=\"flex: 1 1 300px; min-width: 280px;\">\n<h3 style=\"font-size: 22px; border-bottom: 2px solid currentColor; padding-bottom: 5px; margin-top: 0; color: inherit; opacity: 0.8;\">Especificaciones T&eacute;cnicas<\/h3>\n<ul style=\"padding-left: 20px; font-size: 15px; color: inherit;\">\n<li style=\"margin-bottom: 5px;\"><strong>Modelo:<\/strong> 30233<\/li>\n<li style=\"margin-bottom: 5px;\"><strong>Tecnolog&iacute;a:<\/strong> MagSafe &amp; Qi<\/li>\n<li style=\"margin-bottom: 5px;\"><strong>Potencia:<\/strong> 15W (m&aacute;ximo)<\/li>\n<li style=\"margin-bottom: 5px;\"><strong>Tipo:<\/strong> Cargador inal&aacute;mbrico magn&eacute;tico<\/li>\n<li style=\"margin-bottom: 5px;\"><strong>Material:<\/strong> Aleaci&oacute;n de aluminio mate<\/li>\n<li style=\"margin-bottom: 5px;\"><strong>Cable:<\/strong> 1.5 metros de nylon trenzado<\/li>\n<li style=\"margin-bottom: 5px;\"><strong>Color:<\/strong> Gris espacial<\/li>\n<li style=\"margin-bottom: 5px;\"><strong>Peso:<\/strong> No especificado<\/li>\n<\/ul>\n<\/div>\n<div style=\"flex: 1 1 300px; min-width: 280px;\">\n<h3 style=\"font-size: 22px; border-bottom: 2px solid currentColor; padding-bottom: 5px; margin-top: 0; color: inherit; opacity: 0.8;\">Compatibilidad<\/h3>\n<ul style=\"padding-left: 20px; font-size: 15px; color: inherit;\">\n<li style=\"margin-bottom: 5px;\">iPhone 15 \/15 Plus\/15 Pro \/15 Pro Max<\/li>\n<li style=\"margin-bottom: 5px;\">iPhone 14\/14 Pro\/14 Pro Max<\/li>\n<li style=\"margin-bottom: 5px;\">iPhone 13\/13 Pro\/13 Pro Max\/13 Mini<\/li>\n<li style=\"margin-bottom: 5px;\">iPhone 12\/12 Pro\/12 Pro Max\/12 Mini<\/li>\n<li style=\"margin-bottom: 5px;\">AirPods<\/li>\n<\/ul>\n<\/div>\n<div style=\"flex: 1 1 300px; min-width: 280px;\">\n<h3 style=\"font-size: 22px; border-bottom: 2px solid currentColor; padding-bottom: 5px; margin-top: 0; color: inherit; opacity: 0.8;\">Seguridad<\/h3>\n<ul style=\"padding-left: 20px; font-size: 15px; color: inherit;\">\n<li style=\"margin-bottom: 5px;\">Protecci&oacute;n contra cortocircuitos<\/li>\n<li style=\"margin-bottom: 5px;\">Protecci&oacute;n contra sobretensi&oacute;n<\/li>\n<li style=\"margin-bottom: 5px;\">Protecci&oacute;n contra sobrecalentamiento<\/li>\n<li style=\"margin-bottom: 5px;\">Protecci&oacute;n contra sobre corriente<\/li>\n<li style=\"margin-bottom: 5px;\">Placa de metal de alta calidad<\/li>\n<li style=\"margin-bottom: 5px;\">Cubierta de PC ign&iacute;fuga<\/li>\n<\/ul>\n<\/div>\n<\/div>\n<div style=\"display: flex; flex-wrap: wrap; gap: 20px; margin-bottom: 30px;\">\n<div style=\"flex: 1 1 250px; border: 1px solid rgba(150&comma; 150&comma; 150&comma; 0.4); border-radius: 8px; overflow: hidden; display: flex; flex-direction: column;\">\n<div style=\"padding: 15px; border-bottom: 1px solid rgba(150&comma; 150&comma; 150&comma; 0.2); font-weight: bold; font-size: 18px; color: inherit;\">Tecnolog&iacute;a<\/div>\n<div style=\"padding: 15px; color: inherit;\">\n<ul style=\"padding-left: 20px; margin: 0; font-size: 14px; list-style-type: disc;\">\n<li style=\"margin-bottom: 5px;\">Tecnolog&iacute;a Magsafe y Qi<\/li>\n<li style=\"margin-bottom: 5px;\">Certificado MFM (Made for MagSafe)<\/li>\n<li style=\"margin-bottom: 5px;\">M&oacute;dulo de carga original<\/li>\n<li style=\"margin-bottom: 5px;\">Fuerte absorci&oacute;n magn&eacute;tica<\/li>\n<\/ul>\n<\/div>\n<\/div>\n<div style=\"flex: 1 1 250px; border: 1px solid rgba(150&comma; 150&comma; 150&comma; 0.4); border-radius: 8px; overflow: hidden; display: flex; flex-direction: column;\">\n<div style=\"padding: 15px; border-bottom: 1px solid rgba(150&comma; 150&comma; 150&comma; 0.2); font-weight: bold; font-size: 18px; color: inherit;\">Dise&ntilde;o<\/div>\n<div style=\"padding: 15px; color: inherit;\">\n<ul style=\"padding-left: 20px; margin: 0; font-size: 14px; list-style-type: disc;\">\n<li style=\"margin-bottom: 5px;\">Dise&ntilde;o delgado y ligero<\/li>\n<li style=\"margin-bottom: 5px;\">Color gris espacial que combina con la serie iPhone<\/li>\n<li style=\"margin-bottom: 5px;\">Cable de nylon trenzado resistente<\/li>\n<li style=\"margin-bottom: 5px;\">F&aacute;cil de transportar<\/li>\n<li style=\"margin-bottom: 5px;\">Ideal para uso en coche o viajes<\/li>\n<\/ul>\n<\/div>\n<\/div>\n<\/div>\n<hr style=\"border: 0; border-top: 1px solid rgba(150&comma; 150&comma; 150&comma; 0.3); margin: 30px 0;\">\n<div style=\"display: flex; flex-wrap: wrap; gap: 30px; margin-bottom: 30px;\">\n<div style=\"flex: 1 1 300px; min-width: 280px;\">\n<h3 style=\"font-size: 22px; border-bottom: 2px solid currentColor; padding-bottom: 5px; margin-top: 0; color: inherit; opacity: 0.8;\">Aplicaciones<\/h3>\n<ul style=\"padding-left: 20px; font-size: 15px; color: inherit;\">\n<li style=\"margin-bottom: 5px;\">Uso dom&eacute;stico<\/li>\n<li style=\"margin-bottom: 5px;\">Uso en autom&oacute;vil<\/li>\n<li style=\"margin-bottom: 5px;\">Viajes y transporte<\/li>\n<li style=\"margin-bottom: 5px;\">Oficina y espacios de trabajo<\/li>\n<\/ul>\n<\/div>\n<div style=\"flex: 1 1 300px; min-width: 280px;\">\n<h3 style=\"font-size: 22px; border-bottom: 2px solid currentColor; padding-bottom: 5px; margin-top: 0; color: inherit; opacity: 0.8;\">Contenido del Paquete<\/h3>\n<ul style=\"padding-left: 20px; font-size: 15px; color: inherit;\">\n<li style=\"margin-bottom: 5px;\">1 x Cargador inal&aacute;mbrico magn&eacute;tico UGREEN 30233<\/li>\n<li style=\"margin-bottom: 5px;\">1 x Cable de carga USB-C a USB-C de 1.5 metros<\/li>\n<\/ul>\n<\/div>\n<\/div>\n<hr style=\"border: 0; border-top: 1px solid rgba(150&comma; 150&comma; 150&comma; 0.3); margin: 30px 0;\">\n<div style=\"display: flex; flex-wrap: wrap; gap: 30px; margin-bottom: 30px;\">\n<div style=\"flex: 1 1 300px; min-width: 280px;\">\n<h3 style=\"font-size: 22px; border-bottom: 2px solid currentColor; padding-bottom: 5px; margin-top: 0; color: inherit; opacity: 0.8;\">Im&aacute;genes del Producto<\/h3>\n<div style=\"display: flex; flex-direction: column; gap: 15px;\"><img decoding=\"async\" style=\"width: 100%; height: auto; border: 1px solid rgba(150&comma; 150&comma; 150&comma; 0.3); border-radius: 8px;\" src=\"http:\/\/ftp3.syscom.mx\/usuarios\/hallende\/UGREEN2\/Cargadores\/30233\/30233-20.jpg\" alt=\"\" class=\"fr-fil fr-dib\">&nbsp;<img decoding=\"async\" style=\"width: 100%; height: auto; border: 1px solid rgba(150&comma; 150&comma; 150&comma; 0.3); border-radius: 8px;\" src=\"http:\/\/ftp3.syscom.mx\/usuarios\/hallende\/UGREEN2\/Cargadores\/30233\/30233-21.jpg\" alt=\"\" class=\"fr-fil fr-dib\">&nbsp;<img decoding=\"async\" style=\"width: 100%; height: auto; border: 1px solid rgba(150&comma; 150&comma; 150&comma; 0.3); border-radius: 8px;\" src=\"http:\/\/ftp3.syscom.mx\/usuarios\/hallende\/UGREEN2\/Cargadores\/30233\/30233-22.jpg\" alt=\"\" class=\"fr-fil fr-dib\">&nbsp;<img decoding=\"async\" style=\"width: 100%; height: auto; border: 1px solid rgba(150&comma; 150&comma; 150&comma; 0.3); border-radius: 8px;\" src=\"http:\/\/ftp3.syscom.mx\/usuarios\/hallende\/UGREEN2\/Cargadores\/30233\/30233-23.jpg\" alt=\"\" class=\"fr-fil fr-dib\">&nbsp;<img decoding=\"async\" style=\"width: 100%; height: auto; border: 1px solid rgba(150&comma; 150&comma; 150&comma; 0.3); border-radius: 8px;\" src=\"http:\/\/ftp3.syscom.mx\/usuarios\/hallende\/UGREEN2\/Cargadores\/30233\/30233-24.jpg\" alt=\"\" class=\"fr-fil fr-dib\"><\/div>\n<\/div>\n<\/div>\n<\/div>\n","protected":false},"excerpt":{"rendered":"<p>Cargador Inal\u00e1mbrico Magn\u00e9tico | 15W | Tecnolog\u00eda Magsafe | Qi | Certificado MFM | Modulo de Carga Original | Carga R\u00e1pida | Fuerte Absorci\u00f3n Magn\u00e9tica | Cable de Nylon Trenzado | 1.5 metros | Multi Protecci&#038;o<\/p>\n","protected":false},"featured_media":98355,"comment_status":"open","ping_status":"closed","template":"","meta":[],"product_brand":[],"product_cat":[1235],"product_tag":[417,1236,650],"class_list":{"0":"post-98356","1":"product","2":"type-product","3":"status-publish","4":"has-post-thumbnail","6":"product_cat-accesorios-para-computadora-y-smartphones","7":"product_tag-accesorios-generales","8":"product_tag-accesorios-para-computadora-y-smartphones","9":"product_tag-ugreen","11":"first","12":"instock","13":"sale","14":"shipping-taxable","15":"purchasable","16":"product-type-simple"},"_links":{"self":[{"href":"https:\/\/soydeaqui.ddns.net\/pachuca\/index.php\/wp-json\/wp\/v2\/product\/98356","targetHints":{"allow":["GET"]}}],"collection":[{"href":"https:\/\/soydeaqui.ddns.net\/pachuca\/index.php\/wp-json\/wp\/v2\/product"}],"about":[{"href":"https:\/\/soydeaqui.ddns.net\/pachuca\/index.php\/wp-json\/wp\/v2\/types\/product"}],"replies":[{"embeddable":true,"href":"https:\/\/soydeaqui.ddns.net\/pachuca\/index.php\/wp-json\/wp\/v2\/comments?post=98356"}],"wp:featuredmedia":[{"embeddable":true,"href":"https:\/\/soydeaqui.ddns.net\/pachuca\/index.php\/wp-json\/wp\/v2\/media\/98355"}],"wp:attachment":[{"href":"https:\/\/soydeaqui.ddns.net\/pachuca\/index.php\/wp-json\/wp\/v2\/media?parent=98356"}],"wp:term":[{"taxonomy":"product_brand","embeddable":true,"href":"https:\/\/soydeaqui.ddns.net\/pachuca\/index.php\/wp-json\/wp\/v2\/product_brand?post=98356"},{"taxonomy":"product_cat","embeddable":true,"href":"https:\/\/soydeaqui.ddns.net\/pachuca\/index.php\/wp-json\/wp\/v2\/product_cat?post=98356"},{"taxonomy":"product_tag","embeddable":true,"href":"https:\/\/soydeaqui.ddns.net\/pachuca\/index.php\/wp-json\/wp\/v2\/product_tag?post=98356"}],"curies":[{"name":"wp","href":"https:\/\/api.w.org\/{rel}","templated":true}]}}