{"id":98342,"date":"2026-03-20T09:37:09","date_gmt":"2026-03-20T09:37:09","guid":{"rendered":"https:\/\/soydeaqui.ddns.net\/pachuca\/index.php\/producto\/auriculares-inalambricos-hitune-t6-anc-tws-con-cancelacion-activa-de-ruido-ldac-de-alta-resolucion-hi-res-bluetooth-5-3-perfectos-para-iphone-16-pro-max\/"},"modified":"2026-03-20T09:37:11","modified_gmt":"2026-03-20T09:37:11","slug":"auriculares-inalambricos-hitune-t6-anc-tws-con-cancelacion-activa-de-ruido-ldac-de-alta-resolucion-hi-res-bluetooth-5-3-perfectos-para-iphone-16-pro-max","status":"publish","type":"product","link":"https:\/\/soydeaqui.ddns.net\/pachuca\/index.php\/producto\/auriculares-inalambricos-hitune-t6-anc-tws-con-cancelacion-activa-de-ruido-ldac-de-alta-resolucion-hi-res-bluetooth-5-3-perfectos-para-iphone-16-pro-max\/","title":{"rendered":"Auriculares Inal\u00e1mbricos | HiTune T6 |ANC | TWS con Cancelaci\u00f3n Activa de Ruido | LDAC de alta resoluci\u00f3n (Hi-Res) | Bluetooth 5.3 | Perfectos para iPhone 16 Pro Max."},"content":{"rendered":"<div style='width: 100%; max-width: 1200px; margin: 0 auto; font-family: sans-serif; line-height: 1.6; color: inherit; background-color: transparent;'> <!-- Galer\u00eda de im\u00e1genes --> <\/p>\n<div style='display: flex; flex-wrap: wrap; gap: 15px; margin-bottom: 30px;'>\n<div style='flex: 1 1 300px; min-width: 280px;'> <img style='width: 100%; height: auto; border: 1px solid rgba(150&comma;150&comma;150&comma;0.3); border-radius: 8px;' src='http:\/\/ftp3.syscom.mx\/usuarios\/hallende\/UGREEN2\/Input%20Devices\/15158\/15158-11.jpg' alt=''> <\/div>\n<div style='flex: 1 1 300px; min-width: 280px;'> <img style='width: 100%; height: auto; border: 1px solid rgba(150&comma;150&comma;150&comma;0.3); border-radius: 8px;' src='http:\/\/ftp3.syscom.mx\/usuarios\/hallende\/UGREEN2\/Input%20Devices\/15158\/15158-12.jpg' alt=''> <\/div>\n<div style='flex: 1 1 300px; min-width: 280px;'> <img style='width: 100%; height: auto; border: 1px solid rgba(150&comma;150&comma;150&comma;0.3); border-radius: 8px;' src='http:\/\/ftp3.syscom.mx\/usuarios\/hallende\/UGREEN2\/Input%20Devices\/15158\/15158-17.jpg' alt=''> <\/div>\n<div style='flex: 1 1 300px; min-width: 280px;'> <img style='width: 100%; height: auto; border: 1px solid rgba(150&comma;150&comma;150&comma;0.3); border-radius: 8px;' src='http:\/\/ftp3.syscom.mx\/usuarios\/hallende\/UGREEN2\/Input%20Devices\/15158\/15158-18.jpg' alt=''> <\/div>\n<div style='flex: 1 1 300px; min-width: 280px;'> <img style='width: 100%; height: auto; border: 1px solid rgba(150&comma;150&comma;150&comma;0.3); border-radius: 8px;' src='http:\/\/ftp3.syscom.mx\/usuarios\/hallende\/UGREEN2\/Input%20Devices\/15158\/15158-19.jpg' alt=''> <\/div>\n<div style='flex: 1 1 300px; min-width: 280px;'> <img style='width: 100%; height: auto; border: 1px solid rgba(150&comma;150&comma;150&comma;0.3); border-radius: 8px;' src='http:\/\/ftp3.syscom.mx\/usuarios\/hallende\/UGREEN2\/Input%20Devices\/15158\/15158-20.jpg' alt=''> <\/div>\n<div style='flex: 1 1 300px; min-width: 280px;'> <img style='width: 100%; height: auto; border: 1px solid rgba(150&comma;150&comma;150&comma;0.3); border-radius: 8px;' src='http:\/\/ftp3.syscom.mx\/usuarios\/hallende\/UGREEN2\/Input%20Devices\/15158\/15158-23.jpg' alt=''> <\/div>\n<\/p><\/div>\n<p> <!-- Secci\u00f3n de caracter\u00edsticas principales --> <\/p>\n<div style='margin-bottom: 30px;'>\n<h3 style='font-size: 22px; border-bottom: 2px solid currentColor; padding-bottom: 5px; margin-top: 0; color: inherit; opacity: 0.8;'>CARACTER\u00cdSTICAS PRINCIPALES DEL PRODUCTO:<\/h3>\n<ul style='padding-left: 20px; font-size: 15px; color: inherit;'>\n<li style='margin-bottom: 5px;'>Estos auriculares ofrecen audio de alta calidad con decodificaci\u00f3n de audio AAC&comma; SBC y LDAC. Disfrute de hasta 7 horas de reproducci\u00f3n con una sola carga y exti\u00e9ndalo a 30 horas con el estuche de carga.<\/li>\n<li style='margin-bottom: 5px;'>Equipados con Bluetooth 5.3&comma; estos auriculares garantizan una conexi\u00f3n estable con una distancia de transmisi\u00f3n de hasta 10 metros.<\/li>\n<li style='margin-bottom: 5px;'>Admiten m\u00faltiples protocolos Bluetooth&comma; incluidos HFP&comma; AVRCP&comma; A2DP&comma; BLE y SPP para una conectividad perfecta<\/li>\n<li style='margin-bottom: 5px;'>Los auriculares tienen una bater\u00eda de 40 mAh cada uno&comma; mientras que el estuche de carga viene con una bater\u00eda de 400 mAh&comma; lo que carga completamente los auriculares en 1.5 horas y el estuche en 2 horas a trav\u00e9s del puerto USB-C.<\/li>\n<li style='margin-bottom: 5px;'>Los auriculares HiTune T6 est\u00e1n dise\u00f1ados para brindar comodidad y durabilidad&comma; pesan solo 45.34 g tienen una clasificaci\u00f3n de impermeabilidad IPX5&comma; lo que los hace ideales para entrenamientos y actividades al aire libre.<\/li>\n<\/ul><\/div>\n<\/p><\/div>\n","protected":false},"excerpt":{"rendered":"<p>Auriculares Inal\u00e1mbricos | HiTune T6 |ANC | TWS con Cancelaci\u00f3n Activa de Ruido | LDAC de alta resoluci\u00f3n (Hi-Res) | Bluetooth 5.3 | Perfectos para iPhone 16 Pro Max.<\/p>\n","protected":false},"featured_media":32,"comment_status":"open","ping_status":"closed","template":"","meta":[],"product_brand":[],"product_cat":[1235],"product_tag":[417,1236,650],"class_list":{"0":"post-98342","1":"product","2":"type-product","3":"status-publish","4":"has-post-thumbnail","6":"product_cat-accesorios-para-computadora-y-smartphones","7":"product_tag-accesorios-generales","8":"product_tag-accesorios-para-computadora-y-smartphones","9":"product_tag-ugreen","11":"first","12":"outofstock","13":"sale","14":"shipping-taxable","15":"purchasable","16":"product-type-simple"},"_links":{"self":[{"href":"https:\/\/soydeaqui.ddns.net\/pachuca\/index.php\/wp-json\/wp\/v2\/product\/98342","targetHints":{"allow":["GET"]}}],"collection":[{"href":"https:\/\/soydeaqui.ddns.net\/pachuca\/index.php\/wp-json\/wp\/v2\/product"}],"about":[{"href":"https:\/\/soydeaqui.ddns.net\/pachuca\/index.php\/wp-json\/wp\/v2\/types\/product"}],"replies":[{"embeddable":true,"href":"https:\/\/soydeaqui.ddns.net\/pachuca\/index.php\/wp-json\/wp\/v2\/comments?post=98342"}],"wp:featuredmedia":[{"embeddable":true,"href":"https:\/\/soydeaqui.ddns.net\/pachuca\/index.php\/wp-json\/wp\/v2\/media\/32"}],"wp:attachment":[{"href":"https:\/\/soydeaqui.ddns.net\/pachuca\/index.php\/wp-json\/wp\/v2\/media?parent=98342"}],"wp:term":[{"taxonomy":"product_brand","embeddable":true,"href":"https:\/\/soydeaqui.ddns.net\/pachuca\/index.php\/wp-json\/wp\/v2\/product_brand?post=98342"},{"taxonomy":"product_cat","embeddable":true,"href":"https:\/\/soydeaqui.ddns.net\/pachuca\/index.php\/wp-json\/wp\/v2\/product_cat?post=98342"},{"taxonomy":"product_tag","embeddable":true,"href":"https:\/\/soydeaqui.ddns.net\/pachuca\/index.php\/wp-json\/wp\/v2\/product_tag?post=98342"}],"curies":[{"name":"wp","href":"https:\/\/api.w.org\/{rel}","templated":true}]}}