{"id":98334,"date":"2026-03-20T09:36:48","date_gmt":"2026-03-20T09:36:48","guid":{"rendered":"https:\/\/soydeaqui.ddns.net\/pachuca\/index.php\/producto\/mouse-inalambrico-fun-recargable-2-4g-bluetooth-4-niveles-de-dpi-silencioso-ergonomico-5-botones-compatible-con-windows-macos-10-5-android-ios-linux-y-chrome-os-color-azul\/"},"modified":"2026-03-20T09:36:57","modified_gmt":"2026-03-20T09:36:57","slug":"mouse-inalambrico-fun-recargable-2-4g-bluetooth-4-niveles-de-dpi-silencioso-ergonomico-5-botones-compatible-con-windows-macos-10-5-android-ios-linux-y-chrome-os-color-azul","status":"publish","type":"product","link":"https:\/\/soydeaqui.ddns.net\/pachuca\/index.php\/producto\/mouse-inalambrico-fun-recargable-2-4g-bluetooth-4-niveles-de-dpi-silencioso-ergonomico-5-botones-compatible-con-windows-macos-10-5-android-ios-linux-y-chrome-os-color-azul\/","title":{"rendered":"Mouse Inal\u00e1mbrico FUN | Recargable| 2.4G &#038; Bluetooth | 4 Niveles de DPI | Silencioso | Ergon\u00f3mico | 5 Botones | Compatible con Windows, macOS 10.5, Android iOS Linux y Chrome OS | Color Azul."},"content":{"rendered":"<div style='width: 100%; max-width: 1200px; margin: 0 auto; font-family: sans-serif; line-height: 1.6; color: inherit; background-color: transparent;'> <!-- Im\u00e1genes del producto --> <\/p>\n<div style='display: flex; flex-wrap: wrap; gap: 15px; margin-bottom: 30px;'>\n<div style='flex: 1 1 300px; min-width: 280px;'> <img style='width: 100%; height: auto; border: 1px solid rgba(150&comma;150&comma;150&comma;0.3); border-radius: 8px;' src='http:\/\/ftp3.syscom.mx\/usuarios\/hallende\/UGREEN2\/Mouse\/90538\/90538-20.jpg' alt=''> <\/div>\n<div style='flex: 1 1 300px; min-width: 280px;'> <img style='width: 100%; height: auto; border: 1px solid rgba(150&comma;150&comma;150&comma;0.3); border-radius: 8px;' src='http:\/\/ftp3.syscom.mx\/usuarios\/hallende\/UGREEN2\/Mouse\/90538\/90538-21.jpg' alt=''> <\/div>\n<div style='flex: 1 1 300px; min-width: 280px;'> <img style='width: 100%; height: auto; border: 1px solid rgba(150&comma;150&comma;150&comma;0.3); border-radius: 8px;' src='http:\/\/ftp3.syscom.mx\/usuarios\/hallende\/UGREEN2\/Mouse\/90538\/90538-22.jpg' alt=''> <\/div>\n<div style='flex: 1 1 300px; min-width: 280px;'> <img style='width: 100%; height: auto; border: 1px solid rgba(150&comma;150&comma;150&comma;0.3); border-radius: 8px;' src='http:\/\/ftp3.syscom.mx\/usuarios\/hallende\/UGREEN2\/Mouse\/90538\/90538-23.jpg' alt=''> <\/div>\n<div style='flex: 1 1 300px; min-width: 280px;'> <img style='width: 100%; height: auto; border: 1px solid rgba(150&comma;150&comma;150&comma;0.3); border-radius: 8px;' src='http:\/\/ftp3.syscom.mx\/usuarios\/hallende\/UGREEN2\/Mouse\/90538\/90538-24.jpg' alt=''> <\/div>\n<\/p><\/div>\n<p> <!-- Secci\u00f3n de caracter\u00edsticas principales --> <\/p>\n<div style='margin-bottom: 30px;'>\n<h3 style='font-size: 22px; border-bottom: 2px solid currentColor; padding-bottom: 5px; margin-top: 0; color: inherit; opacity: 0.8;'>Caracter\u00edsticas Principales<\/h3>\n<ul style='padding-left: 20px; font-size: 15px; color: inherit;'>\n<li style='margin-bottom: 5px;'>Se conecta por Bluetooth o 2.4G&comma; con distancia de transmisi\u00f3n inal\u00e1mbrica de hasta 10 metros<\/li>\n<li style='margin-bottom: 5px;'>No requiere pilas&comma; carga mediante cable USB tipo C incluido&comma; con hasta 3 meses de autonom\u00eda por carga<\/li>\n<li style='margin-bottom: 5px;'>4 niveles de DPI ajustables (4000\/2000\/1600\/1000) para mayor sensibilidad y precisi\u00f3n<\/li>\n<li style='margin-bottom: 5px;'>Botones laterales para navegaci\u00f3n hacia adelante y atr\u00e1s en p\u00e1ginas web y carpetas<\/li>\n<li style='margin-bottom: 5px;'>Conecta simult\u00e1neamente 3 dispositivos (2.4G &#038; 2 conexiones Bluetooth) con cambio r\u00e1pido mediante bot\u00f3n<\/li>\n<\/ul><\/div>\n<p> <!-- Secci\u00f3n de especificaciones t\u00e9cnicas --> <\/p>\n<div style='display: flex; flex-wrap: wrap; gap: 20px; margin-bottom: 30px;'>\n<div style='flex: 1 1 250px; border: 1px solid rgba(150&comma; 150&comma; 150&comma; 0.4); border-radius: 8px; overflow: hidden; display: flex; flex-direction: column;'>\n<div style='padding: 15px; border-bottom: 1px solid rgba(150&comma; 150&comma; 150&comma; 0.2); font-weight: bold; font-size: 18px; color: inherit;'>Conectividad<\/div>\n<div style='padding: 15px; color: inherit;'>\n<ul style='padding-left: 20px; margin: 0; font-size: 14px; list-style-type: disc;'>\n<li style='margin-bottom: 5px;'><strong>Conexi\u00f3n:<\/strong> Bluetooth 5.0 \/ 2.4GHz<\/li>\n<li style='margin-bottom: 5px;'><strong>Dispositivos simult\u00e1neos:<\/strong> 3 dispositivos (2.4G &#038; 2 conexiones Bluetooth)<\/li>\n<li style='margin-bottom: 5px;'><strong>Distancia de transmisi\u00f3n:<\/strong> Hasta 10 metros (33 pies) sin obst\u00e1culos<\/li>\n<\/ul><\/div>\n<\/p><\/div>\n<div style='flex: 1 1 250px; border: 1px solid rgba(150&comma; 150&comma; 150&comma; 0.4); border-radius: 8px; overflow: hidden; display: flex; flex-direction: column;'>\n<div style='padding: 15px; border-bottom: 1px solid rgba(150&comma; 150&comma; 150&comma; 0.2); font-weight: bold; font-size: 18px; color: inherit;'>Especificaciones<\/div>\n<div style='padding: 15px; color: inherit;'>\n<ul style='padding-left: 20px; margin: 0; font-size: 14px; list-style-type: disc;'>\n<li style='margin-bottom: 5px;'><strong>DPI:<\/strong> 1000\/1600\/2000\/4000<\/li>\n<li style='margin-bottom: 5px;'><strong>Puerto de carga:<\/strong> USB-C<\/li>\n<li style='margin-bottom: 5px;'><strong>Bater\u00eda:<\/strong> 500 mAh&comma; 3.7V (1.85 Wh)<\/li>\n<li style='margin-bottom: 5px;'><strong>Tiempo de carga:<\/strong> Aproximadamente 2 horas<\/li>\n<\/ul><\/div>\n<\/p><\/div>\n<div style='flex: 1 1 250px; border: 1px solid rgba(150&comma; 150&comma; 150&comma; 0.4); border-radius: 8px; overflow: hidden; display: flex; flex-direction: column;'>\n<div style='padding: 15px; border-bottom: 1px solid rgba(150&comma; 150&comma; 150&comma; 0.2); font-weight: bold; font-size: 18px; color: inherit;'>Compatibilidad<\/div>\n<div style='padding: 15px; color: inherit;'>\n<ul style='padding-left: 20px; margin: 0; font-size: 14px; list-style-type: disc;'>\n<li style='margin-bottom: 5px;'><strong>Sistemas operativos:<\/strong> Windows 7\/8.1\/10\/11&comma; macOS 10.5 o posterior&comma; Linux&comma; Chrome OS&comma; iPadOS 14 o posterior&comma; Android 5.0 o posterior&comma; iOS 15 o posterior<\/li>\n<\/ul><\/div>\n<\/p><\/div>\n<div style='flex: 1 1 250px; border: 1px solid rgba(150&comma; 150&comma; 150&comma; 0.4); border-radius: 8px; overflow: hidden; display: flex; flex-direction: column;'>\n<div style='padding: 15px; border-bottom: 1px solid rgba(150&comma; 150&comma; 150&comma; 0.2); font-weight: bold; font-size: 18px; color: inherit;'>Dise\u00f1o<\/div>\n<div style='padding: 15px; color: inherit;'>\n<ul style='padding-left: 20px; margin: 0; font-size: 14px; list-style-type: disc;'>\n<li style='margin-bottom: 5px;'><strong>Botones:<\/strong> 5 botones (incluyendo rueda de desplazamiento)<\/li>\n<li style='margin-bottom: 5px;'><strong>Material:<\/strong> Acabado suave que rechaza huellas y aceite<\/li>\n<li style='margin-bottom: 5px;'><strong>Dise\u00f1o:<\/strong> Ergon\u00f3mico&comma; c\u00f3modo para uso prolongado<\/li>\n<\/ul><\/div>\n<\/p><\/div>\n<\/p><\/div>\n<p> <!-- Separador --> <\/p>\n<hr style='border: 0; border-top: 1px solid rgba(150&comma; 150&comma; 150&comma; 0.3); margin: 30px 0;'> <\/div>\n","protected":false},"excerpt":{"rendered":"<p>Mouse Inal\u00e1mbrico FUN | Recargable| 2.4G &#038; Bluetooth | 4 Niveles de DPI | Silencioso | Ergon\u00f3mico | 5 Botones | Compatible con Windows, macOS 10.5, Android iOS Linux y Chrome OS | Color Azul.<\/p>\n","protected":false},"featured_media":98333,"comment_status":"open","ping_status":"closed","template":"","meta":[],"product_brand":[],"product_cat":[1235],"product_tag":[417,1236,650],"class_list":{"0":"post-98334","1":"product","2":"type-product","3":"status-publish","4":"has-post-thumbnail","6":"product_cat-accesorios-para-computadora-y-smartphones","7":"product_tag-accesorios-generales","8":"product_tag-accesorios-para-computadora-y-smartphones","9":"product_tag-ugreen","11":"first","12":"instock","13":"sale","14":"shipping-taxable","15":"purchasable","16":"product-type-simple"},"_links":{"self":[{"href":"https:\/\/soydeaqui.ddns.net\/pachuca\/index.php\/wp-json\/wp\/v2\/product\/98334","targetHints":{"allow":["GET"]}}],"collection":[{"href":"https:\/\/soydeaqui.ddns.net\/pachuca\/index.php\/wp-json\/wp\/v2\/product"}],"about":[{"href":"https:\/\/soydeaqui.ddns.net\/pachuca\/index.php\/wp-json\/wp\/v2\/types\/product"}],"replies":[{"embeddable":true,"href":"https:\/\/soydeaqui.ddns.net\/pachuca\/index.php\/wp-json\/wp\/v2\/comments?post=98334"}],"wp:featuredmedia":[{"embeddable":true,"href":"https:\/\/soydeaqui.ddns.net\/pachuca\/index.php\/wp-json\/wp\/v2\/media\/98333"}],"wp:attachment":[{"href":"https:\/\/soydeaqui.ddns.net\/pachuca\/index.php\/wp-json\/wp\/v2\/media?parent=98334"}],"wp:term":[{"taxonomy":"product_brand","embeddable":true,"href":"https:\/\/soydeaqui.ddns.net\/pachuca\/index.php\/wp-json\/wp\/v2\/product_brand?post=98334"},{"taxonomy":"product_cat","embeddable":true,"href":"https:\/\/soydeaqui.ddns.net\/pachuca\/index.php\/wp-json\/wp\/v2\/product_cat?post=98334"},{"taxonomy":"product_tag","embeddable":true,"href":"https:\/\/soydeaqui.ddns.net\/pachuca\/index.php\/wp-json\/wp\/v2\/product_tag?post=98334"}],"curies":[{"name":"wp","href":"https:\/\/api.w.org\/{rel}","templated":true}]}}