{"id":98330,"date":"2026-03-20T09:36:38","date_gmt":"2026-03-20T09:36:38","guid":{"rendered":"https:\/\/soydeaqui.ddns.net\/pachuca\/index.php\/producto\/m11w-camara-termografica-portatil-con-campo-de-vision-amplio-resolucion-termica-192-x-144-superir-384-x-288-camara-visual-8mp-fov-37-2x27-8-rango-de-20c-a-550\/"},"modified":"2026-03-20T09:36:45","modified_gmt":"2026-03-20T09:36:45","slug":"m11w-camara-termografica-portatil-con-campo-de-vision-amplio-resolucion-termica-192-x-144-superir-384-x-288-camara-visual-8mp-fov-37-2x27-8-rango-de-20c-a-550","status":"publish","type":"product","link":"https:\/\/soydeaqui.ddns.net\/pachuca\/index.php\/producto\/m11w-camara-termografica-portatil-con-campo-de-vision-amplio-resolucion-termica-192-x-144-superir-384-x-288-camara-visual-8mp-fov-37-2x27-8-rango-de-20c-a-550\/","title":{"rendered":"M11W &#8211; C\u00e1mara Termogr\u00e1fica Port\u00e1til con Campo de Visi\u00f3n Amplio \/ Resoluci\u00f3n T\u00e9rmica 192 x 144 (SuperIR 384 x 288) \/ C\u00e1mara Visual 8MP \/ FOV 37.2\u00b0\u00d727.8\u00b0 \/ Rango de -20\u00b0C a 550\u00b0C \/ Panta"},"content":{"rendered":"<div style='width: 100%; max-width: 1200px; margin: 0 auto; font-family: sans-serif; line-height: 1.6; color: inherit; background-color: transparent;'> <!-- Logo HIKMICRO --> <\/p>\n<div style='text-align: center; margin: 30px 0;'> <img style='width: 45%; height: auto; border: 1px solid rgba(150&comma;150&comma;150&comma;0.3); border-radius: 8px;' src='https:\/\/ftp3.syscom.mx\/usuarios\/fotos\/HMTP2310VF\/WM30\/200759-logo-hikmicro.png' alt='Logo HIKMICRO'> <\/div>\n<p> <!-- Im\u00e1genes principales --> <\/p>\n<div style='display: flex; flex-wrap: wrap; gap: 20px; justify-content: center; margin: 30px 0;'> <img style='width: 100%; max-width: 600px; height: auto; border: 1px solid rgba(150&comma;150&comma;150&comma;0.3); border-radius: 8px;' src='https:\/\/ftp3.syscom.mx\/usuarios\/fotos\/HMTP216VF\/WM10\/200760-1.png' alt='C\u00e1mara Termogr\u00e1fica M11W'> <img style='width: 100%; max-width: 600px; height: auto; border: 1px solid rgba(150&comma;150&comma;150&comma;0.3); border-radius: 8px;' src='https:\/\/ftp3.syscom.mx\/usuarios\/fotos\/HMTP216VF\/WM10\/200760-2.png' alt='C\u00e1mara Termogr\u00e1fica M11W Vista 2'> <\/div>\n<p> <!-- Videos --> <\/p>\n<div style='display: flex; flex-wrap: wrap; gap: 30px; margin: 30px 0;'>\n<div style='flex: 1 1 400px; min-width: 300px;'>\n<h3 style='font-size: 22px; border-bottom: 2px solid currentColor; padding-bottom: 5px; margin-top: 0; color: inherit; opacity: 0.8; text-align: center;'>Video How to Serie M<\/h3>\n<div style='position: relative; padding-bottom: 56.25%; height: 0; overflow: hidden; margin-bottom: 30px;'> <video style='position: absolute; top: 0; left: 0; width: 100%; height: 100%; border: none; border-radius: 8px;' src='https:\/\/ftp3.syscom.mx\/usuarios\/fcarrillo\/Hikvision\/videos\/Howto%20video-%20M%20series-%20%28DESCRIPCION%29.mp4' loop muted controls><\/video> <\/div>\n<\/p><\/div>\n<div style='flex: 1 1 400px; min-width: 300px;'>\n<h3 style='font-size: 22px; border-bottom: 2px solid currentColor; padding-bottom: 5px; margin-top: 0; color: inherit; opacity: 0.8; text-align: center;'>Puntos clave Serie M<\/h3>\n<div style='position: relative; padding-bottom: 56.25%; height: 0; overflow: hidden; margin-bottom: 30px;'> <video style='position: absolute; top: 0; left: 0; width: 100%; height: 100%; border: none; border-radius: 8px;' src='https:\/\/ftp3.syscom.mx\/usuarios\/fcarrillo\/Hikvision\/videos\/M%20series-Welcome%20Guide%20Video%20%28UNBOXING%29.mp4' loop muted controls><\/video> <\/div>\n<\/p><\/div>\n<\/p><\/div>\n<p> <!-- Especificaciones --> <\/p>\n<div style='display: flex; flex-wrap: wrap; gap: 30px; margin: 30px 0;'>\n<div style='flex: 1 1 400px; min-width: 280px; border: 1px solid rgba(150&comma; 150&comma; 150&comma; 0.4); border-radius: 8px; overflow: hidden; display: flex; flex-direction: column;'>\n<div style='padding: 15px; border-bottom: 1px solid rgba(150&comma; 150&comma; 150&comma; 0.2); font-weight: bold; font-size: 18px; color: inherit;'>Caracter\u00edsticas principales<\/div>\n<div style='padding: 15px; color: inherit;'>\n<ul style='padding-left: 20px; margin: 0; font-size: 14px; list-style-type: disc;'>\n<li style='margin-bottom: 5px;'><strong>Resoluci\u00f3n M\u00e1xima:<\/strong> 160 x 120<\/li>\n<li style='margin-bottom: 5px;'><strong>Lente T\u00e9rmico Fijo:<\/strong> 6.2mm<\/li>\n<li style='margin-bottom: 5px;'><strong>Enfoque:<\/strong> Manual<\/li>\n<li style='margin-bottom: 5px;'><strong>Resoluci\u00f3n M\u00e1xima Optica:<\/strong> 3840 x 2160<\/li>\n<li style='margin-bottom: 5px;'><strong>Memoria Extraible:<\/strong> MicroSD de 16G expandible hasta 128 Gb.<\/li>\n<li style='margin-bottom: 5px;'><strong>Almacenamiento de Imagenes:<\/strong> hasta 30&comma;000 imagenes (JPEG)<\/li>\n<li style='margin-bottom: 5px;'><strong>Almacenamiento de Video:<\/strong> hasta 10 horas (MP4)<\/li>\n<li style='margin-bottom: 5px;'><strong>Rango de Temperaturas:<\/strong> -20 \u00b0C a 550 \u00b0C<\/li>\n<li style='margin-bottom: 5px;'><strong>Soporta Wi-fi:<\/strong> 802.11 b\/g\/n (2.4 GHz).<\/li>\n<li style='margin-bottom: 5px;'><strong>Soporta Bluetooth:<\/strong> 4.2<\/li>\n<\/ul><\/div>\n<\/p><\/div>\n<div style='flex: 1 1 400px; min-width: 280px; border: 1px solid rgba(150&comma; 150&comma; 150&comma; 0.4); border-radius: 8px; overflow: hidden; display: flex; flex-direction: column;'>\n<div style='padding: 15px; border-bottom: 1px solid rgba(150&comma; 150&comma; 150&comma; 0.2); font-weight: bold; font-size: 18px; color: inherit;'>Caracter\u00edsticas F\u00edsicas y El\u00e9ctricas<\/div>\n<div style='padding: 15px; color: inherit;'>\n<ul style='padding-left: 20px; margin: 0; font-size: 14px; list-style-type: disc;'>\n<li style='margin-bottom: 5px;'><strong>Temperatura de Operaci\u00f3n:<\/strong> -10 \u00b0C a 50 \u00b0C.<\/li>\n<li style='margin-bottom: 5px;'><strong>Alimentaci\u00f3n:<\/strong> 12Vcc \/ 4.2 Watts.<\/li>\n<li style='margin-bottom: 5px;'><strong>Carga v\u00eda USB:<\/strong> 5V DC\/2A<\/li>\n<li style='margin-bottom: 5px;'><strong>Hasta 5 horas continuas de uso<\/strong> (con Wi-Fi hot spot apagado).<\/li>\n<li style='margin-bottom: 5px;'><strong>Display:<\/strong> 3.5&#8242; T\u00e1ctil.<\/li>\n<li style='margin-bottom: 5px;'><strong>Bater\u00eda:<\/strong> Integrada de Li-ion.<\/li>\n<li style='margin-bottom: 5px;'><strong>Protecci\u00f3n:<\/strong> IP54<\/li>\n<li style='margin-bottom: 5px;'><strong>Dimensiones:<\/strong> 284.7 mm \u00d7 118.3 mm \u00d7 127.1 mm<\/li>\n<li style='margin-bottom: 5px;'><strong>Peso:<\/strong> 653 gramos.<\/li>\n<li style='margin-bottom: 5px;'><strong>Garant\u00eda:<\/strong> 3 a\u00f1os.<\/li>\n<\/ul><\/div>\n<\/p><\/div>\n<\/p><\/div>\n<p> <!-- Im\u00e1genes adicionales --> <\/p>\n<div style='display: flex; flex-wrap: wrap; gap: 20px; justify-content: center; margin: 30px 0;'> <img style='width: 100%; max-width: 600px; height: auto; border: 1px solid rgba(150&comma;150&comma;150&comma;0.3); border-radius: 8px;' src='https:\/\/ftp3.syscom.mx\/usuarios\/fotos\/HMTP216VF\/WM10\/200760-13.png' alt='Especificaciones adicionales 1'> <img style='width: 100%; max-width: 600px; height: auto; border: 1px solid rgba(150&comma;150&comma;150&comma;0.3); border-radius: 8px;' src='https:\/\/ftp3.syscom.mx\/usuarios\/fotos\/HMTP216VF\/WM10\/200760-14.png' alt='Especificaciones adicionales 2'> <\/div>\n<p> <!-- Caracter\u00edsticas destacadas --> <\/p>\n<div style='display: flex; flex-wrap: wrap; gap: 30px; margin: 30px 0;'>\n<div style='flex: 1 1 300px; min-width: 280px; text-align: center;'> <img style='width: 100%; max-width: 200px; height: auto; border: 1px solid rgba(150&comma;150&comma;150&comma;0.3); border-radius: 8px;' src='http:\/\/ftp3.syscom.mx\/usuarios\/ftp\/single_page\/hiktermica\/Sep-15-2021 16-55-01.gif' alt='Medici\u00f3n R\u00e1pida de Temperatura'> <\/p>\n<p style='font-size: 24px; margin: 15px 0 5px 0; color: inherit; font-weight: 600;'>Medici\u00f3n R\u00e1pida de la Temperatura<\/p>\n<p style='font-size: 16px; color: inherit; margin: 0 10%;'>En pantalla completa puede seleccionar diferentes ajustes para hacer la medici\u00f3n los cuales pueden ser: Center Spot&comma; Hot Spot&comma; Cold Spot&comma; Custom Point&comma; Line&comma; Box.<\/p>\n<\/p><\/div>\n<div style='flex: 1 1 300px; min-width: 280px; text-align: center;'> <img style='width: 100%; max-width: 200px; height: auto; border: 1px solid rgba(150&comma;150&comma;150&comma;0.3); border-radius: 8px;' src='http:\/\/ftp3.syscom.mx\/usuarios\/ftp\/single_page\/hiktermica\/Sep-15-2021 17-46-24-2.gif' alt='Conectividad Wi-Fi'> <\/p>\n<p style='font-size: 24px; margin: 15px 0 5px 0; color: inherit; font-weight: 600;'>Conectividad Wi-Fi<\/p>\n<p style='font-size: 16px; color: inherit; margin: 0 10%;'>Se conecta mediante la App HIKMICRO Viewer a trav\u00e9s del Wi-Fi y puede compartir la imagen de manera f\u00e1cil y r\u00e1pida.<\/p>\n<\/p><\/div>\n<div style='flex: 1 1 300px; min-width: 280px; text-align: center;'> <img style='width: 100%; max-width: 200px; height: auto; border: 1px solid rgba(150&comma;150&comma;150&comma;0.3); border-radius: 8px;' src='http:\/\/ftp3.syscom.mx\/usuarios\/ftp\/single_page\/hiktermica\/Sep-15-2021 17-49-50-3.gif' alt='Enfoque Manual'> <\/p>\n<p style='font-size: 24px; margin: 15px 0 5px 0; color: inherit; font-weight: 600;'>Enfoque Manual<\/p>\n<p style='font-size: 16px; color: inherit; margin: 0 10%;'>El ajuste del anillo de enfoque manual permite ver con claridad los objetos a corta o larga distancia.<\/p>\n<\/p><\/div>\n<\/p><\/div>\n<p> <!-- Banner final --> <\/p>\n<div style='margin: 30px 0;'> <img style='width: 100%; height: auto; border: 1px solid rgba(150&comma;150&comma;150&comma;0.3); border-radius: 8px;' src='https:\/\/ftp3.syscom.mx\/usuarios\/emendoza\/elesbanmch\/HikMicro\/HIKMICRO.png' alt='Banner HIKMICRO'> <\/div>\n<p> <!-- Separador final --> <\/p>\n<hr style='border: 0; border-top: 1px solid rgba(150&comma; 150&comma; 150&comma; 0.3); margin: 30px 0;'> <\/div>\n","protected":false},"excerpt":{"rendered":"<p>M11W &#8211; C\u00e1mara Termogr\u00e1fica Port\u00e1til con Campo de Visi\u00f3n Amplio \/ Resoluci\u00f3n T\u00e9rmica 192 x 144 (SuperIR 384 x 288) \/ C\u00e1mara Visual 8MP \/ FOV 37.2\u00b0\u00d727.8\u00b0 \/ Rango de -20\u00b0C a 550\u00b0C \/ Panta<\/p>\n","protected":false},"featured_media":98329,"comment_status":"open","ping_status":"closed","template":"","meta":[],"product_brand":[],"product_cat":[2250,2223],"product_tag":[2251,2226,158,2227],"class_list":{"0":"post-98330","1":"product","2":"type-product","3":"status-publish","4":"has-post-thumbnail","6":"product_cat-camaras-industriales","7":"product_cat-drones","8":"product_tag-camaras-industriales","9":"product_tag-drones","10":"product_tag-hikmicro","11":"product_tag-robots-e-industrial","13":"first","14":"instock","15":"sale","16":"shipping-taxable","17":"purchasable","18":"product-type-simple"},"_links":{"self":[{"href":"https:\/\/soydeaqui.ddns.net\/pachuca\/index.php\/wp-json\/wp\/v2\/product\/98330","targetHints":{"allow":["GET"]}}],"collection":[{"href":"https:\/\/soydeaqui.ddns.net\/pachuca\/index.php\/wp-json\/wp\/v2\/product"}],"about":[{"href":"https:\/\/soydeaqui.ddns.net\/pachuca\/index.php\/wp-json\/wp\/v2\/types\/product"}],"replies":[{"embeddable":true,"href":"https:\/\/soydeaqui.ddns.net\/pachuca\/index.php\/wp-json\/wp\/v2\/comments?post=98330"}],"wp:featuredmedia":[{"embeddable":true,"href":"https:\/\/soydeaqui.ddns.net\/pachuca\/index.php\/wp-json\/wp\/v2\/media\/98329"}],"wp:attachment":[{"href":"https:\/\/soydeaqui.ddns.net\/pachuca\/index.php\/wp-json\/wp\/v2\/media?parent=98330"}],"wp:term":[{"taxonomy":"product_brand","embeddable":true,"href":"https:\/\/soydeaqui.ddns.net\/pachuca\/index.php\/wp-json\/wp\/v2\/product_brand?post=98330"},{"taxonomy":"product_cat","embeddable":true,"href":"https:\/\/soydeaqui.ddns.net\/pachuca\/index.php\/wp-json\/wp\/v2\/product_cat?post=98330"},{"taxonomy":"product_tag","embeddable":true,"href":"https:\/\/soydeaqui.ddns.net\/pachuca\/index.php\/wp-json\/wp\/v2\/product_tag?post=98330"}],"curies":[{"name":"wp","href":"https:\/\/api.w.org\/{rel}","templated":true}]}}