{"id":98328,"date":"2026-03-20T09:36:33","date_gmt":"2026-03-20T09:36:33","guid":{"rendered":"https:\/\/soydeaqui.ddns.net\/pachuca\/index.php\/producto\/nvr-essd-4-megapixel-8-canales-ip-8-puertos-poe-essd-de-1-tb-acusense-diseno-compacto-y-cero-ruido\/"},"modified":"2026-03-20T09:36:35","modified_gmt":"2026-03-20T09:36:35","slug":"nvr-essd-4-megapixel-8-canales-ip-8-puertos-poe-essd-de-1-tb-acusense-diseno-compacto-y-cero-ruido","status":"publish","type":"product","link":"https:\/\/soydeaqui.ddns.net\/pachuca\/index.php\/producto\/nvr-essd-4-megapixel-8-canales-ip-8-puertos-poe-essd-de-1-tb-acusense-diseno-compacto-y-cero-ruido\/","title":{"rendered":"NVR + eSSD \/ 4 Megapixel \/ 8 Canales IP \/ 8 Puertos PoE+ \/ eSSD de 1 TB \/ ACUSENSE \/ Dise\u00f1o Compacto y Cero Ruido"},"content":{"rendered":"<div style='width: 100%; max-width: 1200px; margin: 0 auto; font-family: sans-serif; line-height: 1.6; color: inherit; background-color: transparent;'> <!-- Banner inicial --> <\/p>\n<p style='text-align: center; margin: 30px 0 0 0;'><img style='width: 45%; height: auto; border: 1px solid rgba(150&comma;150&comma;150&comma;0.3); border-radius: 8px;' src='https:\/\/ftp3.syscom.mx\/usuarios\/jsosa\/HIKVISION\/imagenes\/logo\/hikvision%20see%20far.png' alt='Logo Hikvision'><\/p>\n<p> <!-- Secci\u00f3n de especificaciones --> <\/p>\n<div style='display: flex; flex-wrap: wrap; gap: 30px; margin: 30px 0;'> <!-- Columna 1 --> <\/p>\n<div style='flex: 1 1 300px; min-width: 280px;'>\n<div style='border-left: 5px solid #ff0000; border-radius: 8px; padding: 15px; box-shadow: 0 2px 10px rgba(0&comma;0&comma;0&comma;0.1);'>\n<h3 style='font-size: 20px; margin-top: 0; margin-bottom: 15px; color: inherit; opacity: 0.8;'>Caracter\u00edsticas principales<\/h3>\n<ul style='padding-left: 20px; font-size: 15px; color: inherit; list-style-type: disc;'>\n<li style='margin-bottom: 8px;'>Compresi\u00f3n de v\u00eddeo: H.265+ \/ H.265 \/ H.264+ \/ H.264<\/li>\n<li style='margin-bottom: 8px;'>8 Puertos PoE (soporta est\u00e1ndar af \/ at)<\/li>\n<li style='margin-bottom: 8px;'>58 watts total en sus puertos PoE+<\/li>\n<li style='margin-bottom: 8px;'>Soporta mouse USB para operar (incluido)<\/li>\n<li style='margin-bottom: 8px;'>Incluye eSSD integrado de 1 TB<\/li>\n<li style='margin-bottom: 8px;'>Soporta DDNS (Hik-Connect&comma; DynDNS&comma; No-IP&comma; etc)<\/li>\n<li style='margin-bottom: 8px;'>Soporta Hik-Connect (P2P) <a style='color: inherit; text-decoration: underline;' href='https:\/\/appstore.hikvision.com\/' target='_blank' rel='noopener'>https:\/\/appstore.hikvision.com\/<\/a><\/li>\n<li style='margin-bottom: 8px;'>Acceso remoto v\u00eda tel\u00e9fono: Android&comma; iPhone&comma; iPad (Hik-Connect)<\/li>\n<li style='margin-bottom: 8px;'>Compatibilidad con navegadores EDGE (ietab)&comma; Chrome<\/li>\n<li style='margin-bottom: 8px;'>Compatible con el software iVMS-4200 (gratuito)<\/li>\n<li>Soporta m\u00faltiples marcas usando el protocolo ONVIF<\/li>\n<\/ul>\n<h3 style='font-size: 20px; margin-top: 25px; margin-bottom: 15px; color: inherit; opacity: 0.8;'>Caracter\u00edsticas F\u00edsicas y El\u00e9ctricas<\/h3>\n<ul style='padding-left: 20px; font-size: 15px; color: inherit; list-style-type: disc;'>\n<li style='margin-bottom: 8px;'>Dimensiones 25 \u00d7 122 \u00d7 27 mm<\/li>\n<li style='margin-bottom: 8px;'>Alimentaci\u00f3n \/ consumo: 48 Vcc \/ 1.36 A \/ 10 W<\/li>\n<li style='margin-bottom: 8px;'>Temperatura de operaci\u00f3n: -10\u00b0C a 45\u00b0C<\/li>\n<li>Peso: 0.50 Kg<\/li>\n<\/ul>\n<h3 style='font-size: 20px; margin-top: 25px; margin-bottom: 15px; color: inherit; opacity: 0.8;'>Resoluci\u00f3n de grabaci\u00f3n por canal (recomendado con H.265)<\/h3>\n<ul style='padding-left: 20px; font-size: 15px; color: inherit; list-style-type: disc;'>\n<li style='margin-bottom: 8px;'>2 MP (1080P): 8 Canales &#8211; 30 IPS<\/li>\n<li style='margin-bottom: 8px;'>4 MP: 8 Canales &#8211; 30 IPS<\/li>\n<li>Reproducci\u00f3n s\u00edncrona en canales: 4 Canales<\/li>\n<\/ul><\/div>\n<\/p><\/div>\n<p> <!-- Columna 2 --> <\/p>\n<div style='flex: 1 1 300px; min-width: 280px;'>\n<div style='border-left: 5px solid #ff0000; border-radius: 8px; padding: 15px; box-shadow: 0 2px 10px rgba(0&comma;0&comma;0&comma;0.1);'>\n<h3 style='font-size: 20px; margin-top: 0; margin-bottom: 15px; color: inherit; opacity: 0.8;'>Capacidad de procesamiento y funciones de red<\/h3>\n<ul style='padding-left: 20px; font-size: 15px; color: inherit; list-style-type: disc;'>\n<li style='margin-bottom: 8px;'>Procesamiento entrada (Throughput entrada): 60 Mbps<\/li>\n<li style='margin-bottom: 8px;'>Procesamiento salida (Throughput salida): 60 Mbps<\/li>\n<li>1 puerto red LAN 100 Mbps<\/li>\n<\/ul>\n<h3 style='font-size: 20px; margin-top: 25px; margin-bottom: 15px; color: inherit; opacity: 0.8;'>Funciones de Grabaci\u00f3n y Visualizaci\u00f3n<\/h3>\n<ul style='padding-left: 20px; font-size: 15px; color: inherit; list-style-type: disc;'>\n<li style='margin-bottom: 8px;'>Detecci\u00f3n de movimiento multizona<\/li>\n<li style='margin-bottom: 8px;'>Zoom digital en visualizaci\u00f3n y grabaci\u00f3n<\/li>\n<li style='margin-bottom: 8px;'>Dual stream (main stream y sub stream)<\/li>\n<li style='margin-bottom: 8px;'>Soporta avance r\u00e1pido&comma; lento&comma; cuadro a cuadro&comma; etc<\/li>\n<li style='margin-bottom: 8px;'>Soporta tecnolog\u00eda de discos duros S.M.A.R.T.<\/li>\n<li style='margin-bottom: 8px;'>Soporta m\u00faltiples tipos de grabaci\u00f3n&comma; incluyendo tiempo real&comma; grabaci\u00f3n manual&comma; videosensor&comma; videosensor y alarma&comma; videosensor o alarma<\/li>\n<li>Soporta grabaci\u00f3n c\u00edclica (sobreescritura) y no c\u00edclica<\/li>\n<\/ul>\n<h3 style='font-size: 20px; margin-top: 25px; margin-bottom: 15px; color: inherit; opacity: 0.8;'>Interfaces Entradas \/ Salidas<\/h3>\n<ul style='padding-left: 20px; font-size: 15px; color: inherit; list-style-type: disc;'>\n<li style='margin-bottom: 8px;'>Salida de video en HDMI<\/li>\n<li style='margin-bottom: 8px;'>Resoluci\u00f3n HDMI: 1080p \/ 720p<\/li>\n<li style='margin-bottom: 8px;'>Entrada de Audio: No aplica<\/li>\n<li style='margin-bottom: 8px;'>Salida de Audio: No aplica<\/li>\n<li style='margin-bottom: 8px;'>Entrada de Alarma: No aplica<\/li>\n<li>Salida de Alarma: No aplica<\/li>\n<\/ul><\/div>\n<\/p><\/div>\n<\/p><\/div>\n<p> <!-- Secci\u00f3n de consideraciones --> <\/p>\n<div style='border-left: 5px solid #ff0000; border-radius: 8px; padding: 15px; box-shadow: 0 2px 10px rgba(0&comma;0&comma;0&comma;0.1); margin-bottom: 30px;'>\n<h3 style='font-size: 20px; margin-top: 0; margin-bottom: 15px; color: inherit; opacity: 0.8;'>Caracter\u00edsticas Destacadas<\/h3>\n<h4 style='font-size: 18px; margin-top: 20px; margin-bottom: 10px; color: inherit; opacity: 0.8;'>ACUSENSE (Filtro de Falsas Alarmas)<\/h4>\n<ul style='padding-left: 20px; font-size: 15px; color: inherit; list-style-type: circle;'>\n<li style='margin-bottom: 8px;'>Con tecnolog\u00eda ACUSENSE podemos evitar falsas alarmas como movimiento de \u00e1rboles&comma; animales&comma; etc.<\/li>\n<li style='margin-bottom: 8px;'>Al activar la tecnolog\u00eda ACUSENSE solo detecta cuerpo humano y veh\u00edculos para detectar realmente eventos importantes y as\u00ed eliminar falsas alarmas.<\/li>\n<li style='margin-bottom: 8px;'>Soporta hasta 4 canales con la tecnolog\u00eda ACUSENSE utilizando c\u00e1maras: <a style='color: inherit; text-decoration: underline;' title='C\u00e1maras Acusense Serie 3' href='https:\/\/www.syscom.mx\/principal\/consultarproductosazul?global_search=ds2cd3&#038;ordenar=Relevancia&#038;pag=1' target='_blank' rel='noopener'>DS-2CD3XX<\/a> \/ <a style='color: inherit; text-decoration: underline;' title='C\u00e1maras Acusense Serie2' href='https:\/\/www.syscom.mx\/principal\/consultarproductosazul?global_search=ds2cd2xx3g2&#038;ordenar=Modelo_A-Z&#038;pag=1' target='_blank' rel='noopener'>DS-2CD2XX3G2<\/a> \/ <a style='color: inherit; text-decoration: underline;' href='https:\/\/www.syscom.mx\/principal\/consultarproductosazul?global_search=DS-2CD2XX7G2&#038;ordenar=Relevancia&#038;pag=1' target='_blank' rel='noopener'>DS-2CD2XX7G2<\/a> (que soporte ACUSENSE) <\/li>\n<li>Soporta hasta 4 canales con la tecnolog\u00eda ACUSENSE Lite (humano y vehiculo pero con detecci\u00f3n de movimiento&comma; no anal\u00edticos) usando c\u00e1maras DS-2CD1XX3G2 y DS-2CD1XX3G7G2 (que soporte ACUSENSE Lite)<\/li>\n<\/ul>\n<p style='margin-top: 20px; font-weight: bold; font-size: 15px; color: inherit;'>El NVR trae un eSSD de la marca HIKSEMI integrado de 1 TB.<\/p>\n<\/p><\/div>\n<p> <!-- Banner final --> <\/p>\n<p style='margin: 30px 0 0 0;'><img style='width: 100%; height: auto; border: 1px solid rgba(150&comma;150&comma;150&comma;0.3); border-radius: 8px;' src='https:\/\/ftp3.syscom.mx\/usuarios\/jsosa\/HIKVISION\/imagenes\/banners\/solution%20complete.png' alt='Banner final Hikvision'><\/p>\n<\/p><\/div>\n","protected":false},"excerpt":{"rendered":"<p>NVR + eSSD \/ 4 Megapixel \/ 8 Canales IP \/ 8 Puertos PoE+ \/ eSSD de 1 TB \/ ACUSENSE \/ Dise\u00f1o Compacto y Cero Ruido<\/p>\n","protected":false},"featured_media":98327,"comment_status":"open","ping_status":"closed","template":"","meta":[],"product_brand":[],"product_cat":[2234],"product_tag":[122,54,2235],"class_list":{"0":"post-98328","1":"product","2":"type-product","3":"status-publish","4":"has-post-thumbnail","6":"product_cat-nvrs-network-video-recorders","7":"product_tag-camaras-ip-y-nvrs","8":"product_tag-hikvision","9":"product_tag-nvrs-network-video-recorders","11":"first","12":"outofstock","13":"sale","14":"shipping-taxable","15":"purchasable","16":"product-type-simple"},"_links":{"self":[{"href":"https:\/\/soydeaqui.ddns.net\/pachuca\/index.php\/wp-json\/wp\/v2\/product\/98328","targetHints":{"allow":["GET"]}}],"collection":[{"href":"https:\/\/soydeaqui.ddns.net\/pachuca\/index.php\/wp-json\/wp\/v2\/product"}],"about":[{"href":"https:\/\/soydeaqui.ddns.net\/pachuca\/index.php\/wp-json\/wp\/v2\/types\/product"}],"replies":[{"embeddable":true,"href":"https:\/\/soydeaqui.ddns.net\/pachuca\/index.php\/wp-json\/wp\/v2\/comments?post=98328"}],"wp:featuredmedia":[{"embeddable":true,"href":"https:\/\/soydeaqui.ddns.net\/pachuca\/index.php\/wp-json\/wp\/v2\/media\/98327"}],"wp:attachment":[{"href":"https:\/\/soydeaqui.ddns.net\/pachuca\/index.php\/wp-json\/wp\/v2\/media?parent=98328"}],"wp:term":[{"taxonomy":"product_brand","embeddable":true,"href":"https:\/\/soydeaqui.ddns.net\/pachuca\/index.php\/wp-json\/wp\/v2\/product_brand?post=98328"},{"taxonomy":"product_cat","embeddable":true,"href":"https:\/\/soydeaqui.ddns.net\/pachuca\/index.php\/wp-json\/wp\/v2\/product_cat?post=98328"},{"taxonomy":"product_tag","embeddable":true,"href":"https:\/\/soydeaqui.ddns.net\/pachuca\/index.php\/wp-json\/wp\/v2\/product_tag?post=98328"}],"curies":[{"name":"wp","href":"https:\/\/api.w.org\/{rel}","templated":true}]}}