{"id":98264,"date":"2026-03-20T09:33:43","date_gmt":"2026-03-20T09:33:43","guid":{"rendered":"https:\/\/soydeaqui.ddns.net\/pachuca\/index.php\/producto\/domo-ip-3-megapixel-2k-wi-fi-sirena-y-estrobo-audio-de-dos-vias-deteccion-humana-y-vehiculo-notificacion-push-audios-personalizables-ranura-para-memoria-hasta-512gb-uso-en-exterior-ip\/"},"modified":"2026-03-20T09:34:02","modified_gmt":"2026-03-20T09:34:02","slug":"domo-ip-3-megapixel-2k-wi-fi-sirena-y-estrobo-audio-de-dos-vias-deteccion-humana-y-vehiculo-notificacion-push-audios-personalizables-ranura-para-memoria-hasta-512gb-uso-en-exterior-ip","status":"publish","type":"product","link":"https:\/\/soydeaqui.ddns.net\/pachuca\/index.php\/producto\/domo-ip-3-megapixel-2k-wi-fi-sirena-y-estrobo-audio-de-dos-vias-deteccion-humana-y-vehiculo-notificacion-push-audios-personalizables-ranura-para-memoria-hasta-512gb-uso-en-exterior-ip\/","title":{"rendered":"Domo IP 3 Megap\u00edxel (2K) \/ Wi-Fi \/ Sirena y Estrobo \/Audio de Dos V\u00edas \/ Detecci\u00f3n Humana y Vehiculo \/ Notificaci\u00f3n Push \/ Audios Personalizables \/ Ranura Para Memoria hasta 512GB \/ Uso en Exterior IP67"},"content":{"rendered":"<div style='width: 100%; max-width: 1200px; margin: 0 auto; font-family: sans-serif; line-height: 1.6; color: inherit; background-color: transparent;'> <!-- Banner principal --> <\/p>\n<div style='width: 100%; margin-bottom: 30px;'> <a href='#link' target='_blank' rel='noopener' style='display: block; text-align: center;'> <img style='width: 100%; max-width: 800px; height: auto; border: 1px solid rgba(150&comma;150&comma;150&comma;0.3); border-radius: 8px;' src='https:\/\/ftp3.syscom.mx\/usuarios\/rcovarrubias\/EZVIZ\/Bannerspag\/SerieH.png' alt='Banner EZVIZ Serie H'> <\/a> <\/div>\n<p> <!-- Secci\u00f3n de caracter\u00edsticas --> <\/p>\n<div style='display: flex; flex-wrap: wrap; gap: 30px; margin-bottom: 30px;'>\n<div style='flex: 1 1 300px; min-width: 280px;'>\n<h3 style='font-size: 22px; border-bottom: 2px solid currentColor; padding-bottom: 5px; margin-top: 0; color: inherit; opacity: 0.8;'>Caracter\u00edsticas principales<\/h3>\n<ul style='padding-left: 20px; font-size: 15px; color: inherit;'>\n<li style='margin-bottom: 5px;'><strong>Resoluci\u00f3n:<\/strong> 3 Megapixel (2304 x 1296)<\/li>\n<li style='margin-bottom: 5px;'><strong>Lente:<\/strong> 2.8 mm&comma; \u00e1ngulo de visi\u00f3n 106\u00b0 Horizontal<\/li>\n<li style='margin-bottom: 5px;'>Visi\u00f3n nocturna a color<\/li>\n<li style='margin-bottom: 5px;'>Micr\u00f3fono y bocina interconstruida (audio de dos v\u00edas)<\/li>\n<li style='margin-bottom: 5px;'>dWDR \/ 3D-DNR<\/li>\n<li style='margin-bottom: 5px;'>Detecci\u00f3n de movimiento<\/li>\n<li style='margin-bottom: 5px;'>Detecci\u00f3n humana y de veh\u00edculo<\/li>\n<li style='margin-bottom: 5px;'>30 mts IR (visi\u00f3n nocturna)<\/li>\n<li style='margin-bottom: 5px;'>Compresi\u00f3n: H.265&comma; H.264<\/li>\n<li style='margin-bottom: 5px;'>1 RJ45 (Puerto Ethernet adaptativo 10M\/100M)<\/li>\n<li style='margin-bottom: 5px;'>Protecci\u00f3n IP67 para exterior<\/li>\n<li style='margin-bottom: 5px;'>Micro SD de 512 GB para grabaci\u00f3n local (<strong>memoria no incluida<\/strong>)<\/li>\n<\/ul><\/div>\n<div style='flex: 1 1 300px; min-width: 280px;'>\n<h3 style='font-size: 22px; border-bottom: 2px solid currentColor; padding-bottom: 5px; margin-top: 0; color: inherit; opacity: 0.8;'>Caracter\u00edsticas F\u00edsicas y El\u00e9ctricas<\/h3>\n<ul style='padding-left: 20px; font-size: 15px; color: inherit;'>\n<li style='margin-bottom: 5px;'><strong>Alimentaci\u00f3n:<\/strong> 12 Vcc 1A \/ 8 Watts (<strong>fuente de alimentaci\u00f3n incluida<\/strong>)<\/li>\n<li style='margin-bottom: 5px;'><strong>Peso:<\/strong> 229g<\/li>\n<li style='margin-bottom: 5px;'><strong>Dimensiones:<\/strong> 106 x 106 x 90 mm (4.17&#8242; x 4.17&#8242; x 3.54&#8242;)<\/li>\n<li style='margin-bottom: 5px;'><strong>Temperatura de operaci\u00f3n:<\/strong> -20\u00b0C a 50\u00b0C<\/li>\n<\/ul><\/div>\n<div style='flex: 1 1 300px; min-width: 280px;'>\n<h3 style='font-size: 22px; border-bottom: 2px solid currentColor; padding-bottom: 5px; margin-top: 0; color: inherit; opacity: 0.8;'>Caracter\u00edsticas Destacadas<\/h3>\n<ul style='padding-left: 20px; font-size: 15px; color: inherit;'>\n<li style='margin-bottom: 5px;'>Soporta grabaci\u00f3n en nube de EZVIZ&comma; (el cobro se realiza directo en la aplicaci\u00f3n EZVIZ) Se brinda 7 d\u00edas gratis de prueba<\/li>\n<li style='margin-bottom: 5px;'>Para grabaci\u00f3n en la nube contamos con dos opciones:<\/li>\n<li style='margin-bottom: 5px; padding-left: 15px;'> <strong>Opci\u00f3n 1:<\/strong> comprar cualquiera de estos dos planes: <a href='https:\/\/www.syscom.mx\/producto\/EZ-CLOUD-7A-EZVIZ-207807.html' target='_blank' rel='noopener' style='color: #d35400; text-decoration: underline;'>EZ-CLOUD\/7A<\/a> para 7 d\u00edas de almacenamiento durante un a\u00f1o&comma; <a href='https:\/\/www.syscom.mx\/producto\/EZ-CLOUD-30A-EZVIZ-207809.html' target='_blank' rel='noopener' style='color: #d35400; text-decoration: underline;'>EZ-CLOUD\/30A<\/a> para 30 d\u00edas de almacenamiento durante un a\u00f1o <\/li>\n<li style='margin-bottom: 5px; padding-left: 15px;'> <strong>Opci\u00f3n 2:<\/strong> Suscribirse directamente App EZVIZ <\/li>\n<li style='margin-bottom: 5px; color: #3598db;'>Compatible con Alexa&comma; Google Home y IFTTT<\/li>\n<\/ul>\n<h4 style='color: #e74c3c; font-size: 16px; margin-top: 20px; margin-bottom: 10px;'>Notas:<\/h4>\n<ul style='padding-left: 20px; font-size: 15px; color: inherit;'>\n<li style='color: #e74c3c;'><strong>Configuraci\u00f3n \u00fanicamente mediante aplicaci\u00f3n EZVIZ<\/strong><\/li>\n<\/ul><\/div>\n<\/p><\/div>\n<p> <!-- Im\u00e1genes del producto --> <\/p>\n<div style='display: flex; flex-wrap: wrap; gap: 20px; margin-bottom: 30px;'>\n<div style='flex: 1 1 300px; min-width: 280px;'> <img style='width: 100%; height: auto; border: 1px solid rgba(150&comma;150&comma;150&comma;0.3); border-radius: 8px;' src='https:\/\/ftp3.syscom.mx\/usuarios\/rcovarrubias\/EZVIZ\/Manual%20esp-ing\/CS-H4\/h41.png' alt=''> <\/div>\n<div style='flex: 1 1 300px; min-width: 280px;'> <img style='width: 100%; height: auto; border: 1px solid rgba(150&comma;150&comma;150&comma;0.3); border-radius: 8px;' src='https:\/\/ftp3.syscom.mx\/usuarios\/rcovarrubias\/EZVIZ\/Manual%20esp-ing\/CS-H4\/h42.png' alt=''> <\/div>\n<div style='flex: 1 1 300px; min-width: 280px;'> <img style='width: 100%; height: auto; border: 1px solid rgba(150&comma;150&comma;150&comma;0.3); border-radius: 8px;' src='https:\/\/ftp3.syscom.mx\/usuarios\/rcovarrubias\/EZVIZ\/Manual%20esp-ing\/CS-H4\/h43.png' alt=''> <\/div>\n<div style='flex: 1 1 300px; min-width: 280px;'> <img style='width: 100%; height: auto; border: 1px solid rgba(150&comma;150&comma;150&comma;0.3); border-radius: 8px;' src='https:\/\/ftp3.syscom.mx\/usuarios\/rcovarrubias\/EZVIZ\/Manual%20esp-ing\/CS-H4\/h44.png' alt=''> <\/div>\n<div style='flex: 1 1 300px; min-width: 280px;'> <img style='width: 100%; height: auto; border: 1px solid rgba(150&comma;150&comma;150&comma;0.3); border-radius: 8px;' src='https:\/\/ftp3.syscom.mx\/usuarios\/rcovarrubias\/EZVIZ\/Manual%20esp-ing\/CS-H4\/h45.png' alt=''> <\/div>\n<\/p><\/div>\n<p> <!-- Videos --> <\/p>\n<div style='margin-bottom: 30px;'>\n<h2 style='text-align: center; font-size: 20px; margin-bottom: 20px; color: #e74c3c;'><strong>Videos sobre conexi\u00f3n con Alexa y Google Home<\/strong><\/h2>\n<div style='display: flex; flex-wrap: wrap; gap: 20px; justify-content: center;'>\n<div style='flex: 1 1 300px; min-width: 280px; max-width: 600px;'>\n<h3 style='text-align: center; font-size: 18px; margin-bottom: 10px; color: #2880b9;'>Conexi\u00f3n con Google Home<\/h3>\n<div style='position: relative; padding-bottom: 56.25%; height: 0; overflow: hidden;'> <video style='position: absolute; top: 0; left: 0; width: 100%; height: 100%; border: none;' src='https:\/\/ftp3.syscom.mx\/usuarios\/rcovarrubias\/EZVIZ\/videos\/Conecta%20Equipos%20EZVIZ%20a%20Tu%20Dispositivo%20Google%20Home%202019.mp4' loop muted controls><\/video> <\/div>\n<\/p><\/div>\n<div style='flex: 1 1 300px; min-width: 280px; max-width: 600px;'>\n<h3 style='text-align: center; font-size: 18px; margin-bottom: 10px; color: #2880b9;'>Conexi\u00f3n con Alexa<\/h3>\n<div style='position: relative; padding-bottom: 56.25%; height: 0; overflow: hidden;'> <video style='position: absolute; top: 0; left: 0; width: 100%; height: 100%; border: none;' src='https:\/\/ftp3.syscom.mx\/usuarios\/rcovarrubias\/EZVIZ\/videos\/Activa%20Habilidad%20EZVIZ%20en%20Tu%20Dispositivo%20Amazon%20Alexa.mp4' loop muted controls><\/video> <\/div>\n<\/p><\/div>\n<\/p><\/div>\n<\/p><\/div>\n<p> <!-- Video promocional --> <\/p>\n<div style='margin-bottom: 30px;'>\n<h2 style='text-align: center; font-size: 20px; margin-bottom: 20px; color: #e74c3c;'> <strong>Crea una vida segura mediante dispositivos inteligentes<\/strong> <\/h2>\n<div style='position: relative; padding-bottom: 56.25%; height: 0; overflow: hidden; margin: 0 auto; max-width: 800px;'>   <\/div>\n<\/p><\/div>\n<\/p><\/div>\n","protected":false},"excerpt":{"rendered":"<p>Domo IP 3 Megap\u00edxel (2K) \/ Wi-Fi \/ Sirena y Estrobo \/Audio de Dos V\u00edas \/ Detecci\u00f3n Humana y Vehiculo \/ Notificaci\u00f3n Push \/ Audios Personalizables \/ Ranura Para Memoria hasta 512GB \/ Uso en Exterior IP67<\/p>\n","protected":false},"featured_media":98263,"comment_status":"open","ping_status":"closed","template":"","meta":[],"product_brand":[],"product_cat":[2056],"product_tag":[122,2057,111],"class_list":{"0":"post-98264","1":"product","2":"type-product","3":"status-publish","4":"has-post-thumbnail","6":"product_cat-domo-eyeball-turret","7":"product_tag-camaras-ip-y-nvrs","8":"product_tag-domo-eyeball-turret","9":"product_tag-ezviz","11":"first","12":"instock","13":"sale","14":"shipping-taxable","15":"purchasable","16":"product-type-simple"},"_links":{"self":[{"href":"https:\/\/soydeaqui.ddns.net\/pachuca\/index.php\/wp-json\/wp\/v2\/product\/98264","targetHints":{"allow":["GET"]}}],"collection":[{"href":"https:\/\/soydeaqui.ddns.net\/pachuca\/index.php\/wp-json\/wp\/v2\/product"}],"about":[{"href":"https:\/\/soydeaqui.ddns.net\/pachuca\/index.php\/wp-json\/wp\/v2\/types\/product"}],"replies":[{"embeddable":true,"href":"https:\/\/soydeaqui.ddns.net\/pachuca\/index.php\/wp-json\/wp\/v2\/comments?post=98264"}],"wp:featuredmedia":[{"embeddable":true,"href":"https:\/\/soydeaqui.ddns.net\/pachuca\/index.php\/wp-json\/wp\/v2\/media\/98263"}],"wp:attachment":[{"href":"https:\/\/soydeaqui.ddns.net\/pachuca\/index.php\/wp-json\/wp\/v2\/media?parent=98264"}],"wp:term":[{"taxonomy":"product_brand","embeddable":true,"href":"https:\/\/soydeaqui.ddns.net\/pachuca\/index.php\/wp-json\/wp\/v2\/product_brand?post=98264"},{"taxonomy":"product_cat","embeddable":true,"href":"https:\/\/soydeaqui.ddns.net\/pachuca\/index.php\/wp-json\/wp\/v2\/product_cat?post=98264"},{"taxonomy":"product_tag","embeddable":true,"href":"https:\/\/soydeaqui.ddns.net\/pachuca\/index.php\/wp-json\/wp\/v2\/product_tag?post=98264"}],"curies":[{"name":"wp","href":"https:\/\/api.w.org\/{rel}","templated":true}]}}