{"id":98253,"date":"2026-03-20T09:33:16","date_gmt":"2026-03-20T09:33:16","guid":{"rendered":"https:\/\/soydeaqui.ddns.net\/pachuca\/index.php\/producto\/power-bank-de-10000mah-nexode-22-5w-usb-a-usb-c-indicador-led-tecnologia-de-carga-rapida-ultra-delgado-ultra-ligero-pd3-0-qc3-0-fcp-afc-apple-samsung-bc1-2-sc-aprobado-ce-rohs-fc\/"},"modified":"2026-03-20T09:33:19","modified_gmt":"2026-03-20T09:33:19","slug":"power-bank-de-10000mah-nexode-22-5w-usb-a-usb-c-indicador-led-tecnologia-de-carga-rapida-ultra-delgado-ultra-ligero-pd3-0-qc3-0-fcp-afc-apple-samsung-bc1-2-sc-aprobado-ce-rohs-fc","status":"publish","type":"product","link":"https:\/\/soydeaqui.ddns.net\/pachuca\/index.php\/producto\/power-bank-de-10000mah-nexode-22-5w-usb-a-usb-c-indicador-led-tecnologia-de-carga-rapida-ultra-delgado-ultra-ligero-pd3-0-qc3-0-fcp-afc-apple-samsung-bc1-2-sc-aprobado-ce-rohs-fc\/","title":{"rendered":"Power Bank de 10000mAh NEXODE | 22.5W | USB-A | USB-C | Indicador Led | Tecnolog\u00eda de Carga R\u00e1pida | Ultra Delgado | Ultra ligero | PD3.0\/QC3.0\/FCP\/AFC\/APPLE\/SAMSUNG\/ BC1.2\/SC |  Aprobado CE, Rohs, FCC, REACH, POPS, etc."},"content":{"rendered":"<div style='width: 100%; max-width: 1200px; margin: 0 auto; font-family: sans-serif; line-height: 1.6; color: inherit; background-color: transparent;'> <!-- Im\u00e1genes --> <\/p>\n<div style='display: flex; flex-wrap: wrap; gap: 15px; margin-bottom: 30px;'>\n<div style='flex: 1 1 300px; min-width: 280px;'> <img style='width: 100%; height: auto; border: 1px solid rgba(150&comma;150&comma;150&comma;0.3); border-radius: 8px;' src='http:\/\/ftp3.syscom.mx\/usuarios\/hallende\/UGREEN2\/Cargadores\/25742\/25742-10.jpg' alt=''> <\/div>\n<div style='flex: 1 1 300px; min-width: 280px;'> <img style='width: 100%; height: auto; border: 1px solid rgba(150&comma;150&comma;150&comma;0.3); border-radius: 8px;' src='http:\/\/ftp3.syscom.mx\/usuarios\/hallende\/UGREEN2\/Cargadores\/25742\/25742-11.jpg' alt=''> <\/div>\n<div style='flex: 1 1 300px; min-width: 280px;'> <img style='width: 100%; height: auto; border: 1px solid rgba(150&comma;150&comma;150&comma;0.3); border-radius: 8px;' src='http:\/\/ftp3.syscom.mx\/usuarios\/hallende\/UGREEN2\/Cargadores\/25742\/25742-12.jpg' alt=''> <\/div>\n<div style='flex: 1 1 300px; min-width: 280px;'> <img style='width: 100%; height: auto; border: 1px solid rgba(150&comma;150&comma;150&comma;0.3); border-radius: 8px;' src='http:\/\/ftp3.syscom.mx\/usuarios\/hallende\/UGREEN2\/Cargadores\/25742\/25742-15.jpg' alt=''> <\/div>\n<div style='flex: 1 1 300px; min-width: 280px;'> <img style='width: 100%; height: auto; border: 1px solid rgba(150&comma;150&comma;150&comma;0.3); border-radius: 8px;' src='http:\/\/ftp3.syscom.mx\/usuarios\/hallende\/UGREEN2\/Cargadores\/25742\/25742-17.jpg' alt=''> <\/div>\n<\/p><\/div>\n<p> <!-- Caracter\u00edsticas principales --> <\/p>\n<div style='margin-bottom: 30px;'>\n<h2 style='font-size: 24px; border-bottom: 2px solid currentColor; padding-bottom: 5px; margin-top: 0; color: inherit; opacity: 0.8;'>Caracter\u00edsticas Principales<\/h2>\n<ul style='padding-left: 20px; font-size: 15px; color: inherit;'>\n<li style='margin-bottom: 5px;'>Carga R\u00e1pida Bidireccional: Soporta carga r\u00e1pida de 22.5W y PD de 20W&comma; con capacidad de cargar y descargar al mismo tiempo<\/li>\n<li style='margin-bottom: 5px;'>Capacidad Suficiente: 10000mAh&comma; ideal para viajes y apto para llevar en aviones<\/li>\n<li style='margin-bottom: 5px;'>Pantalla de Energ\u00eda: Pantalla digital que muestra el porcentaje exacto de bater\u00eda<\/li>\n<li style='margin-bottom: 5px;'>Compatibilidad Universal: Compatible con m\u00faltiples protocolos PD3.0&comma; QC3.0 y m\u00e1s<\/li>\n<li style='margin-bottom: 5px;'>M\u00faltiples Sistemas de Protecci\u00f3n: Tecnolog\u00eda NTC para control de temperatura y protecci\u00f3n contra sobretensi\u00f3n&comma; sobrecorriente&comma; sobrecalentamiento&comma; sobrecarga y cortocircuito<\/li>\n<\/ul><\/div>\n<p> <!-- Especificaciones t\u00e9cnicas --> <\/p>\n<div style='display: flex; flex-wrap: wrap; gap: 20px; margin-bottom: 30px;'>\n<div style='flex: 1 1 300px; border: 1px solid rgba(150&comma; 150&comma; 150&comma; 0.4); border-radius: 8px; overflow: hidden;'>\n<div style='padding: 15px; border-bottom: 1px solid rgba(150&comma; 150&comma; 150&comma; 0.2); font-weight: bold; font-size: 18px; color: inherit;'>Especificaciones T\u00e9cnicas<\/div>\n<div style='padding: 15px; color: inherit;'>\n<ul style='padding-left: 20px; margin: 0; font-size: 14px; list-style-type: disc;'>\n<li style='margin-bottom: 5px;'><strong>Modelo:<\/strong> 25742<\/li>\n<li style='margin-bottom: 5px;'><strong>Capacidad:<\/strong> 10000mAh<\/li>\n<li style='margin-bottom: 5px;'><strong>Capacidad nominal:<\/strong> 11300mAh (TYP 5V 6A)<\/li>\n<li style='margin-bottom: 5px;'><strong>Energ\u00eda nominal:<\/strong> 72Wh (14.4V 5000mAh)<\/li>\n<li style='margin-bottom: 5px;'><strong>Voltaje de carga:<\/strong> 4.25V\u2393<\/li>\n<li style='margin-bottom: 5px;'><strong>Tiempo de carga:<\/strong> Aproximadamente 2 horas (con cargador PD de 65W)<\/li>\n<li style='margin-bottom: 5px;'><strong>Tipo de bater\u00eda:<\/strong> Litio-Iones<\/li>\n<li style='margin-bottom: 5px;'><strong>Dimensiones:<\/strong> 139 \u00d7 80.8 \u00d7 26.7 mm<\/li>\n<\/ul><\/div>\n<\/p><\/div>\n<p> <!-- Puertos y protocolos --> <\/p>\n<div style='flex: 1 1 300px; border: 1px solid rgba(150&comma; 150&comma; 150&comma; 0.4); border-radius: 8px; overflow: hidden;'>\n<div style='padding: 15px; border-bottom: 1px solid rgba(150&comma; 150&comma; 150&comma; 0.2); font-weight: bold; font-size: 18px; color: inherit;'>Puertos y Protocolos<\/div>\n<div style='padding: 15px; color: inherit;'>\n<ul style='padding-left: 20px; margin: 0; font-size: 14px; list-style-type: disc;'>\n<li style='margin-bottom: 5px;'><strong>Entrada USB-C1:<\/strong> 5V\u23933A\/9V\u23933A\/12V\u23933A\/15V\u23933A\/20V\u23933.25A 65W m\u00e1x.<\/li>\n<li style='margin-bottom: 5px;'><strong>Salida USB-C1:<\/strong> 5V\u23933A\/9V\u23933A\/12V\u23933A\/15V\u23933A\/20V\u23935A 100W m\u00e1x.<\/li>\n<li style='margin-bottom: 5px;'><strong>Salida USB-C2:<\/strong> 5V\u23933A\/9V\u23933A\/12V\u23932.5A 30W m\u00e1x.<\/li>\n<li style='margin-bottom: 5px;'><strong>Salida USB-A:<\/strong> 10V\u23932.25A\/5V\u23933A\/9V\u23932A\/12V\u23931.5A 22.5W m\u00e1x.<\/li>\n<li style='margin-bottom: 5px;'><strong>Soporte de protocolos:<\/strong> PD3.1&comma; PD3.0&comma; PPS2.0&comma; QC3.0&comma; AFC&comma; FCP&comma; SCP<\/li>\n<\/ul><\/div>\n<\/p><\/div>\n<p> <!-- Protecci\u00f3n y seguridad --> <\/p>\n<div style='flex: 1 1 300px; border: 1px solid rgba(150&comma; 150&comma; 150&comma; 0.4); border-radius: 8px; overflow: hidden;'>\n<div style='padding: 15px; border-bottom: 1px solid rgba(150&comma; 150&comma; 150&comma; 0.2); font-weight: bold; font-size: 18px; color: inherit;'>Protecci\u00f3n y Seguridad<\/div>\n<div style='padding: 15px; color: inherit;'>\n<ul style='padding-left: 20px; margin: 0; font-size: 14px; list-style-type: disc;'>\n<li style='margin-bottom: 5px;'>Protecci\u00f3n contra sobretensi\u00f3n<\/li>\n<li style='margin-bottom: 5px;'>Protecci\u00f3n contra sobrecorriente<\/li>\n<li style='margin-bottom: 5px;'>Protecci\u00f3n contra sobrecalentamiento<\/li>\n<li style='margin-bottom: 5px;'>Protecci\u00f3n contra sobrecarga<\/li>\n<li style='margin-bottom: 5px;'>Protecci\u00f3n contra cortocircuito<\/li>\n<li style='margin-bottom: 5px;'>Tecnolog\u00eda NTC para control de temperatura<\/li>\n<\/ul><\/div>\n<\/p><\/div>\n<p> <!-- Certificaciones --> <\/p>\n<div style='flex: 1 1 300px; border: 1px solid rgba(150&comma; 150&comma; 150&comma; 0.4); border-radius: 8px; overflow: hidden;'>\n<div style='padding: 15px; border-bottom: 1px solid rgba(150&comma; 150&comma; 150&comma; 0.2); font-weight: bold; font-size: 18px; color: inherit;'>Certificaciones<\/div>\n<div style='padding: 15px; color: inherit;'>\n<ul style='padding-left: 20px; margin: 0; font-size: 14px; list-style-type: disc;'>\n<li style='margin-bottom: 5px;'>CE<\/li>\n<li style='margin-bottom: 5px;'>Rohs<\/li>\n<li style='margin-bottom: 5px;'>FCC<\/li>\n<li style='margin-bottom: 5px;'>REACH<\/li>\n<li style='margin-bottom: 5px;'>POPS<\/li>\n<\/ul><\/div>\n<\/p><\/div>\n<\/p><\/div>\n<p> <!-- Funcionalidades adicionales --> <\/p>\n<div style='margin-bottom: 30px;'>\n<h2 style='font-size: 24px; border-bottom: 2px solid currentColor; padding-bottom: 5px; margin-top: 0; color: inherit; opacity: 0.8;'>Funcionalidades Adicionales<\/h2>\n<ul style='padding-left: 20px; font-size: 15px; color: inherit;'>\n<li style='margin-bottom: 5px;'>Soporta carga r\u00e1pida bidireccional<\/li>\n<li style='margin-bottom: 5px;'>Incluye cable de carga USB-C de 3A (0.5m)<\/li>\n<li style='margin-bottom: 5px;'>Se apaga autom\u00e1ticamente si el dispositivo no est\u00e1 conectado durante 30 segundos<\/li>\n<li style='margin-bottom: 5px;'>Verificaci\u00f3n del nivel de bater\u00eda con bot\u00f3n de encendido<\/li>\n<li style='margin-bottom: 5px;'>Dise\u00f1o ultra delgado y ultra ligero<\/li>\n<\/ul><\/div>\n<p> <!-- Compatibilidad --> <\/p>\n<div style='margin-bottom: 30px;'>\n<h2 style='font-size: 24px; border-bottom: 2px solid currentColor; padding-bottom: 5px; margin-top: 0; color: inherit; opacity: 0.8;'>Compatibilidad<\/h2>\n<ul style='padding-left: 20px; font-size: 15px; color: inherit;'>\n<li style='margin-bottom: 5px;'>iPhone 8-15<\/li>\n<li style='margin-bottom: 5px;'>Samsung Galaxy series<\/li>\n<li style='margin-bottom: 5px;'>Dispositivos con soporte para PD3.0&comma; QC3.0&comma; FCP&comma; AFC&comma; APPLE&comma; SAMSUNG&comma; BC1.2&comma; SCP<\/li>\n<\/ul><\/div>\n<p> <!-- Indicaciones de uso --> <\/p>\n<div style='margin-bottom: 30px;'>\n<h2 style='font-size: 24px; border-bottom: 2px solid currentColor; padding-bottom: 5px; margin-top: 0; color: inherit; opacity: 0.8;'>Indicaciones de Uso<\/h2>\n<ul style='padding-left: 20px; font-size: 15px; color: inherit;'>\n<li style='margin-bottom: 5px;'>Presionar el bot\u00f3n de encendido para verificar el nivel de bater\u00eda<\/li>\n<li style='margin-bottom: 5px;'>El power bank se apaga autom\u00e1ticamente si no hay dispositivo conectado durante 30 segundos<\/li>\n<\/ul><\/div>\n<p> <!-- Separador final --> <\/p>\n<hr style='border: 0; border-top: 1px solid rgba(150&comma; 150&comma; 150&comma; 0.3); margin: 30px 0;'> <\/div>\n","protected":false},"excerpt":{"rendered":"<p>Power Bank de 10000mAh NEXODE | 22.5W | USB-A | USB-C | Indicador Led | Tecnolog\u00eda de Carga R\u00e1pida | Ultra Delgado | Ultra ligero | PD3.0\/QC3.0\/FCP\/AFC\/APPLE\/SAMSUNG\/ BC1.2\/SC |  Aprobado CE, Rohs, FCC, REACH, POPS, etc.<\/p>\n","protected":false},"featured_media":98252,"comment_status":"open","ping_status":"closed","template":"","meta":[],"product_brand":[],"product_cat":[1235],"product_tag":[417,1236,650],"class_list":{"0":"post-98253","1":"product","2":"type-product","3":"status-publish","4":"has-post-thumbnail","6":"product_cat-accesorios-para-computadora-y-smartphones","7":"product_tag-accesorios-generales","8":"product_tag-accesorios-para-computadora-y-smartphones","9":"product_tag-ugreen","11":"first","12":"instock","13":"sale","14":"shipping-taxable","15":"purchasable","16":"product-type-simple"},"_links":{"self":[{"href":"https:\/\/soydeaqui.ddns.net\/pachuca\/index.php\/wp-json\/wp\/v2\/product\/98253","targetHints":{"allow":["GET"]}}],"collection":[{"href":"https:\/\/soydeaqui.ddns.net\/pachuca\/index.php\/wp-json\/wp\/v2\/product"}],"about":[{"href":"https:\/\/soydeaqui.ddns.net\/pachuca\/index.php\/wp-json\/wp\/v2\/types\/product"}],"replies":[{"embeddable":true,"href":"https:\/\/soydeaqui.ddns.net\/pachuca\/index.php\/wp-json\/wp\/v2\/comments?post=98253"}],"wp:featuredmedia":[{"embeddable":true,"href":"https:\/\/soydeaqui.ddns.net\/pachuca\/index.php\/wp-json\/wp\/v2\/media\/98252"}],"wp:attachment":[{"href":"https:\/\/soydeaqui.ddns.net\/pachuca\/index.php\/wp-json\/wp\/v2\/media?parent=98253"}],"wp:term":[{"taxonomy":"product_brand","embeddable":true,"href":"https:\/\/soydeaqui.ddns.net\/pachuca\/index.php\/wp-json\/wp\/v2\/product_brand?post=98253"},{"taxonomy":"product_cat","embeddable":true,"href":"https:\/\/soydeaqui.ddns.net\/pachuca\/index.php\/wp-json\/wp\/v2\/product_cat?post=98253"},{"taxonomy":"product_tag","embeddable":true,"href":"https:\/\/soydeaqui.ddns.net\/pachuca\/index.php\/wp-json\/wp\/v2\/product_tag?post=98253"}],"curies":[{"name":"wp","href":"https:\/\/api.w.org\/{rel}","templated":true}]}}