{"id":98243,"date":"2026-03-20T09:32:50","date_gmt":"2026-03-20T09:32:50","guid":{"rendered":"https:\/\/soydeaqui.ddns.net\/pachuca\/index.php\/producto\/fisheye-de-esquina-ip-5-mp-lente-2-3-mm-6-m-ir-invisible-ia-avanzada-deteccion-facial-merodeo-intrusion-ndaa-onvif-h-265-ip66-nema-4x-poe-alarmas-i-o-microfono-y-bocina-integrado\/"},"modified":"2026-03-20T09:32:52","modified_gmt":"2026-03-20T09:32:52","slug":"fisheye-de-esquina-ip-5-mp-lente-2-3-mm-6-m-ir-invisible-ia-avanzada-deteccion-facial-merodeo-intrusion-ndaa-onvif-h-265-ip66-nema-4x-poe-alarmas-i-o-microfono-y-bocina-integrado","status":"publish","type":"product","link":"https:\/\/soydeaqui.ddns.net\/pachuca\/index.php\/producto\/fisheye-de-esquina-ip-5-mp-lente-2-3-mm-6-m-ir-invisible-ia-avanzada-deteccion-facial-merodeo-intrusion-ndaa-onvif-h-265-ip66-nema-4x-poe-alarmas-i-o-microfono-y-bocina-integrado\/","title":{"rendered":"Fisheye de Esquina IP 5 MP \/ Lente 2.3 mm \/ 6 m IR Invisible \/ IA avanzada \/ Detecci\u00f3n Facial\/Merodeo\/Intrusi\u00f3n \/ NDAA \/ ONVIF \/ H.265 \/ IP66 \/ NEMA 4X \/ PoE \/ Alarmas I\/O Micr\u00f3fono y Bocina Integrado \/ Serie 60 \/ Honeywell Security"},"content":{"rendered":"<div style='width: 100%; max-width: 1200px; margin: 0 auto; font-family: sans-serif; line-height: 1.6; color: inherit; background-color: transparent;'>\n<div style='width: 100%; max-width: 1200px; margin: 0 auto; padding: 0 15px;'>\n<div style='width: 100%; margin-bottom: 30px;'> <img style='width: 100%; height: auto; border: 1px solid rgba(150&comma;150&comma;150&comma;0.3); border-radius: 8px;' src='https:\/\/ftp3.syscom.mx\/usuarios\/pnunez\/Honeywell\/HC30WE5R2\/Imagenes\/banner-honeywell.jpg' alt='Banner Honeywell'> <\/div>\n<div style='width: 100%; margin-bottom: 30px;'> <img style='width: 100%; height: auto; border: 1px solid rgba(150&comma;150&comma;150&comma;0.3); border-radius: 8px;' src='https:\/\/ftp3.syscom.mx\/usuarios\/pnunez\/Honeywell\/Banners\/syscom-stock-disponible%20%281%29.jpg' alt='Stock Disponible'> <\/div>\n<\/p><\/div>\n<div style='display: flex; flex-wrap: wrap; gap: 30px; margin-bottom: 30px;'>\n<div style='flex: 1 1 300px; min-width: 280px;'>\n<h3 style='font-size: 22px; border-bottom: 2px solid currentColor; padding-bottom: 5px; margin-top: 0; color: inherit; opacity: 0.8;'>Caracter\u00edsticas de la C\u00e1mara:<\/h3>\n<ul style='padding-left: 20px; font-size: 15px; color: inherit;'>\n<li style='margin-bottom: 5px;'>Resoluci\u00f3n m\u00e1xima: <strong>5 Megap\u00edxeles (2592 x 1944)<\/strong> a 30 FPS.<\/li>\n<li style='margin-bottom: 5px;'>Sensor de imagen: <strong>1\/2.8 Scan Progresivo CMOS<\/strong><\/li>\n<li style='margin-bottom: 5px;'>Iluminaci\u00f3n m\u00ednima: <strong>Color: 0.11Lux&comma; B\/N: 0.01Lux @F2.3<\/strong><\/li>\n<li style='margin-bottom: 5px;'>D\u00eda \/ Noche <strong>Auto \/ Calendarizable<\/strong><\/li>\n<li style='margin-bottom: 5px;'>\u00c1ngulo de visi\u00f3n: <strong>Horizontal: 128\u00b0&comma; Vertical: 95\u00b0<\/strong><\/li>\n<li style='margin-bottom: 5px;'>Lente <strong>Fijo<\/strong><\/li>\n<li style='margin-bottom: 5px;'>Distancia de IR: <strong>6 m IR Invisible<\/strong><\/li>\n<li style='margin-bottom: 5px;'>Compresi\u00f3n: <strong>H.265&comma; H.264&comma; MJPEG<\/strong><\/li>\n<\/ul><\/div>\n<div style='flex: 1 1 300px; min-width: 280px;'>\n<h3 style='font-size: 22px; border-bottom: 2px solid currentColor; padding-bottom: 5px; margin-top: 0; color: inherit; opacity: 0.8;'>Caracter\u00edsticas Generales:<\/h3>\n<ul style='padding-left: 20px; font-size: 15px; color: inherit;'>\n<li style='margin-bottom: 5px;'>Compensaci\u00f3n de luz: <strong>WDR 130dB&comma; HLC&comma; 3D DNR<\/strong><\/li>\n<li style='margin-bottom: 5px;'>Video anal\u00edticos embebidos: <strong>Detecci\u00f3n de Rostros&comma; Movimiento&comma; Intrusi\u00f3n&comma; Merodeador&comma; Cruce de l\u00ednea&comma; Objeto abandonado\/perdido<\/strong><\/li>\n<li style='margin-bottom: 5px;'>\u00c1reas de privacidad <strong>5<\/strong><\/li>\n<li style='margin-bottom: 5px;'>Almacenamiento: <strong>Soporta microSD de hasta 1 TB (no incluida)<\/strong><\/li>\n<li style='margin-bottom: 5px;'>ONVIF: <strong>Profile S&comma; G<\/strong><\/li>\n<li style='margin-bottom: 5px;'><strong>Certificaci\u00f3n NDAA<\/strong><\/li>\n<li style='margin-bottom: 5px;'><strong>Garant\u00eda 5 a\u00f1os<\/strong><\/li>\n<\/ul><\/div>\n<div style='flex: 1 1 300px; min-width: 280px;'>\n<h3 style='font-size: 22px; border-bottom: 2px solid currentColor; padding-bottom: 5px; margin-top: 0; color: inherit; opacity: 0.8;'>Caracter\u00edsticas F\u00edsicas y El\u00e9ctricas:<\/h3>\n<ul style='padding-left: 20px; font-size: 15px; color: inherit;'>\n<li style='margin-bottom: 5px;'>Temperatura de operaci\u00f3n: <strong>-10 a 50 \u00b0C<\/strong><\/li>\n<li style='margin-bottom: 5px;'>Alimentaci\u00f3n: <strong>24 VCA\/ 12 VCD&comma; PoE 802.3af&comma; Clase 3<\/strong><\/li>\n<li style='margin-bottom: 5px;'>Protecci\u00f3n: <strong>IP66 \/ NEMA4X \/ IK10+<\/strong><\/li>\n<li style='margin-bottom: 5px;'>Dimensiones: <strong>205.0 x 200.0 x 58.3 mm<\/strong><\/li>\n<li style='margin-bottom: 5px;'>Peso: <strong>1.1 Kg<\/strong><\/li>\n<li style='margin-bottom: 5px;'>Puerto Ethernet <strong>RJ45 10\/100 Mbps<\/strong><\/li>\n<li style='margin-bottom: 5px;'>Entrada\/Salida de audio de l\u00ednea <strong>dos v\u00edas<\/strong><\/li>\n<li style='margin-bottom: 5px;'>1 Entrada\/1 Salida de alarma<\/li>\n<li style='margin-bottom: 5px;'>Micr\u00f3fono y Bocinas <strong>Integrados<\/strong><\/li>\n<\/ul><\/div>\n<\/p><\/div>\n<div style='width: 100%; max-width: 1200px; margin: 0 auto; padding: 0 15px;'>\n<div style='width: 100%; margin-bottom: 30px;'> <img style='width: 70%; height: auto; border: 1px solid rgba(150&comma;150&comma;150&comma;0.3); border-radius: 8px; display: block; margin: 0 auto;' src='https:\/\/ftp3.syscom.mx\/usuarios\/pnunez\/Honeywell\/HC70WC5R3\/HC70WC5R3%20dimensiones.png' alt='Dimensiones'> <\/div>\n<div style='width: 100%; margin-bottom: 30px;'> <img style='width: 100%; height: auto; border: 1px solid rgba(150&comma;150&comma;150&comma;0.3); border-radius: 8px;' src='https:\/\/ftp3.syscom.mx\/usuarios\/pnunez\/Honeywell\/NDAA\/NDAA-HONEYWELL.jpg' alt='Certificaci\u00f3n NDAA'> <\/div>\n<div style='position: relative; padding-bottom: 56.25%; height: 0; overflow: hidden; margin-bottom: 30px;'>   <\/div>\n<\/p><\/div>\n<\/p><\/div>\n","protected":false},"excerpt":{"rendered":"<p>Fisheye de Esquina IP 5 MP \/ Lente 2.3 mm \/ 6 m IR Invisible \/ IA avanzada \/ Detecci\u00f3n Facial\/Merodeo\/Intrusi\u00f3n \/ NDAA \/ ONVIF \/ H.265 \/ IP66 \/ NEMA 4X \/ PoE \/ Alarmas I\/O Micr\u00f3fono y Bocina Integrado \/ Serie 60 \/ Honeywell Security<\/p>\n","protected":false},"featured_media":98242,"comment_status":"open","ping_status":"closed","template":"","meta":[],"product_brand":[],"product_cat":[2248],"product_tag":[122,2249,209],"class_list":{"0":"post-98243","1":"product","2":"type-product","3":"status-publish","4":"has-post-thumbnail","6":"product_cat-fisheye-y-hemisfericas","7":"product_tag-camaras-ip-y-nvrs","8":"product_tag-fisheye-y-hemisfericas","9":"product_tag-honeywell","11":"first","12":"outofstock","13":"sale","14":"shipping-taxable","15":"purchasable","16":"product-type-simple"},"_links":{"self":[{"href":"https:\/\/soydeaqui.ddns.net\/pachuca\/index.php\/wp-json\/wp\/v2\/product\/98243","targetHints":{"allow":["GET"]}}],"collection":[{"href":"https:\/\/soydeaqui.ddns.net\/pachuca\/index.php\/wp-json\/wp\/v2\/product"}],"about":[{"href":"https:\/\/soydeaqui.ddns.net\/pachuca\/index.php\/wp-json\/wp\/v2\/types\/product"}],"replies":[{"embeddable":true,"href":"https:\/\/soydeaqui.ddns.net\/pachuca\/index.php\/wp-json\/wp\/v2\/comments?post=98243"}],"wp:featuredmedia":[{"embeddable":true,"href":"https:\/\/soydeaqui.ddns.net\/pachuca\/index.php\/wp-json\/wp\/v2\/media\/98242"}],"wp:attachment":[{"href":"https:\/\/soydeaqui.ddns.net\/pachuca\/index.php\/wp-json\/wp\/v2\/media?parent=98243"}],"wp:term":[{"taxonomy":"product_brand","embeddable":true,"href":"https:\/\/soydeaqui.ddns.net\/pachuca\/index.php\/wp-json\/wp\/v2\/product_brand?post=98243"},{"taxonomy":"product_cat","embeddable":true,"href":"https:\/\/soydeaqui.ddns.net\/pachuca\/index.php\/wp-json\/wp\/v2\/product_cat?post=98243"},{"taxonomy":"product_tag","embeddable":true,"href":"https:\/\/soydeaqui.ddns.net\/pachuca\/index.php\/wp-json\/wp\/v2\/product_tag?post=98243"}],"curies":[{"name":"wp","href":"https:\/\/api.w.org\/{rel}","templated":true}]}}