{"id":98229,"date":"2026-03-20T09:32:14","date_gmt":"2026-03-20T09:32:14","guid":{"rendered":"https:\/\/soydeaqui.ddns.net\/pachuca\/index.php\/producto\/decodificador-de-video-de-4-canales-con-salida-4k-4-salidas-hdmi-soporta-hasta-64-canales-de-video-simultaneos-videowall\/"},"modified":"2026-03-20T09:32:24","modified_gmt":"2026-03-20T09:32:24","slug":"decodificador-de-video-de-4-canales-con-salida-4k-4-salidas-hdmi-soporta-hasta-64-canales-de-video-simultaneos-videowall","status":"publish","type":"product","link":"https:\/\/soydeaqui.ddns.net\/pachuca\/index.php\/producto\/decodificador-de-video-de-4-canales-con-salida-4k-4-salidas-hdmi-soporta-hasta-64-canales-de-video-simultaneos-videowall\/","title":{"rendered":"Decodificador de V\u00eddeo de 4 canales con salida 4K \/ 4 Salidas HDMI \/ Soporta hasta 64 canales de V\u00eddeo Simult\u00e1neos \/ Videowall"},"content":{"rendered":"<div style='width: 100%; max-width: 1200px; margin: 0 auto; font-family: sans-serif; line-height: 1.6; color: inherit; background-color: transparent;'> <!-- Imagen principal centrada --> <\/p>\n<div style='text-align: center; margin: 30px 0;'> <img style='width: 100%; max-width: 600px; height: auto; border: 1px solid rgba(150&comma;150&comma;150&comma;0.3); border-radius: 8px;' src='https:\/\/ftp3.syscom.mx\/usuarios\/nortega\/hikvision\/HPD.png' alt='Decodificador de V\u00eddeo'> <\/div>\n<p> <!-- Secci\u00f3n principal con grid --> <\/p>\n<div style='display: grid; grid-template-columns: repeat(auto-fill&comma; minmax(280px&comma; 1fr)); gap: 30px; margin-bottom: 40px;'> <!-- Caracter\u00edsticas principales --> <\/p>\n<div>\n<h3 style='font-size: 22px; border-bottom: 2px solid currentColor; padding-bottom: 5px; margin-top: 0; color: inherit; opacity: 0.8;'>Caracter\u00edsticas principales<\/h3>\n<ul style='padding-left: 20px; font-size: 15px; color: inherit;'>\n<li style='margin-bottom: 5px;'>Compresi\u00f3n de video: H.265+ \/ H.265 \/ H.264+ \/ H.264 \/ MPEG4<\/li>\n<li style='margin-bottom: 5px;'>Salida de video en 4K<\/li>\n<li style='margin-bottom: 5px;'>Soporta decodificaci\u00f3n de video remoto<\/li>\n<li style='margin-bottom: 5px;'>Soporta audio de dos v\u00edas (entrada\/salida de audio con conector 3.5 mm)<\/li>\n<li style='margin-bottom: 5px;'>Compatible con RTP y RTSP<\/li>\n<li style='margin-bottom: 5px;'>Decodificaci\u00f3n de hasta 64 canales<\/li>\n<li style='margin-bottom: 5px; font-weight: bold;'>Configuraci\u00f3n y operaci\u00f3n v\u00eda WEB \/ Sin licenciamiento requerido<\/li>\n<li style='margin-bottom: 5px;'>Se puede enviar video IP desde una PC (se requiere Cliente Hikcentral)<\/li>\n<\/ul><\/div>\n<p> <!-- Resoluci\u00f3n de decodificaci\u00f3n --> <\/p>\n<div>\n<h3 style='font-size: 22px; border-bottom: 2px solid currentColor; padding-bottom: 5px; margin-top: 0; color: inherit; opacity: 0.8;'>Resoluci\u00f3n de decodificaci\u00f3n de video<\/h3>\n<ul style='padding-left: 20px; font-size: 15px; color: inherit;'>\n<li style='margin-bottom: 5px;'>64 canales 720p<\/li>\n<li style='margin-bottom: 5px;'>32 canales 1080p<\/li>\n<li style='margin-bottom: 5px;'>16 canales 4MP<\/li>\n<li style='margin-bottom: 5px;'>10 canales 6MP<\/li>\n<li style='margin-bottom: 5px;'>8 canales 8MP<\/li>\n<li style='margin-bottom: 5px;'>4 canales 12MP<\/li>\n<li style='margin-bottom: 5px;'>2 canales 24MP o 32MP<\/li>\n<\/ul>\n<div style='margin-top: 20px;'> <strong style='font-size: 15px; color: inherit;'>Visualizaci\u00f3n por pantalla:<\/strong> <\/p>\n<p style='margin: 8px 0; color: inherit;'>Hasta 25 c\u00e1maras por pantalla<\/p>\n<\/p><\/div>\n<\/p><\/div>\n<p> <!-- Interfaces --> <\/p>\n<div>\n<h3 style='font-size: 22px; border-bottom: 2px solid currentColor; padding-bottom: 5px; margin-top: 0; color: inherit; opacity: 0.8;'>Interfaces<\/h3>\n<ul style='padding-left: 20px; font-size: 15px; color: inherit;'>\n<li style='margin-bottom: 5px;'>8 Entradas y 8 salidas de alarma<\/li>\n<li style='margin-bottom: 5px;'>2 Entradas y 4 Salidas HDMI 4K<\/li>\n<li style='margin-bottom: 5px;'>2 Puertos RJ45 10\/100\/1000 Mbps<\/li>\n<li style='margin-bottom: 5px;'>2 Puertos OPT 100 base-FX\/1000 base-X<\/li>\n<li style='margin-bottom: 5px;'>1 Puerto serial RS-232 (RJ45)<\/li>\n<li style='margin-bottom: 5px;'>2 USB 2.0<\/li>\n<\/ul>\n<div style='margin-top: 20px;'> <strong style='font-size: 15px; color: inherit;'>Accesorios en caja:<\/strong> <\/p>\n<ul style='padding-left: 20px; margin-top: 8px; font-size: 15px; color: inherit;'>\n<li style='margin-bottom: 5px;'>1 cable DB15 a 8 BNC (Audio)<\/li>\n<li style='margin-bottom: 5px;'>1 Cable DB15 a 4 BNC (Video)<\/li>\n<li style='margin-bottom: 5px;'>1 Manual de usuario<\/li>\n<li style='margin-bottom: 5px;'>1 Cable de corriente<\/li>\n<li style='margin-bottom: 5px;'>1 Cable de tierra<\/li>\n<\/ul><\/div>\n<\/p><\/div>\n<\/p><\/div>\n<p> <!-- Secci\u00f3n f\u00edsica y el\u00e9ctrica --> <\/p>\n<div style='display: grid; grid-template-columns: repeat(auto-fill&comma; minmax(280px&comma; 1fr)); gap: 30px; margin-bottom: 40px;'>\n<div>\n<h3 style='font-size: 22px; border-bottom: 2px solid currentColor; padding-bottom: 5px; margin-top: 0; color: inherit; opacity: 0.8;'>Caracter\u00edsticas F\u00edsicas y El\u00e9ctricas<\/h3>\n<ul style='padding-left: 20px; font-size: 15px; color: inherit;'>\n<li style='margin-bottom: 5px;'>Alimentaci\u00f3n 110 &#8211; 220 Vca \/ 108 W<\/li>\n<li style='margin-bottom: 5px;'>Temperatura de operaci\u00f3n: -10 a 55 \u00b0C<\/li>\n<li style='margin-bottom: 5px;'>Dimensiones: 440 x 320.8 x 44.5 mm<\/li>\n<li style='margin-bottom: 5px;'>Peso: 5.2 kgs<\/li>\n<\/ul><\/div>\n<div>\n<h3 style='font-size: 22px; border-bottom: 2px solid currentColor; padding-bottom: 5px; margin-top: 0; color: inherit; opacity: 0.8;'>Requerimientos para integraci\u00f3n con HikCentral<\/h3>\n<ul style='padding-left: 20px; font-size: 15px; color: inherit;'>\n<li style='margin-bottom: 5px; font-weight: bold;'>HC-P-SW-M (licencia para a\u00f1adir modulo de videowall)<\/li>\n<li style='margin-bottom: 5px;'>Se requiere una estaci\u00f3n de trabajo para poder administrar el software y poder configurar el videowall<\/li>\n<\/ul>\n<p style='margin-top: 20px; color: inherit; font-weight: bold;'>No compatible con IVMS-4200<\/p>\n<\/p><\/div>\n<\/p><\/div>\n<p> <!-- Recursos --> <\/p>\n<div style='margin-bottom: 40px;'>\n<h2 style='text-align: center; font-size: 24px; margin-bottom: 20px; color: inherit; opacity: 0.8;'>Recursos<\/h2>\n<div style='display: grid; grid-template-columns: repeat(auto-fill&comma; minmax(250px&comma; 1fr)); gap: 20px;'>\n<div style='text-align: center;'> <a href='https:\/\/www.hikvision.com\/es-la\/support\/download\/software\/ivms4200-series\/?q=serie%20ivms4200&#038;position=1' target='_blank' rel='noopener' style='text-decoration: none; color: inherit;'> <img style='width: 100%; height: auto; border: 1px solid rgba(150&comma;150&comma;150&comma;0.3); border-radius: 8px; max-width: 300px;' src='https:\/\/ftp3.syscom.mx\/usuarios\/gmagos\/HIK\/IP\/IPC\/Imagenes%20pagina\/Descargas%20IVMS4200.jpg' alt='IVMS 4200'> <\/a> <\/div>\n<div style='text-align: center;'> <a href='https:\/\/appstore.hikvision.com\/' target='_blank' rel='noopener' style='text-decoration: none; color: inherit;'> <img style='width: 100%; height: auto; border: 1px solid rgba(150&comma;150&comma;150&comma;0.3); border-radius: 8px; max-width: 300px;' src='https:\/\/ftp3.syscom.mx\/usuarios\/gmagos\/HIK\/IP\/IPC\/Imagenes%20pagina\/Descargas%20de%20app.jpg' alt='App Store Hikvision'> <\/a> <\/div>\n<div style='text-align: center;'> <a href='https:\/\/ftp3.syscom.mx\/usuarios\/jsosa\/HIKVISION\/specs\/codificadores\/DS6900UDIB\/DS-6916UDI%28B%29%20Decoder%20V2.6.1.pdf' target='_blank' rel='noopener' style='text-decoration: none; color: inherit;'> <img style='width: 100%; height: auto; border: 1px solid rgba(150&comma;150&comma;150&comma;0.3); border-radius: 8px; max-width: 300px;' src='https:\/\/ftp3.syscom.mx\/usuarios\/gmagos\/HIK\/IP\/IPC\/Imagenes%20pagina\/Descarga%20de%20PDF.jpg' alt='Ficha t\u00e9cnica PDF'> <\/a> <\/div>\n<\/p><\/div>\n<\/p><\/div>\n<p> <!-- Diagramas --> <\/p>\n<div style='margin-bottom: 40px;'>\n<p style='text-align: center; margin-bottom: 20px; font-weight: bold; color: inherit;'>Diagrama de Integraci\u00f3n con HikCentral<\/p>\n<div style='text-align: center; margin-bottom: 30px;'> <img style='width: 100%; max-width: 800px; height: auto; border: 1px solid rgba(150&comma;150&comma;150&comma;0.3); border-radius: 8px;' src='https:\/\/ftp3.syscom.mx\/usuarios\/jsosa\/HIKVISION\/imagenes\/decoders\/diagrama%20decoder.jpg' alt='Diagrama de Integraci\u00f3n'> <\/div>\n<div style='text-align: center;'> <img style='width: 100%; max-width: 800px; height: auto; border: 1px solid rgba(150&comma;150&comma;150&comma;0.3); border-radius: 8px;' src='https:\/\/ftp3.syscom.mx\/usuarios\/nortega\/hikvision\/imagenes\/HIKVISION-VW-DS.png' alt='Diagrama de sistema'> <\/div>\n<\/p><\/div>\n<p> <!-- Separador final --> <\/p>\n<hr style='border: 0; border-top: 1px solid rgba(150&comma; 150&comma; 150&comma; 0.3); margin: 30px 0;'> <\/div>\n","protected":false},"excerpt":{"rendered":"<p>Decodificador de V\u00eddeo de 4 canales con salida 4K \/ 4 Salidas HDMI \/ Soporta hasta 64 canales de V\u00eddeo Simult\u00e1neos \/ Videowall<\/p>\n","protected":false},"featured_media":98228,"comment_status":"open","ping_status":"closed","template":"","meta":[],"product_brand":[],"product_cat":[2088],"product_tag":[54,2089,2090],"class_list":{"0":"post-98229","1":"product","2":"type-product","3":"status-publish","4":"has-post-thumbnail","6":"product_cat-videowall-seguridad","7":"product_tag-hikvision","8":"product_tag-monitores-pantallas-y-mobiliario","9":"product_tag-videowall-seguridad","11":"first","12":"instock","13":"sale","14":"shipping-taxable","15":"purchasable","16":"product-type-simple"},"_links":{"self":[{"href":"https:\/\/soydeaqui.ddns.net\/pachuca\/index.php\/wp-json\/wp\/v2\/product\/98229","targetHints":{"allow":["GET"]}}],"collection":[{"href":"https:\/\/soydeaqui.ddns.net\/pachuca\/index.php\/wp-json\/wp\/v2\/product"}],"about":[{"href":"https:\/\/soydeaqui.ddns.net\/pachuca\/index.php\/wp-json\/wp\/v2\/types\/product"}],"replies":[{"embeddable":true,"href":"https:\/\/soydeaqui.ddns.net\/pachuca\/index.php\/wp-json\/wp\/v2\/comments?post=98229"}],"wp:featuredmedia":[{"embeddable":true,"href":"https:\/\/soydeaqui.ddns.net\/pachuca\/index.php\/wp-json\/wp\/v2\/media\/98228"}],"wp:attachment":[{"href":"https:\/\/soydeaqui.ddns.net\/pachuca\/index.php\/wp-json\/wp\/v2\/media?parent=98229"}],"wp:term":[{"taxonomy":"product_brand","embeddable":true,"href":"https:\/\/soydeaqui.ddns.net\/pachuca\/index.php\/wp-json\/wp\/v2\/product_brand?post=98229"},{"taxonomy":"product_cat","embeddable":true,"href":"https:\/\/soydeaqui.ddns.net\/pachuca\/index.php\/wp-json\/wp\/v2\/product_cat?post=98229"},{"taxonomy":"product_tag","embeddable":true,"href":"https:\/\/soydeaqui.ddns.net\/pachuca\/index.php\/wp-json\/wp\/v2\/product_tag?post=98229"}],"curies":[{"name":"wp","href":"https:\/\/api.w.org\/{rel}","templated":true}]}}