{"id":98212,"date":"2026-03-20T09:31:28","date_gmt":"2026-03-20T09:31:28","guid":{"rendered":"https:\/\/soydeaqui.ddns.net\/pachuca\/index.php\/producto\/camara-bala-ip-4k-con-ia-lente-motorizado-31x-6-91-a-214-7-mm-p-iris-wdr-120db-h-265-ranurasd-proteccion-ip67-ik10-nema4x-conteo-de-personas-y-vehiculos\/"},"modified":"2026-03-20T09:31:41","modified_gmt":"2026-03-20T09:31:41","slug":"camara-bala-ip-4k-con-ia-lente-motorizado-31x-6-91-a-214-7-mm-p-iris-wdr-120db-h-265-ranurasd-proteccion-ip67-ik10-nema4x-conteo-de-personas-y-vehiculos","status":"publish","type":"product","link":"https:\/\/soydeaqui.ddns.net\/pachuca\/index.php\/producto\/camara-bala-ip-4k-con-ia-lente-motorizado-31x-6-91-a-214-7-mm-p-iris-wdr-120db-h-265-ranurasd-proteccion-ip67-ik10-nema4x-conteo-de-personas-y-vehiculos\/","title":{"rendered":"Camara Bala IP 4K con IA \/ Lente Motorizado 31x 6.91 a 214.7 mm \/ P-Iris \/ WDR 120dB \/ H.265 \/ RanuraSD \/ Protecci\u00f3n IP67 IK10 NEMA4X \/ conteo de personas y vehiculos"},"content":{"rendered":"<div style='width: 100%; max-width: 1200px; margin: 0 auto; font-family: sans-serif; line-height: 1.6; color: inherit; background-color: transparent;'> <!-- Secci\u00f3n 1 - Compresi\u00f3n de video --> <\/p>\n<div style='display: flex; flex-wrap: wrap; gap: 30px; margin-bottom: 30px;'>\n<div style='flex: 1 1 300px; min-width: 280px;'> <img style='width: 100%; height: auto; border: 1px solid rgba(150&comma;150&comma;150&comma;0.3); border-radius: 8px;' src='https:\/\/ftp3.syscom.mx\/usuarios\/imendez\/Hanwha\/Serie%20X\/GIF\/WiseStream.gif' alt=''> <\/div>\n<div style='flex: 1 1 300px; min-width: 280px;'>\n<h3 style='font-size: 22px; border-bottom: 2px solid currentColor; padding-bottom: 5px; margin-top: 0; color: inherit; opacity: 0.8;'>H.265 + WiseStream II<\/h3>\n<p style='text-align: justify; font-size: 15px; color: inherit;'>Mediante WiseStream II&comma; la tecnolog\u00eda de compresi\u00f3n de v\u00eddeo de Hanwha Techwin&comma; la serie Wisenet X reduce el almacenamiento de datos hasta un 99% en comparaci\u00f3n con la actual tecnolog\u00eda H.264&comma; cuando se combina con la compresi\u00f3n H.265. Los costes del sistema se reducen enormemente sin comprometer la calidad de las im\u00e1genes.<\/p>\n<\/p><\/div>\n<\/p><\/div>\n<p> <!-- Secci\u00f3n 2 - An\u00e1lisis de video --> <\/p>\n<div style='display: flex; flex-wrap: wrap; gap: 30px; margin-bottom: 30px;'>\n<div style='flex: 1 1 300px; min-width: 280px;'>\n<h3 style='font-size: 22px; border-bottom: 2px solid currentColor; padding-bottom: 5px; margin-top: 0; color: inherit; opacity: 0.8;'>An\u00e1lisis de v\u00eddeo basado en Deep Learning<\/h3>\n<p style='font-size: 15px; color: inherit;'>Las c\u00e1maras Wisenet AI que utilizan algoritmos AI filtran los movimientos irrelevantes causados por cambios ambientales como agitar \u00e1rboles&comma; sombras o animales. Mientras que las c\u00e1maras convencionales detectan el movimiento en funci\u00f3n de sus p\u00edxeles y generan eventos incluso si los usuarios desean ignorarlo&comma; las c\u00e1maras Wisenet AI basadas en Deep Learning generan alarmas de eventos solo para personas y veh\u00edculos&comma; reduciendo las falsas alarmas para una operaci\u00f3n m\u00e1s eficiente<\/p>\n<\/p><\/div>\n<div style='flex: 1 1 300px; min-width: 280px;'> <img style='width: 100%; height: auto; border: 1px solid rgba(150&comma;150&comma;150&comma;0.3); border-radius: 8px;' src='https:\/\/ftp3.syscom.mx\/usuarios\/gmagos\/Hanwha\/fotos\/feature_1-min2.gif' alt=''> <\/div>\n<\/p><\/div>\n<p> <!-- Secci\u00f3n 3 - BestShots --> <\/p>\n<div style='display: flex; flex-wrap: wrap; gap: 30px; margin-bottom: 30px;'>\n<div style='flex: 1 1 300px; min-width: 280px;'> <img style='width: 100%; height: auto; border: 1px solid rgba(150&comma;150&comma;150&comma;0.3); border-radius: 8px;' src='https:\/\/ftp3.syscom.mx\/usuarios\/fotos\/TNB9000\/188256-captura_de_pantalla_2020-06-10_a_la(s)_17.42.10.png' alt=''> <\/div>\n<div style='flex: 1 1 300px; min-width: 280px;'>\n<h3 style='font-size: 22px; border-bottom: 2px solid currentColor; padding-bottom: 5px; margin-top: 0; color: inherit; opacity: 0.8;'>BestShots<\/h3>\n<p style='font-size: 15px; color: inherit;'>Los metadatos que incluyen el atributo (personas: edad&comma; sexo&comma; colores de la ropa de arriba \/ abajo&comma; usar anteojos&comma; veh\u00edculo: tipos&comma; colores) se env\u00edan al servidor de fondo y se utilizan para extraer informaci\u00f3n sobre situaciones espec\u00edficas&comma; lo que reduce significativamente el tiempo para buscar todo el video. Las c\u00e1maras con AI de la serie Wisenet P est\u00e1n equipadas con la funci\u00f3n BestShot para la reidentificaci\u00f3n que garantiza que solo las im\u00e1genes m\u00e1s adecuadas de los objetos clasificados se env\u00eden al servidor de fondo.<\/p>\n<\/p><\/div>\n<\/p><\/div>\n<p> <!-- T\u00edtulo de caracter\u00edsticas t\u00e9cnicas --> <\/p>\n<h2 style='text-align: center; font-size: 18px; font-weight: bold; margin-bottom: 30px; color: inherit; opacity: 0.8;'>Caracter\u00edsticas t\u00e9cnicas<\/h2>\n<p> <!-- Secci\u00f3n de cards con especificaciones --> <\/p>\n<div style='display: flex; flex-wrap: wrap; gap: 20px; margin-bottom: 30px;'> <!-- Caracter\u00edsticas de video --> <\/p>\n<div style='flex: 1 1 250px; border: 1px solid rgba(150&comma; 150&comma; 150&comma; 0.4); border-radius: 8px; overflow: hidden; display: flex; flex-direction: column;'>\n<div style='padding: 15px; border-bottom: 1px solid rgba(150&comma; 150&comma; 150&comma; 0.2); font-weight: bold; font-size: 18px; color: inherit;'>Video<\/div>\n<div style='padding: 15px; color: inherit;'>\n<ul style='padding-left: 20px; margin: 0; font-size: 14px; list-style-type: disc;'>\n<li style='margin-bottom: 5px;'><strong>Compresi\u00f3n:<\/strong> H.265 &#038; WiseStream II \/ H.264 \/ MJPEG<\/li>\n<li style='margin-bottom: 5px;'><strong>Resoluci\u00f3n:<\/strong> 4K (8MP)<\/li>\n<li style='margin-bottom: 5px;'><strong>Sensor:<\/strong> 1\/1.8&#8242;<\/li>\n<li style='margin-bottom: 5px;'><strong>Iluminaci\u00f3n m\u00ednima:<\/strong> Color: 0.075Lux&comma; BW: 0 Lux (IR encendido)<\/li>\n<li style='margin-bottom: 5px;'><strong>Lente:<\/strong> Motorizado de 6.91 a 214.7 mm<\/li>\n<li style='margin-bottom: 5px;'><strong>Iluminaci\u00f3n IR:<\/strong> WiseIR 70m<\/li>\n<\/ul>\n<div style='margin-top: 20px;'> <strong style='font-size: 14px; color: inherit;'>Almacenamiento<\/strong> <\/p>\n<ul style='padding-left: 20px; margin: 0; font-size: 14px; list-style-type: disc;'>\n<li style='margin-bottom: 5px;'>2 Ranuras para tarjeta microSD de hasta 256 GB (512GB max.)<\/li>\n<\/ul><\/div>\n<div style='margin-top: 20px;'> <strong style='font-size: 14px; color: inherit;'>Funciones<\/strong> <\/p>\n<ul style='padding-left: 20px; margin: 0; font-size: 14px; list-style-type: disc;'>\n<li style='margin-bottom: 5px;'>Compensaci\u00f3n de luz: <strong>WDR 120dB<\/strong>&comma; BLC<\/li>\n<li style='margin-bottom: 5px;'><strong>Enfoque simple<\/strong><\/li>\n<\/ul><\/div>\n<\/p><\/div>\n<\/p><\/div>\n<p> <!-- Interfaces y caracter\u00edsticas f\u00edsicas --> <\/p>\n<div style='flex: 1 1 250px; border: 1px solid rgba(150&comma; 150&comma; 150&comma; 0.4); border-radius: 8px; overflow: hidden; display: flex; flex-direction: column;'>\n<div style='padding: 15px; border-bottom: 1px solid rgba(150&comma; 150&comma; 150&comma; 0.2); font-weight: bold; font-size: 18px; color: inherit;'>Interfaces y Caracter\u00edsticas<\/div>\n<div style='padding: 15px; color: inherit;'> <strong style='font-size: 14px; color: inherit;'>Interfaces<\/strong> <\/p>\n<ul style='padding-left: 20px; margin: 0; font-size: 14px; list-style-type: disc;'>\n<li style='margin-bottom: 5px;'>1 Puerto Ethernet RJ45 10\/100 Base-T<\/li>\n<li style='margin-bottom: 5px;'>1 Entrada Audio (entrada de micr\u00f3fono \/ entrada de l\u00ednea)<\/li>\n<li style='margin-bottom: 5px;'>1 Salida de Audio<\/li>\n<li style='margin-bottom: 5px;'>2 Entrada \/ Salida Alarma<\/li>\n<li style='margin-bottom: 5px;'>Memoria Ram 4096MB<\/li>\n<li style='margin-bottom: 5px;'>Memoria Flash 1024MB<\/li>\n<\/ul>\n<div style='margin-top: 20px;'> <strong style='font-size: 14px; color: inherit;'>Caracter\u00edsticas F\u00edsicas y El\u00e9ctricas<\/strong> <\/p>\n<ul style='padding-left: 20px; margin: 0; font-size: 14px; list-style-type: disc;'>\n<li style='margin-bottom: 5px;'>Temperatura de Operaci\u00f3n: -40 a 55\u00b0C<\/li>\n<li style='margin-bottom: 5px;'>Certificaci\u00f3n: IP66 \/ IP67 \/ IK10&comma; NEMA4X<\/li>\n<li style='margin-bottom: 5px;'>Alimentaci\u00f3n: 12Vcc \/ PoE+ 802.03at<\/li>\n<li style='margin-bottom: 5px;'>Consumo: POE+ 25.5W \/ 12VCC 20W<\/li>\n<li style='margin-bottom: 5px;'>Dimensiones: \u00d8 136.0 x 358.7 mm<\/li>\n<li style='margin-bottom: 5px;'>Peso: 3.20Kg<\/li>\n<\/ul><\/div>\n<\/p><\/div>\n<\/p><\/div>\n<p> <!-- Anal\u00edticos y funcionalidades --> <\/p>\n<div style='flex: 1 1 250px; border: 1px solid rgba(150&comma; 150&comma; 150&comma; 0.4); border-radius: 8px; overflow: hidden; display: flex; flex-direction: column;'>\n<div style='padding: 15px; border-bottom: 1px solid rgba(150&comma; 150&comma; 150&comma; 0.2); font-weight: bold; font-size: 18px; color: inherit;'>An\u00e1lisis y Funcionalidades<\/div>\n<div style='padding: 15px; color: inherit;'> <strong style='font-size: 14px; color: inherit;'>An\u00e1lisis de eventos con base en el motor de IA<\/strong> <\/p>\n<ul style='padding-left: 20px; margin: 0; font-size: 14px; list-style-type: disc;'>\n<li style='margin-bottom: 5px;'>Detecci\u00f3n de objetos<\/li>\n<li style='margin-bottom: 5px;'>Merodeo<\/li>\n<li style='margin-bottom: 5px;'>Detecci\u00f3n de direcci\u00f3n<\/li>\n<li style='margin-bottom: 5px;'><strong>Cruce de l\u00ednea virtual<\/strong><\/li>\n<li style='margin-bottom: 5px;'>Entrada \/ Salida<\/li>\n<\/ul>\n<div style='margin-top: 20px;'> <strong style='font-size: 14px; color: inherit;'>Clasificaci\u00f3n de objetos<\/strong> <\/p>\n<ul style='padding-left: 20px; margin: 0; font-size: 14px; list-style-type: disc;'>\n<li style='margin-bottom: 5px;'>Persona\/Rostro<\/li>\n<li style='margin-bottom: 5px;'>Veh\u00edculo<\/li>\n<li style='margin-bottom: 5px;'>Matricula de vehiculos con atributos<\/li>\n<li style='margin-bottom: 5px;'>BestShot por objeto<\/li>\n<\/ul><\/div>\n<div style='margin-top: 20px;'> <strong style='font-size: 14px; color: inherit;'>An\u00e1lisis de eventos<\/strong> <\/p>\n<ul style='padding-left: 20px; margin: 0; font-size: 14px; list-style-type: disc;'>\n<li style='margin-bottom: 5px;'>Aparici\u00f3n \/ Desaparici\u00f3n<\/li>\n<li style='margin-bottom: 5px;'>Detecci\u00f3n de Desenfoque<\/li>\n<li style='margin-bottom: 5px;'>Detecci\u00f3n de Audio<\/li>\n<li style='margin-bottom: 5px;'>Detecci\u00f3n de Movimiento<\/li>\n<li style='margin-bottom: 5px;'>Sabotaje<\/li>\n<li style='margin-bottom: 5px;'><strong>Clasificaci\u00f3n de sonidos<\/strong><\/li>\n<\/ul><\/div>\n<div style='margin-top: 20px;'> <strong style='font-size: 14px; color: inherit;'>Business intelligence<\/strong> <\/p>\n<ul style='padding-left: 20px; margin: 0; font-size: 14px; list-style-type: disc;'>\n<li style='margin-bottom: 5px;'>Conteo de personas \/ Vehiculos \/ multitudes<\/li>\n<li style='margin-bottom: 5px;'>Manejo de filas<\/li>\n<li style='margin-bottom: 5px;'>Heatmap<\/li>\n<\/ul><\/div>\n<\/p><\/div>\n<\/p><\/div>\n<\/p><\/div>\n<p> <!-- Separador --> <\/p>\n<hr style='border: 0; border-top: 1px solid rgba(150&comma; 150&comma; 150&comma; 0.3); margin: 30px 0;'> <!-- Secci\u00f3n de caracter\u00edsticas adicionales --> <\/p>\n<div style='display: flex; flex-wrap: wrap; gap: 20px; margin-bottom: 30px;'>\n<div style='flex: 1 1 250px; border: 1px solid rgba(150&comma; 150&comma; 150&comma; 0.4); border-radius: 8px; overflow: hidden; display: flex; flex-direction: column; align-items: center; padding: 15px;'> <strong style='font-size: 16px; color: inherit; text-align: center;'>H.265 &#038; WiseStream II<\/strong> <\/div>\n<div style='flex: 1 1 250px; border: 1px solid rgba(150&comma; 150&comma; 150&comma; 0.4); border-radius: 8px; overflow: hidden; display: flex; flex-direction: column; align-items: center; padding: 15px;'> <strong style='font-size: 16px; color: inherit; text-align: center;'>Anal\u00edticos de Audio<\/strong> <\/div>\n<div style='flex: 1 1 250px; border: 1px solid rgba(150&comma; 150&comma; 150&comma; 0.4); border-radius: 8px; overflow: hidden; display: flex; flex-direction: column; align-items: center; padding: 15px;'> <strong style='font-size: 16px; color: inherit; text-align: center;'>Resoluci\u00f3n 8K<\/strong> <\/div>\n<\/p><\/div>\n<p> <!-- Secci\u00f3n de videos --> <\/p>\n<div style='display: flex; flex-wrap: wrap; gap: 30px; margin-bottom: 30px; justify-content: center;'>\n<div style='flex: 1 1 300px; min-width: 280px;'>\n<div style='position: relative; padding-bottom: 56.25%; height: 0; overflow: hidden; margin-bottom: 30px;'>   <\/div>\n<\/p><\/div>\n<div style='flex: 1 1 300px; min-width: 280px;'>\n<div style='position: relative; padding-bottom: 56.25%; height: 0; overflow: hidden; margin-bottom: 30px;'>   <\/div>\n<\/p><\/div>\n<div style='flex: 1 1 300px; min-width: 280px;'>\n<div style='position: relative; padding-bottom: 56.25%; height: 0; overflow: hidden; margin-bottom: 30px;'>   <\/div>\n<\/p><\/div>\n<\/p><\/div>\n<p> <!-- Secci\u00f3n de caracter\u00edsticas adicionales 2 --> <\/p>\n<div style='display: flex; flex-wrap: wrap; gap: 20px; margin-bottom: 30px;'>\n<div style='flex: 1 1 250px; border: 1px solid rgba(150&comma; 150&comma; 150&comma; 0.4); border-radius: 8px; overflow: hidden; display: flex; flex-direction: column; align-items: center; padding: 15px;'> <strong style='font-size: 16px; color: inherit; text-align: center;'>Anal\u00edticos basados en IA<\/strong> <\/div>\n<div style='flex: 1 1 250px; border: 1px solid rgba(150&comma; 150&comma; 150&comma; 0.4); border-radius: 8px; overflow: hidden; display: flex; flex-direction: column; align-items: center; padding: 15px;'> <strong style='font-size: 16px; color: inherit; text-align: center;'>Detecci\u00f3n de Rostros<\/strong> <\/div>\n<div style='flex: 1 1 250px; border: 1px solid rgba(150&comma; 150&comma; 150&comma; 0.4); border-radius: 8px; overflow: hidden; display: flex; flex-direction: column; align-items: center; padding: 15px;'> <strong style='font-size: 16px; color: inherit; text-align: center;'>Funci\u00f3n Handover<\/strong> <\/div>\n<\/p><\/div>\n<p> <!-- Secci\u00f3n de videos adicionales --> <\/p>\n<div style='display: flex; flex-wrap: wrap; gap: 30px; margin-bottom: 30px; justify-content: center;'>\n<div style='flex: 1 1 300px; min-width: 280px;'>\n<div style='position: relative; padding-bottom: 56.25%; height: 0; overflow: hidden; margin-bottom: 30px;'>   <\/div>\n<\/p><\/div>\n<div style='flex: 1 1 300px; min-width: 280px;'>\n<div style='position: relative; padding-bottom: 56.25%; height: 0; overflow: hidden; margin-bottom: 30px;'>   <\/div>\n<\/p><\/div>\n<div style='flex: 1 1 300px; min-width: 280px;'>\n<div style='position: relative; padding-bottom: 56.25%; height: 0; overflow: hidden; margin-bottom: 30px;'>   <\/div>\n<\/p><\/div>\n<\/p><\/div>\n<p> <!-- Enlace a soporte --> <\/p>\n<div style='text-align: center; margin: 30px 0;'> <a href='http:\/\/soporte.syscom.mx\/videovigilancia\/hanwha-lista-de-tips-tecnicos' target='_blank' rel='noopener' style='display: inline-block;'> <img style='width: 432px; height: auto; border: 1px solid rgba(150&comma;150&comma;150&comma;0.3); border-radius: 8px;' src='https:\/\/ftp3.syscom.mx\/usuarios\/gmagos\/Hanwha\/fotos\/basede1.png' alt='Base de conocimiento Hanwha'> <\/a> <\/div>\n<\/p><\/div>\n","protected":false},"excerpt":{"rendered":"<p>Camara Bala IP 4K con IA \/ Lente Motorizado 31x 6.91 a 214.7 mm \/ P-Iris \/ WDR 120dB \/ H.265 \/ RanuraSD \/ Protecci\u00f3n IP67 IK10 NEMA4X \/ conteo de personas y vehiculos<\/p>\n","protected":false},"featured_media":98211,"comment_status":"open","ping_status":"closed","template":"","meta":[],"product_brand":[],"product_cat":[438],"product_tag":[439,122,1055],"class_list":{"0":"post-98212","1":"product","2":"type-product","3":"status-publish","4":"has-post-thumbnail","6":"product_cat-bala","7":"product_tag-bala","8":"product_tag-camaras-ip-y-nvrs","9":"product_tag-hanwha-vision","11":"first","12":"outofstock","13":"sale","14":"shipping-taxable","15":"purchasable","16":"product-type-simple"},"_links":{"self":[{"href":"https:\/\/soydeaqui.ddns.net\/pachuca\/index.php\/wp-json\/wp\/v2\/product\/98212","targetHints":{"allow":["GET"]}}],"collection":[{"href":"https:\/\/soydeaqui.ddns.net\/pachuca\/index.php\/wp-json\/wp\/v2\/product"}],"about":[{"href":"https:\/\/soydeaqui.ddns.net\/pachuca\/index.php\/wp-json\/wp\/v2\/types\/product"}],"replies":[{"embeddable":true,"href":"https:\/\/soydeaqui.ddns.net\/pachuca\/index.php\/wp-json\/wp\/v2\/comments?post=98212"}],"wp:featuredmedia":[{"embeddable":true,"href":"https:\/\/soydeaqui.ddns.net\/pachuca\/index.php\/wp-json\/wp\/v2\/media\/98211"}],"wp:attachment":[{"href":"https:\/\/soydeaqui.ddns.net\/pachuca\/index.php\/wp-json\/wp\/v2\/media?parent=98212"}],"wp:term":[{"taxonomy":"product_brand","embeddable":true,"href":"https:\/\/soydeaqui.ddns.net\/pachuca\/index.php\/wp-json\/wp\/v2\/product_brand?post=98212"},{"taxonomy":"product_cat","embeddable":true,"href":"https:\/\/soydeaqui.ddns.net\/pachuca\/index.php\/wp-json\/wp\/v2\/product_cat?post=98212"},{"taxonomy":"product_tag","embeddable":true,"href":"https:\/\/soydeaqui.ddns.net\/pachuca\/index.php\/wp-json\/wp\/v2\/product_tag?post=98212"}],"curies":[{"name":"wp","href":"https:\/\/api.w.org\/{rel}","templated":true}]}}