{"id":9815,"date":"2026-03-18T07:27:19","date_gmt":"2026-03-18T07:27:19","guid":{"rendered":"https:\/\/soydeaqui.ddns.net\/pachuca\/index.php\/producto\/conector-de-fibra-ptica-lc-simplex-opticam-monomodo-9-125-os2-pre-pulido-color-azul\/"},"modified":"2026-03-18T07:27:22","modified_gmt":"2026-03-18T07:27:22","slug":"conector-de-fibra-ptica-lc-simplex-opticam-monomodo-9-125-os2-pre-pulido-color-azul","status":"publish","type":"product","link":"https:\/\/soydeaqui.ddns.net\/pachuca\/index.php\/producto\/conector-de-fibra-ptica-lc-simplex-opticam-monomodo-9-125-os2-pre-pulido-color-azul\/","title":{"rendered":"Conector de Fibra ?ptica LC Simplex OptiCam, Monomodo 9\/125 OS2, Pre-pulido, Color Azul"},"content":{"rendered":"<div style='width: 100%; max-width: 1200px; margin: 0 auto; font-family: sans-serif; line-height: 1.6; color: inherit; background-color: transparent;'> <!-- Secci\u00f3n de descripci\u00f3n --> <\/p>\n<div style='margin-bottom: 30px; font-size: 15px; color: inherit;'>\n<p style='margin: 0 0 15px;'>Los conectores prepulidos LC de factor de forma peque\u00f1o (SFF) con seguro posterior cumplen con TIA\/EIA-604 FOCIS-10 y contienen una fibra terminada en f\u00e1brica&comma; eliminando el pulido y el adhesivo en el campo. Los conectores LC prepulidos tienen una p\u00e9rdida de inserci\u00f3n promedio de 0.3dB por par acoplado para fibra multimodo y monomodo. Los conectores LC prepulidos deben cautivar la fibra y el tamp\u00f3n en una sola acci\u00f3n&comma; permitiendo hasta dos terminaciones sin degradaci\u00f3n en el rendimiento.<\/p>\n<\/p><\/div>\n<p> <!-- Secci\u00f3n de especificaciones t\u00e9cnicas --> <\/p>\n<div style='display: flex; flex-wrap: wrap; gap: 20px; margin-bottom: 30px;'>\n<div style='flex: 1 1 250px; border: 1px solid rgba(150&comma; 150&comma; 150&comma; 0.4); border-radius: 8px; overflow: hidden; display: flex; flex-direction: column;'>\n<div style='padding: 15px; border-bottom: 1px solid rgba(150&comma; 150&comma; 150&comma; 0.2); font-weight: bold; font-size: 18px; color: inherit;'>Especificaciones T\u00e9cnicas<\/div>\n<div style='padding: 15px; color: inherit;'>\n<ul style='padding-left: 20px; margin: 0; font-size: 14px; list-style-type: disc;'>\n<li style='margin-bottom: 5px;'>Compatible con TIA\/EIA-604 FOCIS-10; excede requisitos de TIA \/ EIA-568-B.3<\/li>\n<li style='margin-bottom: 5px;'>Compatibilidad de fibra: 9\/125\u03bcm OS1\/OS2<\/li>\n<li style='margin-bottom: 5px;'>Tipo de cable: Solo cable de 900\u03bcm (Tight Buffer)<\/li>\n<li style='margin-bottom: 5px;'>Tipo de f\u00e9rula: cer\u00e1mica de circonio con un trozo de fibra prepulido<\/li>\n<li style='margin-bottom: 5px;'>P\u00e9rdida de inserci\u00f3n: 0.3dB promedio (multimodo y monomodo)<\/li>\n<li style='margin-bottom: 5px;'>P\u00e9rdida de retorno: > 20dB (multimodo)&comma; > 26dB (10Gig \u2122 multimodo)&comma; > 50dB (monomodo)<\/li>\n<\/ul><\/div>\n<\/p><\/div>\n<\/p><\/div>\n<p> <!-- Separador --> <\/p>\n<hr style='border: 0; border-top: 1px solid rgba(150&comma; 150&comma; 150&comma; 0.3); margin: 30px 0;'> <\/div>\n","protected":false},"excerpt":{"rendered":"<p>Conector de Fibra ?ptica LC Simplex OptiCam, Monomodo 9\/125 OS2, Pre-pulido, Color Azul<\/p>\n","protected":false},"featured_media":9814,"comment_status":"open","ping_status":"closed","template":"","meta":[],"product_brand":[],"product_cat":[615],"product_tag":[616,611,445],"class_list":{"0":"post-9815","1":"product","2":"type-product","3":"status-publish","4":"has-post-thumbnail","6":"product_cat-conectores","7":"product_tag-conectores","8":"product_tag-fibra-optica","9":"product_tag-panduit","11":"first","12":"instock","13":"sale","14":"shipping-taxable","15":"purchasable","16":"product-type-simple"},"_links":{"self":[{"href":"https:\/\/soydeaqui.ddns.net\/pachuca\/index.php\/wp-json\/wp\/v2\/product\/9815","targetHints":{"allow":["GET"]}}],"collection":[{"href":"https:\/\/soydeaqui.ddns.net\/pachuca\/index.php\/wp-json\/wp\/v2\/product"}],"about":[{"href":"https:\/\/soydeaqui.ddns.net\/pachuca\/index.php\/wp-json\/wp\/v2\/types\/product"}],"replies":[{"embeddable":true,"href":"https:\/\/soydeaqui.ddns.net\/pachuca\/index.php\/wp-json\/wp\/v2\/comments?post=9815"}],"wp:featuredmedia":[{"embeddable":true,"href":"https:\/\/soydeaqui.ddns.net\/pachuca\/index.php\/wp-json\/wp\/v2\/media\/9814"}],"wp:attachment":[{"href":"https:\/\/soydeaqui.ddns.net\/pachuca\/index.php\/wp-json\/wp\/v2\/media?parent=9815"}],"wp:term":[{"taxonomy":"product_brand","embeddable":true,"href":"https:\/\/soydeaqui.ddns.net\/pachuca\/index.php\/wp-json\/wp\/v2\/product_brand?post=9815"},{"taxonomy":"product_cat","embeddable":true,"href":"https:\/\/soydeaqui.ddns.net\/pachuca\/index.php\/wp-json\/wp\/v2\/product_cat?post=9815"},{"taxonomy":"product_tag","embeddable":true,"href":"https:\/\/soydeaqui.ddns.net\/pachuca\/index.php\/wp-json\/wp\/v2\/product_tag?post=9815"}],"curies":[{"name":"wp","href":"https:\/\/api.w.org\/{rel}","templated":true}]}}