{"id":98144,"date":"2026-03-20T09:28:23","date_gmt":"2026-03-20T09:28:23","guid":{"rendered":"https:\/\/soydeaqui.ddns.net\/pachuca\/index.php\/producto\/dvr-16-canales-turbohd-8-canales-ip-3k-5-megapixel-8-bahias-de-disco-duro-16-entradas-de-audio-fisicas-microfono-por-separado-audio-por-coaxitron-acusense-16-entradas-de-alarma-po\/"},"modified":"2026-03-20T09:28:38","modified_gmt":"2026-03-20T09:28:38","slug":"dvr-16-canales-turbohd-8-canales-ip-3k-5-megapixel-8-bahias-de-disco-duro-16-entradas-de-audio-fisicas-microfono-por-separado-audio-por-coaxitron-acusense-16-entradas-de-alarma-po","status":"publish","type":"product","link":"https:\/\/soydeaqui.ddns.net\/pachuca\/index.php\/producto\/dvr-16-canales-turbohd-8-canales-ip-3k-5-megapixel-8-bahias-de-disco-duro-16-entradas-de-audio-fisicas-microfono-por-separado-audio-por-coaxitron-acusense-16-entradas-de-alarma-po\/","title":{"rendered":"DVR 16 Canales TurboHD + 8 Canales IP \/ 3K \/ 5 Megapixel \/  8 Bah\u00edas de Disco Duro \/ 16 Entradas de Audio Fisicas (Microfono por Separado) \/ Audio por coaxitron \/ Acusense \/ 16 Entradas de Alarma \/ POS \/ H.265+"},"content":{"rendered":"<div style='width: 100%; max-width: 1200px; margin: 0 auto; font-family: sans-serif; line-height: 1.6; color: inherit; background-color: transparent;'> <!-- Imagen de logo --> <\/p>\n<div style='width: 100%; max-width: 100%; margin: 0 auto;'> <img style='width: 100%; height: auto; border: 1px solid rgba(150&comma;150&comma;150&comma;0.3); border-radius: 8px;' src='https:\/\/ftp3.syscom.mx\/usuarios\/jsosa\/HIKVISION\/imagenes\/logo\/hikvision%20see%20far.png' alt='Logo Hikvision'> <\/div>\n<p> <!-- T\u00edtulo principal --> <\/p>\n<div style='margin: 30px 0; text-align: center;'>\n<h1 style='font-size: 24px; color: #232a6f; font-family: 'arial black'&comma; sans-serif; margin: 0; padding-bottom: 10px; border-bottom: 2px solid #232a6f; display: inline-block;'> Maximize su seguridad implemente este grabador con c\u00e1maras de ultima generaci\u00f3n Hikvision <\/h1>\n<\/p><\/div>\n<p> <!-- Imagen de iconos --> <\/p>\n<div style='width: 100%; max-width: 100%; margin: 30px auto;'> <img style='width: 100%; height: auto; border: 1px solid rgba(150&comma;150&comma;150&comma;0.3); border-radius: 8px;' src='https:\/\/ftp3.syscom.mx\/usuarios\/ftp\/single_page\/HIKVISION\/ICONOS-SMART-HYBRID.png' alt='Iconos Smart Hybrid'> <\/div>\n<p> <!-- T\u00edtulo de especificaciones --> <\/p>\n<div style='margin: 40px 0; text-align: center;'>\n<h1 style='font-size: 28px; color: #232a6f; font-family: verdana&comma; geneva&comma; sans-serif; margin: 0;'> Especificaciones <\/h1>\n<\/p><\/div>\n<p> <!-- Secci\u00f3n de contenido con grid --> <\/p>\n<div style='display: grid; grid-template-columns: 1fr; gap: 30px; margin-bottom: 30px;'> <!-- Columna 1 --> <\/p>\n<div style='display: flex; flex-direction: column; gap: 20px;'> <!-- Caracter\u00edsticas Principales --> <\/p>\n<div style='border: 1px solid rgba(150&comma; 150&comma; 150&comma; 0.4); border-radius: 8px; overflow: hidden;'>\n<div style='padding: 15px; background-color: #df001e; color: white; font-weight: bold; font-size: 18px;'> Caracter\u00edsticas Principales: <\/div>\n<div style='padding: 15px; color: inherit;'>\n<ul style='padding-left: 20px; margin: 0; font-size: 14px; list-style-type: disc;'>\n<li style='margin-bottom: 8px;'>Sistema Pentah\u00edbrido ( AHD \/ TVI \/ CVI \/ Anal\u00f3gico \/ IP)<\/li>\n<li style='margin-bottom: 8px;'>Compresi\u00f3n Inteligente: H.265+ \/ H.265 \/ H.264+ \/ H.264.<\/li>\n<li style='margin-bottom: 8px;'>16 Canales de video TURBOHD + 8 canales IP = 24 canales en total.\n<ul style='padding-left: 20px; margin-top: 5px; margin-bottom: 5px;'>\n<li style='margin-bottom: 5px;'>Permite apagar canales anal\u00f3gicos para generar canales IP transformandolo en un sistema IP totalmente.<\/li>\n<\/ul>\n<\/li>\n<li style='margin-bottom: 8px;'>Soporta funcion POS (Punto de venta ideal para almacenar la informaci\u00f3n de los tickets de venta en el video&comma; mas informaci\u00f3n con el departamento de ingenieria syscom)<\/li>\n<li style='margin-bottom: 8px;'>Soporta la funcion de AcuSense Lite (Detecci\u00f3n de movimiento 2.0) <strong style='color: inherit;'>en todos los canales<\/strong>\n<ul style='padding-left: 20px; margin-top: 5px; margin-bottom: 5px;'>\n<li style='margin-bottom: 5px;'>Esto permite detectar humanos y vehiculos para reducir extremadamente las falsas alarmas ocasionadas por luces&comma; hojas&comma; sombras entre otros objetos.<\/li>\n<li style='margin-bottom: 5px;'>Esta funcion viene activada por default en los todos los canales.<\/li>\n<\/ul>\n<\/li>\n<li style='margin-bottom: 8px;'>Soporta la funcion de AcuSense (Protecci\u00f3n Perimetral) en los primeros 4 canales (1-4ch)\n<ul style='padding-left: 20px; margin-top: 5px; margin-bottom: 5px;'>\n<li style='margin-bottom: 5px;'>Esto permite generar una linea virtual o un perimetro y alertar cuando un humano o vehiculo lo atraviesen.<\/li>\n<\/ul>\n<\/li>\n<li style='margin-bottom: 8px;'>La funcion de AcuSense y AcuSense Lite no se pueden activar al mismo tiempo.<\/li>\n<\/ul><\/div>\n<\/p><\/div>\n<p> <!-- Canales de Video \/ Audio \/ Alarmas --> <\/p>\n<div style='border: 1px solid rgba(150&comma; 150&comma; 150&comma; 0.4); border-radius: 8px; overflow: hidden;'>\n<div style='padding: 15px; background-color: #df001e; color: white; font-weight: bold; font-size: 18px;'> Canales de Video \/ Audio \/ Alarmas <\/div>\n<div style='padding: 15px; color: inherit;'>\n<ul style='padding-left: 20px; margin: 0; font-size: 14px; list-style-type: disc;'>\n<li style='margin-bottom: 8px;'>Resoluci\u00f3n y Tecnolog\u00edas soportadas:\n<ul style='padding-left: 20px; margin-top: 5px; margin-bottom: 5px;'>\n<li style='margin-bottom: 5px;'>TurboHD (3K Lite \/4MP \/ 1080p \/ 720p)<\/li>\n<li style='margin-bottom: 5px;'>IP 6 Megapixeles<\/li>\n<li style='margin-bottom: 5px;'>AHD (4MP \/ 1080p \/ 720p)<\/li>\n<li style='margin-bottom: 5px;'>CVI (1080p \/ 720p)<\/li>\n<li style='margin-bottom: 5px;'>CVBS (1200tvls)<\/li>\n<\/ul>\n<\/li>\n<li style='margin-bottom: 8px;'>Soporta la funcion audio por coaxitron en todos los canales TurboHD\n<ul style='padding-left: 20px; margin-top: 5px; margin-bottom: 5px;'>\n<li style='margin-bottom: 5px;'>Permite enviar el audio de las c\u00e1maras turboHD con microfono integrado por la se\u00f1al de video (UTP o Coaxial)<\/li>\n<li style='margin-bottom: 5px;'>4 entradas de audio fisicas (RCA) por si desea colocar microfonos externos<\/li>\n<li style='margin-bottom: 5px;'>2 Salidas de audio (RCA) por si desea colocar bocinas preamplificadas para audio de 2 vias.<\/li>\n<\/ul>\n<\/li>\n<li style='margin-bottom: 8px;'>Entradas de alarma:\n<ul style='padding-left: 20px; margin-top: 5px; margin-bottom: 5px;'>\n<li style='margin-bottom: 5px;'>16 Entradas<\/li>\n<li style='margin-bottom: 5px;'>4 Salidas<\/li>\n<\/ul>\n<\/li>\n<\/ul><\/div>\n<\/p><\/div>\n<\/p><\/div>\n<p> <!-- Columna 2 --> <\/p>\n<div style='display: flex; flex-direction: column; gap: 20px;'> <!-- Intefaces \/ Caracter\u00edsticas F\u00edsicas y El\u00e9ctricas --> <\/p>\n<div style='border: 1px solid rgba(150&comma; 150&comma; 150&comma; 0.4); border-radius: 8px; overflow: hidden;'>\n<div style='padding: 15px; background-color: #df001e; color: white; font-weight: bold; font-size: 18px;'> Intefaces \/ Caracter\u00edsticas F\u00edsicas y El\u00e9ctricas <\/div>\n<div style='padding: 15px; color: inherit;'>\n<ul style='padding-left: 20px; margin: 0; font-size: 14px; list-style-type: disc;'>\n<li style='margin-bottom: 8px;'>Salida HDMI:\n<ul style='padding-left: 20px; margin-top: 5px; margin-bottom: 5px;'>\n<li style='margin-bottom: 5px;'>1-ch&comma; 4K (3840 \u00d7 2160)\/30Hz&comma; 2K (2560 \u00d7 1440)\/60Hz&comma; 1920 \u00d7 1080\/60Hz&comma; 1280 \u00d7 1024\/60Hz&comma;1280 \u00d7 720\/60Hz)<\/li>\n<\/ul>\n<\/li>\n<li style='margin-bottom: 8px;'>Salida VGA:\n<ul style='padding-left: 20px; margin-top: 5px; margin-bottom: 5px;'>\n<li style='margin-bottom: 5px;'>1-ch&comma; 1920 \u00d7 1080\/60Hz&comma; 1280 \u00d7 1024\/60Hz&comma; 1280 \u00d7 720\/60Hz&comma; 1024 \u00d7 768\/60Hz<\/li>\n<\/ul>\n<\/li>\n<li style='margin-bottom: 8px;'>Salida HDMI y VGA Independientes<\/li>\n<li style='margin-bottom: 8px;'>Interfaz de red:\n<ul style='padding-left: 20px; margin-top: 5px; margin-bottom: 5px;'>\n<li style='margin-bottom: 5px;'>2&comma; RJ45 10M\/100M\/1000M autoadaptable<\/li>\n<li style='margin-bottom: 5px;'>Protocolos: TCP\/IP&comma; PPPoE&comma; DHCP&comma; Hik-Connect&comma; DNS&comma; DDNS&comma; NTP&comma; SADP&comma; NFS&comma; iSCSI&comma; UPnP\u2122&comma; HTTPS&comma; ONVIF&comma; SNMP<\/li>\n<li style='margin-bottom: 5px;'>Ancho de banda (throughput) 240Mbps<\/li>\n<\/ul>\n<\/li>\n<li style='margin-bottom: 8px;'>Soporta 8 HDD de hasta 12TB por disco.<\/li>\n<li style='margin-bottom: 8px;'>Interfaz USB: 2 USB 2.0 y 1 USB 3.0<\/li>\n<li style='margin-bottom: 8px;'>Soporta Hik-Connect (P2P) &comma; Hik-Connect Teams &comma; Hik-PartnerPro&comma;<\/li>\n<li style='margin-bottom: 8px;'>Soporta Coaxitron para PTZ (No requiere cablear datos RS-485)<\/li>\n<li style='margin-bottom: 8px;'>Temperatura de Operaci\u00f3n: &#8211; 10\u00b0C a 55\u00b0C.<\/li>\n<li style='margin-bottom: 8px;'>Alimentaci\u00f3n: 100 &#8211; 240VCA \/ 55 Watts sin disco duro<\/li>\n<li style='margin-bottom: 8px;'>Dimensiones: 440 x 370 x 90 mm.<\/li>\n<li style='margin-bottom: 8px;'>Peso: 10 Kilogramos sin disco duro<\/li>\n<\/ul><\/div>\n<\/p><\/div>\n<p> <!-- Accesorios Opcionales --> <\/p>\n<div style='border: 1px solid rgba(150&comma; 150&comma; 150&comma; 0.4); border-radius: 8px; overflow: hidden;'>\n<div style='padding: 15px; background-color: #df001e; color: white; font-weight: bold; font-size: 18px;'> Accesorios Opcionales: <\/div>\n<div style='padding: 15px; color: inherit;'>\n<ul style='padding-left: 20px; margin: 0; font-size: 14px; list-style-type: disc;'>\n<li style='margin-bottom: 8px;'>Proximamente<\/li>\n<\/ul><\/div>\n<\/p><\/div>\n<\/p><\/div>\n<\/p><\/div>\n<p> <!-- Caracter\u00edsticas Destacadas --> <\/p>\n<div style='border: 1px solid rgba(150&comma; 150&comma; 150&comma; 0.4); border-radius: 8px; overflow: hidden; margin-bottom: 30px;'>\n<div style='padding: 15px; background-color: #df001e; color: white; font-weight: bold; font-size: 18px;'> Caracter\u00edsticas Destacadas: <\/div>\n<div style='padding: 15px; color: inherit;'>\n<ul style='padding-left: 20px; margin: 0; font-size: 14px; list-style-type: disc;'>\n<li style='margin-bottom: 8px;'>Compatible con la plataforma de Hik-Connect para una conexi\u00f3n mas r\u00e1pido y sencilla.<\/li>\n<li style='margin-bottom: 8px;'>Soporta anal\u00edtico de ACUSENSE para con anal\u00edticos como filtro de humano y veh\u00edculos para eventos inteligentes como cruce de l\u00ednea&comma; intrusi\u00f3n&comma; entrada \u00e1rea.<\/li>\n<li style='margin-bottom: 8px;'>Combinelo con c\u00e1maras con la tecnolog\u00eda Dual Light&comma; podemos tener en la noche la imagen de B\/N con los IR encendidos y cuando detecte movimiento por medio del anal\u00edtico de ACUSENSE (filtro de humanos y veh\u00edculos) encender\u00e1 la luz blanca para poder tener el evento a color&comma; cuando pase el evento se vuelve a colocar la imagen en B\/N.<\/li>\n<li style='margin-bottom: 8px;'>Soporta anal\u00edtico cruce de l\u00ednea o intrusi\u00f3n de \u00e1rea.<\/li>\n<li style='margin-bottom: 8px;'>Para conectar los canales IP requiere utilizar un switch \/ switch PoE (no incluido)<\/li>\n<\/ul><\/div>\n<\/p><\/div>\n<p> <!-- Separador --> <\/p>\n<hr style='border: 0; border-top: 1px solid rgba(150&comma; 150&comma; 150&comma; 0.3); margin: 30px 0;'> <!-- Video de YouTube --> <\/p>\n<div style='position: relative; padding-bottom: 56.25%; height: 0; overflow: hidden; margin-bottom: 30px;'>   <\/div>\n<p> <!-- Secci\u00f3n de im\u00e1genes y texto --> <\/p>\n<div style='display: grid; grid-template-columns: 1fr; gap: 20px; margin-bottom: 30px;'> <!-- Imagen y texto --> <\/p>\n<div style='display: flex; flex-direction: column; align-items: center;'> <img style='width: 100%; height: auto; border: 1px solid rgba(150&comma;150&comma;150&comma;0.3); border-radius: 8px;' src='https:\/\/ftp3.syscom.mx\/usuarios\/ftp\/single_page\/HIKVISION\/acusense-colorvu.png' alt='Acusense Colorvu'> <\/p>\n<p style='margin-top: 15px; text-align: center; font-size: 14px; color: inherit;'> Soporta analitico de ACUSENSE Lite distingue personas y veh\u00edculos de otros objetos en el entorno&comma; enfoc\u00e1ndose en amenazas de seguridad reales con b\u00fasquedas de video eficientes. <\/p>\n<\/p><\/div>\n<p> <!-- Tres im\u00e1genes con texto --> <\/p>\n<div style='display: grid; grid-template-columns: repeat(auto-fit&comma; minmax(280px&comma; 1fr)); gap: 20px;'> <!-- Imagen 1 --> <\/p>\n<div style='border: 1px solid rgba(150&comma; 150&comma; 150&comma; 0.3); border-radius: 8px; overflow: hidden;'> <img style='width: 100%; height: auto;' src='https:\/\/ftp3.syscom.mx\/usuarios\/ftp\/single_page\/HIKVISION\/IR-PON-1.png' alt='Luz IR Encendida'> <\/p>\n<div style='padding: 15px; border-top: 5px solid #df001e;'>\n<h5 style='font-size: 16px; margin-bottom: 8px; color: inherit;'>Luz IR Encendida<\/h5>\n<p style='margin: 0; font-size: 14px; color: inherit;'> En ausencia de veh\u00edculo o persona&comma; la c\u00e1mara utiliza s\u00f3lo luz IR. <\/p>\n<\/p><\/div>\n<\/p><\/div>\n<p> <!-- Imagen 2 --> <\/p>\n<div style='border: 1px solid rgba(150&comma; 150&comma; 150&comma; 0.3); border-radius: 8px; overflow: hidden;'> <img style='width: 100%; height: auto;' src='https:\/\/ftp3.syscom.mx\/usuarios\/ftp\/single_page\/HIKVISION\/LED-ON-1.jpg' alt='Luz LED Encendida'> <\/p>\n<div style='padding: 15px; border-top: 5px solid #df001e;'>\n<h5 style='font-size: 16px; margin-bottom: 8px; color: inherit;'>Luz LED Encendida<\/h5>\n<p style='margin: 0; font-size: 14px; color: inherit;'> Cuando se detecta un veh\u00edculo o una persona&comma; la luz blanca se activa autom\u00e1ticamente encendido&comma; lo que produce im\u00e1genes en colores vivos con detalles claros. <\/p>\n<\/p><\/div>\n<\/p><\/div>\n<p> <!-- Imagen 3 --> <\/p>\n<div style='border: 1px solid rgba(150&comma; 150&comma; 150&comma; 0.3); border-radius: 8px; overflow: hidden;'> <img style='width: 100%; height: auto;' src='https:\/\/ftp3.syscom.mx\/usuarios\/ftp\/single_page\/HIKVISION\/IR-PON-2.png' alt='Luz IR Encendida'> <\/p>\n<div style='padding: 15px; border-top: 5px solid #df001e;'>\n<h5 style='font-size: 16px; margin-bottom: 8px; color: inherit;'>Luz IR Encendida<\/h5>\n<p style='margin: 0; font-size: 14px; color: inherit;'> Una vez que el veh\u00edculo o la persona sale&comma; las c\u00e1maras vuelven a la luz IR autom\u00e1ticamente. <\/p>\n<\/p><\/div>\n<\/p><\/div>\n<\/p><\/div>\n<\/p><\/div>\n<\/p><\/div>\n","protected":false},"excerpt":{"rendered":"<p>DVR 16 Canales TurboHD + 8 Canales IP \/ 3K \/ 5 Megapixel \/  8 Bah\u00edas de Disco Duro \/ 16 Entradas de Audio Fisicas (Microfono por Separado) \/ Audio por coaxitron \/ Acusense \/ 16 Entradas de Alarma \/ POS \/ H.265+<\/p>\n","protected":false},"featured_media":98143,"comment_status":"open","ping_status":"closed","template":"","meta":[],"product_brand":[],"product_cat":[2254],"product_tag":[2255,54,2256],"class_list":{"0":"post-98144","1":"product","2":"type-product","3":"status-publish","4":"has-post-thumbnail","6":"product_cat-videograbadoras-analogicas-turbohd-tvi-ahd-cvi","7":"product_tag-camaras-y-dvrs-hd-turbohd-ahd-hd-tvi","8":"product_tag-hikvision","9":"product_tag-videograbadoras-analogicas-turbohd-tvi-ahd-cvi","11":"first","12":"instock","13":"sale","14":"shipping-taxable","15":"purchasable","16":"product-type-simple"},"_links":{"self":[{"href":"https:\/\/soydeaqui.ddns.net\/pachuca\/index.php\/wp-json\/wp\/v2\/product\/98144","targetHints":{"allow":["GET"]}}],"collection":[{"href":"https:\/\/soydeaqui.ddns.net\/pachuca\/index.php\/wp-json\/wp\/v2\/product"}],"about":[{"href":"https:\/\/soydeaqui.ddns.net\/pachuca\/index.php\/wp-json\/wp\/v2\/types\/product"}],"replies":[{"embeddable":true,"href":"https:\/\/soydeaqui.ddns.net\/pachuca\/index.php\/wp-json\/wp\/v2\/comments?post=98144"}],"wp:featuredmedia":[{"embeddable":true,"href":"https:\/\/soydeaqui.ddns.net\/pachuca\/index.php\/wp-json\/wp\/v2\/media\/98143"}],"wp:attachment":[{"href":"https:\/\/soydeaqui.ddns.net\/pachuca\/index.php\/wp-json\/wp\/v2\/media?parent=98144"}],"wp:term":[{"taxonomy":"product_brand","embeddable":true,"href":"https:\/\/soydeaqui.ddns.net\/pachuca\/index.php\/wp-json\/wp\/v2\/product_brand?post=98144"},{"taxonomy":"product_cat","embeddable":true,"href":"https:\/\/soydeaqui.ddns.net\/pachuca\/index.php\/wp-json\/wp\/v2\/product_cat?post=98144"},{"taxonomy":"product_tag","embeddable":true,"href":"https:\/\/soydeaqui.ddns.net\/pachuca\/index.php\/wp-json\/wp\/v2\/product_tag?post=98144"}],"curies":[{"name":"wp","href":"https:\/\/api.w.org\/{rel}","templated":true}]}}