{"id":98095,"date":"2026-03-20T09:26:07","date_gmt":"2026-03-20T09:26:07","guid":{"rendered":"https:\/\/soydeaqui.ddns.net\/pachuca\/index.php\/producto\/pantalla-inalambrica-con-bateria-recargable-4600mah-wi-fi-ideal-para-escritorio-o-pared-vista-en-vivo-de-camaras-ezviz-compatible-con-videoportero-cs-hp7-para-ver-camara-y-apertura-remota\/"},"modified":"2026-03-20T09:26:35","modified_gmt":"2026-03-20T09:26:35","slug":"pantalla-inalambrica-con-bateria-recargable-4600mah-wi-fi-ideal-para-escritorio-o-pared-vista-en-vivo-de-camaras-ezviz-compatible-con-videoportero-cs-hp7-para-ver-camara-y-apertura-remota","status":"publish","type":"product","link":"https:\/\/soydeaqui.ddns.net\/pachuca\/index.php\/producto\/pantalla-inalambrica-con-bateria-recargable-4600mah-wi-fi-ideal-para-escritorio-o-pared-vista-en-vivo-de-camaras-ezviz-compatible-con-videoportero-cs-hp7-para-ver-camara-y-apertura-remota\/","title":{"rendered":"Pantalla Inal\u00e1mbrica \/ Con Bater\u00eda Recargable 4600mAh \/ Wi-Fi \/ Ideal Para Escritorio o Pared  \/ Vista en Vivo de C\u00e1maras EZVIZ \/ Compatible con Videoportero CS-HP7  para ver C\u00e1mara y Apertura Remota  \/ Audio de Dos V\u00edas"},"content":{"rendered":"<div style='width: 100%; max-width: 1200px; margin: 0 auto; font-family: sans-serif; line-height: 1.6; color: inherit; background-color: transparent;'> <!-- Banner principal --> <a href='#link' target='_blank' rel='noopener'> <img style='width: 100%; height: auto; border: 1px solid rgba(150&comma;150&comma;150&comma;0.3); border-radius: 8px;' src='https:\/\/ftp3.syscom.mx\/usuarios\/rcovarrubias\/EZVIZ\/Banner%20TIMBRES-INALAMBRICOS.png' alt='Banner Principal'> <\/a> <!-- Secci\u00f3n de caracter\u00edsticas --> <\/p>\n<div style='display: flex; flex-wrap: wrap; gap: 30px; margin-top: 30px;'> <!-- Caracter\u00edsticas principales --> <\/p>\n<div style='flex: 1 1 300px; min-width: 280px;'>\n<h3 style='font-size: 22px; border-bottom: 2px solid currentColor; padding-bottom: 5px; margin-top: 0; color: inherit; opacity: 0.8;'>Caracter\u00edsticas:<\/h3>\n<ul style='padding-left: 20px; font-size: 15px; color: inherit;'>\n<li style='margin-bottom: 5px;'>Pantalla t\u00e1ctil de 7&#8242;<\/li>\n<li style='margin-bottom: 5px;'>Resoluci\u00f3n 1024 x 600<\/li>\n<li style='margin-bottom: 5px;'>Vista en vivo de c\u00e1maras EZVIZ<\/li>\n<li style='margin-bottom: 5px;'>Audio de dos v\u00edas<\/li>\n<li style='margin-bottom: 5px;'>Contestar llamada y abrir puerta del videoportero CS-HP7<\/li>\n<li style='margin-bottom: 5px;'>Micr\u00f3fono integrado<\/li>\n<li style='margin-bottom: 5px;'>Bocina integrada<\/li>\n<li style='margin-bottom: 5px;'>Integraci\u00f3n inteligente con c\u00e1maras EZVIZ<\/li>\n<li style='margin-bottom: 5px;'>Admite hasta 30 dispositivos<\/li>\n<li style='margin-bottom: 5px;'>Wi-Fi 2.4 GHz<\/li>\n<\/ul>\n<h4 style='color: #f44336; font-size: 16px; margin-top: 20px; margin-bottom: 10px;'>Notas:<\/h4>\n<ul style='padding-left: 20px; font-size: 15px; color: #f44336;'>\n<li style='margin-bottom: 5px;'>Configuraci\u00f3n \u00fanicamente mediante aplicaci\u00f3n EZVIZ<\/li>\n<\/ul><\/div>\n<p> <!-- Caracter\u00edsticas el\u00e9ctricas --> <\/p>\n<div style='flex: 1 1 300px; min-width: 280px;'>\n<h3 style='font-size: 22px; border-bottom: 2px solid currentColor; padding-bottom: 5px; margin-top: 0; color: inherit; opacity: 0.8;'>Caracter\u00edsticas El\u00e9ctricas:<\/h3>\n<ul style='padding-left: 20px; font-size: 15px; color: inherit;'>\n<li style='margin-bottom: 5px;'>Bater\u00eda recargable 4600 mAh&comma; incluye cable tipo C<\/li>\n<li style='margin-bottom: 5px;'>Uso interior<\/li>\n<li style='margin-bottom: 5px;'>Dimensiones: 180.3 x 111.6 x 15.6 mm<\/li>\n<li style='margin-bottom: 5px;'>Peso: 327 grs<\/li>\n<\/ul><\/div>\n<\/p><\/div>\n<p> <!-- Im\u00e1genes del producto --> <\/p>\n<div style='display: flex; flex-wrap: wrap; gap: 15px; margin-top: 30px;'>\n<div style='flex: 1 1 300px; min-width: 280px;'> <img style='width: 100%; height: auto; border: 1px solid rgba(150&comma;150&comma;150&comma;0.3); border-radius: 8px;' src='https:\/\/ftp3.syscom.mx\/usuarios\/rcovarrubias\/EZVIZ\/Manual%20esp-ing\/CS-SD7\/sd7%20int.png' alt='Interior'> <\/div>\n<div style='flex: 1 1 300px; min-width: 280px;'> <img style='width: 100%; height: auto; border: 1px solid rgba(150&comma;150&comma;150&comma;0.3); border-radius: 8px;' src='https:\/\/ftp3.syscom.mx\/usuarios\/rcovarrubias\/EZVIZ\/Manual%20esp-ing\/CS-SD7\/sd7%20bat.png' alt='Bater\u00eda'> <\/div>\n<div style='flex: 1 1 300px; min-width: 280px;'> <img style='width: 100%; height: auto; border: 1px solid rgba(150&comma;150&comma;150&comma;0.3); border-radius: 8px;' src='https:\/\/ftp3.syscom.mx\/usuarios\/rcovarrubias\/EZVIZ\/Manual%20esp-ing\/CS-SD7\/sd7uso.png' alt='Uso'> <\/div>\n<div style='flex: 1 1 300px; min-width: 280px;'> <img style='width: 100%; height: auto; border: 1px solid rgba(150&comma;150&comma;150&comma;0.3); border-radius: 8px;' src='https:\/\/ftp3.syscom.mx\/usuarios\/rcovarrubias\/EZVIZ\/Manual%20esp-ing\/CS-SD7\/sd7%20aplica.png' alt='Aplicaci\u00f3n'> <\/div>\n<\/p><\/div>\n<p> <!-- Secci\u00f3n de descripci\u00f3n --> <\/p>\n<div style='margin-top: 30px;'>\n<ul style='padding-left: 20px; font-size: 15px; color: inherit;'>\n<li style='margin-bottom: 15px; text-align: justify;'> <strong>Ofrece una gesti\u00f3n simple y directa<\/strong> para aquellos que poseen un sistema de seguridad para el hogar EZVIZ completo. <\/li>\n<li style='margin-bottom: 15px; text-align: justify;'> <strong>Mantiene todos los dispositivos organizados en un solo lugar<\/strong>&comma; le ayuda a ver qu\u00e9 est\u00e1 sucediendo a trav\u00e9s de diferentes c\u00e1maras. <\/li>\n<li style='margin-bottom: 15px; text-align: justify;'> <strong>Su dise\u00f1o compacto se adapta a cualquier hogar moderno<\/strong>&comma; y su configuraci\u00f3n inal\u00e1mbrica y vers\u00e1til facilita la instalaci\u00f3n. <\/li>\n<li style='margin-bottom: 15px; text-align: justify;'> <strong>Hable con la visita como si estuviera presente.<\/strong> <\/li>\n<\/ul><\/div>\n<\/p><\/div>\n","protected":false},"excerpt":{"rendered":"<p>Pantalla Inal\u00e1mbrica \/ Con Bater\u00eda Recargable 4600mAh \/ Wi-Fi \/ Ideal Para Escritorio o Pared  \/ Vista en Vivo de C\u00e1maras EZVIZ \/ Compatible con Videoportero CS-HP7  para ver C\u00e1mara y Apertura Remota  \/ Audio de Dos V\u00edas<\/p>\n","protected":false},"featured_media":98094,"comment_status":"open","ping_status":"closed","template":"","meta":[],"product_brand":[],"product_cat":[856],"product_tag":[111,557,857],"class_list":{"0":"post-98095","1":"product","2":"type-product","3":"status-publish","4":"has-post-thumbnail","6":"product_cat-videoporteros-ip","7":"product_tag-ezviz","8":"product_tag-videoporteros-e-interfonos","9":"product_tag-videoporteros-ip","11":"first","12":"instock","13":"sale","14":"shipping-taxable","15":"purchasable","16":"product-type-simple"},"_links":{"self":[{"href":"https:\/\/soydeaqui.ddns.net\/pachuca\/index.php\/wp-json\/wp\/v2\/product\/98095","targetHints":{"allow":["GET"]}}],"collection":[{"href":"https:\/\/soydeaqui.ddns.net\/pachuca\/index.php\/wp-json\/wp\/v2\/product"}],"about":[{"href":"https:\/\/soydeaqui.ddns.net\/pachuca\/index.php\/wp-json\/wp\/v2\/types\/product"}],"replies":[{"embeddable":true,"href":"https:\/\/soydeaqui.ddns.net\/pachuca\/index.php\/wp-json\/wp\/v2\/comments?post=98095"}],"wp:featuredmedia":[{"embeddable":true,"href":"https:\/\/soydeaqui.ddns.net\/pachuca\/index.php\/wp-json\/wp\/v2\/media\/98094"}],"wp:attachment":[{"href":"https:\/\/soydeaqui.ddns.net\/pachuca\/index.php\/wp-json\/wp\/v2\/media?parent=98095"}],"wp:term":[{"taxonomy":"product_brand","embeddable":true,"href":"https:\/\/soydeaqui.ddns.net\/pachuca\/index.php\/wp-json\/wp\/v2\/product_brand?post=98095"},{"taxonomy":"product_cat","embeddable":true,"href":"https:\/\/soydeaqui.ddns.net\/pachuca\/index.php\/wp-json\/wp\/v2\/product_cat?post=98095"},{"taxonomy":"product_tag","embeddable":true,"href":"https:\/\/soydeaqui.ddns.net\/pachuca\/index.php\/wp-json\/wp\/v2\/product_tag?post=98095"}],"curies":[{"name":"wp","href":"https:\/\/api.w.org\/{rel}","templated":true}]}}