{"id":98075,"date":"2026-03-20T09:25:10","date_gmt":"2026-03-20T09:25:10","guid":{"rendered":"https:\/\/soydeaqui.ddns.net\/pachuca\/index.php\/producto\/camara-ip-4-megapixel-wi-fi-lampara-integrada-audio-de-dos-vias-imagen-nocturna-a-color-deteccion-humana-audios-personalizables-uso-exterior-con-proteccion\/"},"modified":"2026-03-20T09:25:29","modified_gmt":"2026-03-20T09:25:29","slug":"camara-ip-4-megapixel-wi-fi-lampara-integrada-audio-de-dos-vias-imagen-nocturna-a-color-deteccion-humana-audios-personalizables-uso-exterior-con-proteccion","status":"publish","type":"product","link":"https:\/\/soydeaqui.ddns.net\/pachuca\/index.php\/producto\/camara-ip-4-megapixel-wi-fi-lampara-integrada-audio-de-dos-vias-imagen-nocturna-a-color-deteccion-humana-audios-personalizables-uso-exterior-con-proteccion\/","title":{"rendered":"C\u00e1mara IP 4 Megap\u00edxel \/ Wi-Fi \/ Lampara Integrada \/ Audio de dos v\u00edas \/ Im\u00e1gen Nocturna a Color \/ Detecci\u00f3n Humana \/ Audios Personalizables  \/ Uso Exterior con Protecci\u00f3n"},"content":{"rendered":"<div style='width: 100%; max-width: 1200px; margin: 0 auto; font-family: sans-serif; line-height: 1.6; color: inherit; background-color: transparent;'> <!-- Banner de marca --> <\/p>\n<div style='width: 100%; margin-bottom: 30px;'> <a href='#link' target='_blank' rel='noopener' style='display: block;'> <img style='width: 100%; height: auto; border: 1px solid rgba(150&comma;150&comma;150&comma;0.3); border-radius: 8px;' src='https:\/\/ftp3.syscom.mx\/usuarios\/rcovarrubias\/EZVIZ\/IMAGENES\/banner_EZVIZ.png' alt='Banner de EZVIZ'> <\/a> <\/div>\n<p> <!-- Grid principal --> <\/p>\n<div style='display: grid; grid-template-columns: repeat(auto-fit&comma; minmax(280px&comma; 1fr)); gap: 30px; margin-bottom: 30px;'> <!-- Caracter\u00edsticas principales --> <\/p>\n<div>\n<div style='border-left: 5px solid #42BB1A; border-radius: 8px; padding: 15px; box-shadow: 2px 2px 10px rgba(216&comma;216&comma;216&comma;0.4);'>\n<h3 style='font-size: 18px; margin-top: 0; color: inherit; font-weight: bold;'>Caracter\u00edsticas principales de la c\u00e1mara:<\/h3>\n<ul style='padding-left: 20px; font-size: 15px; color: inherit;'>\n<li style='margin-bottom: 8px;'>Resoluci\u00f3n: 4 Megapixel (2560 \u00d7 1440)<\/li>\n<li style='margin-bottom: 8px;'>\u00c1ngulo de visi\u00f3n 140\u00b0<\/li>\n<li style='margin-bottom: 8px;'>Detecci\u00f3n de personas<\/li>\n<li style='margin-bottom: 8px;'>Notificaciones push<\/li>\n<li style='margin-bottom: 8px;'>Micr\u00f3fono con cancelaci\u00f3n de ruido<\/li>\n<li style='margin-bottom: 8px;'>Permite grabar audios personalizados (3 audios de hasta 10 seg)<\/li>\n<li style='margin-bottom: 8px;'>Bocina integrada (audio de dos v\u00edas)<\/li>\n<li style='margin-bottom: 8px;'>3D-DNR<\/li>\n<li style='margin-bottom: 8px;'>10 mts IR (visi\u00f3n nocturna)<\/li>\n<li style='margin-bottom: 8px;'>Compresi\u00f3n: H.264&comma; H.265<\/li>\n<li style='margin-bottom: 8px;'>WiFi de 2.4 GHz<\/li>\n<li style='margin-bottom: 8px;'>Almacenamiento en microSD hasta 512GB<\/li>\n<li style='margin-bottom: 8px;'>Uso en exterior&comma; Protecci\u00f3n IP67<\/li>\n<\/ul>\n<h3 style='font-size: 18px; margin-top: 25px; margin-bottom: 15px; color: inherit; font-weight: bold;'>Caracter\u00edsticas principales de la L\u00e1mpara<\/h3>\n<ul style='padding-left: 20px; font-size: 15px; color: inherit;'>\n<li style='margin-bottom: 8px;'>Luz blanca de 700 L\u00famen (+\/-10%)<\/li>\n<li style='margin-bottom: 8px;'>Intensidad de iluminaci\u00f3n ajustable<\/li>\n<li style='margin-bottom: 8px;'>Grado de protecci\u00f3n de la l\u00e1mpara: IP65<\/li>\n<\/ul><\/div>\n<\/p><\/div>\n<p> <!-- Caracter\u00edsticas f\u00edsicas y el\u00e9ctricas --> <\/p>\n<div>\n<div style='border-left: 5px solid #42BB1A; border-radius: 8px; padding: 15px; box-shadow: 2px 2px 10px rgba(216&comma;216&comma;216&comma;0.4);'>\n<h3 style='font-size: 18px; margin-top: 0; color: inherit; font-weight: bold;'>Caracter\u00edsticas F\u00edsicas y El\u00e9ctricas<\/h3>\n<ul style='padding-left: 20px; font-size: 15px; color: inherit;'>\n<li style='margin-bottom: 8px;'>Alimentaci\u00f3n: Conexi\u00f3n a 110-240V&comma; No incluye cable <span style='color: #e74c3c;'>recomendado<\/span> <a style='color: #005cb9; font-weight: 600; text-decoration: none; font-size: 14px;' href='https:\/\/www.syscom.mx\/principal\/searchcont?route=AC-CORD-1.8M-EPCOM-POWERLINE-162897&#038;autodetect=cable_110'>AC-CORD-1.8M<\/a> \u00f3 <a style='color: #005cb9; font-weight: 600; text-decoration: none; font-size: 14px;' href='https:\/\/www.syscom.mx\/principal\/searchcont?route=HIK-ACCORD-HIKVISION-194472&#038;autodetect=hikacco'>HIK-ACCORD<\/a><\/li>\n<li style='margin-bottom: 8px;'>30 Watts M\u00e1x.<\/li>\n<li style='margin-bottom: 8px;'>Material: Metal<\/li>\n<li style='margin-bottom: 8px;'>Temperatura de operaci\u00f3n: -30\u00b0 a 50\u00b0C (20\u00b0F a 120\u00b0F)<\/li>\n<li style='margin-bottom: 8px;'>Dimensiones: 86 mm x 280 mm x 120 mm<\/li>\n<li style='margin-bottom: 8px;'>Humedad: hasta 95%<\/li>\n<\/ul>\n<p style='font-weight: bold; color: inherit; margin-top: 20px; margin-bottom: 0;'>3 A\u00f1os de garant\u00eda.<\/p>\n<\/p><\/div>\n<\/p><\/div>\n<p> <!-- Caracter\u00edsticas destacadas --> <\/p>\n<div>\n<div style='border-left: 5px solid #42BB1A; border-radius: 8px; padding: 15px; box-shadow: 2px 2px 10px rgba(216&comma;216&comma;216&comma;0.4);'>\n<h3 style='font-size: 18px; margin-top: 0; color: inherit; font-weight: bold;'>Caracter\u00edsticas Destacadas<\/h3>\n<h4 style='font-size: 16px; margin-top: 20px; margin-bottom: 10px; color: inherit; font-weight: bold;'>Activaci\u00f3n de luz<\/h4>\n<ol style='padding-left: 20px; font-size: 15px; color: inherit;'>\n<li style='margin-bottom: 8px;'>Manualmente<\/li>\n<li style='margin-bottom: 8px;'>Por detecci\u00f3n de personas<\/li>\n<li style='margin-bottom: 8px;'>Por horario<\/li>\n<li style='margin-bottom: 8px;'>Por comando de voz con Alexa<\/li>\n<\/ol>\n<ul style='padding-left: 20px; font-size: 15px; color: inherit; margin-top: 15px;'>\n<li style='margin-bottom: 8px;'>Grabaci\u00f3n en nube de EZVIZ (el cobro se realiza directo en la aplicaci\u00f3n EZVIZ) Se brinda 7 d\u00edas gratis de prueba<\/li>\n<\/ul>\n<p style='color: #3598db; font-weight: bold; margin-top: 20px; margin-bottom: 10px; font-size: 15px; text-align: center;'>Compatible con Alexa&comma; Google Home y IFTTT<\/p>\n<h4 style='font-size: 16px; margin-top: 20px; margin-bottom: 10px; color: inherit; font-weight: bold;'>Notas:<\/h4>\n<ul style='padding-left: 20px; font-size: 15px; color: inherit; list-style: square;'>\n<li style='margin-bottom: 8px; color: #e74c3c; font-weight: bold;'>Configuraci\u00f3n \u00fanicamente mediante aplicaci\u00f3n EZVIZ<\/li>\n<\/ul><\/div>\n<\/p><\/div>\n<\/p><\/div>\n<p> <!-- Banner de compatibilidad --> <\/p>\n<div style='width: 100%; margin: 40px 0;'> <img style='width: 100%; height: auto; border: 1px solid rgba(150&comma;150&comma;150&comma;0.3); border-radius: 8px;' src='https:\/\/ftp3.syscom.mx\/usuarios\/rcovarrubias\/EZVIZ\/Banner%20COMPATIBLE-ALEXA-GOOGLE.jpg' alt='Compatible con Alexa y Google Home'> <\/div>\n<p> <!-- Videos de conexi\u00f3n --> <\/p>\n<h2 style='text-align: center; font-size: 20px; margin-bottom: 30px; color: inherit;'><strong>Videos sobre conexi\u00f3n con Alexa y Google Home<\/strong><\/h2>\n<div style='display: grid; grid-template-columns: repeat(auto-fit&comma; minmax(300px&comma; 1fr)); gap: 30px; margin-bottom: 40px;'>\n<div>\n<h3 style='text-align: center; font-size: 18px; margin-bottom: 15px; color: #2880b9;'>Conexi\u00f3n con Google Home<\/h3>\n<p> <video style='width: 100%; height: auto; border: 1px solid rgba(150&comma;150&comma;150&comma;0.3); border-radius: 8px;' src='https:\/\/ftp3.syscom.mx\/usuarios\/rcovarrubias\/EZVIZ\/videos\/Conecta%20Equipos%20EZVIZ%20a%20Tu%20Dispositivo%20Google%20Home%202019.mp4' loop muted controls><\/video> <\/div>\n<div>\n<h3 style='text-align: center; font-size: 18px; margin-bottom: 15px; color: #2880b9;'>Conexi\u00f3n con Alexa<\/h3>\n<p> <video style='width: 100%; height: auto; border: 1px solid rgba(150&comma;150&comma;150&comma;0.3); border-radius: 8px;' src='https:\/\/ftp3.syscom.mx\/usuarios\/rcovarrubias\/EZVIZ\/videos\/Activa%20Habilidad%20EZVIZ%20en%20Tu%20Dispositivo%20Amazon%20Alexa.mp4' loop muted controls><\/video> <\/div>\n<\/p><\/div>\n<p> <!-- Video de YouTube --> <\/p>\n<h2 style='text-align: center; font-size: 20px; margin-top: 40px; margin-bottom: 30px; color: #e74c3c;'><strong>Crea una vida segura mediante dispositivos inteligentes.<\/strong><\/h2>\n<div style='position: relative; padding-bottom: 56.25%; height: 0; overflow: hidden; margin-bottom: 40px;'>   <\/div>\n<p> <!-- Banner de caracter\u00edsticas --> <\/p>\n<h2 style='text-align: center; font-size: 18px; margin-top: 40px; margin-bottom: 30px; color: inherit;'><strong>Una c\u00e1mara dos en uno con iluminaci\u00f3n inteligente y seguridad avanzada.<\/strong><\/h2>\n<div style='width: 100%; margin: 40px 0;'> <img style='width: 100%; height: auto; border: 1px solid rgba(150&comma;150&comma;150&comma;0.3); border-radius: 8px;' src='https:\/\/ftp3.syscom.mx\/usuarios\/rcovarrubias\/EZVIZ\/Manual%20esp-ing\/LC3\/lc3%20imagen1.png' alt='C\u00e1mara LC3'> <\/div>\n<p> <!-- Secci\u00f3n de l\u00e1mpara y caracter\u00edsticas --> <\/p>\n<div style='display: grid; grid-template-columns: repeat(auto-fit&comma; minmax(280px&comma; 1fr)); gap: 30px; margin: 40px 0;'>\n<div> <img style='width: 100%; height: auto; border: 1px solid rgba(150&comma;150&comma;150&comma;0.3); border-radius: 8px;' src='https:\/\/ftp3.syscom.mx\/usuarios\/rcovarrubias\/EZVIZ\/Manual%20esp-ing\/LC3\/lampara.png' alt='L\u00e1mpara de la c\u00e1mara'> <\/div>\n<div>\n<h3 style='font-size: 18px; margin-top: 0; color: inherit; font-weight: bold;'>Proteja sus espacios con la c\u00e1mara de luz de pared<\/h3>\n<ul style='padding-left: 20px; font-size: 15px; color: inherit; list-style: square;'>\n<li style='margin-bottom: 12px;'>Le permite activar autom\u00e1ticamente la sirena de 100 dB y encender los reflectores al detectar intrusos sospechosos&comma; lo cual la convierte en un eficaz guardia para la protecci\u00f3n de su hogar<\/li>\n<li style='margin-bottom: 12px;'>Hable con la visita como si estuviera presente<\/li>\n<li style='margin-bottom: 12px;'>Vigilancia \u00f3ptima de espacios exteriores&comma; como terrazas&comma; pasillos&comma; patio<\/li>\n<\/ul><\/div>\n<\/p><\/div>\n<p> <!-- Secci\u00f3n de antena doble --> <\/p>\n<div style='display: grid; grid-template-columns: repeat(auto-fit&comma; minmax(280px&comma; 1fr)); gap: 30px; margin: 40px 0;'>\n<div>\n<h3 style='font-size: 18px; margin-top: 0; margin-bottom: 20px; color: inherit; font-weight: bold;'>Antena doble para un mejor rendimiento<\/h3>\n<ul style='padding-left: 20px; font-size: 15px; color: inherit; list-style: square;'>\n<li style='margin-bottom: 12px;'>Tendr\u00e1 menos dificultades por inestabilidad de la conexi\u00f3n<\/li>\n<li style='margin-bottom: 12px;'>Sirve de elegante l\u00e1mpara de pared&comma; se adapta a cualquier hogar para iluminar los lugares oscuros&comma; con controles inteligentes a distancia<\/li>\n<\/ul><\/div>\n<div> <img style='width: 100%; height: auto; border: 1px solid rgba(150&comma;150&comma;150&comma;0.3); border-radius: 8px;' src='https:\/\/ftp3.syscom.mx\/usuarios\/rcovarrubias\/EZVIZ\/Manual%20esp-ing\/LC3\/doble%20antena.png' alt='Antena doble'> <\/div>\n<\/p><\/div>\n<p> <!-- Im\u00e1genes adicionales --> <\/p>\n<div style='width: 100%; margin: 40px 0;'> <img style='width: 100%; height: auto; border: 1px solid rgba(150&comma;150&comma;150&comma;0.3); border-radius: 8px;' src='https:\/\/ftp3.syscom.mx\/usuarios\/rcovarrubias\/EZVIZ\/Manual%20esp-ing\/LC3\/luminosolc3.png' alt='Iluminaci\u00f3n de la c\u00e1mara'> <\/div>\n<div style='width: 100%; margin: 40px 0;'> <img style='width: 100%; height: auto; border: 1px solid rgba(150&comma;150&comma;150&comma;0.3); border-radius: 8px;' src='https:\/\/ftp3.syscom.mx\/usuarios\/rcovarrubias\/EZVIZ\/Manual%20esp-ing\/LC3\/storage%20lc3.png' alt='Almacenamiento microSD'> <\/div>\n<div style='width: 100%; margin: 40px 0;'> <img style='width: 100%; height: auto; border: 1px solid rgba(150&comma;150&comma;150&comma;0.3); border-radius: 8px;' src='http:\/\/ftp3.syscom.mx\/usuarios\/emendoza\/elesbanmch\/HIKVISON\/IMAGENES\/7.jpg' alt='Instalaci\u00f3n de la c\u00e1mara'> <\/div>\n<\/p><\/div>\n","protected":false},"excerpt":{"rendered":"<p>C\u00e1mara IP 4 Megap\u00edxel \/ Wi-Fi \/ Lampara Integrada \/ Audio de dos v\u00edas \/ Im\u00e1gen Nocturna a Color \/ Detecci\u00f3n Humana \/ Audios Personalizables  \/ Uso Exterior con Protecci\u00f3n<\/p>\n","protected":false},"featured_media":98074,"comment_status":"open","ping_status":"closed","template":"","meta":[],"product_brand":[],"product_cat":[2238],"product_tag":[122,2239,111],"class_list":{"0":"post-98075","1":"product","2":"type-product","3":"status-publish","4":"has-post-thumbnail","6":"product_cat-cubo","7":"product_tag-camaras-ip-y-nvrs","8":"product_tag-cubo","9":"product_tag-ezviz","11":"first","12":"instock","13":"sale","14":"shipping-taxable","15":"purchasable","16":"product-type-simple"},"_links":{"self":[{"href":"https:\/\/soydeaqui.ddns.net\/pachuca\/index.php\/wp-json\/wp\/v2\/product\/98075","targetHints":{"allow":["GET"]}}],"collection":[{"href":"https:\/\/soydeaqui.ddns.net\/pachuca\/index.php\/wp-json\/wp\/v2\/product"}],"about":[{"href":"https:\/\/soydeaqui.ddns.net\/pachuca\/index.php\/wp-json\/wp\/v2\/types\/product"}],"replies":[{"embeddable":true,"href":"https:\/\/soydeaqui.ddns.net\/pachuca\/index.php\/wp-json\/wp\/v2\/comments?post=98075"}],"wp:featuredmedia":[{"embeddable":true,"href":"https:\/\/soydeaqui.ddns.net\/pachuca\/index.php\/wp-json\/wp\/v2\/media\/98074"}],"wp:attachment":[{"href":"https:\/\/soydeaqui.ddns.net\/pachuca\/index.php\/wp-json\/wp\/v2\/media?parent=98075"}],"wp:term":[{"taxonomy":"product_brand","embeddable":true,"href":"https:\/\/soydeaqui.ddns.net\/pachuca\/index.php\/wp-json\/wp\/v2\/product_brand?post=98075"},{"taxonomy":"product_cat","embeddable":true,"href":"https:\/\/soydeaqui.ddns.net\/pachuca\/index.php\/wp-json\/wp\/v2\/product_cat?post=98075"},{"taxonomy":"product_tag","embeddable":true,"href":"https:\/\/soydeaqui.ddns.net\/pachuca\/index.php\/wp-json\/wp\/v2\/product_tag?post=98075"}],"curies":[{"name":"wp","href":"https:\/\/api.w.org\/{rel}","templated":true}]}}