{"id":98053,"date":"2026-03-20T09:24:13","date_gmt":"2026-03-20T09:24:13","guid":{"rendered":"https:\/\/soydeaqui.ddns.net\/pachuca\/index.php\/producto\/splitter-hdmi-1x2-velocidad-de-trasmision-48-gbps-resolucion-8k-salida-de-audio-hdcp-2-3\/"},"modified":"2026-03-20T09:24:32","modified_gmt":"2026-03-20T09:24:32","slug":"splitter-hdmi-1x2-velocidad-de-trasmision-48-gbps-resolucion-8k-salida-de-audio-hdcp-2-3","status":"publish","type":"product","link":"https:\/\/soydeaqui.ddns.net\/pachuca\/index.php\/producto\/splitter-hdmi-1x2-velocidad-de-trasmision-48-gbps-resolucion-8k-salida-de-audio-hdcp-2-3\/","title":{"rendered":"Splitter HDMI 1&#215;2 | Velocidad de trasmisi\u00f3n 48 Gbps| Resoluci\u00f3n 8k | Salida de audio| HDCP 2.3"},"content":{"rendered":"<div style='width: 100%; max-width: 1200px; margin: 0 auto; font-family: sans-serif; line-height: 1.6; color: inherit; background-color: transparent;'> <!-- Imagen 1 --> <\/p>\n<div style='margin-bottom: 30px;'> <img style='width: 100%; height: auto; border: 1px solid rgba(150&comma;150&comma;150&comma;0.3); border-radius: 8px;' src='https:\/\/ftp3.syscom.mx\/usuarios\/luis.vargas\/EpcomTitanium\/titaniumup.jpg' alt=''> <\/div>\n<p> <!-- Descripci\u00f3n principal --> <\/p>\n<div style='margin-bottom: 30px;'>\n<div style='width: 100%;'>\n<h1 style='text-align: center; font-size: 24px; margin-top: 0; margin-bottom: 20px; color: inherit;'><strong>TT-312-8K<\/strong><\/h1>\n<p style='text-align: center; margin: 10px 70px 50px 70px; font-size: 14pt; color: inherit;'> Este producto es un divisor HDMI de alta calidad que permite dividir una se\u00f1al de entrada HDMI en dos salidas HDMI. Cumple con el est\u00e1ndar HDMI2.1 m\u00e1s reciente&comma; lo que garantiza una transmisi\u00f3n de v\u00eddeo de alta calidad con resoluciones de hasta 8K @ 60Hz\/4K @ 120Hz\/1080p @ 240Hz. Adem\u00e1s&comma; cuenta con HDR10+&comma; Dolby Vision y frecuencia de actualizaci\u00f3n variable (VRR) para una mejor calidad de imagen y una visualizaci\u00f3n m\u00e1s suave. Este dispositivo es ideal para su uso en tiendas de TV&comma; cines&comma; publicidad exterior y entretenimiento en el hogar. <\/p>\n<\/p><\/div>\n<\/p><\/div>\n<p> <!-- Secci\u00f3n de caracter\u00edsticas --> <\/p>\n<div style='margin-bottom: 30px;'>\n<h3 style='font-size: 22px; border-bottom: 2px solid currentColor; padding-bottom: 5px; margin-top: 0; margin-bottom: 20px; color: inherit; opacity: 0.8; text-align: center;'><strong>Caracter\u00edsticas<\/strong><\/h3>\n<div style='display: flex; flex-wrap: wrap; gap: 20px;'> <!-- Columna 1 --> <\/p>\n<div style='flex: 1 1 300px; min-width: 280px;'>\n<div style='border: 1px solid rgba(150&comma; 150&comma; 150&comma; 0.4); border-radius: 8px; overflow: hidden;'>\n<div style='padding: 15px; border-bottom: 1px solid rgba(150&comma; 150&comma; 150&comma; 0.2); font-weight: bold; font-size: 18px; background-color: rgba(67&comma; 156&comma; 199&comma; 0.1); color: inherit;'>Caracter\u00edsticas Generales<\/div>\n<div style='padding: 15px; color: inherit;'>\n<ul style='padding-left: 20px; margin: 0; font-size: 14px; list-style-type: disc;'>\n<li style='margin-bottom: 5px;'><strong>HDMI:<\/strong> 1.4<\/li>\n<li style='margin-bottom: 5px;'><strong>HDCP:<\/strong> 1.4<\/li>\n<li style='margin-bottom: 5px;'><strong>Ancho de banda:<\/strong> 18Mbps<\/li>\n<li style='margin-bottom: 5px;'><strong>Resoluciones:<\/strong> 7680&#215;4320@24\/25\/30\/50\/60Hz&comma; 3840&#215;2160@24\/25\/30\/50\/60\/120Hz&comma; 1080p@24\/25\/30\/50\/60\/120\/240Hz&comma; 720p@50\/60\/100\/120Hz<\/li>\n<li style='margin-bottom: 5px;'><strong>Formato de audio:<\/strong> No especificado<\/li>\n<\/ul><\/div>\n<\/p><\/div>\n<\/p><\/div>\n<p> <!-- Columna 2 --> <\/p>\n<div style='flex: 1 1 300px; min-width: 280px;'>\n<div style='border: 1px solid rgba(150&comma; 150&comma; 150&comma; 0.4); border-radius: 8px; overflow: hidden;'>\n<div style='padding: 15px; border-bottom: 1px solid rgba(150&comma; 150&comma; 150&comma; 0.2); font-weight: bold; font-size: 18px; background-color: rgba(67&comma; 156&comma; 199&comma; 0.1); color: inherit;'>Conectividad<\/div>\n<div style='padding: 15px; color: inherit;'>\n<ul style='padding-left: 20px; margin: 0; font-size: 14px; list-style-type: disc;'>\n<li style='margin-bottom: 5px;'><strong>Entrada:<\/strong> HDMIx1 (TipoA&comma; 19 pin hembra)<\/li>\n<li style='margin-bottom: 5px;'><strong>Salida:<\/strong> HDMIx2 (TipoA&comma; 19 pin hembra)<\/li>\n<li style='margin-bottom: 5px;'><strong>Longitud de cable de Entrada:<\/strong> \u22643 m (4K) (est\u00e1ndares de cable AWG26 HDMI2.0)&comma; \u22645 m (4K) (est\u00e1ndares de cable AWG23 HDMI2.0)<\/li>\n<li style='margin-bottom: 5px;'><strong>Longitud de cable de Salida:<\/strong> \u22643 m (4K) (est\u00e1ndares de cable AWG26 HDMI2.0)&comma; \u22645 m (4K) (est\u00e1ndares de cable AWG23 HDMI2.0)<\/li>\n<li style='margin-bottom: 5px;'><strong>Modo:<\/strong> 1&#215;1 \/ 2&#215;1<\/li>\n<\/ul><\/div>\n<\/p><\/div>\n<\/p><\/div>\n<p> <!-- Columna 3 --> <\/p>\n<div style='flex: 1 1 300px; min-width: 280px;'>\n<div style='border: 1px solid rgba(150&comma; 150&comma; 150&comma; 0.4); border-radius: 8px; overflow: hidden;'>\n<div style='padding: 15px; border-bottom: 1px solid rgba(150&comma; 150&comma; 150&comma; 0.2); font-weight: bold; font-size: 18px; background-color: rgba(67&comma; 156&comma; 199&comma; 0.1); color: inherit;'>Especificaciones F\u00edsicas<\/div>\n<div style='padding: 15px; color: inherit;'>\n<ul style='padding-left: 20px; margin: 0; font-size: 14px; list-style-type: disc;'>\n<li style='margin-bottom: 5px;'><strong>Dimensiones:<\/strong> 135(L)*54(W)*16.5(H)mm<\/li>\n<li style='margin-bottom: 5px;'><strong>Peso neto:<\/strong> 140g<\/li>\n<li style='margin-bottom: 5px;'><strong>Fuente de alimentaci\u00f3n:<\/strong> 5V\/1A<\/li>\n<li style='margin-bottom: 5px;'><strong>Consumo:<\/strong> 4W<\/li>\n<li style='margin-bottom: 5px;'><strong>Temperatura de operaci\u00f3n:<\/strong> 0-60\u00ba<\/li>\n<li style='margin-bottom: 5px;'><strong>Incluye:<\/strong><\/li>\n<ul style='padding-left: 30px; margin-top: 5px; font-size: 14px; list-style-type: disc;'>\n<li style='margin-bottom: 5px;'>1x Fuente de 5V\/1A<\/li>\n<li style='margin-bottom: 5px;'>1x Manual de usuario<\/li>\n<\/ul>\n<\/ul><\/div>\n<\/p><\/div>\n<\/p><\/div>\n<\/p><\/div>\n<\/p><\/div>\n<p> <!-- Imagen 2 --> <\/p>\n<div style='margin-bottom: 30px;'> <img style='width: 100%; height: auto; border: 1px solid rgba(150&comma;150&comma;150&comma;0.3); border-radius: 8px;' src='https:\/\/ftp3.syscom.mx\/usuarios\/luis.vargas\/EpcomTitanium\/TT3128K\/TT312-8K-Poster.jpg' alt=''> <\/div>\n<p> <!-- PDF viewer --> <\/p>\n<div style='margin-bottom: 30px;'>\n<div style='position: relative; padding-bottom: 133.33%; height: 0; overflow: hidden;'>   <\/div>\n<\/p><\/div>\n<\/p><\/div>\n","protected":false},"excerpt":{"rendered":"<p>Splitter HDMI 1&#215;2 | Velocidad de trasmisi\u00f3n 48 Gbps| Resoluci\u00f3n 8k | Salida de audio| HDCP 2.3<\/p>\n","protected":false},"featured_media":98052,"comment_status":"open","ping_status":"closed","template":"","meta":[],"product_brand":[],"product_cat":[2073,2074,2077,2075,2072,2076],"product_tag":[417,2079,2080,2083,507,2081,2078,2082],"class_list":{"0":"post-98053","1":"product","2":"type-product","3":"status-publish","4":"has-post-thumbnail","6":"product_cat-convertidores","7":"product_cat-divisores","8":"product_cat-dvi","9":"product_cat-hdmi","10":"product_cat-kits-extensores","11":"product_cat-vga","12":"product_tag-accesorios-generales","13":"product_tag-convertidores","14":"product_tag-divisores","15":"product_tag-dvi","16":"product_tag-epcom-titanium","17":"product_tag-hdmi","18":"product_tag-kits-extensores","19":"product_tag-vga","21":"first","22":"outofstock","23":"sale","24":"shipping-taxable","25":"purchasable","26":"product-type-simple"},"_links":{"self":[{"href":"https:\/\/soydeaqui.ddns.net\/pachuca\/index.php\/wp-json\/wp\/v2\/product\/98053","targetHints":{"allow":["GET"]}}],"collection":[{"href":"https:\/\/soydeaqui.ddns.net\/pachuca\/index.php\/wp-json\/wp\/v2\/product"}],"about":[{"href":"https:\/\/soydeaqui.ddns.net\/pachuca\/index.php\/wp-json\/wp\/v2\/types\/product"}],"replies":[{"embeddable":true,"href":"https:\/\/soydeaqui.ddns.net\/pachuca\/index.php\/wp-json\/wp\/v2\/comments?post=98053"}],"wp:featuredmedia":[{"embeddable":true,"href":"https:\/\/soydeaqui.ddns.net\/pachuca\/index.php\/wp-json\/wp\/v2\/media\/98052"}],"wp:attachment":[{"href":"https:\/\/soydeaqui.ddns.net\/pachuca\/index.php\/wp-json\/wp\/v2\/media?parent=98053"}],"wp:term":[{"taxonomy":"product_brand","embeddable":true,"href":"https:\/\/soydeaqui.ddns.net\/pachuca\/index.php\/wp-json\/wp\/v2\/product_brand?post=98053"},{"taxonomy":"product_cat","embeddable":true,"href":"https:\/\/soydeaqui.ddns.net\/pachuca\/index.php\/wp-json\/wp\/v2\/product_cat?post=98053"},{"taxonomy":"product_tag","embeddable":true,"href":"https:\/\/soydeaqui.ddns.net\/pachuca\/index.php\/wp-json\/wp\/v2\/product_tag?post=98053"}],"curies":[{"name":"wp","href":"https:\/\/api.w.org\/{rel}","templated":true}]}}