{"id":98049,"date":"2026-03-20T09:24:01","date_gmt":"2026-03-20T09:24:01","guid":{"rendered":"https:\/\/soydeaqui.ddns.net\/pachuca\/index.php\/producto\/switch-kvm-hdmi-8-puertos-usb-de-8-puertos-con-cable-aten\/"},"modified":"2026-03-20T09:24:08","modified_gmt":"2026-03-20T09:24:08","slug":"switch-kvm-hdmi-8-puertos-usb-de-8-puertos-con-cable-aten","status":"publish","type":"product","link":"https:\/\/soydeaqui.ddns.net\/pachuca\/index.php\/producto\/switch-kvm-hdmi-8-puertos-usb-de-8-puertos-con-cable-aten\/","title":{"rendered":"Switch KVM HDMI | 8 puertos | USB de 8 puertos\/con cable ATEN"},"content":{"rendered":"<div style='width: 100%; max-width: 1200px; margin: 0 auto; font-family: sans-serif; line-height: 1.6; color: inherit; background-color: transparent;'> <!-- Imagen principal --> <\/p>\n<div style='width: 100%; margin-bottom: 30px;'> <img style='width: 100%; height: auto; border: 1px solid rgba(150&comma;150&comma;150&comma;0.3); border-radius: 8px;' src='https:\/\/ftp3.syscom.mx\/usuarios\/luis.vargas\/ATEN\/ATEN.jpg' alt='Switch KVM HDMI ATEN CS1798'> <\/div>\n<p> <!-- Contenido principal --> <\/p>\n<div style='display: flex; flex-wrap: wrap; gap: 30px; margin-bottom: 30px;'> <!-- Imagen de diagrama y descripci\u00f3n --> <\/p>\n<div style='flex: 1 1 400px; min-width: 300px;'> <img style='width: 100%; height: auto; border: 1px solid rgba(150&comma;150&comma;150&comma;0.3); border-radius: 8px;' src='https:\/\/ftp3.syscom.mx\/usuarios\/luis.vargas\/ATEN\/CS1798\/diagrama%20CS1798.png' alt='Diagrama de conexi\u00f3n CS1798'> <\/div>\n<div style='flex: 1 1 400px; min-width: 300px;'>\n<p style='font-size: 15px; color: inherit; line-height: 1.6;'> Permite consolidar el acceso y control de hasta 8 ordenadores con conexi\u00f3n HDMI desde una \u00fanica consola (teclado USB&comma; rat\u00f3n USB y monitor). Puede conectarse en cascada hasta tres niveles para controlar hasta 512 ordenadores desde una sola consola. Cuenta con funcionalidad multimonitor&comma; permitiendo apilar hasta 8 switch para usar varios monitores y simplificar el entorno de trabajo. Es compatible con el men\u00fa en pantalla (OSD) de ATEN&comma; facilitando el acceso a cualquier ordenador conectado y la realizaci\u00f3n de copias de seguridad y restauraci\u00f3n de la configuraci\u00f3n del OSD. Adem\u00e1s&comma; ofrece soporte para teclado multimedia y audio habilitado&comma; permitiendo escuchar el audio de cada ordenador en dos conjuntos de altavoces. <\/p>\n<\/p><\/div>\n<\/p><\/div>\n<p> <!-- Caracter\u00edsticas destacadas --> <\/p>\n<div style='display: flex; flex-wrap: wrap; gap: 20px; margin-bottom: 30px;'>\n<div style='flex: 1 1 300px; border: 1px solid rgba(150&comma; 150&comma; 150&comma; 0.4); border-radius: 8px; overflow: hidden; display: flex; flex-direction: column;'>\n<div style='padding: 15px; border-bottom: 1px solid rgba(150&comma; 150&comma; 150&comma; 0.2); font-weight: bold; font-size: 18px; color: inherit;'>Operaci\u00f3n F\u00e1cil<\/div>\n<div style='padding: 15px; color: inherit;'>\n<ul style='padding-left: 20px; margin: 0; font-size: 14px; list-style-type: disc;'>\n<li style='margin-bottom: 5px;'>Tres m\u00e9todos de selecci\u00f3n de puertos: Manual&comma; Hotkey y OSD multiling\u00fce (pantalla)<\/li>\n<li style='margin-bottom: 5px;'>Soporte de teclado en m\u00faltiples idiomas<\/li>\n<\/ul><\/div>\n<\/p><\/div>\n<div style='flex: 1 1 300px; border: 1px solid rgba(150&comma; 150&comma; 150&comma; 0.4); border-radius: 8px; overflow: hidden; display: flex; flex-direction: column;'>\n<div style='padding: 15px; border-bottom: 1px solid rgba(150&comma; 150&comma; 150&comma; 0.2); font-weight: bold; font-size: 18px; color: inherit;'>Modo de Exploraci\u00f3n y Difusi\u00f3n<\/div>\n<div style='padding: 15px; color: inherit;'>\n<ul style='padding-left: 20px; margin: 0; font-size: 14px; list-style-type: disc;'>\n<li style='margin-bottom: 5px;'>Exploraci\u00f3n autom\u00e1tica<\/li>\n<li style='margin-bottom: 5px;'>Modo de difusi\u00f3n para monitoreo y comandos simult\u00e1neos en todas las computadoras<\/li>\n<\/ul><\/div>\n<\/p><\/div>\n<div style='flex: 1 1 300px; border: 1px solid rgba(150&comma; 150&comma; 150&comma; 0.4); border-radius: 8px; overflow: hidden; display: flex; flex-direction: column;'>\n<div style='padding: 15px; border-bottom: 1px solid rgba(150&comma; 150&comma; 150&comma; 0.2); font-weight: bold; font-size: 18px; color: inherit;'>Calidad de Video Superior<\/div>\n<div style='padding: 15px; color: inherit;'>\n<ul style='padding-left: 20px; margin: 0; font-size: 14px; list-style-type: disc;'>\n<li style='margin-bottom: 5px;'>Soporta resoluciones de video hasta 1920 x 1200 @ 60 Hz hasta 30 metros<\/li>\n<\/ul><\/div>\n<\/p><\/div>\n<div style='flex: 1 1 300px; border: 1px solid rgba(150&comma; 150&comma; 150&comma; 0.4); border-radius: 8px; overflow: hidden; display: flex; flex-direction: column;'>\n<div style='padding: 15px; border-bottom: 1px solid rgba(150&comma; 150&comma; 150&comma; 0.2); font-weight: bold; font-size: 18px; color: inherit;'>Usuarios M\u00faltiples<\/div>\n<div style='padding: 15px; color: inherit;'>\n<ul style='padding-left: 20px; margin: 0; font-size: 14px; list-style-type: disc;'>\n<li style='margin-bottom: 5px;'>Soporta hasta 10 cuentas de usuario<\/li>\n<li style='margin-bottom: 5px;'>1 cuenta de administrador<\/li>\n<\/ul><\/div>\n<\/p><\/div>\n<div style='flex: 1 1 300px; border: 1px solid rgba(150&comma; 150&comma; 150&comma; 0.4); border-radius: 8px; overflow: hidden; display: flex; flex-direction: column;'>\n<div style='padding: 15px; border-bottom: 1px solid rgba(150&comma; 150&comma; 150&comma; 0.2); font-weight: bold; font-size: 18px; color: inherit;'>Conectores RJ-45 y Cableado Cat 5e\/6<\/div>\n<div style='padding: 15px; color: inherit;'>\n<ul style='padding-left: 20px; margin: 0; font-size: 14px; list-style-type: disc;'>\n<li style='margin-bottom: 5px;'>Ahorro de espacio con instalaci\u00f3n conveniente en un rack de 1U<\/li>\n<li style='margin-bottom: 5px;'>Reduciendo el desorden de cables<\/li>\n<\/ul><\/div>\n<\/p><\/div>\n<div style='flex: 1 1 300px; border: 1px solid rgba(150&comma; 150&comma; 150&comma; 0.4); border-radius: 8px; overflow: hidden; display: flex; flex-direction: column;'>\n<div style='padding: 15px; border-bottom: 1px solid rgba(150&comma; 150&comma; 150&comma; 0.2); font-weight: bold; font-size: 18px; color: inherit;'>Cables Adaptadores con Funci\u00f3n ID<\/div>\n<div style='padding: 15px; color: inherit;'>\n<ul style='padding-left: 20px; margin: 0; font-size: 14px; list-style-type: disc;'>\n<li style='margin-bottom: 5px;'>Soporta reconocimiento autom\u00e1tico de ID de los nuevos adaptadores de cable KVM de ATEN<\/li>\n<li style='margin-bottom: 5px;'>Permitiendo cambios de puerto sin reconfiguraci\u00f3n<\/li>\n<\/ul><\/div>\n<\/p><\/div>\n<div style='flex: 1 1 300px; border: 1px solid rgba(150&comma; 150&comma; 150&comma; 0.4); border-radius: 8px; overflow: hidden; display: flex; flex-direction: column;'>\n<div style='padding: 15px; border-bottom: 1px solid rgba(150&comma; 150&comma; 150&comma; 0.2); font-weight: bold; font-size: 18px; color: inherit;'>Consola USB y Compatibilidad HDMI<\/div>\n<div style='padding: 15px; color: inherit;'>\n<ul style='padding-left: 20px; margin: 0; font-size: 14px; list-style-type: disc;'>\n<li style='margin-bottom: 5px;'>Una consola USB controla ocho computadoras con salidas HDMI y dos dispositivos USB 2.0 adicionales<\/li>\n<li style='margin-bottom: 5px;'>Es compatible con HDMI<\/li>\n<li style='margin-bottom: 5px;'>Puede instalarse en cascada hasta tres niveles&comma; controlando hasta 512 computadoras<\/li>\n<li style='margin-bottom: 5px;'>Permite apilar hasta ocho unidades para vistas en m\u00faltiples monitores<\/li>\n<\/ul><\/div>\n<\/p><\/div>\n<div style='flex: 1 1 300px; border: 1px solid rgba(150&comma; 150&comma; 150&comma; 0.4); border-radius: 8px; overflow: hidden; display: flex; flex-direction: column;'>\n<div style='padding: 15px; border-bottom: 1px solid rgba(150&comma; 150&comma; 150&comma; 0.2); font-weight: bold; font-size: 18px; color: inherit;'>Hub USB y Funciones de Conmutaci\u00f3n<\/div>\n<div style='padding: 15px; color: inherit;'>\n<ul style='padding-left: 20px; margin: 0; font-size: 14px; list-style-type: disc;'>\n<li style='margin-bottom: 5px;'>Incluye un hub USB 2.0 de 2 puertos<\/li>\n<li style='margin-bottom: 5px;'>Conmutaci\u00f3n independiente entre control KVM y se\u00f1ales USB<\/li>\n<li style='margin-bottom: 5px;'>Funci\u00f3n de copia de seguridad\/recuperaci\u00f3n<\/li>\n<li style='margin-bottom: 5px;'>El firmware es actualizable<\/li>\n<li style='margin-bottom: 5px;'>La tecnolog\u00eda Video DynaSync\u2122 optimiza la resoluci\u00f3n al cambiar de puerto<\/li>\n<\/ul><\/div>\n<\/p><\/div>\n<div style='flex: 1 1 300px; border: 1px solid rgba(150&comma; 150&comma; 150&comma; 0.4); border-radius: 8px; overflow: hidden; display: flex; flex-direction: column;'>\n<div style='padding: 15px; border-bottom: 1px solid rgba(150&comma; 150&comma; 150&comma; 0.2); font-weight: bold; font-size: 18px; color: inherit;'>Calidad de Imagen y Sonido<\/div>\n<div style='padding: 15px; color: inherit;'>\n<ul style='padding-left: 20px; margin: 0; font-size: 14px; list-style-type: disc;'>\n<li style='margin-bottom: 5px;'>Calidad de imagen superior con resoluciones hasta 1080p<\/li>\n<li style='margin-bottom: 5px;'>Admite sonido surround 2.1<\/li>\n<li style='margin-bottom: 5px;'>Puertos de audio en el panel frontal<\/li>\n<li style='margin-bottom: 5px;'>Compatible con HDCP y m\u00faltiples plataformas (Windows&comma; Linux&comma; Mac&comma; Sun)<\/li>\n<li style='margin-bottom: 5px;'>Emula teclados Sun\/Macintosh<\/li>\n<li style='margin-bottom: 5px;'>Soporta conexiones en caliente<\/li>\n<\/ul><\/div>\n<\/p><\/div>\n<div style='flex: 1 1 300px; border: 1px solid rgba(150&comma; 150&comma; 150&comma; 0.4); border-radius: 8px; overflow: hidden; display: flex; flex-direction: column;'>\n<div style='padding: 15px; border-bottom: 1px solid rgba(150&comma; 150&comma; 150&comma; 0.2); font-weight: bold; font-size: 18px; color: inherit;'>Men\u00fa Multiling\u00fce<\/div>\n<div style='padding: 15px; color: inherit;'>\n<ul style='padding-left: 20px; margin: 0; font-size: 14px; list-style-type: disc;'>\n<li style='margin-bottom: 5px;'>El men\u00fa es multiling\u00fce<\/li>\n<li style='margin-bottom: 5px;'>Admite asignaci\u00f3n de teclado en varios idiomas<\/li>\n<\/ul><\/div>\n<\/p><\/div>\n<\/p><\/div>\n<p> <!-- Especificaciones t\u00e9cnicas --> <\/p>\n<div style='margin-bottom: 30px;'>\n<h3 style='font-size: 22px; border-bottom: 2px solid currentColor; padding-bottom: 5px; margin-top: 0; color: inherit; opacity: 0.8;'>Especificaciones T\u00e9cnicas<\/h3>\n<div style='display: flex; flex-wrap: wrap; gap: 20px;'> <!-- Columna 1 --> <\/p>\n<div style='flex: 1 1 300px; min-width: 280px;'>\n<h4 style='font-size: 18px; border-bottom: 1px solid rgba(150&comma;150&comma;150&comma;0.3); padding-bottom: 5px; margin-top: 0; color: inherit; opacity: 0.8;'>Entrada de video<\/h4>\n<ul style='padding-left: 20px; font-size: 14px; color: inherit;'>\n<li style='margin-bottom: 5px;'><strong>Interfaces:<\/strong> 16 x HDMI Tipo A hembra (Negro)<\/li>\n<li style='margin-bottom: 5px;'><strong>Impedancia:<\/strong> 100 \u03a9<\/li>\n<li style='margin-bottom: 5px;'><strong>Distancia m\u00e1xima:<\/strong> hasta 5 m<\/li>\n<\/ul><\/div>\n<p> <!-- Columna 2 --> <\/p>\n<div style='flex: 1 1 300px; min-width: 280px;'>\n<h4 style='font-size: 18px; border-bottom: 1px solid rgba(150&comma;150&comma;150&comma;0.3); padding-bottom: 5px; margin-top: 0; color: inherit; opacity: 0.8;'>Salida de video<\/h4>\n<ul style='padding-left: 20px; font-size: 14px; color: inherit;'>\n<li style='margin-bottom: 5px;'><strong>Interfaces:<\/strong> 16 x HDMI Tipo A hembra (Negro)&comma; 1 x HDMI Tipo A hembra (Negro) en modo Array<\/li>\n<li style='margin-bottom: 5px;'><strong>Impedancia:<\/strong> 100 \u03a9<\/li>\n<li style='margin-bottom: 5px;'><strong>Distancia m\u00e1xima:<\/strong> hasta 15 m<\/li>\n<\/ul><\/div>\n<p> <!-- Columna 3 --> <\/p>\n<div style='flex: 1 1 300px; min-width: 280px;'>\n<h4 style='font-size: 18px; border-bottom: 1px solid rgba(150&comma;150&comma;150&comma;0.3); padding-bottom: 5px; margin-top: 0; color: inherit; opacity: 0.8;'>V\u00eddeo<\/h4>\n<ul style='padding-left: 20px; font-size: 14px; color: inherit;'>\n<li style='margin-bottom: 5px;'><strong>Tasa de datos m\u00e1xima:<\/strong> 6&comma;75 Gbps (2&comma;25 Gbps por carril)<\/li>\n<li style='margin-bottom: 5px;'><strong>Reloj de p\u00edxeles m\u00e1ximo:<\/strong> 225 MHz<\/li>\n<li style='margin-bottom: 5px;'><strong>Normativa:<\/strong>\n<ul style='padding-left: 20px; margin: 0; list-style-type: disc;'>\n<li style='margin-bottom: 5px;'>HDMI (3D&comma; Color profundo)<\/li>\n<li style='margin-bottom: 5px;'>Compatible con HDCP 1.4<\/li>\n<li style='margin-bottom: 5px;'>Control de electr\u00f3nica de consumo (CEC)<\/li>\n<\/ul>\n<\/li>\n<li style='margin-bottom: 5px;'><strong>Resoluci\u00f3n m\u00e1xima:<\/strong> Hasta 1080p<\/li>\n<\/ul><\/div>\n<p> <!-- Columna 4 --> <\/p>\n<div style='flex: 1 1 300px; min-width: 280px;'>\n<h4 style='font-size: 18px; border-bottom: 1px solid rgba(150&comma;150&comma;150&comma;0.3); padding-bottom: 5px; margin-top: 0; color: inherit; opacity: 0.8;'>Audio<\/h4>\n<ul style='padding-left: 20px; font-size: 14px; color: inherit;'>\n<li style='margin-bottom: 5px;'><strong>Salida:<\/strong> 1 x Conector hembra miniest\u00e9reo (Verde)<\/li>\n<\/ul><\/div>\n<p> <!-- Columna 5 --> <\/p>\n<div style='flex: 1 1 300px; min-width: 280px;'>\n<h4 style='font-size: 18px; border-bottom: 1px solid rgba(150&comma;150&comma;150&comma;0.3); padding-bottom: 5px; margin-top: 0; color: inherit; opacity: 0.8;'>Control<\/h4>\n<ul style='padding-left: 20px; font-size: 14px; color: inherit;'>\n<li style='margin-bottom: 5px;'><strong>RS-232:<\/strong>\n<ul style='padding-left: 20px; margin: 0; list-style-type: disc;'>\n<li style='margin-bottom: 5px;'>Conector: 1 x DB-9 hembra (Negro)<\/li>\n<li style='margin-bottom: 5px;'>Velocidad en baudios: 19200<\/li>\n<li style='margin-bottom: 5px;'>Bits de datos: 8<\/li>\n<li style='margin-bottom: 5px;'>Bits de parada: 1<\/li>\n<li style='margin-bottom: 5px;'>Paridad: No<\/li>\n<li style='margin-bottom: 5px;'>Control de flujo: No<\/li>\n<\/ul>\n<\/li>\n<li style='margin-bottom: 5px;'><strong>Ethernet:<\/strong> 1 x RJ-45 hembra<\/li>\n<\/ul><\/div>\n<p> <!-- Columna 6 --> <\/p>\n<div style='flex: 1 1 300px; min-width: 280px;'>\n<h4 style='font-size: 18px; border-bottom: 1px solid rgba(150&comma;150&comma;150&comma;0.3); padding-bottom: 5px; margin-top: 0; color: inherit; opacity: 0.8;'>Configuraci\u00f3n EDID<\/h4>\n<ul style='padding-left: 20px; font-size: 14px; color: inherit;'>\n<li style='margin-bottom: 5px;'>Modo EDID: Predeterminado \/ Puerto 1 \/ Remix \/ Personalizado (compatibilidad con Asistente EDID)<\/li>\n<\/ul><\/div>\n<p> <!-- Columna 7 --> <\/p>\n<div style='flex: 1 1 300px; min-width: 280px;'>\n<h4 style='font-size: 18px; border-bottom: 1px solid rgba(150&comma;150&comma;150&comma;0.3); padding-bottom: 5px; margin-top: 0; color: inherit; opacity: 0.8;'>Switches<\/h4>\n<ul style='padding-left: 20px; font-size: 14px; color: inherit;'>\n<li style='margin-bottom: 5px;'><strong>Alimentaci\u00f3n:<\/strong> 1 x Switch Rocker<\/li>\n<\/ul><\/div>\n<p> <!-- Columna 8 --> <\/p>\n<div style='flex: 1 1 300px; min-width: 280px;'>\n<h4 style='font-size: 18px; border-bottom: 1px solid rgba(150&comma;150&comma;150&comma;0.3); padding-bottom: 5px; margin-top: 0; color: inherit; opacity: 0.8;'>Alimentaci\u00f3n<\/h4>\n<ul style='padding-left: 20px; font-size: 14px; color: inherit;'>\n<li style='margin-bottom: 5px;'><strong>Valores nominales:<\/strong> 100-240 VCA; 50-60 Hz; 1&comma;0 A<\/li>\n<li style='margin-bottom: 5px;'><strong>Consumo de energ\u00eda:<\/strong>\n<ul style='padding-left: 20px; margin: 0; list-style-type: disc;'>\n<li style='margin-bottom: 5px;'>110 Vca: 124.5 W: 584 BTU\/h<\/li>\n<li style='margin-bottom: 5px;'>220 Vca: 121.8 W: 571 BTU\/h<\/li>\n<\/ul>\n<\/li>\n<\/ul><\/div>\n<p> <!-- Columna 9 --> <\/p>\n<div style='flex: 1 1 300px; min-width: 280px;'>\n<h4 style='font-size: 18px; border-bottom: 1px solid rgba(150&comma;150&comma;150&comma;0.3); padding-bottom: 5px; margin-top: 0; color: inherit; opacity: 0.8;'>Condiciones medioambientales<\/h4>\n<ul style='padding-left: 20px; font-size: 14px; color: inherit;'>\n<li style='margin-bottom: 5px;'><strong>Temperatura de funcionamiento:<\/strong> 0 &#8211; 40 \u00b0C<\/li>\n<li style='margin-bottom: 5px;'><strong>Temperatura de almacenamiento:<\/strong> -20 &#8211; 60 \u00b0C<\/li>\n<li style='margin-bottom: 5px;'><strong>Humedad relativa:<\/strong> 0 &#8211; 80% RH&comma; Sin condensaci\u00f3n<\/li>\n<\/ul><\/div>\n<p> <!-- Columna 10 --> <\/p>\n<div style='flex: 1 1 300px; min-width: 280px;'>\n<h4 style='font-size: 18px; border-bottom: 1px solid rgba(150&comma;150&comma;150&comma;0.3); padding-bottom: 5px; margin-top: 0; color: inherit; opacity: 0.8;'>Propiedades f\u00edsicas<\/h4>\n<ul style='padding-left: 20px; font-size: 14px; color: inherit;'>\n<li style='margin-bottom: 5px;'><strong>Carcasa:<\/strong> Met\u00e1lica<\/li>\n<li style='margin-bottom: 5px;'><strong>Peso:<\/strong> 7.86 kg (17.31 libras)<\/li>\n<li style='margin-bottom: 5px;'><strong>Dimensiones (LA x AN x AL):<\/strong>\n<ul style='padding-left: 20px; margin: 0; list-style-type: disc;'>\n<li style='margin-bottom: 5px;'>43.24 x 38.18 x 8.80 cm<\/li>\n<li style='margin-bottom: 5px;'>17.02 x 15.03 x 3.46 pulgadas<\/li>\n<\/ul>\n<\/li>\n<li style='margin-bottom: 5px;'><strong>Altura de bastidor (espacios U):<\/strong> 2U<\/li>\n<\/ul><\/div>\n<\/p><\/div>\n<\/p><\/div>\n<p> <!-- Separador --> <\/p>\n<hr style='border: 0; border-top: 1px solid rgba(150&comma; 150&comma; 150&comma; 0.3); margin: 30px 0;'> <!-- Videos --> <\/p>\n<div style='margin-bottom: 30px;'>\n<h3 style='font-size: 22px; border-bottom: 2px solid currentColor; padding-bottom: 5px; margin-top: 0; color: inherit; opacity: 0.8; margin-bottom: 20px;'>VIDEOS<\/h3>\n<div style='display: flex; flex-wrap: wrap; gap: 20px;'>\n<div style='flex: 1 1 300px; min-width: 280px;'>\n<div style='position: relative; padding-bottom: 56.25%; height: 0; overflow: hidden; border: 1px solid rgba(150&comma;150&comma;150&comma;0.3); border-radius: 8px;'>   <\/div>\n<\/p><\/div>\n<div style='flex: 1 1 300px; min-width: 280px;'>\n<div style='position: relative; padding-bottom: 56.25%; height: 0; overflow: hidden; border: 1px solid rgba(150&comma;150&comma;150&comma;0.3); border-radius: 8px;'>   <\/div>\n<\/p><\/div>\n<div style='flex: 1 1 300px; min-width: 280px;'>\n<div style='position: relative; padding-bottom: 56.25%; height: 0; overflow: hidden; border: 1px solid rgba(150&comma;150&comma;150&comma;0.3); border-radius: 8px;'>   <\/div>\n<\/p><\/div>\n<\/p><\/div>\n<\/p><\/div>\n<\/p><\/div>\n","protected":false},"excerpt":{"rendered":"<p>Switch KVM HDMI | 8 puertos | USB de 8 puertos\/con cable ATEN<\/p>\n","protected":false},"featured_media":98048,"comment_status":"open","ping_status":"closed","template":"","meta":[],"product_brand":[],"product_cat":[2073,2074,2077,2075,2072,2076],"product_tag":[417,2121,2079,2080,2083,2081,2078,2082],"class_list":{"0":"post-98049","1":"product","2":"type-product","3":"status-publish","4":"has-post-thumbnail","6":"product_cat-convertidores","7":"product_cat-divisores","8":"product_cat-dvi","9":"product_cat-hdmi","10":"product_cat-kits-extensores","11":"product_cat-vga","12":"product_tag-accesorios-generales","13":"product_tag-aten","14":"product_tag-convertidores","15":"product_tag-divisores","16":"product_tag-dvi","17":"product_tag-hdmi","18":"product_tag-kits-extensores","19":"product_tag-vga","21":"first","22":"instock","23":"sale","24":"shipping-taxable","25":"purchasable","26":"product-type-simple"},"_links":{"self":[{"href":"https:\/\/soydeaqui.ddns.net\/pachuca\/index.php\/wp-json\/wp\/v2\/product\/98049","targetHints":{"allow":["GET"]}}],"collection":[{"href":"https:\/\/soydeaqui.ddns.net\/pachuca\/index.php\/wp-json\/wp\/v2\/product"}],"about":[{"href":"https:\/\/soydeaqui.ddns.net\/pachuca\/index.php\/wp-json\/wp\/v2\/types\/product"}],"replies":[{"embeddable":true,"href":"https:\/\/soydeaqui.ddns.net\/pachuca\/index.php\/wp-json\/wp\/v2\/comments?post=98049"}],"wp:featuredmedia":[{"embeddable":true,"href":"https:\/\/soydeaqui.ddns.net\/pachuca\/index.php\/wp-json\/wp\/v2\/media\/98048"}],"wp:attachment":[{"href":"https:\/\/soydeaqui.ddns.net\/pachuca\/index.php\/wp-json\/wp\/v2\/media?parent=98049"}],"wp:term":[{"taxonomy":"product_brand","embeddable":true,"href":"https:\/\/soydeaqui.ddns.net\/pachuca\/index.php\/wp-json\/wp\/v2\/product_brand?post=98049"},{"taxonomy":"product_cat","embeddable":true,"href":"https:\/\/soydeaqui.ddns.net\/pachuca\/index.php\/wp-json\/wp\/v2\/product_cat?post=98049"},{"taxonomy":"product_tag","embeddable":true,"href":"https:\/\/soydeaqui.ddns.net\/pachuca\/index.php\/wp-json\/wp\/v2\/product_tag?post=98049"}],"curies":[{"name":"wp","href":"https:\/\/api.w.org\/{rel}","templated":true}]}}