{"id":98016,"date":"2026-03-20T09:22:22","date_gmt":"2026-03-20T09:22:22","guid":{"rendered":"https:\/\/soydeaqui.ddns.net\/pachuca\/index.php\/producto\/dvr-1080p-lite-pentahibrido-4-canales-turbohd-1-canal-ip-1-bahia-de-disco-duro-h-264-1-canal-de-audio\/"},"modified":"2026-03-20T09:22:23","modified_gmt":"2026-03-20T09:22:23","slug":"dvr-1080p-lite-pentahibrido-4-canales-turbohd-1-canal-ip-1-bahia-de-disco-duro-h-264-1-canal-de-audio","status":"publish","type":"product","link":"https:\/\/soydeaqui.ddns.net\/pachuca\/index.php\/producto\/dvr-1080p-lite-pentahibrido-4-canales-turbohd-1-canal-ip-1-bahia-de-disco-duro-h-264-1-canal-de-audio\/","title":{"rendered":"DVR 1080p Lite Pentahibrido \/ 4 Canales TURBOHD + 1 Canal IP \/ 1 Bah\u00eda de Disco Duro \/ H.264+ \/ 1 Canal de Audio"},"content":{"rendered":"<div style='width: 100%; max-width: 1200px; margin: 0 auto; font-family: sans-serif; line-height: 1.6; color: inherit; background-color: transparent;'> <!-- Header con t\u00edtulo --> <\/p>\n<div style='width: 100%; text-align: center; margin-bottom: 30px;'>\n<h1 style='color: #dc3545; font-size: 28px; margin: 0; padding: 0;'>\u00a1Videograbador TurboHD 4 canales!<\/h1>\n<\/p><\/div>\n<p> <!-- Imagen y modelo centrados --> <\/p>\n<div style='display: flex; flex-wrap: wrap; justify-content: center; margin-bottom: 30px;'>\n<div style='flex: 1 1 300px; max-width: 700px; text-align: center;'>\n<div style='display: inline-block; max-height: 300px; margin-bottom: 15px;'> <img style='width: 100%; height: auto; border: 1px solid rgba(150&comma;150&comma;150&comma;0.3); border-radius: 8px;' src='https:\/\/ftp3.syscom.mx\/usuarios\/rcovarrubias\/Hojas%20tecnicas\/Specs%20Omar\/Imagenes%20\/DS-7204HGHI-F1_image_1.png' alt='Videograbador TurboHD DS-7204HGHI-F1(S)'> <\/div>\n<h2 style='color: #dc3545; font-size: 22px; margin: 0; padding: 0; font-weight: bold;'>Modelo: DS-7204HGHI-F1(S)<\/h2>\n<\/p><\/div>\n<\/p><\/div>\n<p> <!-- Secci\u00f3n de especificaciones --> <\/p>\n<div style='display: flex; flex-wrap: wrap; gap: 20px; margin-bottom: 30px;'> <!-- Columna izquierda - Caracter\u00edsticas t\u00e9cnicas --> <\/p>\n<div style='flex: 1 1 300px; min-width: 280px;'>\n<div style='border: 1px solid rgba(150&comma;150&comma;150&comma;0.4); border-radius: 8px; overflow: hidden; display: flex; flex-direction: column; height: 100%;'>\n<div style='padding: 15px; border-bottom: 1px solid rgba(150&comma;150&comma;150&comma;0.2); font-weight: bold; font-size: 18px; background-color: #dc3545; color: white;'> Caracter\u00edsticas principales <\/div>\n<div style='padding: 15px; color: inherit; flex: 1 1 auto;'>\n<ul style='padding-left: 20px; margin: 0; font-size: 14px; list-style-type: disc;'>\n<li style='margin-bottom: 5px;'>Sistema Pentahibrido (CVI \/ AHD \/ TVI \/ CVBS \/ IP)<\/li>\n<li style='margin-bottom: 5px;'>4 Canales de V\u00eddeo Turbo HD + 1 IP 720p = 5 canales en total<\/li>\n<li style='margin-bottom: 5px;'>Resoluci\u00f3n m\u00e1xima de c\u00e1maras 1080p lite<\/li>\n<li style='margin-bottom: 5px;'>1 Entrada \/ 1 Salida de Audio<\/li>\n<li style='margin-bottom: 5px;'>Compresion de video: H.264+\/H.264<\/li>\n<li style='margin-bottom: 5px;'>Capacidad para 1 Disco Duro SATA de hasta 6 TB<\/li>\n<li style='margin-bottom: 5px;'>Salidas de V\u00eddeo HDMI \/ VGA Simult\u00e1neas Full HD 1080p<\/li>\n<li style='margin-bottom: 5px;'>Main stream: 1080p Lite @ 30fps&comma; 720p&comma; VGA&comma; WD1&comma; 4CIF&comma; CIF<\/li>\n<li style='margin-bottom: 5px;'>Sub stream: CIF&comma; QCIF&comma; QVGA<\/li>\n<li style='margin-bottom: 5px;'>Bitrate de 32 Kbps a 4 Mbps<\/li>\n<li style='margin-bottom: 5px;'>Soporta resoluciones de 1920 x 1080&comma; 1280x 1024&comma; 1280 x 720&comma; 1024 x 768 en HDMI o VGA<\/li>\n<li style='margin-bottom: 5px;'>Soporte Hik-Connect P2P<\/li>\n<\/ul><\/div>\n<\/p><\/div>\n<\/p><\/div>\n<p> <!-- Columna derecha - Caracter\u00edsticas f\u00edsicas --> <\/p>\n<div style='flex: 1 1 300px; min-width: 280px;'>\n<div style='border: 1px solid rgba(150&comma;150&comma;150&comma;0.4); border-radius: 8px; overflow: hidden; display: flex; flex-direction: column; height: 100%;'>\n<div style='padding: 15px; border-bottom: 1px solid rgba(150&comma;150&comma;150&comma;0.2); font-weight: bold; font-size: 18px; background-color: #dc3545; color: white;'> Caracter\u00edsticas f\u00edsicas y el\u00e9ctricas <\/div>\n<div style='padding: 15px; color: inherit; flex: 1 1 auto;'>\n<ul style='padding-left: 20px; margin: 0; font-size: 14px; list-style-type: disc;'>\n<li style='margin-bottom: 5px;'>Alimentaci\u00f3n incluida: 12 Vcc<\/li>\n<li style='margin-bottom: 5px;'>Consumo sin disco duro 8 W<\/li>\n<li style='margin-bottom: 5px;'>Temperatura de operaci\u00f3n: -10~55 \u00baC<\/li>\n<li style='margin-bottom: 5px;'>Dimensiones: 260 x 222 x 45 mm<\/li>\n<li style='margin-bottom: 5px;'>Peso: 1Kg<\/li>\n<\/ul><\/div>\n<\/p><\/div>\n<\/p><\/div>\n<\/p><\/div>\n<\/p><\/div>\n","protected":false},"excerpt":{"rendered":"<p>DVR 1080p Lite Pentahibrido \/ 4 Canales TURBOHD + 1 Canal IP \/ 1 Bah\u00eda de Disco Duro \/ H.264+ \/ 1 Canal de Audio<\/p>\n","protected":false},"featured_media":98015,"comment_status":"open","ping_status":"closed","template":"","meta":[],"product_brand":[],"product_cat":[2254],"product_tag":[2255,54,2256],"class_list":{"0":"post-98016","1":"product","2":"type-product","3":"status-publish","4":"has-post-thumbnail","6":"product_cat-videograbadoras-analogicas-turbohd-tvi-ahd-cvi","7":"product_tag-camaras-y-dvrs-hd-turbohd-ahd-hd-tvi","8":"product_tag-hikvision","9":"product_tag-videograbadoras-analogicas-turbohd-tvi-ahd-cvi","11":"first","12":"instock","13":"sale","14":"shipping-taxable","15":"purchasable","16":"product-type-simple"},"_links":{"self":[{"href":"https:\/\/soydeaqui.ddns.net\/pachuca\/index.php\/wp-json\/wp\/v2\/product\/98016","targetHints":{"allow":["GET"]}}],"collection":[{"href":"https:\/\/soydeaqui.ddns.net\/pachuca\/index.php\/wp-json\/wp\/v2\/product"}],"about":[{"href":"https:\/\/soydeaqui.ddns.net\/pachuca\/index.php\/wp-json\/wp\/v2\/types\/product"}],"replies":[{"embeddable":true,"href":"https:\/\/soydeaqui.ddns.net\/pachuca\/index.php\/wp-json\/wp\/v2\/comments?post=98016"}],"wp:featuredmedia":[{"embeddable":true,"href":"https:\/\/soydeaqui.ddns.net\/pachuca\/index.php\/wp-json\/wp\/v2\/media\/98015"}],"wp:attachment":[{"href":"https:\/\/soydeaqui.ddns.net\/pachuca\/index.php\/wp-json\/wp\/v2\/media?parent=98016"}],"wp:term":[{"taxonomy":"product_brand","embeddable":true,"href":"https:\/\/soydeaqui.ddns.net\/pachuca\/index.php\/wp-json\/wp\/v2\/product_brand?post=98016"},{"taxonomy":"product_cat","embeddable":true,"href":"https:\/\/soydeaqui.ddns.net\/pachuca\/index.php\/wp-json\/wp\/v2\/product_cat?post=98016"},{"taxonomy":"product_tag","embeddable":true,"href":"https:\/\/soydeaqui.ddns.net\/pachuca\/index.php\/wp-json\/wp\/v2\/product_tag?post=98016"}],"curies":[{"name":"wp","href":"https:\/\/api.w.org\/{rel}","templated":true}]}}