{"id":98012,"date":"2026-03-20T09:22:13","date_gmt":"2026-03-20T09:22:13","guid":{"rendered":"https:\/\/soydeaqui.ddns.net\/pachuca\/index.php\/producto\/nvr-12-megapixel-4k-64-canales-ip-8-bahias-de-disco-duro-2-tarjetas-de-red-soporta-raid-hdmi-en-4k-soporta-pos-reconocimiento-facial-bases-de-datos-hasta-100000-fotografias\/"},"modified":"2026-03-20T09:22:15","modified_gmt":"2026-03-20T09:22:15","slug":"nvr-12-megapixel-4k-64-canales-ip-8-bahias-de-disco-duro-2-tarjetas-de-red-soporta-raid-hdmi-en-4k-soporta-pos-reconocimiento-facial-bases-de-datos-hasta-100000-fotografias","status":"publish","type":"product","link":"https:\/\/soydeaqui.ddns.net\/pachuca\/index.php\/producto\/nvr-12-megapixel-4k-64-canales-ip-8-bahias-de-disco-duro-2-tarjetas-de-red-soporta-raid-hdmi-en-4k-soporta-pos-reconocimiento-facial-bases-de-datos-hasta-100000-fotografias\/","title":{"rendered":"NVR 12 Megapixel (4K) \/ 64 Canales IP \/ 8 Bah\u00edas de Disco Duro \/ 2 Tarjetas de Red \/ Soporta RAID \/ HDMI en 4K \/ Soporta POS \/ Reconocimiento Facial \/ Bases de Datos \/ Hasta 100,000 Fotograf\u00edas"},"content":{"rendered":"<div style='width: 100%; max-width: 1200px; margin: 0 auto; font-family: sans-serif; line-height: 1.6; color: inherit; background-color: transparent;'>\n<p style='text-align: center;'><img style='width: 100%; max-width: 400px; height: auto; border: 1px solid rgba(150&comma;150&comma;150&comma;0.3); border-radius: 8px;' src='https:\/\/ftp3.syscom.mx\/usuarios\/jsosa\/HIKVISION\/imagenes\/logo\/hikvision%20see%20far.png' alt='Logo Hikvision'><\/p>\n<div style='display: flex; flex-wrap: wrap; gap: 30px; margin: 30px 0;'>\n<div style='flex: 1 1 300px; min-width: 280px;'>\n<h3 style='font-size: 22px; border-bottom: 2px solid currentColor; padding-bottom: 5px; margin-top: 0; color: inherit; opacity: 0.8;'>Caracter\u00edsticas principales<\/h3>\n<ul style='padding-left: 20px; font-size: 15px; color: inherit;'>\n<li style='margin-bottom: 5px;'>Compresi\u00f3n de v\u00eddeo: H.265+ \/ H.265 \/ H.264<\/li>\n<li style='margin-bottom: 5px;'>Soporta 8 HDD\u00b4s de hasta 14 TB. (no incluidos)<\/li>\n<li style='margin-bottom: 5px;'>Soporta arreglo RAID 0&comma;1&comma;5&comma;6&comma;10<\/li>\n<\/ul>\n<h3 style='font-size: 22px; border-bottom: 2px solid currentColor; padding-bottom: 5px; margin-top: 25px; margin-bottom: 15px; color: inherit; opacity: 0.8;'>Capacidad de procesamiento y funciones de red<\/h3>\n<ul style='padding-left: 20px; font-size: 15px; color: inherit;'>\n<li style='margin-bottom: 5px;'>Throughput entrada: 400 Mbps (250 Mbps con arreglo RAID)<\/li>\n<li style='margin-bottom: 5px;'>Throughput salida: 400 Mbps (250 Mbps con arreglo RAID)<\/li>\n<li style='margin-bottom: 5px;'>2 Puertos de red 10 \/ 100 \/ 1000 Mbps. (LAN)<\/li>\n<li style='margin-bottom: 5px;'>Entrada de Alarma: 16<\/li>\n<li style='margin-bottom: 5px;'>Salida de Alarma: 9<\/li>\n<\/ul><\/div>\n<div style='flex: 1 1 300px; min-width: 280px;'>\n<h3 style='font-size: 22px; border-bottom: 2px solid currentColor; padding-bottom: 5px; margin-top: 0; color: inherit; opacity: 0.8;'>Caracter\u00edsticas F\u00edsicas y El\u00e9ctricas<\/h3>\n<ul style='padding-left: 20px; font-size: 15px; color: inherit;'>\n<li style='margin-bottom: 5px;'>Dimensiones: 445 x 465 x 92 mm<\/li>\n<li style='margin-bottom: 5px;'>Alimentaci\u00f3n: 100 a 240 Vca \/ 70 watts (sin disco duro)<\/li>\n<li style='margin-bottom: 5px;'>Temperatura de operaci\u00f3n: -10\u00b0C a 55\u00b0C<\/li>\n<li style='margin-bottom: 5px;'>Peso: 10 Kg sin discos duros<\/li>\n<\/ul>\n<h3 style='font-size: 22px; border-bottom: 2px solid currentColor; padding-bottom: 5px; margin-top: 25px; margin-bottom: 15px; color: inherit; opacity: 0.8;'>Resoluci\u00f3n de Grabaci\u00f3n por Canal (recomendado con H.265)<\/h3>\n<ul style='padding-left: 20px; font-size: 15px; color: inherit;'>\n<li style='margin-bottom: 5px;'>1 Megapixel: 64 Canales @ 30 IPS<\/li>\n<li style='margin-bottom: 5px;'>2 Megapixel: 64 Canales @ 30 IPS<\/li>\n<li style='margin-bottom: 5px;'>5 Megapixel: 64 Canales @ 30 IPS<\/li>\n<li style='margin-bottom: 5px;'>8 Megapixel (4K): 64 Canales @ 15 IPS<\/li>\n<li style='margin-bottom: 5px;'>12 Megapixel (4K): 64 Canales @ 10 IPS<\/li>\n<li style='margin-bottom: 5px;'>Reproducci\u00f3n s\u00edncrona en canales: 16 Canales<\/li>\n<\/ul><\/div>\n<div style='flex: 1 1 300px; min-width: 280px;'>\n<h3 style='font-size: 22px; border-bottom: 2px solid currentColor; padding-bottom: 5px; margin-top: 0; color: inherit; opacity: 0.8;'>Funciones de Grabaci\u00f3n y Visualizaci\u00f3n<\/h3>\n<ul style='padding-left: 20px; font-size: 15px; color: inherit;'>\n<li style='margin-bottom: 5px;'>Zoom digital en visualizaci\u00f3n y grabaci\u00f3n<\/li>\n<li style='margin-bottom: 5px;'>Dual stream (main stream y sub stream)<\/li>\n<li style='margin-bottom: 5px;'>Soporta avance r\u00e1pido&comma; lento&comma; cuadro a cuadro&comma; etc<\/li>\n<li style='margin-bottom: 5px;'>Soporta m\u00faltiples tipos de grabaci\u00f3n&comma; incluyendo tiempo real&comma; grabaci\u00f3n manual&comma; videosensor&comma; videosensor y alarma&comma; videosensor o alarma<\/li>\n<li style='margin-bottom: 5px;'>Soporta grabaci\u00f3n c\u00edclica (sobreescritura) y no c\u00edclica<\/li>\n<\/ul><\/div>\n<\/p><\/div>\n<hr style='border: 0; border-top: 1px solid rgba(150&comma; 150&comma; 150&comma; 0.3); margin: 30px 0;'>\n<div style='margin: 30px 0;'>\n<h3 style='font-size: 22px; border-bottom: 2px solid currentColor; padding-bottom: 5px; margin-top: 0; color: inherit; opacity: 0.8;'>Interfaces Entradas \/ Salidas<\/h3>\n<ul style='padding-left: 20px; font-size: 15px; color: inherit;'>\n<li style='margin-bottom: 5px;'>Almacenamiento de hasta 32 librerias<\/li>\n<li style='margin-bottom: 5px;'>Almacenamiento de hasta 100&comma;000 imagenes (fotos)<\/li>\n<li style='margin-bottom: 5px;'>16 canales de video con reconocimiento de rostros<\/li>\n<li style='margin-bottom: 5px;'>Al momento de detectar la c\u00e1mara el rostro y coincide con un rostros en la base de datos podemos: grabar&comma; notificar al software (iVMS-4200)&comma; envi\u00f3 de email&comma; activar alguna salida de alarma&comma; etc<\/li>\n<li style='margin-bottom: 5px;'>Se recomienda colocar el modelo de camaras iDS-2CD7 para poder tener los 48 canales de video con la funcion de reconocimiento facial. Cada camara permite tener un canal con reconocimiento facial<\/li>\n<li style='margin-bottom: 5px;'>Podemos tener hasta 16 canales de reconocimiento facial si manejamos camaras de la serie DS-2CD2XX3G0 \/ DS-2CD2XX5G1 \/ DS-2CD2XX3G2<\/li>\n<\/ul><\/div>\n<hr style='border: 0; border-top: 1px solid rgba(150&comma; 150&comma; 150&comma; 0.3); margin: 30px 0;'>\n<div style='margin: 30px 0;'>\n<h3 style='font-size: 22px; border-bottom: 2px solid currentColor; padding-bottom: 5px; margin-top: 0; color: inherit; opacity: 0.8;'>Consideraciones<\/h3>\n<p style='font-size: 15px; color: inherit;'>Ninguna especificada en el contenido original<\/p>\n<\/p><\/div>\n<hr style='border: 0; border-top: 1px solid rgba(150&comma; 150&comma; 150&comma; 0.3); margin: 30px 0;'>\n<div style='margin: 30px 0;'>\n<p style='text-align: center;'><img style='width: 100%; max-width: 1200px; height: auto; border: 1px solid rgba(150&comma;150&comma;150&comma;0.3); border-radius: 8px;' src='https:\/\/ftp3.syscom.mx\/usuarios\/jsosa\/HIKVISION\/imagenes\/banners\/solution%20complete.png' alt='Soluci\u00f3n completa Hikvision'><\/p>\n<\/p><\/div>\n<\/p><\/div>\n","protected":false},"excerpt":{"rendered":"<p>NVR 12 Megapixel (4K) \/ 64 Canales IP \/ 8 Bah\u00edas de Disco Duro \/ 2 Tarjetas de Red \/ Soporta RAID \/ HDMI en 4K \/ Soporta POS \/ Reconocimiento Facial \/ Bases de Datos \/ Hasta 100,000 Fotograf\u00edas<\/p>\n","protected":false},"featured_media":98011,"comment_status":"open","ping_status":"closed","template":"","meta":[],"product_brand":[],"product_cat":[2234],"product_tag":[122,54,2235],"class_list":{"0":"post-98012","1":"product","2":"type-product","3":"status-publish","4":"has-post-thumbnail","6":"product_cat-nvrs-network-video-recorders","7":"product_tag-camaras-ip-y-nvrs","8":"product_tag-hikvision","9":"product_tag-nvrs-network-video-recorders","11":"first","12":"outofstock","13":"sale","14":"shipping-taxable","15":"purchasable","16":"product-type-simple"},"_links":{"self":[{"href":"https:\/\/soydeaqui.ddns.net\/pachuca\/index.php\/wp-json\/wp\/v2\/product\/98012","targetHints":{"allow":["GET"]}}],"collection":[{"href":"https:\/\/soydeaqui.ddns.net\/pachuca\/index.php\/wp-json\/wp\/v2\/product"}],"about":[{"href":"https:\/\/soydeaqui.ddns.net\/pachuca\/index.php\/wp-json\/wp\/v2\/types\/product"}],"replies":[{"embeddable":true,"href":"https:\/\/soydeaqui.ddns.net\/pachuca\/index.php\/wp-json\/wp\/v2\/comments?post=98012"}],"wp:featuredmedia":[{"embeddable":true,"href":"https:\/\/soydeaqui.ddns.net\/pachuca\/index.php\/wp-json\/wp\/v2\/media\/98011"}],"wp:attachment":[{"href":"https:\/\/soydeaqui.ddns.net\/pachuca\/index.php\/wp-json\/wp\/v2\/media?parent=98012"}],"wp:term":[{"taxonomy":"product_brand","embeddable":true,"href":"https:\/\/soydeaqui.ddns.net\/pachuca\/index.php\/wp-json\/wp\/v2\/product_brand?post=98012"},{"taxonomy":"product_cat","embeddable":true,"href":"https:\/\/soydeaqui.ddns.net\/pachuca\/index.php\/wp-json\/wp\/v2\/product_cat?post=98012"},{"taxonomy":"product_tag","embeddable":true,"href":"https:\/\/soydeaqui.ddns.net\/pachuca\/index.php\/wp-json\/wp\/v2\/product_tag?post=98012"}],"curies":[{"name":"wp","href":"https:\/\/api.w.org\/{rel}","templated":true}]}}