{"id":98006,"date":"2026-03-20T09:21:58","date_gmt":"2026-03-20T09:21:58","guid":{"rendered":"https:\/\/soydeaqui.ddns.net\/pachuca\/index.php\/producto\/hub-usb-c-docking-station-5-en-1-hdmi-2-0-4k30hz-3-usb-a-3-0-5gbps-usb-c-pd-carga-100w-potente-disipacion-de-calor-chip-de-ultima-generacion-cable-de-nylon-trenzado-de-25-cm-carcasa\/"},"modified":"2026-03-20T09:21:58","modified_gmt":"2026-03-20T09:21:58","slug":"hub-usb-c-docking-station-5-en-1-hdmi-2-0-4k30hz-3-usb-a-3-0-5gbps-usb-c-pd-carga-100w-potente-disipacion-de-calor-chip-de-ultima-generacion-cable-de-nylon-trenzado-de-25-cm-carcasa","status":"publish","type":"product","link":"https:\/\/soydeaqui.ddns.net\/pachuca\/index.php\/producto\/hub-usb-c-docking-station-5-en-1-hdmi-2-0-4k30hz-3-usb-a-3-0-5gbps-usb-c-pd-carga-100w-potente-disipacion-de-calor-chip-de-ultima-generacion-cable-de-nylon-trenzado-de-25-cm-carcasa\/","title":{"rendered":"HUB USB-C (Docking Station) 5 en 1 | HDMI 2.0 4K@30Hz | 3 USB-A 3.0 (5Gbps) | USB-C PD Carga 100W | Potente Disipaci\u00f3n de Calor | Chip de Ultima Generaci\u00f3n | Cable de Nylon Trenzado de 25 cm | Carcasa de Aluminio."},"content":{"rendered":"<div style='width: 100%; max-width: 1200px; margin: 0 auto; font-family: sans-serif; line-height: 1.6; color: inherit; background-color: transparent;'> <!-- Galer\u00eda de im\u00e1genes --> <\/p>\n<div style='display: flex; flex-wrap: wrap; gap: 15px; margin-bottom: 30px;'>\n<div style='flex: 1 1 300px; min-width: 280px;'> <img style='width: 100%; height: auto; border: 1px solid rgba(150&comma;150&comma;150&comma;0.3); border-radius: 8px;' src='http:\/\/ftp3.syscom.mx\/usuarios\/hallende\/UGREEN2\/HUB-DOCKING\/15596\/15596-10.jpg' alt=''> <\/div>\n<div style='flex: 1 1 300px; min-width: 280px;'> <img style='width: 100%; height: auto; border: 1px solid rgba(150&comma;150&comma;150&comma;0.3); border-radius: 8px;' src='http:\/\/ftp3.syscom.mx\/usuarios\/hallende\/UGREEN2\/HUB-DOCKING\/15596\/15596-11.jpg' alt=''> <\/div>\n<div style='flex: 1 1 300px; min-width: 280px;'> <img style='width: 100%; height: auto; border: 1px solid rgba(150&comma;150&comma;150&comma;0.3); border-radius: 8px;' src='http:\/\/ftp3.syscom.mx\/usuarios\/hallende\/UGREEN2\/HUB-DOCKING\/15596\/15596-13.jpg' alt=''> <\/div>\n<div style='flex: 1 1 300px; min-width: 280px;'> <img style='width: 100%; height: auto; border: 1px solid rgba(150&comma;150&comma;150&comma;0.3); border-radius: 8px;' src='http:\/\/ftp3.syscom.mx\/usuarios\/hallende\/UGREEN2\/HUB-DOCKING\/15596\/15596-14.jpg' alt=''> <\/div>\n<div style='flex: 1 1 300px; min-width: 280px;'> <img style='width: 100%; height: auto; border: 1px solid rgba(150&comma;150&comma;150&comma;0.3); border-radius: 8px;' src='http:\/\/ftp3.syscom.mx\/usuarios\/hallende\/UGREEN2\/HUB-DOCKING\/15596\/15596-15.jpg' alt=''> <\/div>\n<div style='flex: 1 1 300px; min-width: 280px;'> <img style='width: 100%; height: auto; border: 1px solid rgba(150&comma;150&comma;150&comma;0.3); border-radius: 8px;' src='http:\/\/ftp3.syscom.mx\/usuarios\/hallende\/UGREEN2\/HUB-DOCKING\/15596\/15596-16.jpg' alt=''> <\/div>\n<div style='flex: 1 1 300px; min-width: 280px;'> <img style='width: 100%; height: auto; border: 1px solid rgba(150&comma;150&comma;150&comma;0.3); border-radius: 8px;' src='http:\/\/ftp3.syscom.mx\/usuarios\/hallende\/UGREEN2\/HUB-DOCKING\/15596\/15596-17.jpg' alt=''> <\/div>\n<\/p><\/div>\n<p> <!-- Secci\u00f3n de caracter\u00edsticas principales --> <\/p>\n<div style='display: flex; flex-wrap: wrap; gap: 30px; margin-bottom: 30px;'>\n<div style='flex: 1 1 300px; min-width: 280px;'>\n<h3 style='font-size: 22px; border-bottom: 2px solid currentColor; padding-bottom: 5px; margin-top: 0; color: inherit; opacity: 0.8;'>Caracter\u00edsticas Principales<\/h3>\n<ul style='padding-left: 20px; font-size: 15px; color: inherit;'>\n<li style='margin-bottom: 5px;'>HUB USB-C (Docking Station) 5 en 1<\/li>\n<li style='margin-bottom: 5px;'>3 USB-A 3.0 (5Gbps)<\/li>\n<li style='margin-bottom: 5px;'>HDMI 2.0 4K@30Hz<\/li>\n<li style='margin-bottom: 5px;'>USB-C PD Carga 100W<\/li>\n<li style='margin-bottom: 5px;'>Cable de Nylon Trenzado de 25 cm<\/li>\n<li style='margin-bottom: 5px;'>Carcasa de Aluminio<\/li>\n<li style='margin-bottom: 5px;'>Potente Disipaci\u00f3n de Calor<\/li>\n<li style='margin-bottom: 5px;'>Chip de \u00daltima Generaci\u00f3n<\/li>\n<\/ul><\/div>\n<\/p><\/div>\n<p> <!-- Secci\u00f3n de especificaciones --> <\/p>\n<div style='display: flex; flex-wrap: wrap; gap: 20px; margin-bottom: 30px;'>\n<div style='flex: 1 1 250px; border: 1px solid rgba(150&comma; 150&comma; 150&comma; 0.4); border-radius: 8px; overflow: hidden; display: flex; flex-direction: column;'>\n<div style='padding: 15px; border-bottom: 1px solid rgba(150&comma; 150&comma; 150&comma; 0.2); font-weight: bold; font-size: 18px; color: inherit;'>Especificaciones T\u00e9cnicas<\/div>\n<div style='padding: 15px; color: inherit;'>\n<ul style='padding-left: 20px; margin: 0; font-size: 14px; list-style-type: disc;'>\n<li style='margin-bottom: 5px;'><strong>Modelo:<\/strong> 15596<\/li>\n<li style='margin-bottom: 5px;'><strong>Interfaz:<\/strong> USB-C<\/li>\n<li style='margin-bottom: 5px;'><strong>Resoluci\u00f3n HDMI:<\/strong> 4K@30Hz (HDMI 2.0)<\/li>\n<li style='margin-bottom: 5px;'><strong>Velocidad USB-A:<\/strong> 5Gbps (USB 3.0)<\/li>\n<li style='margin-bottom: 5px;'><strong>Potencia Carga:<\/strong> 100W (USB-C PD)<\/li>\n<li style='margin-bottom: 5px;'><strong>Material:<\/strong> Aluminio<\/li>\n<li style='margin-bottom: 5px;'><strong>Longitud del Cable:<\/strong> 25 cm<\/li>\n<\/ul><\/div>\n<\/p><\/div>\n<p> <!-- Compatibilidad --> <\/p>\n<div style='flex: 1 1 250px; border: 1px solid rgba(150&comma; 150&comma; 150&comma; 0.4); border-radius: 8px; overflow: hidden; display: flex; flex-direction: column;'>\n<div style='padding: 15px; border-bottom: 1px solid rgba(150&comma;150&comma;150&comma;0.2); font-weight: bold; font-size: 18px; color: inherit;'>Compatibilidad<\/div>\n<div style='padding: 15px; color: inherit;'>\n<ul style='padding-left: 20px; margin: 0; font-size: 14px; list-style-type: disc;'>\n<li style='margin-bottom: 5px;'>MacBook Pro (M2\/M1&comma; Max\/Pro&comma; 2023-2016)<\/li>\n<li style='margin-bottom: 5px;'>MacBook Air (M2\/M1&comma; Max\/Pro&comma; 2022-2018)<\/li>\n<li style='margin-bottom: 5px;'>MacBook (2017-2015)<\/li>\n<li style='margin-bottom: 5px;'>iMac<\/li>\n<li style='margin-bottom: 5px;'>Dell XPS 17\/15\/13<\/li>\n<li style='margin-bottom: 5px;'>Surface Pro 9\/8\/7&comma; Surface Go<\/li>\n<li style='margin-bottom: 5px;'>iPad Pro (2022-2018)<\/li>\n<li style='margin-bottom: 5px;'>iPad Air 2022\/2020<\/li>\n<li style='margin-bottom: 5px;'>iPad Mini 2021<\/li>\n<li style='margin-bottom: 5px;'>Galaxy Tab S8\/S7<\/li>\n<li style='margin-bottom: 5px;'>Galaxy S23\/Note 20<\/li>\n<li style='margin-bottom: 5px;'>Steam Deck<\/li>\n<li style='margin-bottom: 5px;'>Switch<\/li>\n<\/ul><\/div>\n<\/p><\/div>\n<p> <!-- Funcionalidades --> <\/p>\n<div style='flex: 1 1 250px; border: 1px solid rgba(150&comma; 150&comma; 150&comma; 0.4); border-radius: 8px; overflow: hidden; display: flex; flex-direction: column;'>\n<div style='padding: 15px; border-bottom: 1px solid rgba(150&comma;150&comma;150&comma;0.2); font-weight: bold; font-size: 18px; color: inherit;'>Funcionalidades<\/div>\n<div style='padding: 15px; color: inherit;'>\n<ul style='padding-left: 20px; margin: 0; font-size: 14px; list-style-type: disc;'>\n<li style='margin-bottom: 5px;'>Duplicaci\u00f3n y extensi\u00f3n de pantalla<\/li>\n<li style='margin-bottom: 5px;'>Sin controladores requeridos<\/li>\n<li style='margin-bottom: 5px;'>Plug and Play en Windows&comma; Mac OS&comma; Linux y Android<\/li>\n<li style='margin-bottom: 5px;'>Dise\u00f1o compacto y port\u00e1til<\/li>\n<\/ul><\/div>\n<\/p><\/div>\n<\/p><\/div>\n<p> <!-- Secci\u00f3n de descripci\u00f3n detallada --> <\/p>\n<div style='display: flex; flex-wrap: wrap; gap: 30px; margin-bottom: 30px;'>\n<div style='flex: 1 1 300px; min-width: 280px;'>\n<h3 style='font-size: 22px; border-bottom: 2px solid currentColor; padding-bottom: 5px; margin-top: 0; color: inherit; opacity: 0.8;'>Descripci\u00f3n Detallada<\/h3>\n<p style='font-size: 15px; color: inherit; margin-bottom: 15px;'>El HUB USB-C (Docking Station) 5 en 1 ofrece una soluci\u00f3n completa para expandir las capacidades de conexi\u00f3n de tu dispositivo. Con su puerto HDMI 4K@30Hz&comma; podr\u00e1s conectar una pantalla externa para disfrutar de contenido multimedia de alta calidad o presentaciones profesionales.<\/p>\n<p style='font-size: 15px; color: inherit; margin-bottom: 15px;'>Los tres puertos USB-A 3.0 permiten la conexi\u00f3n simult\u00e1nea de m\u00faltiples dispositivos perif\u00e9ricos con velocidades de transferencia de hasta 5Gbps&comma; ideal para almacenamiento externo&comma; teclados&comma; ratones y otros accesorios.<\/p>\n<p style='font-size: 15px; color: inherit; margin-bottom: 15px;'>El puerto USB-C PD soporta carga r\u00e1pida de hasta 100W&comma; permitiendo cargar tu laptop mientras utilizas los dem\u00e1s puertos sin afectar el rendimiento. La carcasa de aluminio y el dise\u00f1o de disipaci\u00f3n de calor garantizan un funcionamiento estable incluso durante largas sesiones de uso.<\/p>\n<p style='font-size: 15px; color: inherit; margin-bottom: 15px;'>Fabricado con un chip de \u00faltima generaci\u00f3n&comma; este hub ofrece una conexi\u00f3n estable y confiable. Su dise\u00f1o compacto y el cable trenzado de 25 cm lo hacen ideal para uso en la oficina o en movimiento.<\/p>\n<\/p><\/div>\n<\/p><\/div>\n<p> <!-- Separador --> <\/p>\n<hr style='border: 0; border-top: 1px solid rgba(150&comma; 150&comma; 150&comma; 0.3); margin: 30px 0;'> <\/div>\n","protected":false},"excerpt":{"rendered":"<p>HUB USB-C (Docking Station) 5 en 1 | HDMI 2.0 4K@30Hz | 3 USB-A 3.0 (5Gbps) | USB-C PD Carga 100W | Potente Disipaci\u00f3n de Calor | Chip de Ultima Generaci\u00f3n | Cable de Nylon Trenzado de 25 cm | Carcasa de Aluminio.<\/p>\n","protected":false},"featured_media":98005,"comment_status":"open","ping_status":"closed","template":"","meta":[],"product_brand":[],"product_cat":[1235],"product_tag":[417,1236,650],"class_list":{"0":"post-98006","1":"product","2":"type-product","3":"status-publish","4":"has-post-thumbnail","6":"product_cat-accesorios-para-computadora-y-smartphones","7":"product_tag-accesorios-generales","8":"product_tag-accesorios-para-computadora-y-smartphones","9":"product_tag-ugreen","11":"first","12":"instock","13":"sale","14":"shipping-taxable","15":"purchasable","16":"product-type-simple"},"_links":{"self":[{"href":"https:\/\/soydeaqui.ddns.net\/pachuca\/index.php\/wp-json\/wp\/v2\/product\/98006","targetHints":{"allow":["GET"]}}],"collection":[{"href":"https:\/\/soydeaqui.ddns.net\/pachuca\/index.php\/wp-json\/wp\/v2\/product"}],"about":[{"href":"https:\/\/soydeaqui.ddns.net\/pachuca\/index.php\/wp-json\/wp\/v2\/types\/product"}],"replies":[{"embeddable":true,"href":"https:\/\/soydeaqui.ddns.net\/pachuca\/index.php\/wp-json\/wp\/v2\/comments?post=98006"}],"wp:featuredmedia":[{"embeddable":true,"href":"https:\/\/soydeaqui.ddns.net\/pachuca\/index.php\/wp-json\/wp\/v2\/media\/98005"}],"wp:attachment":[{"href":"https:\/\/soydeaqui.ddns.net\/pachuca\/index.php\/wp-json\/wp\/v2\/media?parent=98006"}],"wp:term":[{"taxonomy":"product_brand","embeddable":true,"href":"https:\/\/soydeaqui.ddns.net\/pachuca\/index.php\/wp-json\/wp\/v2\/product_brand?post=98006"},{"taxonomy":"product_cat","embeddable":true,"href":"https:\/\/soydeaqui.ddns.net\/pachuca\/index.php\/wp-json\/wp\/v2\/product_cat?post=98006"},{"taxonomy":"product_tag","embeddable":true,"href":"https:\/\/soydeaqui.ddns.net\/pachuca\/index.php\/wp-json\/wp\/v2\/product_tag?post=98006"}],"curies":[{"name":"wp","href":"https:\/\/api.w.org\/{rel}","templated":true}]}}