{"id":98000,"date":"2026-03-20T09:21:42","date_gmt":"2026-03-20T09:21:42","guid":{"rendered":"https:\/\/soydeaqui.ddns.net\/pachuca\/index.php\/producto\/altavoz-ip-tipo-columna-60-watts-reproduccion-de-audio-via-red-ip66-entrada-de-alarma-compatible-con-hik-connect-hikcentral-professional\/"},"modified":"2026-03-20T09:21:55","modified_gmt":"2026-03-20T09:21:55","slug":"altavoz-ip-tipo-columna-60-watts-reproduccion-de-audio-via-red-ip66-entrada-de-alarma-compatible-con-hik-connect-hikcentral-professional","status":"publish","type":"product","link":"https:\/\/soydeaqui.ddns.net\/pachuca\/index.php\/producto\/altavoz-ip-tipo-columna-60-watts-reproduccion-de-audio-via-red-ip66-entrada-de-alarma-compatible-con-hik-connect-hikcentral-professional\/","title":{"rendered":"Altavoz IP tipo Columna | 60 Watts | Reproducci\u00f3n de Audio v\u00eda Red | IP66 | Entrada de alarma | Compatible con Hik-Connect\/ HikCentral Professional"},"content":{"rendered":"<div style=\"width: 100%; max-width: 1200px; margin: 0 auto; font-family: sans-serif; line-height: 1.6; color: inherit; background-color: transparent;\"><!-- Imagen principal --><\/p>\n<div style=\"width: 100%; margin-bottom: 30px;\"><img decoding=\"async\" style=\"width: 80%; height: auto; border: 1px solid rgba(150&comma; 150&comma; 150&comma; 0.3); border-radius: 8px;\" src=\"https:\/\/ftp3.syscom.mx\/usuarios\/luis.vargas\/HIKVISION\/Hikvision.png\" alt=\"Imagen principal\" class=\"fr-fic fr-dii\"><\/div>\n<p><!-- Separador --><\/p>\n<div style=\"width: 100%; height: 2px; background: rgba(150&comma;150&comma;150&comma;0.3); box-shadow: 0 2px 8px rgba(0&comma;0&comma;0&comma;0.08); margin-bottom: 30px;\">&nbsp;<\/div>\n<p><!-- Caracter\u00edsticas Principales --><\/p>\n<div style=\"display: flex; flex-wrap: wrap; gap: 30px; margin-bottom: 30px;\">\n<div style=\"flex: 1 1 300px; min-width: 280px;\">\n<h3 style=\"font-size: 22px; border-bottom: 2px solid currentColor; padding-bottom: 5px; margin-top: 0; color: inherit; opacity: 0.8;\">Caracter&iacute;sticas Principales:<\/h3>\n<ul style=\"padding-left: 20px; font-size: 15px; color: inherit;\">\n<li style=\"margin-bottom: 5px;\">Transmisi&oacute;n de red: reproducci&oacute;n de mensajes de audio o transmisi&oacute;n de audio en tiempo real.<\/li>\n<li style=\"margin-bottom: 5px;\">Local storage: reproducci&oacute;n de mensajes pre-grabados (Built-in 4GB EMMC (1GB para almacenamiento de archivos de audio)).<\/li>\n<li style=\"margin-bottom: 5px;\">Tipo de archivos soportados MP3 y WAV<\/li>\n<li style=\"margin-bottom: 5px;\">Protocolo ISUP.<\/li>\n<\/ul>\n<\/div>\n<p><!-- Caracter\u00edsticas F\u00edsicas y El\u00e9ctricas --><\/p>\n<div style=\"flex: 1 1 300px; min-width: 280px;\">\n<h3 style=\"font-size: 22px; border-bottom: 2px solid currentColor; padding-bottom: 5px; margin-top: 0; color: inherit; opacity: 0.8;\">Caracter&iacute;sticas F&iacute;sicas y El&eacute;ctricas<\/h3>\n<ul style=\"padding-left: 20px; font-size: 15px; color: inherit;\">\n<li style=\"margin-bottom: 5px;\">Puerto de red: RJ45 (10 \/ 100 Mbps)<\/li>\n<li style=\"margin-bottom: 5px;\">2 entradas de alarma.<\/li>\n<li style=\"margin-bottom: 5px;\">1 entrada de audio.<\/li>\n<li style=\"margin-bottom: 5px;\">Alimentaci&oacute;n: 100 VAC a 240 VAC<\/li>\n<li style=\"margin-bottom: 5px;\">Dimensiones: 160 x 160 x 446.8 mm<\/li>\n<li style=\"margin-bottom: 5px;\">Peso: 5.4 Kg.<\/li>\n<li style=\"margin-bottom: 5px;\">Potencia 60 W.<\/li>\n<li style=\"margin-bottom: 5px;\">IP66.<\/li>\n<li style=\"margin-bottom: 5px;\">Material: Metal.<\/li>\n<\/ul>\n<\/div>\n<p><!-- Caracter\u00edsticas Destacadas --><\/p>\n<div style=\"flex: 1 1 300px; min-width: 280px;\">\n<h3 style=\"font-size: 22px; border-bottom: 2px solid currentColor; padding-bottom: 5px; margin-top: 0; color: inherit; opacity: 0.8;\">Caracter&iacute;sticas Destacadas:<\/h3>\n<ul style=\"padding-left: 20px; font-size: 15px; color: inherit;\">\n<li style=\"margin-bottom: 5px;\">Reproducci&oacute;n de audio por medio de un enlace IP con audios previamente guardados.<\/li>\n<li style=\"margin-bottom: 5px;\">Acci&oacute;n de enlace Video &amp; Audio.<\/li>\n<li style=\"margin-bottom: 5px;\">Multiples modos de transmici&oacute;n.<\/li>\n<li style=\"margin-bottom: 5px;\">Compatible con Hikcentral Professonal.<\/li>\n<\/ul>\n<\/div>\n<\/div>\n<p><!-- Licencias necesarias para manejo de Speaker en Hikcentral Profesional --><\/p>\n<div style=\"margin-bottom: 30px;\">\n<div style=\"border: 1px solid rgba(150&comma; 150&comma; 150&comma; 0.4); border-radius: 8px; overflow: hidden;\">\n<div style=\"padding: 15px; background-color: #df001e; color: inherit; font-weight: bold; font-size: 18px;\">Licencias necesarias para manejo de Speaker en Hikcentral Profesional<\/div>\n<div style=\"padding: 15px; color: inherit;\">\n<ul style=\"padding-left: 20px; margin: 0; font-size: 14px; list-style-type: disc;\">\n<li style=\"margin-bottom: 5px;\"><strong>HC<\/strong>CPVSSB\/0C Habilita m&oacute;dulo base de video&comma; HikCentral-P-VSS-Base\/0CH<\/li>\n<li style=\"margin-bottom: 5px;\"><strong>HCPIPSPEAKER\/1U<\/strong> Agregar 1 dispositivo&comma; HikCentral-P-IPSpeaker-1Unit.<\/li>\n<\/ul>\n<\/div>\n<\/div>\n<\/div>\n<p><!-- Licencia necesaria para Hik-connect Teams --><\/p>\n<div style=\"margin-bottom: 30px;\">\n<div style=\"border: 1px solid rgba(150&comma; 150&comma; 150&comma; 0.4); border-radius: 8px; overflow: hidden;\">\n<div style=\"padding: 15px; background-color: #df001e; color: inherit; font-weight: bold; font-size: 18px;\">Licencia necesaria para Hik-connect Teams<\/div>\n<div style=\"padding: 15px; color: inherit;\">\n<ul style=\"padding-left: 20px; margin: 0; font-size: 14px; list-style-type: disc;\">\n<li style=\"margin-bottom: 5px;\"><strong>HCT-AUDIO-1C-1A<\/strong><\/li>\n<\/ul>\n<\/div>\n<\/div>\n<\/div>\n<p><!-- Secci\u00f3n de productos relacionados --><\/p>\n<h2 style=\"text-align: center; font-size: 24px; margin-bottom: 30px; color: inherit;\">BOCINAS IP HIKVSION<\/h2>\n<div style=\"display: flex; flex-wrap: wrap; gap: 30px; margin-bottom: 30px;\">\n<div style=\"flex: 1 1 300px; min-width: 280px;\">\n<p style=\"text-align: center;\"><a style=\"color: inherit; text-decoration: none; font-size: 24px; font-weight: bold;\" href=\"https:\/\/www.syscom.mx\/principal\/searchcont?route=DS-QAZ1460G1-HIKVISION-222246&#038;autodetect=DSQAZ\">DS-QAZ1460G1<\/a><\/p>\n<p><img decoding=\"async\" style=\"width: 100%; height: auto; border: 1px solid rgba(150&comma; 150&comma; 150&comma; 0.3); border-radius: 8px;\" src=\"https:\/\/ftp3.syscom.mx\/usuarios\/yalvarado\/hikvision\/ALTAVOZ\/TORRE.jpeg\" alt=\"DS-QAZ1460G1\" class=\"fr-fic fr-dii\"><\/div>\n<div style=\"flex: 1 1 300px; min-width: 280px;\">\n<p style=\"text-align: center;\"><a style=\"color: inherit; text-decoration: none; font-size: 24px; font-weight: bold;\" href=\"https:\/\/www.syscom.mx\/principal\/searchcont?route=DS-QAZ1307G1T-E-HIKVISION-223067&#038;autodetect=DSQAZ\">DS-QAZ1307G1T-E<\/a><\/p>\n<p><img decoding=\"async\" style=\"width: 100%; height: auto; border: 1px solid rgba(150&comma; 150&comma; 150&comma; 0.3); border-radius: 8px;\" src=\"https:\/\/ftp3.syscom.mx\/usuarios\/yalvarado\/hikvision\/ALTAVOZ\/TROMPETA.jpeg\" alt=\"DS-QAZ1307G1T-E\" class=\"fr-fic fr-dii\"><\/div>\n<div style=\"flex: 1 1 300px; min-width: 280px;\">\n<p style=\"text-align: center;\"><a style=\"color: inherit; text-decoration: none; font-size: 24px; font-weight: bold;\" href=\"https:\/\/www.syscom.mx\/principal\/searchcont?route=DS-QAZ1203G1-BE-HIKVISION-225422&#038;autodetect=DSQAZ\">DS-QAZ1203G1-BE<\/a><\/p>\n<p><img decoding=\"async\" style=\"width: 100%; height: auto; border: 1px solid rgba(150&comma; 150&comma; 150&comma; 0.3); border-radius: 8px;\" src=\"https:\/\/ftp3.syscom.mx\/usuarios\/yalvarado\/hikvision\/ALTAVOZ\/PLAFON.jpeg\" alt=\"DS-QAZ1203G1-BE\" class=\"fr-fic fr-dii\"><\/div>\n<\/div>\n<p><!-- Video de YouTube --><\/p>\n<div style=\"margin: 30px 0;\">\n<div style=\"position: relative; padding-bottom: 56.25%; height: 0; overflow: hidden;\"> <\/div>\n<\/div>\n<p><!-- Nuevas Funciones --><\/p>\n<h2 style=\"text-align: center; font-size: 24px; margin-bottom: 30px; color: inherit;\">Nuevas Funciones<\/h2>\n<p><img decoding=\"async\" style=\"width: 100%; height: auto; border: 1px solid rgba(150&comma; 150&comma; 150&comma; 0.3); border-radius: 8px;\" src=\"https:\/\/ftp3.syscom.mx\/usuarios\/yalvarado\/hikvision\/ALTAVOZ\/AUDIO.jpg\" alt=\"Nuevas Funciones\" class=\"fr-fic fr-dii\"> <!-- Audio m\u00e1s inteligente con enlace de video --><\/p>\n<div style=\"display: flex; flex-wrap: wrap; gap: 30px; margin: 30px 0;\">\n<div style=\"flex: 1 1 300px; min-width: 280px;\">\n<h3 style=\"font-size: 18px; margin-top: 0; color: inherit;\">Audio m&aacute;s inteligente con enlace de video<\/h3>\n<ul style=\"padding-left: 20px; font-size: 14px; color: inherit;\">\n<li style=\"margin-bottom: 5px; text-align: justify;\">El sistema de audio y video sincronizado mejora la seguridad y permite responder r&aacute;pidamente a las amenazas con una disuasi&oacute;n potente y oportuna.<\/li>\n<\/ul>\n<\/div>\n<div style=\"flex: 1 1 300px; min-width: 280px;\"><img decoding=\"async\" style=\"width: 100%; height: auto; border: 1px solid rgba(150&comma; 150&comma; 150&comma; 0.3); border-radius: 8px;\" src=\"https:\/\/ftp3.syscom.mx\/usuarios\/yalvarado\/hikvision\/ALTAVOZ\/network-speaker_Smarter-audio-with-video-linkage.jpg\" alt=\"Audio m\u00e1s inteligente con enlace de video\" class=\"fr-fic fr-dii\"><\/div>\n<\/div>\n<p><!-- Funcionamiento y gesti\u00f3n m\u00e1s sencillos --><\/p>\n<div style=\"display: flex; flex-wrap: wrap; gap: 30px; margin: 30px 0;\">\n<div style=\"flex: 1 1 300px; min-width: 280px;\"><img decoding=\"async\" style=\"width: 100%; height: auto; border: 1px solid rgba(150&comma; 150&comma; 150&comma; 0.3); border-radius: 8px;\" src=\"https:\/\/ftp3.syscom.mx\/usuarios\/yalvarado\/hikvision\/ALTAVOZ\/Network-speaker_Easier-operation-management.jpg\" alt=\"Funcionamiento y gesti\u00f3n m\u00e1s sencillos\" class=\"fr-fic fr-dii\"><\/div>\n<div style=\"flex: 1 1 300px; min-width: 280px;\">\n<h3 style=\"font-size: 18px; margin-top: 0; color: inherit;\">Funcionamiento y gesti&oacute;n m&aacute;s sencillos<\/h3>\n<ul style=\"padding-left: 20px; font-size: 14px; color: inherit;\">\n<li style=\"margin-bottom: 5px; text-align: justify;\">El sistema es compatible con la adici&oacute;n de dispositivos y la configuraci&oacute;n remota&comma; todo en uno a trav&eacute;s de Hikcentral Professional.<\/li>\n<\/ul>\n<\/div>\n<\/div>\n<p><!-- Imagen final --> <img decoding=\"async\" style=\"width: 100%; height: auto; border: 1px solid rgba(150&comma; 150&comma; 150&comma; 0.3); border-radius: 8px;\" src=\"https:\/\/ftp3.syscom.mx\/usuarios\/jsosa\/HIKVISION\/imagenes\/banners\/solution%20complete.png\" alt=\"Soluci\u00f3n completa\" class=\"fr-fic fr-dii\"><\/div>\n","protected":false},"excerpt":{"rendered":"<p>Altavoz IP tipo Columna | 60 Watts | Reproducci\u00f3n de Audio v\u00eda Red | IP66 | Entrada de alarma | Compatible con Hik-Connect\/ HikCentral Professional<\/p>\n","protected":false},"featured_media":97999,"comment_status":"open","ping_status":"closed","template":"","meta":[],"product_brand":[],"product_cat":[2056],"product_tag":[122,2057,54],"class_list":{"0":"post-98000","1":"product","2":"type-product","3":"status-publish","4":"has-post-thumbnail","6":"product_cat-domo-eyeball-turret","7":"product_tag-camaras-ip-y-nvrs","8":"product_tag-domo-eyeball-turret","9":"product_tag-hikvision","11":"first","12":"instock","13":"sale","14":"shipping-taxable","15":"purchasable","16":"product-type-simple"},"_links":{"self":[{"href":"https:\/\/soydeaqui.ddns.net\/pachuca\/index.php\/wp-json\/wp\/v2\/product\/98000","targetHints":{"allow":["GET"]}}],"collection":[{"href":"https:\/\/soydeaqui.ddns.net\/pachuca\/index.php\/wp-json\/wp\/v2\/product"}],"about":[{"href":"https:\/\/soydeaqui.ddns.net\/pachuca\/index.php\/wp-json\/wp\/v2\/types\/product"}],"replies":[{"embeddable":true,"href":"https:\/\/soydeaqui.ddns.net\/pachuca\/index.php\/wp-json\/wp\/v2\/comments?post=98000"}],"wp:featuredmedia":[{"embeddable":true,"href":"https:\/\/soydeaqui.ddns.net\/pachuca\/index.php\/wp-json\/wp\/v2\/media\/97999"}],"wp:attachment":[{"href":"https:\/\/soydeaqui.ddns.net\/pachuca\/index.php\/wp-json\/wp\/v2\/media?parent=98000"}],"wp:term":[{"taxonomy":"product_brand","embeddable":true,"href":"https:\/\/soydeaqui.ddns.net\/pachuca\/index.php\/wp-json\/wp\/v2\/product_brand?post=98000"},{"taxonomy":"product_cat","embeddable":true,"href":"https:\/\/soydeaqui.ddns.net\/pachuca\/index.php\/wp-json\/wp\/v2\/product_cat?post=98000"},{"taxonomy":"product_tag","embeddable":true,"href":"https:\/\/soydeaqui.ddns.net\/pachuca\/index.php\/wp-json\/wp\/v2\/product_tag?post=98000"}],"curies":[{"name":"wp","href":"https:\/\/api.w.org\/{rel}","templated":true}]}}