{"id":97994,"date":"2026-03-20T09:21:28","date_gmt":"2026-03-20T09:21:28","guid":{"rendered":"https:\/\/soydeaqui.ddns.net\/pachuca\/index.php\/producto\/tandemvu-ptz-ip-4-megapixel-con-camara-panoramica-6-megapixel-25x-zoom-200-mts-ir-30-mts-luz-blanca-acusense-ip66-alerta-audible-y-luz-estroboscopica-autoseguimiento-hi-poe-alarmas\/"},"modified":"2026-03-20T09:21:29","modified_gmt":"2026-03-20T09:21:29","slug":"tandemvu-ptz-ip-4-megapixel-con-camara-panoramica-6-megapixel-25x-zoom-200-mts-ir-30-mts-luz-blanca-acusense-ip66-alerta-audible-y-luz-estroboscopica-autoseguimiento-hi-poe-alarmas","status":"publish","type":"product","link":"https:\/\/soydeaqui.ddns.net\/pachuca\/index.php\/producto\/tandemvu-ptz-ip-4-megapixel-con-camara-panoramica-6-megapixel-25x-zoom-200-mts-ir-30-mts-luz-blanca-acusense-ip66-alerta-audible-y-luz-estroboscopica-autoseguimiento-hi-poe-alarmas\/","title":{"rendered":"[TandemVu] PTZ IP 4 Megapixel con C\u00e1mara Panoramica 6 Megapixel \/ 25X Zoom \/ 200 mts IR \/ 30 mts Luz Blanca \/ ACUSENSE \/ IP66 \/ Alerta Audible y Luz Estroboscopica \/ Autoseguimiento \/ Hi-PoE \/ Alarmas I\/O \/ Ultra Baja Iluminaci\u00f3n \/ Micro SD"},"content":{"rendered":"<div style=\"width: 100%; max-width: 1200px; margin: 0 auto; font-family: sans-serif; line-height: 1.6; color: inherit; background-color: transparent;\"><!-- Banner inicial --> <\/p>\n<p style=\"text-align: center; margin: 0 0 20px 0;\"><img decoding=\"async\" style=\"width: 45%; height: auto; border: 1px solid rgba(150&comma;150&comma;150&comma;0.3); border-radius: 8px;\" src=\"https:\/\/ftp3.syscom.mx\/usuarios\/jsosa\/HIKVISION\/imagenes\/logo\/hikvision%20see%20far.png\" alt=\"Banner Inicial\" \/><\/p>\n<p> <!-- Secci\u00f3n de caracter\u00edsticas --> <\/p>\n<div style=\"display: flex; flex-wrap: wrap; gap: 30px; margin-bottom: 30px;\">\n<div style=\"flex: 1 1 300px; min-width: 280px;\">\n<h3 style=\"font-size: 22px; border-bottom: 2px solid currentColor; padding-bottom: 5px; margin-top: 0; color: inherit; opacity: 0.8;\">Caracter&iacute;sticas Principales<\/h3>\n<ul style=\"padding-left: 20px; font-size: 15px; color: inherit;\">\n<li style=\"margin-bottom: 5px;\"><strong>C&aacute;mara PTZ<\/strong><\/li>\n<li style=\"margin-bottom: 5px; margin-left: 15px;\">Resoluci&oacute;n m&aacute;xima: 4 Megapixel (2560 x 1440)<\/li>\n<li style=\"margin-bottom: 5px; margin-left: 15px;\">Iluminaci&oacute;n m&iacute;nima: color 0.005 Lux @ (F1.6&comma; AGC ON)<\/li>\n<li style=\"margin-bottom: 5px; margin-left: 15px;\">Iluminaci&oacute;n m&iacute;nima: B\/N 0.001 Lux @ (F1.6&comma; AGC ON)<\/li>\n<li style=\"margin-bottom: 5px; margin-left: 15px;\">D&iacute;a \/ Noche Real (filtro ICR)<\/li>\n<li style=\"margin-bottom: 5px; margin-left: 15px;\">Distancia focal: 4.8 a 120 mm (25X zoom &oacute;ptico \/ 16X zoom digital)<\/li>\n<li style=\"margin-bottom: 5px; margin-left: 15px;\">Funciones normales: HLC \/ ROI \/ WDR 120dB \/ BLC<\/li>\n<li style=\"margin-bottom: 5px; margin-left: 15px;\">Distancia de infrarrojo: 200 mts Smart IR<\/li>\n<\/ul><\/div>\n<div style=\"flex: 1 1 300px; min-width: 280px;\">\n<h3 style=\"font-size: 22px; border-bottom: 2px solid currentColor; padding-bottom: 5px; margin-top: 0; color: inherit; opacity: 0.8;\">Caracter&iacute;sticas C&aacute;mara Panor&aacute;mica<\/h3>\n<ul style=\"padding-left: 20px; font-size: 15px; color: inherit;\">\n<li style=\"margin-bottom: 5px;\"><strong>Resoluci&oacute;n m&aacute;xima:<\/strong> 6 Megapixel (3632 x 1632)<\/li>\n<li style=\"margin-bottom: 5px;\"><strong>Iluminaci&oacute;n m&iacute;nima:<\/strong> color 0.005 Lux @ (F1.6&comma; AGC ON)<\/li>\n<li style=\"margin-bottom: 5px;\"><strong>Iluminaci&oacute;n m&iacute;nima:<\/strong> 0 Lux con Luz Blanca<\/li>\n<li style=\"margin-bottom: 5px;\"><strong>D&iacute;a \/ Noche Real:<\/strong> filtro ICR<\/li>\n<li style=\"margin-bottom: 5px;\"><strong>Distancia luz blanca:<\/strong> 30 mts<\/li>\n<li style=\"margin-bottom: 5px;\"><strong>Distancia focal:<\/strong> 2 x 2.8 mm<\/li>\n<li style=\"margin-bottom: 5px;\"><strong>Funciones normales:<\/strong> HLC \/ ROI \/ WDR 120dB \/ BLC<\/li>\n<li style=\"margin-bottom: 5px;\"><strong>Detecci&oacute;n:<\/strong> Rostro \/ Intrusi&oacute;n \/ Cruce de l&iacute;nea \/ Entrada-Salida de Regi&oacute;n \/ Objeto Removido \/ Equipaje Desatendido<\/li>\n<li style=\"margin-bottom: 5px;\"><strong>Compresi&oacute;n:<\/strong> H.265+ \/ H.265 \/ H.264+ \/ H.264<\/li>\n<li style=\"margin-bottom: 5px;\"><strong>Compatibilidad:<\/strong> Plataforma Hik-Connect<\/li>\n<li style=\"margin-bottom: 5px;\"><strong>Seguimiento:<\/strong> Autoseguimiento desde PTZ<\/li>\n<\/ul><\/div>\n<\/p><\/div>\n<p> <!-- Secci\u00f3n de especificaciones f\u00edsicas y el\u00e9ctricas --> <\/p>\n<div style=\"display: flex; flex-wrap: wrap; gap: 30px; margin-bottom: 30px;\">\n<div style=\"flex: 1 1 300px; min-width: 280px;\">\n<h3 style=\"font-size: 22px; border-bottom: 2px solid currentColor; padding-bottom: 5px; margin-top: 0; color: inherit; opacity: 0.8;\">Caracter&iacute;sticas F&iacute;sicas y El&eacute;ctricas<\/h3>\n<ul style=\"padding-left: 20px; font-size: 15px; color: inherit;\">\n<li style=\"margin-bottom: 5px;\"><strong>Alimentaci&oacute;n:<\/strong> 24 VCA \/ Hi-PoE \/ 42 W<\/li>\n<li style=\"margin-bottom: 5px;\"><strong>Temperatura de operaci&oacute;n:<\/strong> -30&deg;C a 65&deg;C \/ Humedad al 90% m&aacute;ximo<\/li>\n<li style=\"margin-bottom: 5px;\"><strong>Uso:<\/strong> Exterior IP66<\/li>\n<li style=\"margin-bottom: 5px;\"><strong>Protecci&oacute;n:<\/strong> Contra sobretensiones y voltajes transistorios<\/li>\n<li style=\"margin-bottom: 5px;\"><strong>Dimensiones:<\/strong> 222.3 x 387.2 mm<\/li>\n<li style=\"margin-bottom: 5px;\"><strong>Peso:<\/strong> 4.75 Kgs<\/li>\n<li style=\"margin-bottom: 5px;\"><strong>Montaje:<\/strong> Incluye para pared<\/li>\n<\/ul><\/div>\n<div style=\"flex: 1 1 300px; min-width: 280px;\">\n<h3 style=\"font-size: 22px; border-bottom: 2px solid currentColor; padding-bottom: 5px; margin-top: 0; color: inherit; opacity: 0.8;\">Interfaces y Conexiones<\/h3>\n<ul style=\"padding-left: 20px; font-size: 15px; color: inherit;\">\n<li style=\"margin-bottom: 5px;\"><strong>Entradas de alarma:<\/strong> 2<\/li>\n<li style=\"margin-bottom: 5px;\"><strong>Salidas de alarma:<\/strong> 1<\/li>\n<li style=\"margin-bottom: 5px;\"><strong>Entradas de audio:<\/strong> 1<\/li>\n<li style=\"margin-bottom: 5px;\"><strong>Salidas de audio:<\/strong> 1<\/li>\n<li style=\"margin-bottom: 5px;\"><strong>Puerto de red:<\/strong> 1 (10\/100 Mbps \/ Hi-PoE)<\/li>\n<li style=\"margin-bottom: 5px;\"><strong>Almacenamiento:<\/strong> micro SD hasta 256 GB \/ ANR<\/li>\n<li style=\"margin-bottom: 5px;\"><strong>Compatibilidad:<\/strong> ONVIF (Profile S&comma; G&comma; T) \/ ISUP<\/li>\n<\/ul><\/div>\n<\/p><\/div>\n<p> <!-- Secci\u00f3n de caracter\u00edsticas adicionales --> <\/p>\n<div style=\"display: flex; flex-wrap: wrap; gap: 30px; margin-bottom: 30px;\">\n<div style=\"flex: 1 1 300px; min-width: 280px;\">\n<h3 style=\"font-size: 22px; border-bottom: 2px solid currentColor; padding-bottom: 5px; margin-top: 0; color: inherit; opacity: 0.8;\">Caracter&iacute;sticas Adicionales<\/h3>\n<ul style=\"padding-left: 20px; font-size: 15px; color: inherit;\">\n<li style=\"margin-bottom: 5px;\"><strong>Panorama:<\/strong> 360&deg;<\/li>\n<li style=\"margin-bottom: 5px;\"><strong>Tilt:<\/strong> -15&deg; a 90&deg;<\/li>\n<li style=\"margin-bottom: 5px;\"><strong>Presets:<\/strong> 300<\/li>\n<li style=\"margin-bottom: 5px;\"><strong>Patrol:<\/strong> 8 (hasta 32 presets por patrol)<\/li>\n<li style=\"margin-bottom: 5px;\"><strong>Pattern:<\/strong> 4 (hasta 10 minutos por pattern)<\/li>\n<li style=\"margin-bottom: 5px;\"><strong>Tareas:<\/strong> Calendarizadas<\/li>\n<li style=\"margin-bottom: 5px;\"><strong>Usuarios simult&aacute;neos:<\/strong> Hasta 20<\/li>\n<\/ul><\/div>\n<div style=\"flex: 1 1 300px; min-width: 280px;\">\n<h3 style=\"font-size: 22px; border-bottom: 2px solid currentColor; padding-bottom: 5px; margin-top: 0; color: inherit; opacity: 0.8;\">Caracter&iacute;sticas Destacadas<\/h3>\n<ul style=\"padding-left: 20px; font-size: 15px; color: inherit;\">\n<li style=\"margin-bottom: 5px;\"><strong>Dise&ntilde;o:<\/strong> Doble canal (panor&aacute;mico + PTZ) en un solo dispositivo<\/li>\n<li style=\"margin-bottom: 5px;\"><strong>Canal panor&aacute;mico:<\/strong> Sensor 1\/2.5&#8242; CMOS&comma; 6 MP (3632 &times; 1632)&comma; 180&deg; campo de visi&oacute;n<\/li>\n<li style=\"margin-bottom: 5px;\"><strong>Canal PTZ:<\/strong> Sensor 1\/2.8&#8242; CMOS&comma; 4 MP&comma; zoom &oacute;ptico 25&times;<\/li>\n<li style=\"margin-bottom: 5px;\"><strong>Vinculaci&oacute;n inteligente:<\/strong> Panor&aacute;mico detecta movimientos&comma; PTZ enfoca autom&aacute;ticamente<\/li>\n<li style=\"margin-bottom: 5px;\"><strong>Iluminaci&oacute;n dual:<\/strong> Luz blanca (30 m) + Infrarrojos (200 m)<\/li>\n<li style=\"margin-bottom: 5px;\"><strong>Alertas:<\/strong> Luz estrobosc&oacute;pica y alarma audible<\/li>\n<li style=\"margin-bottom: 5px;\"><strong>Smart-linkage:<\/strong> An&aacute;lisis inteligente para posicionamiento autom&aacute;tico del PTZ<\/li>\n<li style=\"margin-bottom: 5px;\"><strong>Autoseguimiento:<\/strong> Seguimiento continuo de objetivos en movimiento<\/li>\n<li style=\"margin-bottom: 5px;\"><strong>Integraci&oacute;n:<\/strong> Recomendado con grabadores NI-M&comma; NXI-I&comma; NXI-K2&comma; NXI-M<\/li>\n<\/ul><\/div>\n<\/p><\/div>\n<p> <!-- Secci\u00f3n de recomendaciones y enlaces --> <\/p>\n<div style=\"display: flex; flex-wrap: wrap; gap: 30px; margin-bottom: 30px;\">\n<div style=\"flex: 1 1 300px; min-width: 280px;\">\n<h3 style=\"font-size: 22px; border-bottom: 2px solid currentColor; padding-bottom: 5px; margin-top: 0; color: inherit; opacity: 0.8;\">Recomendaciones<\/h3>\n<ul style=\"padding-left: 20px; font-size: 15px; color: inherit;\">\n<li style=\"margin-bottom: 5px;\"><strong>Accesorio recomendado:<\/strong> <a style=\"color: inherit; text-decoration: underline;\" href=\"https:\/\/www.syscom.mx\/producto\/LAS60-57CN-RJ45-HIKVISION-72655.html\" target=\"_blank\" rel=\"noopener\">LAS-6057-CNRJ45<\/a> (para alimentaci&oacute;n PoE)<\/li>\n<li style=\"margin-bottom: 5px;\"><strong>Accesorio recomendado:<\/strong> <a style=\"color: inherit; text-decoration: underline;\" href=\"https:\/\/www.syscom.mx\/products\/229336\" target=\"_blank\" rel=\"noopener\">RT2470LS<\/a> (fuente de alimentaci&oacute;n)<\/li>\n<li style=\"margin-bottom: 5px;\"><strong>Documentaci&oacute;n:<\/strong> <a style=\"color: inherit; text-decoration: underline;\" href=\"https:\/\/ftp3.syscom.mx\/usuarios\/fcarrillo\/Hikvision\/Specs\/Especificaciones%20Tecnicas%20DS-2SE7C425MWG-EB_26%28F0%29_V5.8.0_20230309.pdf\" target=\"_blank\" rel=\"noopener\">Ficha t&eacute;cnica<\/a><\/li>\n<\/ul><\/div>\n<\/p><\/div>\n<p> <!-- Banner final --> <\/p>\n<div style=\"width: 100%; margin: 30px 0;\"><img decoding=\"async\" style=\"width: 100%; height: auto; border: 1px solid rgba(150&comma;150&comma;150&comma;0.3); border-radius: 8px;\" src=\"https:\/\/ftp3.syscom.mx\/usuarios\/jsosa\/HIKVISION\/imagenes\/banners\/solution%20complete.png\" alt=\"Banner Final\" \/><\/div>\n<\/p><\/div>\n","protected":false},"excerpt":{"rendered":"<p>[TandemVu] PTZ IP 4 Megapixel con C\u00e1mara Panoramica 6 Megapixel \/ 25X Zoom \/ 200 mts IR \/ 30 mts Luz Blanca \/ ACUSENSE \/ IP66 \/ Alerta Audible y Luz Estroboscopica \/ Autoseguimiento \/ Hi-PoE \/ Alarmas I\/O \/ Ultra Baja Iluminaci\u00f3n \/ Micro SD<\/p>\n","protected":false},"featured_media":97993,"comment_status":"open","ping_status":"closed","template":"","meta":[],"product_brand":[],"product_cat":[1224],"product_tag":[122,54,1225],"class_list":{"0":"post-97994","1":"product","2":"type-product","3":"status-publish","4":"has-post-thumbnail","6":"product_cat-ptz","7":"product_tag-camaras-ip-y-nvrs","8":"product_tag-hikvision","9":"product_tag-ptz","11":"first","12":"instock","13":"sale","14":"shipping-taxable","15":"purchasable","16":"product-type-simple"},"_links":{"self":[{"href":"https:\/\/soydeaqui.ddns.net\/pachuca\/index.php\/wp-json\/wp\/v2\/product\/97994","targetHints":{"allow":["GET"]}}],"collection":[{"href":"https:\/\/soydeaqui.ddns.net\/pachuca\/index.php\/wp-json\/wp\/v2\/product"}],"about":[{"href":"https:\/\/soydeaqui.ddns.net\/pachuca\/index.php\/wp-json\/wp\/v2\/types\/product"}],"replies":[{"embeddable":true,"href":"https:\/\/soydeaqui.ddns.net\/pachuca\/index.php\/wp-json\/wp\/v2\/comments?post=97994"}],"wp:featuredmedia":[{"embeddable":true,"href":"https:\/\/soydeaqui.ddns.net\/pachuca\/index.php\/wp-json\/wp\/v2\/media\/97993"}],"wp:attachment":[{"href":"https:\/\/soydeaqui.ddns.net\/pachuca\/index.php\/wp-json\/wp\/v2\/media?parent=97994"}],"wp:term":[{"taxonomy":"product_brand","embeddable":true,"href":"https:\/\/soydeaqui.ddns.net\/pachuca\/index.php\/wp-json\/wp\/v2\/product_brand?post=97994"},{"taxonomy":"product_cat","embeddable":true,"href":"https:\/\/soydeaqui.ddns.net\/pachuca\/index.php\/wp-json\/wp\/v2\/product_cat?post=97994"},{"taxonomy":"product_tag","embeddable":true,"href":"https:\/\/soydeaqui.ddns.net\/pachuca\/index.php\/wp-json\/wp\/v2\/product_tag?post=97994"}],"curies":[{"name":"wp","href":"https:\/\/api.w.org\/{rel}","templated":true}]}}