{"id":97981,"date":"2026-03-20T09:20:52","date_gmt":"2026-03-20T09:20:52","guid":{"rendered":"https:\/\/soydeaqui.ddns.net\/pachuca\/index.php\/producto\/extensor-usb-2-0-cat-5-hub-de-4-puertos-hasta-50-metros\/"},"modified":"2026-03-20T09:21:10","modified_gmt":"2026-03-20T09:21:10","slug":"extensor-usb-2-0-cat-5-hub-de-4-puertos-hasta-50-metros","status":"publish","type":"product","link":"https:\/\/soydeaqui.ddns.net\/pachuca\/index.php\/producto\/extensor-usb-2-0-cat-5-hub-de-4-puertos-hasta-50-metros\/","title":{"rendered":"Extensor USB 2.0 |Cat 5| Hub de 4 puertos | hasta 50 metros"},"content":{"rendered":"<div style='width: 100%; max-width: 1200px; margin: 0 auto; font-family: sans-serif; line-height: 1.6; color: inherit; background-color: transparent;'> <!-- Imagen 1 --> <\/p>\n<div style='margin-bottom: 30px;'> <img style='width: 100%; height: auto; border: 1px solid rgba(150&comma;150&comma;150&comma;0.3); border-radius: 8px;' src='https:\/\/ftp3.syscom.mx\/usuarios\/luis.vargas\/ATEN\/ATEN.jpg' alt='ATEN VM1600A'> <\/div>\n<p> <!-- Diagrama y descripci\u00f3n --> <\/p>\n<div style='display: flex; flex-wrap: wrap; gap: 30px; margin-bottom: 30px;'>\n<div style='flex: 1 1 300px; min-width: 280px;'> <img style='width: 100%; height: auto; border: 1px solid rgba(150&comma;150&comma;150&comma;0.3); border-radius: 8px;' src='https:\/\/ftp3.syscom.mx\/usuarios\/luis.vargas\/ATEN\/UCE3250\/Diagrama%20UCE3250.png' alt=''> <\/div>\n<div style='flex: 1 1 300px; min-width: 280px;'>\n<p style='font-size: 18px; color: inherit; text-align: justify; margin-bottom: 15px;'>El extensor USB 2.0 Cat 5 de 4 puertos UCE3250 es un dispositivo de dos unidades que sirve como concentrador USB y extensor USB. La unidad UCE3250 puede conectar hasta 4 perif\u00e9ricos USB desde una distancia de hasta 50 metros de su computadora a trav\u00e9s de un cable Ethernet.<\/p>\n<p style='font-size: 18px; color: inherit; text-align: justify; margin-bottom: 15px;'>El UCE3250 datos a trav\u00e9s de paquetes de se\u00f1ales con mejor compatibilidad y preserva la integridad de los datos a largas distancias. La fuente de alimentaci\u00f3n de la unidad remota UCE3250 ayuda a proporcionar suficiente energ\u00eda a cualquier tipo de dispositivo USB&comma; como unidades flash&comma; teclados&comma; ratones&comma; c\u00e1maras web&comma; esc\u00e1neres o impresoras&comma; etc.<\/p>\n<\/p><\/div>\n<\/p><\/div>\n<p> <!-- Caracter\u00edsticas principales --> <\/p>\n<div style='margin-bottom: 30px;'>\n<h3 style='font-size: 22px; border-bottom: 2px solid currentColor; padding-bottom: 5px; margin-top: 0; color: inherit; opacity: 0.8; text-align: center;'>Caracter\u00edsticas<\/h3>\n<\/p><\/div>\n<p> <!-- Secci\u00f3n de especificaciones --> <\/p>\n<div style='display: flex; flex-wrap: wrap; gap: 20px; margin-bottom: 30px;'> <!-- Columna 1 --> <\/p>\n<div style='flex: 1 1 45%; min-width: 300px;'> <!-- Conectores --> <\/p>\n<div style='border: 1px solid rgba(150&comma; 150&comma; 150&comma; 0.4); border-radius: 8px; overflow: hidden; display: flex; flex-direction: column; margin-bottom: 20px;'>\n<div style='padding: 15px; border-bottom: 1px solid rgba(150&comma; 150&comma; 150&comma; 0.2); font-weight: bold; font-size: 18px; color: inherit;'>Conectores<\/div>\n<div style='padding: 15px; color: inherit;'>\n<ul style='padding-left: 20px; margin: 0; font-size: 14px; list-style-type: disc;'>\n<li style='margin-bottom: 5px;'>Puerto USB: UCE3250L: 1x USB tipo B hembra UCE3250R: 4x USB tipo A hembra.<\/li>\n<li style='margin-bottom: 5px;'>Enlace UCE3250L-UCE3250R: 1x conector RJ45 hembra<\/li>\n<li style='margin-bottom: 5px;'>Power: UCE3250R: 1x conector CC<\/li>\n<\/ul><\/div>\n<\/p><\/div>\n<p> <!-- Especificaci\u00f3n USB --> <\/p>\n<div style='border: 1px solid rgba(150&comma; 150&comma; 150&comma; 0.4); border-radius: 8px; overflow: hidden; display: flex; flex-direction: column; margin-bottom: 20px;'>\n<div style='padding: 15px; border-bottom: 1px solid rgba(150&comma; 150&comma; 150&comma; 0.2); font-weight: bold; font-size: 18px; color: inherit;'>Especificaci\u00f3n USB<\/div>\n<div style='padding: 15px; color: inherit;'>\n<ul style='padding-left: 20px; margin: 0; font-size: 14px; list-style-type: disc;'>\n<li style='margin-bottom: 5px;'>UCE3250L-UCE3250R: 2.0 \/ 1.1 Alta \/ Completa \/ Baja Velocidad<\/li>\n<\/ul><\/div>\n<\/p><\/div>\n<p> <!-- Dispositivos USB compatibles --> <\/p>\n<div style='border: 1px solid rgba(150&comma; 150&comma; 150&comma; 0.4); border-radius: 8px; overflow: hidden; display: flex; flex-direction: column; margin-bottom: 20px;'>\n<div style='padding: 15px; border-bottom: 1px solid rgba(150&comma; 150&comma; 150&comma; 0.2); font-weight: bold; font-size: 18px; color: inherit;'>Dispositivos USB compatibles<\/div>\n<div style='padding: 15px; color: inherit;'>\n<ul style='padding-left: 20px; margin: 0; font-size: 14px; list-style-type: disc;'>\n<li style='margin-bottom: 5px;'>UCE3250R 4 dispositivos<\/li>\n<\/ul><\/div>\n<\/p><\/div>\n<p> <!-- Consumo de energ\u00eda --> <\/p>\n<div style='border: 1px solid rgba(150&comma; 150&comma; 150&comma; 0.4); border-radius: 8px; overflow: hidden; display: flex; flex-direction: column; margin-bottom: 20px;'>\n<div style='padding: 15px; border-bottom: 1px solid rgba(150&comma; 150&comma; 150&comma; 0.2); font-weight: bold; font-size: 18px; color: inherit;'>Consumo de energ\u00eda<\/div>\n<div style='padding: 15px; color: inherit;'>\n<ul style='padding-left: 20px; margin: 0; font-size: 14px; list-style-type: disc;'>\n<li style='margin-bottom: 5px;'>UCE3250L: BTU<\/li>\n<li style='margin-bottom: 5px;'>UCE3250R: CC 5 V: 13 W: 48 BTU<\/li>\n<\/ul><\/div>\n<\/p><\/div>\n<\/p><\/div>\n<p> <!-- Columna 2 --> <\/p>\n<div style='flex: 1 1 45%; min-width: 300px;'> <!-- Condiciones ambientales --> <\/p>\n<div style='border: 1px solid rgba(150&comma; 150&comma; 150&comma; 0.4); border-radius: 8px; overflow: hidden; display: flex; flex-direction: column; margin-bottom: 20px;'>\n<div style='padding: 15px; border-bottom: 1px solid rgba(150&comma; 150&comma; 150&comma; 0.2); font-weight: bold; font-size: 18px; color: inherit;'>Condiciones ambientales<\/div>\n<div style='padding: 15px; color: inherit;'>\n<ul style='padding-left: 20px; margin: 0; font-size: 14px; list-style-type: disc;'>\n<li style='margin-bottom: 5px;'>Temperatura de funcionamiento: 0 a 50 \u00b0C<\/li>\n<li style='margin-bottom: 5px;'>Temperatura de almacenamiento: -20 a 70 \u00b0C<\/li>\n<li style='margin-bottom: 5px;'>Humedad HR: 0 &#8211; 80%&comma; sin condensaci\u00f3n<\/li>\n<\/ul><\/div>\n<\/p><\/div>\n<p> <!-- Propiedades f\u00edsicas --> <\/p>\n<div style='border: 1px solid rgba(150&comma; 150&comma; 150&comma; 0.4); border-radius: 8px; overflow: hidden; display: flex; flex-direction: column; margin-bottom: 20px;'>\n<div style='padding: 15px; border-bottom: 1px solid rgba(150&comma; 150&comma; 150&comma; 0.2); font-weight: bold; font-size: 18px; color: inherit;'>Propiedades f\u00edsicas<\/div>\n<div style='padding: 15px; color: inherit;'>\n<ul style='padding-left: 20px; margin: 0; font-size: 14px; list-style-type: disc;'>\n<li style='margin-bottom: 5px;'>Carcasa: Met\u00e1lica<\/li>\n<li style='margin-bottom: 5px;'>Peso: UCE3250L 0&comma;09 kg (0.2 libras) UCE3250R: 0&comma;16 kg (0&comma;35 libras)<\/li>\n<li style='margin-bottom: 5px;'>Dimensiones (LA x AN x AL)<\/li>\n<li style='margin-bottom: 5px;'>UCE3250L: 6&comma;70 x 6&comma;02 x 2&comma;37 cm (2&comma;64 x 2&comma;37 x 0&comma;93 pulgadas)<\/li>\n<li style='margin-bottom: 5px;'>UCE3250R: 6&comma;33 x 11&comma;04 x 2&comma;41 cm (2&comma;49 x 4&comma;35 x 0&comma;95 pulgadas)<\/li>\n<\/ul><\/div>\n<\/p><\/div>\n<p> <!-- Contenido del paquete --> <\/p>\n<div style='border: 1px solid rgba(150&comma; 150&comma; 150&comma; 0.4); border-radius: 8px; overflow: hidden; display: flex; flex-direction: column; margin-bottom: 20px;'>\n<div style='padding: 15px; border-bottom: 1px solid rgba(150&comma; 150&comma; 150&comma; 0.2); font-weight: bold; font-size: 18px; color: inherit;'>Contenido del paquete<\/div>\n<div style='padding: 15px; color: inherit;'>\n<ul style='padding-left: 20px; margin: 0; font-size: 14px; list-style-type: disc;'>\n<li style='margin-bottom: 5px;'>1x extensor UCE3250L de 4 puertos USB 2.0 CAT 5 (unidad local)<\/li>\n<li style='margin-bottom: 5px;'>1x extensor UCE3250R de 4 puertos USB 2.0 CAT 5 (unidad remota)<\/li>\n<li style='margin-bottom: 5px;'>1x cable USB tipo A macho a tipo B macho<\/li>\n<li style='margin-bottom: 5px;'>1x adaptador de corriente<\/li>\n<li style='margin-bottom: 5px;'>1x instrucciones de usuario<\/li>\n<\/ul><\/div>\n<\/p><\/div>\n<\/p><\/div>\n<\/p><\/div>\n<p> <!-- Imagen 2 --> <\/p>\n<div style='margin-bottom: 30px;'> <img style='width: 70%; height: auto; border: 1px solid rgba(150&comma;150&comma;150&comma;0.3); border-radius: 8px; margin-left: 15%; margin-right: 15%;' src='https:\/\/ftp3.syscom.mx\/usuarios\/luis.vargas\/ATEN\/UCE3250\/Imagen%20UCE3250.png' alt=''> <\/div>\n<\/p><\/div>\n","protected":false},"excerpt":{"rendered":"<p>Extensor USB 2.0 |Cat 5| Hub de 4 puertos | hasta 50 metros<\/p>\n","protected":false},"featured_media":97980,"comment_status":"open","ping_status":"closed","template":"","meta":[],"product_brand":[],"product_cat":[2073,2074,2077,2075,2072,2076],"product_tag":[417,2121,2079,2080,2083,2081,2078,2082],"class_list":{"0":"post-97981","1":"product","2":"type-product","3":"status-publish","4":"has-post-thumbnail","6":"product_cat-convertidores","7":"product_cat-divisores","8":"product_cat-dvi","9":"product_cat-hdmi","10":"product_cat-kits-extensores","11":"product_cat-vga","12":"product_tag-accesorios-generales","13":"product_tag-aten","14":"product_tag-convertidores","15":"product_tag-divisores","16":"product_tag-dvi","17":"product_tag-hdmi","18":"product_tag-kits-extensores","19":"product_tag-vga","21":"first","22":"instock","23":"sale","24":"shipping-taxable","25":"purchasable","26":"product-type-simple"},"_links":{"self":[{"href":"https:\/\/soydeaqui.ddns.net\/pachuca\/index.php\/wp-json\/wp\/v2\/product\/97981","targetHints":{"allow":["GET"]}}],"collection":[{"href":"https:\/\/soydeaqui.ddns.net\/pachuca\/index.php\/wp-json\/wp\/v2\/product"}],"about":[{"href":"https:\/\/soydeaqui.ddns.net\/pachuca\/index.php\/wp-json\/wp\/v2\/types\/product"}],"replies":[{"embeddable":true,"href":"https:\/\/soydeaqui.ddns.net\/pachuca\/index.php\/wp-json\/wp\/v2\/comments?post=97981"}],"wp:featuredmedia":[{"embeddable":true,"href":"https:\/\/soydeaqui.ddns.net\/pachuca\/index.php\/wp-json\/wp\/v2\/media\/97980"}],"wp:attachment":[{"href":"https:\/\/soydeaqui.ddns.net\/pachuca\/index.php\/wp-json\/wp\/v2\/media?parent=97981"}],"wp:term":[{"taxonomy":"product_brand","embeddable":true,"href":"https:\/\/soydeaqui.ddns.net\/pachuca\/index.php\/wp-json\/wp\/v2\/product_brand?post=97981"},{"taxonomy":"product_cat","embeddable":true,"href":"https:\/\/soydeaqui.ddns.net\/pachuca\/index.php\/wp-json\/wp\/v2\/product_cat?post=97981"},{"taxonomy":"product_tag","embeddable":true,"href":"https:\/\/soydeaqui.ddns.net\/pachuca\/index.php\/wp-json\/wp\/v2\/product_tag?post=97981"}],"curies":[{"name":"wp","href":"https:\/\/api.w.org\/{rel}","templated":true}]}}