{"id":97961,"date":"2026-03-20T09:20:02","date_gmt":"2026-03-20T09:20:02","guid":{"rendered":"https:\/\/soydeaqui.ddns.net\/pachuca\/index.php\/producto\/domo-ip-3-megapixel-lente-2-8-mm-40-mts-ir-ultra-baja-iluminacion-ndaa-onvif-exterior-ip66-antivandalico-ik10-ultra-baja-iluminacion-h-265-poe-serie-35-honeywell-security\/"},"modified":"2026-03-20T09:20:02","modified_gmt":"2026-03-20T09:20:02","slug":"domo-ip-3-megapixel-lente-2-8-mm-40-mts-ir-ultra-baja-iluminacion-ndaa-onvif-exterior-ip66-antivandalico-ik10-ultra-baja-iluminacion-h-265-poe-serie-35-honeywell-security","status":"publish","type":"product","link":"https:\/\/soydeaqui.ddns.net\/pachuca\/index.php\/producto\/domo-ip-3-megapixel-lente-2-8-mm-40-mts-ir-ultra-baja-iluminacion-ndaa-onvif-exterior-ip66-antivandalico-ik10-ultra-baja-iluminacion-h-265-poe-serie-35-honeywell-security\/","title":{"rendered":"Domo IP 3 Megapixel \/ Lente 2.8 mm \/ 40 mts IR \/  Ultra Baja Iluminaci\u00f3n \/ NDAA \/ ONVIF \/ Exterior IP66 \/ Antivandalico IK10 \/ Ultra Baja Iluminaci\u00f3n \/ H.265 \/ PoE \/ Serie 35 \/ Honeywell Security"},"content":{"rendered":"<div style='width: 100%; max-width: 1200px; margin: 0 auto; font-family: sans-serif; line-height: 1.6; color: inherit; background-color: transparent;'> <!-- Im\u00e1genes iniciales --> <\/p>\n<div style='width: 100%; margin-bottom: 30px;'> <img style='width: 100%; height: auto; border: 1px solid rgba(150&comma;150&comma;150&comma;0.3); border-radius: 8px;' src='https:\/\/ftp3.syscom.mx\/usuarios\/pnunez\/Honeywell\/HC30WE5R2\/Imagenes\/banner-honeywell.jpg' alt='Banner Honeywell'> <\/div>\n<div style='width: 100%; margin-bottom: 30px;'> <img style='width: 100%; height: auto; border: 1px solid rgba(150&comma;150&comma;150&comma;0.3); border-radius: 8px;' src='https:\/\/ftp3.syscom.mx\/usuarios\/pnunez\/Honeywell\/Banners\/syscom-stock-disponible%20%281%29.jpg' alt='Stock disponible'> <\/div>\n<p> <!-- Secci\u00f3n de caracter\u00edsticas en grid --> <\/p>\n<div style='display: flex; flex-wrap: wrap; gap: 30px; margin-bottom: 30px;'>\n<div style='flex: 1 1 300px; min-width: 280px;'>\n<h3 style='font-size: 22px; border-bottom: 2px solid currentColor; padding-bottom: 5px; margin-top: 0; color: inherit; opacity: 0.8;'>Caracter\u00edsticas de la C\u00e1mara<\/h3>\n<ul style='padding-left: 20px; font-size: 15px; color: inherit;'>\n<li style='margin-bottom: 5px;'><strong>Resoluci\u00f3n m\u00e1xima:<\/strong> 3 MP (2304 x 1296) a 30 FPS<\/li>\n<li style='margin-bottom: 5px;'><strong>Compresi\u00f3n:<\/strong> H.265&comma; H.264<\/li>\n<li style='margin-bottom: 5px;'><strong>Lente fijo:<\/strong> 2.8 mm<\/li>\n<li style='margin-bottom: 5px;'><strong>\u00c1ngulo de Visi\u00f3n:<\/strong> 88\u00b0 H \/ 47\u00b0 V<\/li>\n<li style='margin-bottom: 5px;'><strong>Distancia de IR:<\/strong> 40 mts IR inteligente<\/li>\n<li style='margin-bottom: 5px;'><strong>Sensor de imagen:<\/strong> 1\/2.8 Scan Progresivo CMOS<\/li>\n<li style='margin-bottom: 5px;'><strong>Iluminaci\u00f3n m\u00ednima:<\/strong><\/li>\n<li style='margin-bottom: 5px;'><strong>Color:<\/strong> 0.005 Lux<\/li>\n<li style='margin-bottom: 5px;'>D\u00eda \/ Noche real con filtro ICR<\/li>\n<li style='margin-bottom: 5px;'><strong>Compensaci\u00f3n de luz:<\/strong> WDR 120 dB&comma; BLC&comma; HLC&comma; 3 DNR&comma; AWB<\/li>\n<\/ul><\/div>\n<div style='flex: 1 1 300px; min-width: 280px;'>\n<h3 style='font-size: 22px; border-bottom: 2px solid currentColor; padding-bottom: 5px; margin-top: 0; color: inherit; opacity: 0.8;'>Caracter\u00edsticas Generales<\/h3>\n<ul style='padding-left: 20px; font-size: 15px; color: inherit;'>\n<li style='margin-bottom: 5px;'><strong>\u00c1reas de privacidad (4)&comma; Antiniebla<\/strong><\/li>\n<li style='margin-bottom: 5px;'><strong>Video anal\u00edticos embebidos:<\/strong> Detecci\u00f3n Sabotaje (Tampering)&comma; Movimiento<\/li>\n<li style='margin-bottom: 5px;'><strong>Certificaci\u00f3n NDAA<\/strong><\/li>\n<li style='margin-bottom: 5px;'><strong>ONVIF:<\/strong> Profile S&comma; G y T<\/li>\n<\/ul><\/div>\n<div style='flex: 1 1 300px; min-width: 280px;'>\n<h3 style='font-size: 22px; border-bottom: 2px solid currentColor; padding-bottom: 5px; margin-top: 0; color: inherit; opacity: 0.8;'>Funciones de Red y Almacenamiento<\/h3>\n<ul style='padding-left: 20px; font-size: 15px; color: inherit;'>\n<li style='margin-bottom: 5px;'>Soporta micro SD de hasta 256 GB (no incluida)<\/li>\n<li style='margin-bottom: 5px;'>Puerto Ethernet RJ45 10\/100 Mbps<\/li>\n<li style='margin-bottom: 5px;'>M\u00e1ximo 10 usuarios<\/li>\n<\/ul><\/div>\n<\/p><\/div>\n<p> <!-- Secci\u00f3n de caracter\u00edsticas f\u00edsicas --> <\/p>\n<div style='display: flex; flex-wrap: wrap; gap: 30px; margin-bottom: 30px;'>\n<div style='flex: 1 1 300px; min-width: 280px;'>\n<h3 style='font-size: 22px; border-bottom: 2px solid currentColor; padding-bottom: 5px; margin-top: 0; color: inherit; opacity: 0.8;'>Caracter\u00edsticas F\u00edsicas y El\u00e9ctricas<\/h3>\n<ul style='padding-left: 20px; font-size: 15px; color: inherit;'>\n<li style='margin-bottom: 5px;'><strong>Temperatura de operaci\u00f3n:<\/strong> -40 a 60 \u00b0C<\/li>\n<li style='margin-bottom: 5px;'><strong>Alimentaci\u00f3n:<\/strong> 12Vcc&comma; PoE (802.3af) Clase 0 \/ 6 W<\/li>\n<li style='margin-bottom: 5px;'><strong>Protecci\u00f3n:<\/strong> IP66 \/ IK10<\/li>\n<li style='margin-bottom: 5px;'><strong>Dimensiones:<\/strong> 110 x 85.6 mm<\/li>\n<li style='margin-bottom: 5px;'><strong>Peso:<\/strong> 560 g<\/li>\n<li style='margin-bottom: 5px;'><strong>Material:<\/strong> Aluminio y policarbonato<\/li>\n<li style='margin-bottom: 5px;'><strong>Garant\u00eda:<\/strong> 5 a\u00f1os<\/li>\n<\/ul><\/div>\n<\/p><\/div>\n<p> <!-- Im\u00e1genes adicionales --> <\/p>\n<div style='width: 100%; margin-bottom: 30px;'> <img style='width: 100%; height: auto; border: 1px solid rgba(150&comma;150&comma;150&comma;0.3); border-radius: 8px;' src='https:\/\/ftp3.syscom.mx\/usuarios\/pnunez\/Honeywell\/HC35W43R3\/HC35W43R3%20medidas.PNG' alt='Medidas del producto'> <\/div>\n<div style='width: 100%; margin-bottom: 30px;'> <img style='width: 100%; height: auto; border: 1px solid rgba(150&comma;150&comma;150&comma;0.3); border-radius: 8px;' src='https:\/\/ftp3.syscom.mx\/usuarios\/pnunez\/Honeywell\/NDAA\/NDAA-HONEYWELL.jpg' alt='Certificaci\u00f3n NDAA'> <\/div>\n<p> <!-- Video de YouTube --> <\/p>\n<div style='position: relative; padding-bottom: 56.25%; height: 0; overflow: hidden; margin-bottom: 30px;'>   <\/div>\n<p> <!-- Separador final --> <\/p>\n<hr style='border: 0; border-top: 1px solid rgba(150&comma; 150&comma; 150&comma; 0.3); margin: 30px 0;'> <\/div>\n","protected":false},"excerpt":{"rendered":"<p>Domo IP 3 Megapixel \/ Lente 2.8 mm \/ 40 mts IR \/  Ultra Baja Iluminaci\u00f3n \/ NDAA \/ ONVIF \/ Exterior IP66 \/ Antivandalico IK10 \/ Ultra Baja Iluminaci\u00f3n \/ H.265 \/ PoE \/ Serie 35 \/ Honeywell Security<\/p>\n","protected":false},"featured_media":97960,"comment_status":"open","ping_status":"closed","template":"","meta":[],"product_brand":[],"product_cat":[2056],"product_tag":[122,2057,209],"class_list":{"0":"post-97961","1":"product","2":"type-product","3":"status-publish","4":"has-post-thumbnail","6":"product_cat-domo-eyeball-turret","7":"product_tag-camaras-ip-y-nvrs","8":"product_tag-domo-eyeball-turret","9":"product_tag-honeywell","11":"first","12":"instock","13":"sale","14":"shipping-taxable","15":"purchasable","16":"product-type-simple"},"_links":{"self":[{"href":"https:\/\/soydeaqui.ddns.net\/pachuca\/index.php\/wp-json\/wp\/v2\/product\/97961","targetHints":{"allow":["GET"]}}],"collection":[{"href":"https:\/\/soydeaqui.ddns.net\/pachuca\/index.php\/wp-json\/wp\/v2\/product"}],"about":[{"href":"https:\/\/soydeaqui.ddns.net\/pachuca\/index.php\/wp-json\/wp\/v2\/types\/product"}],"replies":[{"embeddable":true,"href":"https:\/\/soydeaqui.ddns.net\/pachuca\/index.php\/wp-json\/wp\/v2\/comments?post=97961"}],"wp:featuredmedia":[{"embeddable":true,"href":"https:\/\/soydeaqui.ddns.net\/pachuca\/index.php\/wp-json\/wp\/v2\/media\/97960"}],"wp:attachment":[{"href":"https:\/\/soydeaqui.ddns.net\/pachuca\/index.php\/wp-json\/wp\/v2\/media?parent=97961"}],"wp:term":[{"taxonomy":"product_brand","embeddable":true,"href":"https:\/\/soydeaqui.ddns.net\/pachuca\/index.php\/wp-json\/wp\/v2\/product_brand?post=97961"},{"taxonomy":"product_cat","embeddable":true,"href":"https:\/\/soydeaqui.ddns.net\/pachuca\/index.php\/wp-json\/wp\/v2\/product_cat?post=97961"},{"taxonomy":"product_tag","embeddable":true,"href":"https:\/\/soydeaqui.ddns.net\/pachuca\/index.php\/wp-json\/wp\/v2\/product_tag?post=97961"}],"curies":[{"name":"wp","href":"https:\/\/api.w.org\/{rel}","templated":true}]}}