{"id":97959,"date":"2026-03-20T09:19:58","date_gmt":"2026-03-20T09:19:58","guid":{"rendered":"https:\/\/soydeaqui.ddns.net\/pachuca\/index.php\/producto\/turret-ip-5-megapixel-lente-2-8-mm-40-mts-ir-ultra-baja-iluminacion-ndaa-onvif-exterior-ip67-h-265-ia-filtro-de-humanos-y-vehiculos-merodeo-conteo-de-personas-poe-audio-y-ala\/"},"modified":"2026-03-20T09:19:59","modified_gmt":"2026-03-20T09:19:59","slug":"turret-ip-5-megapixel-lente-2-8-mm-40-mts-ir-ultra-baja-iluminacion-ndaa-onvif-exterior-ip67-h-265-ia-filtro-de-humanos-y-vehiculos-merodeo-conteo-de-personas-poe-audio-y-ala","status":"publish","type":"product","link":"https:\/\/soydeaqui.ddns.net\/pachuca\/index.php\/producto\/turret-ip-5-megapixel-lente-2-8-mm-40-mts-ir-ultra-baja-iluminacion-ndaa-onvif-exterior-ip67-h-265-ia-filtro-de-humanos-y-vehiculos-merodeo-conteo-de-personas-poe-audio-y-ala\/","title":{"rendered":"Turret IP 5 Megapixel \/ Lente 2.8 mm \/ 40 mts IR \/ Ultra Baja Iluminaci\u00f3n \/ NDAA \/ ONVIF \/ Exterior IP67 \/ H.265 \/ IA (Filtro de Humanos y Vehiculos) \/ Merodeo \/ Conteo de Personas \/ PoE \/ Audio y Alarmas I\/O \/ Serie 35 \/ Honeywell Security"},"content":{"rendered":"<div style='width: 100%; max-width: 1200px; margin: 0 auto; font-family: sans-serif; line-height: 1.6; color: inherit; background-color: transparent;'> <!-- Im\u00e1genes iniciales --> <\/p>\n<div style='width: 100%; margin-bottom: 30px;'> <img style='width: 100%; height: auto; border: 1px solid rgba(150&comma;150&comma;150&comma;0.3); border-radius: 8px;' src='https:\/\/ftp3.syscom.mx\/usuarios\/pnunez\/Honeywell\/HC30WE5R2\/Imagenes\/banner-honeywell.jpg' alt='Banner Honeywell'> <\/div>\n<div style='width: 100%; margin-bottom: 30px;'> <img style='width: 100%; height: auto; border: 1px solid rgba(150&comma;150&comma;150&comma;0.3); border-radius: 8px;' src='https:\/\/ftp3.syscom.mx\/usuarios\/pnunez\/Honeywell\/Banners\/syscom-stock-disponible%20%281%29.jpg' alt='Stock Disponible'> <\/div>\n<p> <!-- Secci\u00f3n de caracter\u00edsticas con grid --> <\/p>\n<div style='display: grid; grid-template-columns: repeat(auto-fill&comma; minmax(280px&comma; 1fr)); gap: 30px; margin-bottom: 30px;'> <!-- Caracter\u00edsticas de la C\u00e1mara --> <\/p>\n<div style='border: 1px solid rgba(150&comma;150&comma;150&comma;0.4); border-radius: 8px; overflow: hidden; display: flex; flex-direction: column;'>\n<div style='padding: 15px; border-bottom: 1px solid rgba(150&comma;150&comma;150&comma;0.2); font-weight: bold; font-size: 18px; color: inherit; background-color: #b01a19; color: white;'>Caracter\u00edsticas de la C\u00e1mara:<\/div>\n<div style='padding: 15px; color: inherit;'>\n<ul style='padding-left: 20px; margin: 0; font-size: 14px; list-style-type: disc;'>\n<li style='margin-bottom: 5px;'><strong>Resoluci\u00f3n m\u00e1xima:<\/strong> 5 Megap\u00edxel (2592 x 1944) a 30 FPS.<\/li>\n<li style='margin-bottom: 5px;'><strong>Compresi\u00f3n:<\/strong> H.265&comma; H.264.<\/li>\n<li style='margin-bottom: 5px;'><strong>Lente fijo:<\/strong> 2.8 mm.<\/li>\n<li style='margin-bottom: 5px;'><strong>\u00c1ngulo de Visi\u00f3n:<\/strong> 88\u00b0 H \/ 65\u00b0 V.<\/li>\n<li style='margin-bottom: 5px;'><strong>Distancia de IR:<\/strong> 40 mts IR inteligente.<\/li>\n<li style='margin-bottom: 5px;'><strong>Sensor de imagen:<\/strong> 1\/2.8 Scan Progresivo CMOS.<\/li>\n<li style='margin-bottom: 5px;'><strong>Iluminaci\u00f3n m\u00ednima:<\/strong> Color: 0.005 Lux.<\/li>\n<li style='margin-bottom: 5px;'><strong>D\u00eda \/ Noche real con filtro ICR.<\/strong><\/li>\n<li style='margin-bottom: 5px;'><strong>Compensaci\u00f3n de luz:<\/strong> WDR 120 dB&comma; BLC&comma; HLC&comma; 3 DNR&comma; AWB.<\/li>\n<\/ul><\/div>\n<\/p><\/div>\n<p> <!-- Caracter\u00edsticas Generales --> <\/p>\n<div style='border: 1px solid rgba(150&comma;150&comma;150&comma;0.4); border-radius: 8px; overflow: hidden; display: flex; flex-direction: column;'>\n<div style='padding: 15px; border-bottom: 1px solid rgba(150&comma;150&comma;150&comma;0.2); font-weight: bold; font-size: 18px; color: inherit; background-color: #b01a19; color: white;'>Caracter\u00edsticas Generales:<\/div>\n<div style='padding: 15px; color: inherit;'>\n<ul style='padding-left: 20px; margin: 0; font-size: 14px; list-style-type: disc;'>\n<li style='margin-bottom: 5px;'><strong>Video anal\u00edticos embebidos:<\/strong> Detecci\u00f3n Sabotaje (Tampering)&comma; Movimiento&comma; Merodeo&comma; Intrusi\u00f3n&comma; Conteo de Personas.<\/li>\n<li style='margin-bottom: 5px;'><strong>\u00c1reas de privacidad (4)&comma; Antiniebla.<\/strong><\/li>\n<li style='margin-bottom: 5px;'><strong>Entrada y salida de alarmas.<\/strong><\/li>\n<li style='margin-bottom: 5px;'><strong>Certificaci\u00f3n NDAA.<\/strong><\/li>\n<li style='margin-bottom: 5px;'><strong>ONVIF:<\/strong> Profile S&comma; G&comma; T.<\/li>\n<\/ul><\/div>\n<div style='padding: 15px; border-top: 1px solid rgba(150&comma;150&comma;150&comma;0.2); font-weight: bold; font-size: 18px; color: inherit; background-color: #b01a19; color: white;'>Funciones de Red y Almacenamiento:<\/div>\n<div style='padding: 15px; color: inherit;'>\n<ul style='padding-left: 20px; margin: 0; font-size: 14px; list-style-type: disc;'>\n<li style='margin-bottom: 5px;'>Soporta micro SD de hasta 256 GB (no incluida).<\/li>\n<li style='margin-bottom: 5px;'>Puerto Ethernet RJ45 10\/100 Mbps.<\/li>\n<li style='margin-bottom: 5px;'>M\u00e1ximo 10 usuarios.<\/li>\n<\/ul><\/div>\n<\/p><\/div>\n<p> <!-- Caracter\u00edsticas F\u00edsicas y El\u00e9ctricas --> <\/p>\n<div style='border: 1px solid rgba(150&comma;150&comma;150&comma;0.4); border-radius: 8px; overflow: hidden; display: flex; flex-direction: column;'>\n<div style='padding: 15px; border-bottom: 1px solid rgba(150&comma;150&comma;150&comma;0.2); font-weight: bold; font-size: 18px; color: inherit; background-color: #b01a19; color: white;'>Caracter\u00edsticas F\u00edsicas y El\u00e9ctricas:<\/div>\n<div style='padding: 15px; color: inherit;'>\n<ul style='padding-left: 20px; margin: 0; font-size: 14px; list-style-type: disc;'>\n<li style='margin-bottom: 5px;'><strong>Temperatura de operaci\u00f3n:<\/strong> -40 a 60 \u00b0C.<\/li>\n<li style='margin-bottom: 5px;'><strong>Alimentaci\u00f3n:<\/strong> 12Vcc&comma; PoE (802.3af) Clase 0 \/ 5.13 W.<\/li>\n<li style='margin-bottom: 5px;'><strong>Protecci\u00f3n:<\/strong> IP66\/ IP67.<\/li>\n<li style='margin-bottom: 5px;'><strong>Dimensiones:<\/strong> 110 x 94 mm.<\/li>\n<li style='margin-bottom: 5px;'><strong>Peso:<\/strong> 600 g.<\/li>\n<li style='margin-bottom: 5px;'><strong>Garant\u00eda<\/strong> 5 a\u00f1os.<\/li>\n<\/ul><\/div>\n<\/p><\/div>\n<\/p><\/div>\n<p> <!-- Imagen de dimensiones --> <\/p>\n<div style='width: 100%; margin-bottom: 30px;'> <img style='width: 100%; height: auto; border: 1px solid rgba(150&comma;150&comma;150&comma;0.3); border-radius: 8px;' src='https:\/\/ftp3.syscom.mx\/usuarios\/pnunez\/Honeywell\/HC35WE5R3\/HC35WE5R3%20medidas.PNG' alt='Dimensiones del producto'> <\/div>\n<p> <!-- Imagen NDAA --> <\/p>\n<div style='width: 100%; margin-bottom: 30px;'> <img style='width: 100%; height: auto; border: 1px solid rgba(150&comma;150&comma;150&comma;0.3); border-radius: 8px;' src='https:\/\/ftp3.syscom.mx\/usuarios\/pnunez\/Honeywell\/NDAA\/NDAA-HONEYWELL.jpg' alt='Certificaci\u00f3n NDAA'> <\/div>\n<p> <!-- Video de YouTube --> <\/p>\n<div style='position: relative; padding-bottom: 56.25%; height: 0; overflow: hidden; margin-bottom: 30px;'>   <\/div>\n<\/p><\/div>\n","protected":false},"excerpt":{"rendered":"<p>Turret IP 5 Megapixel \/ Lente 2.8 mm \/ 40 mts IR \/ Ultra Baja Iluminaci\u00f3n \/ NDAA \/ ONVIF \/ Exterior IP67 \/ H.265 \/ IA (Filtro de Humanos y Vehiculos) \/ Merodeo \/ Conteo de Personas \/ PoE \/ Audio y Alarmas I\/O \/ Serie 35 \/ Honeywell Security<\/p>\n","protected":false},"featured_media":97958,"comment_status":"open","ping_status":"closed","template":"","meta":[],"product_brand":[],"product_cat":[2056],"product_tag":[122,2057,209],"class_list":{"0":"post-97959","1":"product","2":"type-product","3":"status-publish","4":"has-post-thumbnail","6":"product_cat-domo-eyeball-turret","7":"product_tag-camaras-ip-y-nvrs","8":"product_tag-domo-eyeball-turret","9":"product_tag-honeywell","11":"first","12":"instock","13":"sale","14":"shipping-taxable","15":"purchasable","16":"product-type-simple"},"_links":{"self":[{"href":"https:\/\/soydeaqui.ddns.net\/pachuca\/index.php\/wp-json\/wp\/v2\/product\/97959","targetHints":{"allow":["GET"]}}],"collection":[{"href":"https:\/\/soydeaqui.ddns.net\/pachuca\/index.php\/wp-json\/wp\/v2\/product"}],"about":[{"href":"https:\/\/soydeaqui.ddns.net\/pachuca\/index.php\/wp-json\/wp\/v2\/types\/product"}],"replies":[{"embeddable":true,"href":"https:\/\/soydeaqui.ddns.net\/pachuca\/index.php\/wp-json\/wp\/v2\/comments?post=97959"}],"wp:featuredmedia":[{"embeddable":true,"href":"https:\/\/soydeaqui.ddns.net\/pachuca\/index.php\/wp-json\/wp\/v2\/media\/97958"}],"wp:attachment":[{"href":"https:\/\/soydeaqui.ddns.net\/pachuca\/index.php\/wp-json\/wp\/v2\/media?parent=97959"}],"wp:term":[{"taxonomy":"product_brand","embeddable":true,"href":"https:\/\/soydeaqui.ddns.net\/pachuca\/index.php\/wp-json\/wp\/v2\/product_brand?post=97959"},{"taxonomy":"product_cat","embeddable":true,"href":"https:\/\/soydeaqui.ddns.net\/pachuca\/index.php\/wp-json\/wp\/v2\/product_cat?post=97959"},{"taxonomy":"product_tag","embeddable":true,"href":"https:\/\/soydeaqui.ddns.net\/pachuca\/index.php\/wp-json\/wp\/v2\/product_tag?post=97959"}],"curies":[{"name":"wp","href":"https:\/\/api.w.org\/{rel}","templated":true}]}}