{"id":97957,"date":"2026-03-20T09:19:54","date_gmt":"2026-03-20T09:19:54","guid":{"rendered":"https:\/\/soydeaqui.ddns.net\/pachuca\/index.php\/producto\/bateria-12v-recargable-12ah-para-respaldo-tecnologias-agm-vrla-5-anos-vida-util-terminales-tipo-nb1-reconocida-ul-sin-mantenimiento-sin-derrames\/"},"modified":"2026-03-20T09:19:56","modified_gmt":"2026-03-20T09:19:56","slug":"bateria-12v-recargable-12ah-para-respaldo-tecnologias-agm-vrla-5-anos-vida-util-terminales-tipo-nb1-reconocida-ul-sin-mantenimiento-sin-derrames","status":"publish","type":"product","link":"https:\/\/soydeaqui.ddns.net\/pachuca\/index.php\/producto\/bateria-12v-recargable-12ah-para-respaldo-tecnologias-agm-vrla-5-anos-vida-util-terminales-tipo-nb1-reconocida-ul-sin-mantenimiento-sin-derrames\/","title":{"rendered":"Bater\u00eda 12V Recargable, 12AH, Para Respaldo, Tecnolog\u00edas AGM\/VRLA, 5 A\u00f1os Vida \u00datil, Terminales tipo NB1, Reconocida UL , Sin Mantenimiento, Sin Derrames"},"content":{"rendered":"<div style='width: 100%; max-width: 1200px; margin: 0 auto; font-family: sans-serif; line-height: 1.6; color: inherit; background-color: transparent;'> <!-- Secci\u00f3n de introducci\u00f3n --> <\/p>\n<div style='margin-bottom: 30px;'>\n<p style='margin: 0; text-align: justify; font-size: 15px; color: inherit;'> Power Sonic ofrece una amplia gama de productos de bater\u00eda innovadores que incluyen tecnolog\u00edas de litio de \u00e1cido de plomo selladas. Esto garantiza que tengamos la bater\u00eda adecuada para satisfacer las demandas \u00fanicas de su aplicaci\u00f3n. <\/p>\n<\/p><\/div>\n<div style='margin-bottom: 30px;'>\n<p style='margin: 0; text-align: justify; font-size: 15px; color: inherit;'> Power Sonic ha brindado soluciones de bater\u00edas seguras&comma; confiables y de calidad en todo el mundo durante m\u00e1s de 50 a\u00f1os. Nuestros productos de bater\u00eda est\u00e1n dise\u00f1ados y fabricados con los \u00faltimos equipos de \u00faltima generaci\u00f3n y est\u00e1n sujetos al control de calidad m\u00e1s estricto. Este proceso es clave para garantizar tanto la consistencia como la confiabilidad con cualquier producto que lleve el nombre de Power Sonic. <\/p>\n<\/p><\/div>\n<p> <!-- Secci\u00f3n de caracter\u00edsticas de la serie --> <\/p>\n<div style='margin-bottom: 30px;'>\n<h2 style='font-size: 22px; border-bottom: 2px solid currentColor; padding-bottom: 5px; margin-top: 0; margin-bottom: 15px; color: inherit; opacity: 0.8;'>Serie PS<\/h2>\n<p style='margin: 0 0 15px; text-align: justify; font-size: 15px; color: inherit;'> La serie PS de Power Sonic bater\u00edas selladas de plomo-\u00e1cido se han dise\u00f1ado con tecnolog\u00eda AGM (Absorbent Glass Mat) para garantizar un rendimiento y una fiabilidad superiores. Disponibles en 2&comma; 4&comma; 6 y 12 V con capacidades desde 0.8 a 260 AH. Con gran variedad de modelos&comma; es la primera opci\u00f3n para la industria de seguridad humana. <\/p>\n<h3 style='font-size: 18px; margin-top: 20px; margin-bottom: 10px; color: inherit; opacity: 0.8;'>Caracter\u00edsticas Generales Serie PS<\/h3>\n<ul style='padding-left: 20px; font-size: 14px; color: inherit; list-style-type: disc;'>\n<li style='margin-bottom: 5px;'>Bater\u00edas recargables selladas de plomo \u00e1cido.<\/li>\n<li style='margin-bottom: 5px;'>Construcci\u00f3n a prueba de derrames&comma; regulada por v\u00e1lvula y sin necesidad de mantenimiento.<\/li>\n<li style='margin-bottom: 5px;'>Dise\u00f1o de 5 a\u00f1os de vida \u00fatil.<\/li>\n<li style='margin-bottom: 5px;'>Reconocida UL.<\/li>\n<li style='margin-bottom: 5px;'>Tecnolog\u00eda VRLA (Bater\u00edas Regulated Lead Acid) para larga vida \u00fatil por liberaci\u00f3n de gases.<\/li>\n<li style='margin-bottom: 5px;'>Tecnolog\u00eda AGM (Absorbent Glass Mat) para garantizar un rendimiento y fiabilidad superiores.<\/li>\n<li style='margin-bottom: 5px;'>Relaci\u00f3n de potencia y volumen que produce una densidad de energ\u00eda inigualable.<\/li>\n<li style='margin-bottom: 5px;'>Recargables con cargadores VRLA.<\/li>\n<li style='margin-bottom: 5px;'>Permite una operaci\u00f3n segura en cualquier orientaci\u00f3n (excepto el uso continuo invertido).<\/li>\n<li style='margin-bottom: 5px;'>Carcasa y cubierta de ABS resistentes a impactos y vibraciones.<\/li>\n<li style='margin-bottom: 5px;'>Tecnolog\u00eda de recombinaci\u00f3n de gases.<\/li>\n<li style='margin-bottom: 5px;'>Baja tasa de descarga para una larga vida \u00fatil.<\/li>\n<li style='margin-bottom: 5px;'>Certificado ISO 9001:2015.<\/li>\n<li style='margin-bottom: 5px;'>Aprobado para transporte a\u00e9reo. Certificado por D.O.T.&comma; I.A.T.A.&comma; F.A.A. y C.A.B.<\/li>\n<\/ul><\/div>\n<p> <!-- Secci\u00f3n de especificaciones del modelo --> <\/p>\n<div style='margin-bottom: 30px;'>\n<h3 style='font-size: 18px; margin-top: 20px; margin-bottom: 10px; color: inherit; opacity: 0.8;'>Caracter\u00edsticas PS-12120-NB1<\/h3>\n<ul style='padding-left: 20px; font-size: 14px; color: inherit; list-style-type: disc;'>\n<li style='margin-bottom: 5px;'>Dise\u00f1o de 5 a\u00f1os de vida \u00fatil.<\/li>\n<li style='margin-bottom: 5px;'>Reconocida UL.<\/li>\n<li style='margin-bottom: 5px;'>Tipo de terminal: NB1.<\/li>\n<li style='margin-bottom: 5px;'>Voltaje Nominal: 12V.<\/li>\n<li style='margin-bottom: 5px;'>Capacidad @20HR (AH): 12.0 AH.<\/li>\n<li style='margin-bottom: 5px;'>Capacidad @10HR (AH): 11.0 AH.<\/li>\n<li style='margin-bottom: 5px;'>Capacidad @5HR (AH): 10.50 AH.<\/li>\n<li style='margin-bottom: 5px;'>Capacidad @1HR (AH): 7.25 AH.<\/li>\n<li style='margin-bottom: 5px;'>Peso: 3.59 kg\/7.92 lbs.<\/li>\n<li style='margin-bottom: 5px;'>Temperatura de operaci\u00f3n de carga: -15 a 50\u00b0C.<\/li>\n<li style='margin-bottom: 5px;'>Temperatura de operaci\u00f3n de descarga: -20 a 60\u00b0C.<\/li>\n<li style='margin-bottom: 5px;'>Dimensiones: 5.94\u201d\/151 mm Longitud x 3.86\u201d\/98 mm Ancho x 3.66\u201d\/93 mm Altura.<\/li>\n<li style='margin-bottom: 5px;'>Cargador recomendado: <a style='color: inherit; text-decoration: underline;' href='https:\/\/www.syscom.mx\/principal\/searchcont?route=PSC-121000ACX-POWER-SONIC-218409&#038;autodetect=PSC-' target='_blank' rel='noopener noreferrer'>PSC-121000ACX<\/a>&comma; <a style='color: inherit; text-decoration: underline;' href='https:\/\/www.syscom.mx\/principal\/searchcont?route=PSC-124000ACX-POWER-SONIC-218376&#038;autodetect=PSC-' target='_blank' rel='noopener noreferrer'>PSC-124000ACX<\/a>.<\/li>\n<\/ul><\/div>\n<p> <!-- Secci\u00f3n de aplicaciones --> <\/p>\n<div style='margin-bottom: 30px;'>\n<h3 style='font-size: 18px; margin-top: 20px; margin-bottom: 10px; color: inherit; opacity: 0.8;'>Aplicaciones<\/h3>\n<p style='margin: 0 0 15px; font-size: 14px; color: inherit;'>Ideal como respaldo de energ\u00eda para:<\/p>\n<ul style='padding-left: 20px; font-size: 14px; color: inherit; list-style-type: disc;'>\n<li style='margin-bottom: 5px;'>Sistemas de seguridad y emergencia.<\/li>\n<li style='margin-bottom: 5px;'>Sistemas de control de acceso.<\/li>\n<li style='margin-bottom: 5px;'>Sistemas de alarma.<\/li>\n<li style='margin-bottom: 5px;'>Sistemas de detecci\u00f3n de incendio.<\/li>\n<li style='margin-bottom: 5px;'>Sistemas de videovigilancia.<\/li>\n<li style='margin-bottom: 5px;'>Muchas aplicaciones m\u00e1s&#8230;<\/li>\n<\/ul><\/div>\n<\/p><\/div>\n","protected":false},"excerpt":{"rendered":"<p>Bater\u00eda 12V Recargable, 12AH, Para Respaldo, Tecnolog\u00edas AGM\/VRLA, 5 A\u00f1os Vida \u00datil, Terminales tipo NB1, Reconocida UL , Sin Mantenimiento, Sin Derrames<\/p>\n","protected":false},"featured_media":97956,"comment_status":"open","ping_status":"closed","template":"","meta":[],"product_brand":[],"product_cat":[141],"product_tag":[143,142,236],"class_list":{"0":"post-97957","1":"product","2":"type-product","3":"status-publish","4":"has-post-thumbnail","6":"product_cat-baterias","7":"product_tag-baterias","8":"product_tag-energia","9":"product_tag-power-sonic","11":"first","12":"outofstock","13":"sale","14":"shipping-taxable","15":"purchasable","16":"product-type-simple"},"_links":{"self":[{"href":"https:\/\/soydeaqui.ddns.net\/pachuca\/index.php\/wp-json\/wp\/v2\/product\/97957","targetHints":{"allow":["GET"]}}],"collection":[{"href":"https:\/\/soydeaqui.ddns.net\/pachuca\/index.php\/wp-json\/wp\/v2\/product"}],"about":[{"href":"https:\/\/soydeaqui.ddns.net\/pachuca\/index.php\/wp-json\/wp\/v2\/types\/product"}],"replies":[{"embeddable":true,"href":"https:\/\/soydeaqui.ddns.net\/pachuca\/index.php\/wp-json\/wp\/v2\/comments?post=97957"}],"wp:featuredmedia":[{"embeddable":true,"href":"https:\/\/soydeaqui.ddns.net\/pachuca\/index.php\/wp-json\/wp\/v2\/media\/97956"}],"wp:attachment":[{"href":"https:\/\/soydeaqui.ddns.net\/pachuca\/index.php\/wp-json\/wp\/v2\/media?parent=97957"}],"wp:term":[{"taxonomy":"product_brand","embeddable":true,"href":"https:\/\/soydeaqui.ddns.net\/pachuca\/index.php\/wp-json\/wp\/v2\/product_brand?post=97957"},{"taxonomy":"product_cat","embeddable":true,"href":"https:\/\/soydeaqui.ddns.net\/pachuca\/index.php\/wp-json\/wp\/v2\/product_cat?post=97957"},{"taxonomy":"product_tag","embeddable":true,"href":"https:\/\/soydeaqui.ddns.net\/pachuca\/index.php\/wp-json\/wp\/v2\/product_tag?post=97957"}],"curies":[{"name":"wp","href":"https:\/\/api.w.org\/{rel}","templated":true}]}}