{"id":97942,"date":"2026-03-20T09:19:10","date_gmt":"2026-03-20T09:19:10","guid":{"rendered":"https:\/\/soydeaqui.ddns.net\/pachuca\/index.php\/producto\/ssd-para-videovigilancia-unidad-de-estado-solido-1-tb-2-5-alto-performance-uso-24-7-compatible-con-dvrs-y-nvrs-epcom-hilook-y-hikvision-seleccionados-incluye-base\/"},"modified":"2026-03-20T09:19:23","modified_gmt":"2026-03-20T09:19:23","slug":"ssd-para-videovigilancia-unidad-de-estado-solido-1-tb-2-5-alto-performance-uso-24-7-compatible-con-dvrs-y-nvrs-epcom-hilook-y-hikvision-seleccionados-incluye-base","status":"publish","type":"product","link":"https:\/\/soydeaqui.ddns.net\/pachuca\/index.php\/producto\/ssd-para-videovigilancia-unidad-de-estado-solido-1-tb-2-5-alto-performance-uso-24-7-compatible-con-dvrs-y-nvrs-epcom-hilook-y-hikvision-seleccionados-incluye-base\/","title":{"rendered":"SSD PARA VIDEOVIGILANCIA \/ Unidad de Estado Solido \/ 1 TB \/ 2.5&#8243; \/ Alto Performance \/ Uso 24\/7 \/ Compatible con DVR\u00b4s y NVR\u00b4s epcom \/ HiLook y HIKVISION (Seleccionados) \/ Incluye Base"},"content":{"rendered":"<div style='width: 100%; max-width: 1200px; margin: 0 auto; font-family: sans-serif; line-height: 1.6; color: inherit; background-color: transparent;'> <!-- Banner Final --> <\/p>\n<div style='width: 100%; margin: 30px 0;'> <img style='width: 100%; height: auto; border: 1px solid rgba(150&comma;150&comma;150&comma;0.3); border-radius: 8px;' src='https:\/\/ftp3.syscom.mx\/usuarios\/gmagos\/HIK\/storage\/Vaners\/hiksemi.png' alt='Banner HIKSEMI'> <\/div>\n<p> <!-- Videos --> <\/p>\n<div style='display: flex; flex-wrap: wrap; gap: 30px; margin: 30px 0;'>\n<div style='flex: 1 1 400px; min-width: 300px;'>\n<h3 style='text-align: center; font-size: 20px; margin-top: 0; color: inherit; opacity: 0.8;'>\u00bfQuien es HIKSEMI?<\/h3>\n<div style='position: relative; padding-bottom: 56.25%; height: 0; overflow: hidden; margin-bottom: 30px;'>   <\/div>\n<\/p><\/div>\n<div style='flex: 1 1 400px; min-width: 300px;'>\n<h3 style='text-align: center; font-size: 20px; margin-top: 0; color: inherit; opacity: 0.8;'>Unidades de Estado S\u00f3lido<\/h3>\n<div style='position: relative; padding-bottom: 56.25%; height: 0; overflow: hidden; margin-bottom: 30px;'>   <\/div>\n<\/p><\/div>\n<\/p><\/div>\n<p> <!-- Especificaciones --> <\/p>\n<div style='width: 100%; margin: 30px 0;'>\n<h1 style='text-align: center; font-size: 28px; color: inherit; margin-bottom: 30px; border-bottom: 2px solid currentColor; padding-bottom: 10px;'>Especificaciones<\/h1>\n<div style='display: flex; flex-wrap: wrap; gap: 20px;'> <!-- Caracter\u00edsticas Principales --> <\/p>\n<div style='flex: 1 1 300px; min-width: 280px;'>\n<div style='border: 1px solid rgba(150&comma; 150&comma; 150&comma; 0.4); border-radius: 8px; overflow: hidden; display: flex; flex-direction: column;'>\n<div style='padding: 15px; border-bottom: 1px solid rgba(150&comma; 150&comma; 150&comma; 0.2); font-weight: bold; font-size: 18px; background-color: rgba(0&comma; 123&comma; 255&comma; 0.9); color: #fff;'>Caracter\u00edsticas Principales:<\/div>\n<div style='padding: 15px; color: inherit;'>\n<ul style='padding-left: 20px; margin: 0; font-size: 14px; list-style-type: disc;'>\n<li style='margin-bottom: 5px;'>Capacidad: 1024 GB.<\/li>\n<li style='margin-bottom: 5px;'>Velocidad de Lectura: 560 MB\/s.<\/li>\n<li style='margin-bottom: 5px;'>Velocidad de Escritura: 520 MB\/s.<\/li>\n<li style='margin-bottom: 5px;'>Temperatura de Operaci\u00f3n: 0 \u00b0C a 70 \u00b0C (32 \u00b0F a 158 \u00b0F).<\/li>\n<li style='margin-bottom: 5px;'>Tama\u00f1o: 2.5&#8242;.<\/li>\n<li style='margin-bottom: 5px;'>Peso: \u2264 60 gramos.<\/li>\n<li style='margin-bottom: 5px;'><strong>Especializado para videovigilancia (M\u00f3vil y CCTV)<\/strong><\/li>\n<li style='margin-bottom: 5px;'><strong>Uso continuo 24\/7<\/strong><\/li>\n<\/ul><\/div>\n<\/p><\/div>\n<\/p><\/div>\n<p> <!-- Modelos Compatibles 1 --> <\/p>\n<div style='flex: 1 1 300px; min-width: 280px;'>\n<div style='border: 1px solid rgba(150&comma; 150&comma; 150&comma; 0.4); border-radius: 8px; overflow: hidden; display: flex; flex-direction: column;'>\n<div style='padding: 15px; border-bottom: 1px solid rgba(150&comma; 150&comma; 150&comma; 0.2); font-weight: bold; font-size: 18px; background-color: rgba(0&comma; 123&comma; 255&comma; 0.9); color: #fff;'>Modelos Compatibles:<\/div>\n<div style='padding: 15px; color: inherit;'>\n<ul style='padding-left: 20px; margin: 0; font-size: 14px; list-style-type: disc;'>\n<li style='margin-bottom: 5px;'>S04-TURBO-G3<\/li>\n<li style='margin-bottom: 5px;'>S04-TURBO-M1<\/li>\n<li style='margin-bottom: 5px;'>EX-5004-TURBO<\/li>\n<li style='margin-bottom: 5px;'>EV-4004TURBO-D<\/li>\n<li style='margin-bottom: 5px;'>EV-8004TURBO-D(C)<\/li>\n<li style='margin-bottom: 5px;'>EX-8004TURBO<\/li>\n<li style='margin-bottom: 5px;'>S08-TURBO-M1<\/li>\n<li style='margin-bottom: 5px;'>EV-4008TURBO-D<\/li>\n<li style='margin-bottom: 5px;'>EX-5008-TURBO<\/li>\n<li style='margin-bottom: 5px;'>EX-8008TURBO<\/li>\n<li style='margin-bottom: 5px;'>DS-7204HGHI-M1(T)<\/li>\n<li style='margin-bottom: 5px;'>DS-7204HGHI-M1\/T<\/li>\n<li style='margin-bottom: 5px;'>DS-7208HGHI-M1\/T<\/li>\n<li style='margin-bottom: 5px;'>DS-7104HGHI-F1<\/li>\n<li style='margin-bottom: 5px;'>DS-7108HGHI-F1\/N<\/li>\n<li style='margin-bottom: 5px;'>DS-7108HGHI-M1(C)<\/li>\n<li style='margin-bottom: 5px;'>IDS-7204HUHI-M1\/S(C)<\/li>\n<li style='margin-bottom: 5px;'>DS-7104HGHI-M1(C)<\/li>\n<li style='margin-bottom: 5px;'>DS-7104HGHI-K1(S)<\/li>\n<li style='margin-bottom: 5px;'>IDS-7204HQHI-M1\/S(C)<\/li>\n<li style='margin-bottom: 5px;'>IDS-7204HQHI-M1\/FA(C)<\/li>\n<li style='margin-bottom: 5px;'>IDS-7204HQHI-M1\/XT<\/li>\n<li style='margin-bottom: 5px;'>IDS-7204HUHI-M1\/S\/A(C)<\/li>\n<li style='margin-bottom: 5px;'>IDS-7204HUHI-M1\/XT<\/li>\n<li style='margin-bottom: 5px;'>NVR-104H-D\/4P(D)<\/li>\n<li style='margin-bottom: 5px;'>DS-7104NI-Q1\/4P(D)<\/li>\n<li style='margin-bottom: 5px;'>DS-7604NI-Q1\/4P(D)<\/li>\n<li style='margin-bottom: 5px;'>NVR-108H-D\/8P(D)<\/li>\n<\/ul><\/div>\n<\/p><\/div>\n<\/p><\/div>\n<p> <!-- Modelos Compatibles 2 --> <\/p>\n<div style='flex: 1 1 300px; min-width: 280px;'>\n<div style='border: 1px solid rgba(150&comma; 150&comma; 150&comma; 0.4); border-radius: 8px; overflow: hidden; display: flex; flex-direction: column;'>\n<div style='padding: 15px; border-bottom: 1px solid rgba(150&comma; 150&comma; 150&comma; 0.2); font-weight: bold; font-size: 18px; background-color: rgba(0&comma; 123&comma; 255&comma; 0.9); color: #fff;'>Modelos Compatibles:<\/div>\n<div style='padding: 15px; color: inherit;'>\n<ul style='padding-left: 20px; margin: 0; font-size: 14px; list-style-type: disc;'>\n<li style='margin-bottom: 5px;'>DS-7108NI-Q1\/8P(D)<\/li>\n<li style='margin-bottom: 5px;'>IDS-7204HUHI-M1\/A\/XT<\/li>\n<li style='margin-bottom: 5px;'>IDS-7204HUHI-M1\/X<\/li>\n<li style='margin-bottom: 5px;'>IDS-7204HUHI-M1\/A\/X<\/li>\n<li style='margin-bottom: 5px;'>IDS-7208HUHI-M1\/A\/X<\/li>\n<li style='margin-bottom: 5px;'>IDS-7208HQHI-M1(A)\/S(C)<\/li>\n<li style='margin-bottom: 5px;'>IDS-7208HQHI-M1\/S(C)<\/li>\n<li style='margin-bottom: 5px;'>IDS-7208HQHI-M1\/XT<\/li>\n<li style='margin-bottom: 5px;'>IDS-7208HUHI-M1\/S\/A(C)<\/li>\n<li style='margin-bottom: 5px;'>IDS-7208HUHI-M1\/S(C)<\/li>\n<li style='margin-bottom: 5px;'>IDS-7208HUHI-M2\/S\/A(C)<\/li>\n<li style='margin-bottom: 5px;'>IDS-7208HUHI-M1\/A\/XT<\/li>\n<li style='margin-bottom: 5px;'>IDS-7208HUHI-M1\/XT<\/li>\n<li style='margin-bottom: 5px;'>IDS-7208HUHI-M1\/X<\/li>\n<li style='margin-bottom: 5px;'>IDS-7208HUHI-M2\/A\/X<\/li>\n<li style='margin-bottom: 5px;'>IDS-7204HUHI-M1\/S<\/li>\n<li style='margin-bottom: 5px;'>DVR-204G-M1\/T<\/li>\n<li style='margin-bottom: 5px;'>DVR-208G-M1\/T<\/li>\n<li style='margin-bottom: 5px;'>DVR-204U-M1(C)<\/li>\n<li style='margin-bottom: 5px;'>DVR-204U-M1(E)<\/li>\n<li style='margin-bottom: 5px;'>DVR-204G-M1(C)<\/li>\n<li style='margin-bottom: 5px;'>DVR-204Q-K1(C)(S)<\/li>\n<li style='margin-bottom: 5px;'>DVR-204Q-M1(C)<\/li>\n<li style='margin-bottom: 5px;'>DVR-204Q-M1(E)<\/li>\n<li style='margin-bottom: 5px;'>DVR-208Q-K1(C)(S)<\/li>\n<li style='margin-bottom: 5px;'>DVR-208G-M1(C)<\/li>\n<li style='margin-bottom: 5px;'>DVR-208Q-M1(E)<\/li>\n<li style='margin-bottom: 5px;'>DVR-208U-M1(C)<\/li>\n<\/ul><\/div>\n<\/p><\/div>\n<\/p><\/div>\n<\/p><\/div>\n<\/p><\/div>\n<p> <!-- Separador --> <\/p>\n<hr style='border: 0; border-top: 1px solid rgba(150&comma; 150&comma; 150&comma; 0.3); margin: 30px 0;'> <!-- Imagen 1 --> <\/p>\n<div style='display: flex; flex-wrap: wrap; gap: 30px; align-items: center; margin: 30px 0;'>\n<div style='flex: 1 1 300px; min-width: 280px;'> <img style='width: 100%; height: auto; border: 1px solid rgba(150&comma;150&comma;150&comma;0.3); border-radius: 8px;' src='https:\/\/ftp3.syscom.mx\/usuarios\/gmagos\/HIK\/storage\/Pagina%20WEB\/V300\/3.jpg' alt='SSD V300X 1TB'> <\/div>\n<div style='flex: 2 1 400px; min-width: 300px;'>\n<h2 style='font-size: 22px; margin-top: 0; color: inherit; opacity: 0.8;'>Velocidad de Lectura y Escritura:<\/h2>\n<p style='font-size: 15px; color: inherit; margin-bottom: 0;'>Un factor crucial en los SSD para video vigilancia es la velocidad de lectura y escritura. Un SSD r\u00e1pido permitir\u00e1 una grabaci\u00f3n y reproducci\u00f3n fluidas de los flujos de video de alta resoluci\u00f3n&comma; lo que es esencial para la efectividad de un sistema de vigilancia.<\/p>\n<\/p><\/div>\n<\/p><\/div>\n<p> <!-- Separador --> <\/p>\n<hr style='border: 0; border-top: 1px solid rgba(150&comma; 150&comma; 150&comma; 0.3); margin: 30px 0;'> <!-- Imagen 2 --> <\/p>\n<div style='display: flex; flex-wrap: wrap; gap: 30px; align-items: center; margin: 30px 0;'>\n<div style='flex: 2 1 400px; min-width: 300px; order: 2;'> <img style='width: 100%; height: auto; border: 1px solid rgba(150&comma;150&comma;150&comma;0.3); border-radius: 8px;' src='https:\/\/ftp3.syscom.mx\/usuarios\/gmagos\/HIK\/storage\/Pagina%20WEB\/V300\/4.jpg' alt='Rendimiento SSD'> <\/div>\n<div style='flex: 2 1 400px; min-width: 300px; order: 1;'>\n<h2 style='font-size: 22px; margin-top: 0; color: inherit; opacity: 0.8;'>Rendimiento<\/h2>\n<p style='font-size: 15px; color: inherit; margin-bottom: 0;'>Los SSD son considerablemente m\u00e1s r\u00e1pidos que los HDD en t\u00e9rminos de velocidad de acceso a datos y rendimiento general. Esto se debe a que los SSD no tienen partes m\u00f3viles y almacenan datos en chips de memoria flash&comma; lo que permite tiempos de acceso mucho m\u00e1s r\u00e1pidos. Las velocidades de lectura y escritura de un SSD son significativamente m\u00e1s altas en comparaci\u00f3n con un HDD tradicional&comma; lo que se traduce en una mejora sustancial en la velocidad de inicio del sistema operativo&comma; la apertura de aplicaciones y la transferencia de archivos.<\/p>\n<\/p><\/div>\n<\/p><\/div>\n<p> <!-- Separador --> <\/p>\n<hr style='border: 0; border-top: 1px solid rgba(150&comma; 150&comma; 150&comma; 0.3); margin: 30px 0;'> <!-- Banner Final --> <\/p>\n<div style='width: 100%; margin: 30px 0;'> <img style='width: 100%; height: auto; border: 1px solid rgba(150&comma;150&comma;150&comma;0.3); border-radius: 8px;' src='https:\/\/ftp3.syscom.mx\/usuarios\/gmagos\/HIK\/storage\/Vaners\/HIKSEMI-banner1.jpg' alt='Banner Final HIKSEMI'> <\/div>\n<\/p><\/div>\n","protected":false},"excerpt":{"rendered":"<p>SSD PARA VIDEOVIGILANCIA \/ Unidad de Estado Solido \/ 1 TB \/ 2.5&#8243; \/ Alto Performance \/ Uso 24\/7 \/ Compatible con DVR\u00b4s y NVR\u00b4s epcom \/ HiLook y HIKVISION (Seleccionados) \/ Incluye Base<\/p>\n","protected":false},"featured_media":97941,"comment_status":"open","ping_status":"closed","template":"","meta":[],"product_brand":[],"product_cat":[2199],"product_tag":[2129,2065,2139],"class_list":{"0":"post-97942","1":"product","2":"type-product","3":"status-publish","4":"has-post-thumbnail","6":"product_cat-unidades-de-estado-solido-ssd-servidores-almacenamiento","7":"product_tag-hiksemi-by-hikvision","8":"product_tag-servidores-almacenamiento","9":"product_tag-unidades-de-estado-solido-ssd","11":"first","12":"instock","13":"sale","14":"shipping-taxable","15":"purchasable","16":"product-type-simple"},"_links":{"self":[{"href":"https:\/\/soydeaqui.ddns.net\/pachuca\/index.php\/wp-json\/wp\/v2\/product\/97942","targetHints":{"allow":["GET"]}}],"collection":[{"href":"https:\/\/soydeaqui.ddns.net\/pachuca\/index.php\/wp-json\/wp\/v2\/product"}],"about":[{"href":"https:\/\/soydeaqui.ddns.net\/pachuca\/index.php\/wp-json\/wp\/v2\/types\/product"}],"replies":[{"embeddable":true,"href":"https:\/\/soydeaqui.ddns.net\/pachuca\/index.php\/wp-json\/wp\/v2\/comments?post=97942"}],"wp:featuredmedia":[{"embeddable":true,"href":"https:\/\/soydeaqui.ddns.net\/pachuca\/index.php\/wp-json\/wp\/v2\/media\/97941"}],"wp:attachment":[{"href":"https:\/\/soydeaqui.ddns.net\/pachuca\/index.php\/wp-json\/wp\/v2\/media?parent=97942"}],"wp:term":[{"taxonomy":"product_brand","embeddable":true,"href":"https:\/\/soydeaqui.ddns.net\/pachuca\/index.php\/wp-json\/wp\/v2\/product_brand?post=97942"},{"taxonomy":"product_cat","embeddable":true,"href":"https:\/\/soydeaqui.ddns.net\/pachuca\/index.php\/wp-json\/wp\/v2\/product_cat?post=97942"},{"taxonomy":"product_tag","embeddable":true,"href":"https:\/\/soydeaqui.ddns.net\/pachuca\/index.php\/wp-json\/wp\/v2\/product_tag?post=97942"}],"curies":[{"name":"wp","href":"https:\/\/api.w.org\/{rel}","templated":true}]}}