{"id":97938,"date":"2026-03-20T09:19:00","date_gmt":"2026-03-20T09:19:00","guid":{"rendered":"https:\/\/soydeaqui.ddns.net\/pachuca\/index.php\/producto\/nvr-8-megapixel-4k-16-canales-16-puertos-poe-h-265-2-bahias-de-disco-duro-no-incluidos-conexion-p2p-onvif-ndaa-soporta-ia-serie-35-audio-y-alarmas-i-o-honeywell-security\/"},"modified":"2026-03-20T09:19:01","modified_gmt":"2026-03-20T09:19:01","slug":"nvr-8-megapixel-4k-16-canales-16-puertos-poe-h-265-2-bahias-de-disco-duro-no-incluidos-conexion-p2p-onvif-ndaa-soporta-ia-serie-35-audio-y-alarmas-i-o-honeywell-security","status":"publish","type":"product","link":"https:\/\/soydeaqui.ddns.net\/pachuca\/index.php\/producto\/nvr-8-megapixel-4k-16-canales-16-puertos-poe-h-265-2-bahias-de-disco-duro-no-incluidos-conexion-p2p-onvif-ndaa-soporta-ia-serie-35-audio-y-alarmas-i-o-honeywell-security\/","title":{"rendered":"NVR 8 Megapixel (4K) \/ 16 Canales \/ 16 Puertos PoE+ \/ H.265 \/ 2 Bah\u00edas de Disco Duro (No incluidos) \/ Conexi\u00f3n P2P \/ ONVIF \/ NDAA \/ Soporta IA \/ Serie 35 \/ Audio y Alarmas I\/O \/ Honeywell Security"},"content":{"rendered":"<div style='width: 100%; max-width: 1200px; margin: 0 auto; font-family: sans-serif; line-height: 1.6; color: inherit; background-color: transparent;'>\n<p style='margin: 0 0 15px 0; padding: 0;'> <img style='width: 100%; height: auto; border: 1px solid rgba(150&comma;150&comma;150&comma;0.3); border-radius: 8px;' src='https:\/\/ftp3.syscom.mx\/usuarios\/pnunez\/Honeywell\/HC30WE5R2\/Imagenes\/banner-honeywell.jpg' alt='Banner Honeywell'> <\/p>\n<p style='margin: 0 0 15px 0; padding: 0;'> <img style='width: 100%; height: auto; border: 1px solid rgba(150&comma;150&comma;150&comma;0.3); border-radius: 8px;' src='https:\/\/ftp3.syscom.mx\/usuarios\/pnunez\/Honeywell\/Banners\/syscom-stock-disponible%20%281%29.jpg' alt='Stock disponible'> <\/p>\n<div style='display: flex; flex-wrap: wrap; gap: 30px; margin-bottom: 30px;'>\n<div style='flex: 1 1 300px; min-width: 280px;'>\n<div style='border: 1px solid rgba(150&comma; 150&comma; 150&comma; 0.4); border-radius: 8px; overflow: hidden; display: flex; flex-direction: column;'>\n<div style='padding: 15px; border-bottom: 1px solid rgba(150&comma; 150&comma; 150&comma; 0.2); font-weight: bold; font-size: 18px; color: inherit; background-color: #b01a19; color: white;'>Caracter\u00edsticas Principales:<\/div>\n<div style='padding: 15px; color: inherit;'>\n<ul style='padding-left: 20px; margin: 0; font-size: 14px; list-style-type: disc; color: inherit;'>\n<li style='margin-bottom: 5px;'><strong>Resoluci\u00f3n m\u00e1xima:<\/strong> 8 Megapixel (4K)<\/li>\n<li style='margin-bottom: 5px;'><strong>Canales de v\u00eddeo:<\/strong> 16<\/li>\n<li style='margin-bottom: 5px;'><strong>Compresi\u00f3n de v\u00eddeo:<\/strong> H.265 \/ H.264<\/li>\n<li style='margin-bottom: 5px;'><strong>Sistema Operativo:<\/strong> Linux<\/li>\n<li style='margin-bottom: 5px;'><strong>Almacenamiento:<\/strong> 2 Bah\u00edas de HDD (10 TB C\/U). Se cotizan por separado.<\/li>\n<li style='margin-bottom: 5px;'><strong>Conexi\u00f3n P2P:<\/strong> Gratis (sin usar apertura de puertos o IP p\u00fablica fija)<\/li>\n<li style='margin-bottom: 5px;'><strong>Soporta anal\u00edticos por IA:<\/strong> Filtro de humanos y veh\u00edculos&comma; merodeo&comma; conteo de personas&comma; etc. (usando c\u00e1maras serie 35 de Honeywell)<\/li>\n<\/ul><\/div>\n<\/p><\/div>\n<\/p><\/div>\n<div style='flex: 1 1 300px; min-width: 280px;'>\n<div style='border: 1px solid rgba(150&comma; 150&comma; 150&comma; 0.4); border-radius: 8px; overflow: hidden; display: flex; flex-direction: column;'>\n<div style='padding: 15px; border-bottom: 1px solid rgba(150&comma; 150&comma; 150&comma; 0.2); font-weight: bold; font-size: 18px; color: inherit; background-color: #b01a19; color: white;'>Caracter\u00edsticas Generales:<\/div>\n<div style='padding: 15px; color: inherit;'>\n<ul style='padding-left: 20px; margin: 0; font-size: 14px; list-style-type: disc; color: inherit;'>\n<li style='margin-bottom: 5px;'><strong>Notificaciones push<\/strong><\/li>\n<li style='margin-bottom: 5px;'><strong>Puertos PoE:<\/strong> 16 \/ 30 W por puerto (130 Watts totales).<\/li>\n<li style='margin-bottom: 5px;'><strong>Certificaci\u00f3n NDAA<\/strong><\/li>\n<li style='margin-bottom: 5px;'><strong>ONVIF:<\/strong> Profile S&comma; G y T.<\/li>\n<li style='margin-bottom: 5px;'><strong>M\u00e1ximo usuarios:<\/strong> 16<\/li>\n<li style='margin-bottom: 5px;'><strong>Entrada de audio:<\/strong> 1<\/li>\n<li style='margin-bottom: 5px;'><strong>Salida de audio:<\/strong> 1<\/li>\n<li style='margin-bottom: 5px;'><strong>Soporta audio de dos v\u00edas:<\/strong> Audio bidireccional colocando micr\u00f3fono y bocina<\/li>\n<li style='margin-bottom: 5px;'><strong>Entrada de alarmas:<\/strong> 8<\/li>\n<li style='margin-bottom: 5px;'><strong>Salida de alarmas:<\/strong> 2<\/li>\n<\/ul><\/div>\n<\/p><\/div>\n<\/p><\/div>\n<div style='flex: 1 1 300px; min-width: 280px;'>\n<div style='border: 1px solid rgba(150&comma; 150&comma; 150&comma; 0.4); border-radius: 8px; overflow: hidden; display: flex; flex-direction: column;'>\n<div style='padding: 15px; border-bottom: 1px solid rgba(150&comma; 150&comma; 150&comma; 0.2); font-weight: bold; font-size: 18px; color: inherit; background-color: #b01a19; color: white;'>Caracter\u00edsticas F\u00edsicas y El\u00e9ctricas:<\/div>\n<div style='padding: 15px; color: inherit;'>\n<ul style='padding-left: 20px; margin: 0; font-size: 14px; list-style-type: disc; color: inherit;'>\n<li style='margin-bottom: 5px;'><strong>Entrada HDMI:<\/strong> 1 (4K \/ 1080p \/ 720p)<\/li>\n<li style='margin-bottom: 5px;'><strong>Salida VGA:<\/strong> 1 (1080p \/ 720p)<\/li>\n<li style='margin-bottom: 5px;'><strong>Temperatura de operaci\u00f3n:<\/strong> -10\u00b0C ~ 55\u00b0C<\/li>\n<li style='margin-bottom: 5px;'><strong>Alimentaci\u00f3n:<\/strong> 12Vcc&comma; PoE (802.3af) Clase 0 \/ 6 W<\/li>\n<li style='margin-bottom: 5px;'><strong>Dimensiones:<\/strong> 372 x 313.3 x 46.5 mm<\/li>\n<li style='margin-bottom: 5px;'><strong>Peso:<\/strong> 2.75 Kg sin HDD<\/li>\n<li style='margin-bottom: 5px;'><strong>Garant\u00eda:<\/strong> 5 a\u00f1os<\/li>\n<\/ul><\/div>\n<\/p><\/div>\n<\/p><\/div>\n<\/p><\/div>\n<div style='width: 100%; margin: 30px 0;'> <img style='width: 100%; height: auto; border: 1px solid rgba(150&comma;150&comma;150&comma;0.3); border-radius: 8px;' src='https:\/\/ftp3.syscom.mx\/usuarios\/pnunez\/Honeywell\/HN35160200\/HN35160200%20medidas.png' alt='Dimensiones del producto'> <\/div>\n<div style='width: 100%; margin: 30px 0;'> <img style='width: 100%; height: auto; border: 1px solid rgba(150&comma;150&comma;150&comma;0.3); border-radius: 8px;' src='https:\/\/ftp3.syscom.mx\/usuarios\/pnunez\/Honeywell\/NDAA\/NDAA-HONEYWELL.jpg' alt='Certificaci\u00f3n NDAA'> <\/div>\n<div style='position: relative; padding-bottom: 56.25%; height: 0; overflow: hidden; margin-bottom: 30px;'>   <\/div>\n<\/p><\/div>\n","protected":false},"excerpt":{"rendered":"<p>NVR 8 Megapixel (4K) \/ 16 Canales \/ 16 Puertos PoE+ \/ H.265 \/ 2 Bah\u00edas de Disco Duro (No incluidos) \/ Conexi\u00f3n P2P \/ ONVIF \/ NDAA \/ Soporta IA \/ Serie 35 \/ Audio y Alarmas I\/O \/ Honeywell Security<\/p>\n","protected":false},"featured_media":97937,"comment_status":"open","ping_status":"closed","template":"","meta":[],"product_brand":[],"product_cat":[2234],"product_tag":[122,209,2235],"class_list":{"0":"post-97938","1":"product","2":"type-product","3":"status-publish","4":"has-post-thumbnail","6":"product_cat-nvrs-network-video-recorders","7":"product_tag-camaras-ip-y-nvrs","8":"product_tag-honeywell","9":"product_tag-nvrs-network-video-recorders","11":"first","12":"outofstock","13":"sale","14":"shipping-taxable","15":"purchasable","16":"product-type-simple"},"_links":{"self":[{"href":"https:\/\/soydeaqui.ddns.net\/pachuca\/index.php\/wp-json\/wp\/v2\/product\/97938","targetHints":{"allow":["GET"]}}],"collection":[{"href":"https:\/\/soydeaqui.ddns.net\/pachuca\/index.php\/wp-json\/wp\/v2\/product"}],"about":[{"href":"https:\/\/soydeaqui.ddns.net\/pachuca\/index.php\/wp-json\/wp\/v2\/types\/product"}],"replies":[{"embeddable":true,"href":"https:\/\/soydeaqui.ddns.net\/pachuca\/index.php\/wp-json\/wp\/v2\/comments?post=97938"}],"wp:featuredmedia":[{"embeddable":true,"href":"https:\/\/soydeaqui.ddns.net\/pachuca\/index.php\/wp-json\/wp\/v2\/media\/97937"}],"wp:attachment":[{"href":"https:\/\/soydeaqui.ddns.net\/pachuca\/index.php\/wp-json\/wp\/v2\/media?parent=97938"}],"wp:term":[{"taxonomy":"product_brand","embeddable":true,"href":"https:\/\/soydeaqui.ddns.net\/pachuca\/index.php\/wp-json\/wp\/v2\/product_brand?post=97938"},{"taxonomy":"product_cat","embeddable":true,"href":"https:\/\/soydeaqui.ddns.net\/pachuca\/index.php\/wp-json\/wp\/v2\/product_cat?post=97938"},{"taxonomy":"product_tag","embeddable":true,"href":"https:\/\/soydeaqui.ddns.net\/pachuca\/index.php\/wp-json\/wp\/v2\/product_tag?post=97938"}],"curies":[{"name":"wp","href":"https:\/\/api.w.org\/{rel}","templated":true}]}}