{"id":97902,"date":"2026-03-20T09:17:20","date_gmt":"2026-03-20T09:17:20","guid":{"rendered":"https:\/\/soydeaqui.ddns.net\/pachuca\/index.php\/producto\/supresor-de-trasientes-clase-b-con-voltaje-de-operacion-127-vca-3-fases-50-ka\/"},"modified":"2026-03-20T09:17:21","modified_gmt":"2026-03-20T09:17:21","slug":"supresor-de-trasientes-clase-b-con-voltaje-de-operacion-127-vca-3-fases-50-ka","status":"publish","type":"product","link":"https:\/\/soydeaqui.ddns.net\/pachuca\/index.php\/producto\/supresor-de-trasientes-clase-b-con-voltaje-de-operacion-127-vca-3-fases-50-ka\/","title":{"rendered":"Supresor de Trasientes  Clase B con voltaje de operaci\u00f3n 127 Vca, 3 fases, 50 KA"},"content":{"rendered":"<div style='width: 100%; max-width: 1200px; margin: 0 auto; font-family: sans-serif; line-height: 1.6; color: inherit; background-color: transparent;'>\n<div style='display: flex; flex-wrap: wrap; gap: 30px; margin-bottom: 30px;'>\n<div style='flex: 1 1 300px; min-width: 280px;'>\n<h3 style='font-size: 22px; border-bottom: 2px solid currentColor; padding-bottom: 5px; margin-top: 0; color: inherit; opacity: 0.8;'>Caracter\u00edsticas<\/h3>\n<ul style='padding-left: 20px; font-size: 15px; color: inherit;'>\n<li style='margin-bottom: 5px;'>Los supresores de transientes SUPRECTOR clase B&comma; est\u00e1n dise\u00f1ados para brindar la mejor protecci\u00f3n a tableros principales y acometidas eliminando los picos transitorios de la l\u00ednea provocados por diversos factores<\/li>\n<li style='margin-bottom: 5px;'>Fabricado en rango de capacidades distintas para satisfacer las distintas necesidades de protecci\u00f3n<\/li>\n<li style='margin-bottom: 5px;'>Cuentan con un fusible t\u00e9rmico de alta precisi\u00f3n que en caso de una sobrecarga de corriente abre el circuito&comma; evitando as\u00ed el desprendimiento de flama y la posibilidad de que el varistor quede en corto<\/li>\n<li style='margin-bottom: 5px;'>Protege y da seguridad a equipos de eventos transitorios originados por factores internos y externos<\/li>\n<li style='margin-bottom: 5px;'>Este supresor conforma parte del SPTE&comma; siendo este el SIPTE exigido en la NMX-J-549-ANCE-2005<\/li>\n<li style='margin-bottom: 5px;'>Tecnolog\u00eda MOV (Metal Oxide Varistor) con fusible t\u00e9rmico de protecci\u00f3n<\/li>\n<\/ul><\/div>\n<\/p><\/div>\n<div style='display: flex; flex-wrap: wrap; gap: 30px; margin-bottom: 30px;'>\n<div style='flex: 1 1 300px; min-width: 280px;'>\n<h3 style='font-size: 22px; border-bottom: 2px solid currentColor; padding-bottom: 5px; margin-top: 0; color: inherit; opacity: 0.8;'>Aplicaciones<\/h3>\n<ul style='padding-left: 20px; font-size: 15px; color: inherit;'>\n<li style='margin-bottom: 5px;'>Ideal para la protecci\u00f3n en cualquier aplicaci\u00f3n industrial<\/li>\n<li style='margin-bottom: 5px;'>Tableros secundarios\/principal<\/li>\n<li style='margin-bottom: 5px;'>Protecci\u00f3n de transitorios por descargas atmosf\u00e9ricas o eventos internos como extensos<\/li>\n<\/ul><\/div>\n<\/p><\/div>\n<div style='display: flex; flex-wrap: wrap; gap: 30px; margin-bottom: 30px;'>\n<div style='flex: 1 1 300px; min-width: 280px;'>\n<h3 style='font-size: 22px; border-bottom: 2px solid currentColor; padding-bottom: 5px; margin-top: 0; color: inherit; opacity: 0.8;'>Caracter\u00edsticas<\/h3>\n<ul style='padding-left: 20px; font-size: 15px; color: inherit;'>\n<li style='margin-bottom: 5px;'>Gabinete de pl\u00e1stico policarbonato&comma; NEMA 4<\/li>\n<li style='margin-bottom: 5px;'>Led indicador de estado de protecci\u00f3n activa en tiempo real<\/li>\n<li style='margin-bottom: 5px;'>Cuatro puntos de fijaci\u00f3n para muro<\/li>\n<li style='margin-bottom: 5px;'>Terminal de 3\/4<\/li>\n<\/ul><\/div>\n<\/p><\/div>\n<div style='display: flex; flex-wrap: wrap; gap: 30px; margin-bottom: 30px;'>\n<div style='flex: 1 1 300px; min-width: 280px;'>\n<h3 style='font-size: 22px; border-bottom: 2px solid currentColor; padding-bottom: 5px; margin-top: 0; color: inherit; opacity: 0.8;'>Especificaciones T\u00e9cnicas<\/h3>\n<ul style='padding-left: 20px; font-size: 15px; color: inherit;'>\n<li style='margin-bottom: 5px;'>3 Modos de protecci\u00f3n: L\u00ednea-Neutro&comma; L\u00ednea-Tierra&comma; Neutro-Tierra<\/li>\n<li style='margin-bottom: 5px;'>Corriente M\u00e1xima de protecci\u00f3n: 50 kA por fase<\/li>\n<li style='margin-bottom: 5px;'>Dimensiones aprox.: 14.5 x 5.51 x 8.99 cm<\/li>\n<li style='margin-bottom: 5px;'>Capacidad m\u00e1xima de cortocircuito de 200ka<\/li>\n<li style='margin-bottom: 5px;'>3 Fases&comma; 5 Hilos<\/li>\n<\/ul><\/div>\n<\/p><\/div>\n<div style='display: flex; flex-wrap: wrap; gap: 30px; margin-bottom: 30px;'>\n<div style='flex: 1 1 300px; min-width: 280px;'>\n<h3 style='font-size: 22px; border-bottom: 2px solid currentColor; padding-bottom: 5px; margin-top: 0; color: inherit; opacity: 0.8;'>Im\u00e1genes<\/h3>\n<p> <img style='width: 100%; height: auto; border: 1px solid rgba(150&comma;150&comma;150&comma;0.3); border-radius: 8px;' src='https:\/\/ftp3.syscom.mx\/usuarios\/fotos\/KDALU\/76017-total_ground.jpg' alt=''> <\/div>\n<\/p><\/div>\n<\/p><\/div>\n","protected":false},"excerpt":{"rendered":"<p>Supresor de Trasientes  Clase B con voltaje de operaci\u00f3n 127 Vca, 3 fases, 50 KA<\/p>\n","protected":false},"featured_media":97901,"comment_status":"open","ping_status":"closed","template":"","meta":[],"product_brand":[],"product_cat":[1320],"product_tag":[968,898,635],"class_list":{"0":"post-97902","1":"product","2":"type-product","3":"status-publish","4":"has-post-thumbnail","6":"product_cat-corriente-alterna-proteccion-contra-descargas-videovigilancia","7":"product_tag-corriente-alterna","8":"product_tag-proteccion-contra-descargas","9":"product_tag-total-ground","11":"first","12":"outofstock","13":"sale","14":"shipping-taxable","15":"purchasable","16":"product-type-simple"},"_links":{"self":[{"href":"https:\/\/soydeaqui.ddns.net\/pachuca\/index.php\/wp-json\/wp\/v2\/product\/97902","targetHints":{"allow":["GET"]}}],"collection":[{"href":"https:\/\/soydeaqui.ddns.net\/pachuca\/index.php\/wp-json\/wp\/v2\/product"}],"about":[{"href":"https:\/\/soydeaqui.ddns.net\/pachuca\/index.php\/wp-json\/wp\/v2\/types\/product"}],"replies":[{"embeddable":true,"href":"https:\/\/soydeaqui.ddns.net\/pachuca\/index.php\/wp-json\/wp\/v2\/comments?post=97902"}],"wp:featuredmedia":[{"embeddable":true,"href":"https:\/\/soydeaqui.ddns.net\/pachuca\/index.php\/wp-json\/wp\/v2\/media\/97901"}],"wp:attachment":[{"href":"https:\/\/soydeaqui.ddns.net\/pachuca\/index.php\/wp-json\/wp\/v2\/media?parent=97902"}],"wp:term":[{"taxonomy":"product_brand","embeddable":true,"href":"https:\/\/soydeaqui.ddns.net\/pachuca\/index.php\/wp-json\/wp\/v2\/product_brand?post=97902"},{"taxonomy":"product_cat","embeddable":true,"href":"https:\/\/soydeaqui.ddns.net\/pachuca\/index.php\/wp-json\/wp\/v2\/product_cat?post=97902"},{"taxonomy":"product_tag","embeddable":true,"href":"https:\/\/soydeaqui.ddns.net\/pachuca\/index.php\/wp-json\/wp\/v2\/product_tag?post=97902"}],"curies":[{"name":"wp","href":"https:\/\/api.w.org\/{rel}","templated":true}]}}