{"id":97886,"date":"2026-03-20T09:16:34","date_gmt":"2026-03-20T09:16:34","guid":{"rendered":"https:\/\/soydeaqui.ddns.net\/pachuca\/index.php\/producto\/camara-ptz-ip-antivandalica-4k-30x-zoom-optico-ir-200m-exterior-ip66-nema4x-auto-tracking-h-265-wisestream-wiper-incluido\/"},"modified":"2026-03-20T09:16:44","modified_gmt":"2026-03-20T09:16:44","slug":"camara-ptz-ip-antivandalica-4k-30x-zoom-optico-ir-200m-exterior-ip66-nema4x-auto-tracking-h-265-wisestream-wiper-incluido","status":"publish","type":"product","link":"https:\/\/soydeaqui.ddns.net\/pachuca\/index.php\/producto\/camara-ptz-ip-antivandalica-4k-30x-zoom-optico-ir-200m-exterior-ip66-nema4x-auto-tracking-h-265-wisestream-wiper-incluido\/","title":{"rendered":"C\u00e1mara PTZ IP antivand\u00e1lica 4K \/ 30x Zoom \u00d3ptico \/ IR 200m  \/ Exterior IP66 \/ NEMA4X \/ Auto tracking \/ H.265 &#038; WiseStream \/ Wiper incluido"},"content":{"rendered":"<div style='width: 100%; max-width: 1200px; margin: 0 auto; font-family: sans-serif; line-height: 1.6; color: inherit; background-color: transparent;'> <!-- Imagen principal --> <\/p>\n<div style='width: 100%; margin-bottom: 30px; text-align: center;'> <a href='https:\/\/syscom.mx\/principal\/consultarproductosazul?global_search=htasx&#038;ordenar=Relevancia&#038;pag=1' target='_blank' rel='noopener' style='display: inline-block;'> <img style='width: 100%; max-width: 483px; height: auto; border: 1px solid rgba(150&comma;150&comma;150&comma;0.3); border-radius: 8px;' src='https:\/\/ftp3.syscom.mx\/usuarios\/gmagos\/Hanwha\/fotos\/wisenet-X%5B1%5D%201.png' alt=''> <\/a> <\/div>\n<p> <!-- Secci\u00f3n WiseStream --> <\/p>\n<div style='display: flex; flex-wrap: wrap; gap: 30px; margin-bottom: 30px;'>\n<div style='flex: 1 1 300px; min-width: 280px;'> <img style='width: 100%; height: auto; border: 1px solid rgba(150&comma;150&comma;150&comma;0.3); border-radius: 8px;' src='https:\/\/ftp3.syscom.mx\/usuarios\/imendez\/Hanwha\/Serie%20X\/GIF\/WiseStream.gif' alt='WiseStream'> <\/div>\n<div style='flex: 1 1 300px; min-width: 280px;'>\n<h3 style='font-size: 22px; border-bottom: 2px solid currentColor; padding-bottom: 5px; margin-top: 0; color: inherit; opacity: 0.8;'>H.265 + <span style='color: #f37934;'>WiseStream II<\/span><\/h3>\n<p style='font-size: 15px; color: inherit; text-align: justify;'>Mediante WiseStream II&comma; la tecnolog\u00eda de compresi\u00f3n de v\u00eddeo de Hanwha Techwin&comma; la serie Wisenet X <span style='color: #f37934;'>reduce el almacenamiento de datos hasta un <strong>99%<\/strong><\/span> en comparaci\u00f3n con la actual tecnolog\u00eda H.264&comma; cuando se combina con la compresi\u00f3n H.265. Los costes del sistema se reducen enormemente sin comprometer la calidad de las im\u00e1genes.<\/p>\n<\/p><\/div>\n<\/p><\/div>\n<p> <!-- Secci\u00f3n WDR --> <\/p>\n<div style='display: flex; flex-wrap: wrap; gap: 30px; margin-bottom: 30px;'>\n<div style='flex: 1 1 300px; min-width: 280px;'>\n<h3 style='font-size: 22px; border-bottom: 2px solid currentColor; padding-bottom: 5px; margin-top: 0; color: inherit; opacity: 0.8;'>WDR <span style='color: #f37934;'>150 dB<\/span><\/h3>\n<p style='font-size: 15px; color: inherit; text-align: justify;'>Una imagen de amplio rango din\u00e1mico se forma combinando 2 capturas con distintas exposiciones. La serie Wisenet X con un amplio rango din\u00e1mico de <span style='color: #f37934;'>150 dB<\/span> utiliza 4 capturas para crear im\u00e1genes m\u00e1s naturales. Las zonas borrosas son un punto d\u00e9bil cr\u00edtico asociado al amplio rango din\u00e1mico&comma; pero esta nueva tecnolog\u00eda elimina todo tipo de movimientos&comma; proporcionando im\u00e1genes vistosas y claras.<\/p>\n<p style='font-size: 15px; color: inherit; text-align: justify;'><strong>Las c\u00e1maras de la serie Wisenet X de 5MP y 6MP tienen WDR de 120dB.<\/strong><\/p>\n<\/p><\/div>\n<div style='flex: 1 1 300px; min-width: 280px;'> <img style='width: 100%; height: auto; border: 1px solid rgba(150&comma;150&comma;150&comma;0.3); border-radius: 8px;' src='https:\/\/ftp3.syscom.mx\/usuarios\/imendez\/Hanwha\/Serie%20X\/GIF\/WDR%20150dB%20GIF.gif' alt='WDR 150dB'> <\/div>\n<\/p><\/div>\n<p> <!-- Secci\u00f3n Iluminaci\u00f3n --> <\/p>\n<div style='display: flex; flex-wrap: wrap; gap: 30px; margin-bottom: 30px;'>\n<div style='flex: 1 1 300px; min-width: 280px;'> <img style='width: 100%; height: auto; border: 1px solid rgba(150&comma;150&comma;150&comma;0.3); border-radius: 8px;' src='https:\/\/ftp3.syscom.mx\/usuarios\/imendez\/Hanwha\/Serie%20X\/GIF\/Luz%20GIF.gif' alt='Iluminaci\u00f3n'> <\/div>\n<div style='flex: 1 1 300px; min-width: 280px;'>\n<h3 style='font-size: 22px; border-bottom: 2px solid currentColor; padding-bottom: 5px; margin-top: 0; color: inherit; opacity: 0.8;'>Iluminaci\u00f3n a Color<\/h3>\n<p style='font-size: 15px; color: inherit; text-align: justify;'>Con el potente nuevo chipset de la serie Wisenet X y la asombrosa tecnolog\u00eda de lentes de Hanwha Techwin&comma; se pueden supervisar im\u00e1genes en entornos de poca luz&comma; incluso en color sin utilizar LED IR. Ahora se pueden capturar im\u00e1genes vistosas con independencia de la zona y de la hora del d\u00eda.<\/p>\n<\/p><\/div>\n<\/p><\/div>\n<p> <!-- T\u00edtulo de caracter\u00edsticas t\u00e9cnicas --> <\/p>\n<h2 style='font-size: 20px; text-align: center; margin: 30px 0 20px; color: inherit; opacity: 0.9;'><strong>Caracter\u00edsticas t\u00e9cnicas<\/strong><\/h2>\n<p> <!-- Secci\u00f3n de especificaciones --> <\/p>\n<div style='display: flex; flex-wrap: wrap; gap: 30px; margin-bottom: 30px;'> <!-- Columna 1 --> <\/p>\n<div style='flex: 1 1 300px; min-width: 280px;'>\n<div style='border-left: 5px solid #f37324; border-radius: 5px; padding: 5px; box-shadow: 2px 2px 10px rgba(216&comma;216&comma;216&comma;0.3);'>\n<h4 style='font-size: 18px; margin-top: 0; color: inherit;'><strong>Video:<\/strong><\/h4>\n<ul style='padding-left: 20px; font-size: 14px; color: inherit;'>\n<li style='margin-bottom: 5px;'><strong>Compresi\u00f3n:<\/strong> H.265 &#038; WiseStream II \/ H.264 \/ MJPEG<\/li>\n<li style='margin-bottom: 5px;'><strong>Resoluci\u00f3n:<\/strong> 8MP (3840 x 2160)<\/li>\n<li style='margin-bottom: 5px;'><strong>Sensor:<\/strong> 1\/2.8&#8242; CMOS<\/li>\n<li style='margin-bottom: 5px;'><strong>Iluminaci\u00f3n M\u00ednima:<\/strong> Color: 0.1Lux&comma; BW: 0 Lux (IR encendido)<\/li>\n<li style='margin-bottom: 5px;'><strong>Lente Zoom:<\/strong> 5 a 150 mm<\/li>\n<li style='margin-bottom: 5px;'><strong>Iluminaci\u00f3n IR:<\/strong> 200m<\/li>\n<li style='margin-bottom: 5px;'><strong>DC auto iris<\/strong><\/li>\n<li style='margin-bottom: 5px;'><strong>Min. distancia de objeto:<\/strong> 3m<\/li>\n<li style='margin-bottom: 5px;'><strong>Wiper:<\/strong> Incluido<\/li>\n<\/ul>\n<h4 style='font-size: 18px; margin-top: 20px; margin-bottom: 10px; color: inherit;'><strong>Almacenamiento:<\/strong><\/h4>\n<ul style='padding-left: 20px; font-size: 14px; color: inherit;'>\n<li style='margin-bottom: 5px;'><strong>Ranuras microSD:<\/strong> 2 (hasta 512GB&comma; m\u00e1ximo 1TB)<\/li>\n<li style='margin-bottom: 5px;'><strong>Memoria:<\/strong> 4GB RAM&comma; 512MB Flash<\/li>\n<\/ul>\n<h4 style='font-size: 18px; margin-top: 20px; margin-bottom: 10px; color: inherit;'><strong>Funciones:<\/strong><\/h4>\n<ul style='padding-left: 20px; font-size: 14px; color: inherit;'>\n<li style='margin-bottom: 5px;'><strong>Compensaci\u00f3n de luz:<\/strong> WDR 120dB&comma; BLC&comma; HLC<\/li>\n<li style='margin-bottom: 5px;'><strong>Enfoque simple<\/strong><\/li>\n<li style='margin-bottom: 5px;'><strong>Panor\u00e1mico:<\/strong> 360\u00ba sin fin<\/li>\n<li style='margin-bottom: 5px;'><strong>Reducci\u00f3n digital de ruido<\/strong><\/li>\n<\/ul><\/div>\n<\/p><\/div>\n<p> <!-- Columna 2 --> <\/p>\n<div style='flex: 1 1 300px; min-width: 280px;'>\n<div style='border-left: 5px solid #f37324; border-radius: 5px; padding: 5px; box-shadow: 2px 2px 10px rgba(216&comma;216&comma;216&comma;0.3);'>\n<h4 style='font-size: 18px; margin-top: 0; color: inherit;'><strong>Interfaces:<\/strong><\/h4>\n<ul style='padding-left: 20px; font-size: 14px; color: inherit;'>\n<li style='margin-bottom: 5px;'><strong>Puerto Ethernet:<\/strong> 1 RJ45 10\/100 Base-T<\/li>\n<li style='margin-bottom: 5px;'><strong>Compatible con audio:<\/strong> Utilizando NW I\/O Box <a style='color: inherit; text-decoration: underline;' href='https:\/\/www.syscom.mx\/principal\/searchcont?route=SPM-4210W-Hanwha-Techwin-Wisenet-196422&#038;autodetect=SPM-4210' target='_blank' rel='noopener'>SPM-4210W<\/a> (no incluido)<\/li>\n<li style='margin-bottom: 5px;'><strong>Entradas\/salidas de alarma:<\/strong> Utilizando NW I\/O Box <a style='color: inherit; text-decoration: underline;' href='https:\/\/www.syscom.mx\/principal\/searchcont?route=SPM-4210W-Hanwha-Techwin-Wisenet-196422&#038;autodetect=SPM-4210' target='_blank' rel='noopener'>SPM-4210W<\/a> (no incluido)<\/li>\n<\/ul>\n<h4 style='font-size: 18px; margin-top: 20px; margin-bottom: 10px; color: inherit;'><strong>Caracter\u00edsticas F\u00edsicas y El\u00e9ctricas:<\/strong><\/h4>\n<ul style='padding-left: 20px; font-size: 14px; color: inherit;'>\n<li style='margin-bottom: 5px;'><strong>Temperatura de Operaci\u00f3n:<\/strong> -40 a 55\u00b0C<\/li>\n<li style='margin-bottom: 5px;'><strong>Certificaciones:<\/strong> IP66 \/ IP67 \/ IK10&comma; NEMA4X&comma; NEMA-TS 2<\/li>\n<li style='margin-bottom: 5px;'><strong>Alimentaci\u00f3n:<\/strong> HPoE IEEE802.03bt Class6&comma; Type3 (Inyector POE incluido)<\/li>\n<li style='margin-bottom: 5px;'><strong>Consumo:<\/strong> 46W<\/li>\n<li style='margin-bottom: 5px;'><strong>Dimensiones:<\/strong> \u00d8 184.9 x 318.8 mm<\/li>\n<li style='margin-bottom: 5px;'><strong>Peso:<\/strong> 5.6Kg<\/li>\n<\/ul>\n<h4 style='font-size: 18px; margin-top: 20px; margin-bottom: 10px; color: inherit;'><strong>Accesorios Opcionales:<\/strong><\/h4>\n<ul style='padding-left: 20px; font-size: 14px; color: inherit;'>\n<li style='margin-bottom: 5px;'><strong>Montaje de techo:<\/strong> <a style='color: inherit; text-decoration: underline;' href='https:\/\/www.syscom.mx\/producto\/SBP-156CMW-Hanwha-Techwin-Wisenet-192705.html' target='_blank' rel='noopener'>SBP-156CMW<\/a><\/li>\n<li style='margin-bottom: 5px;'><strong>Montaje de pared:<\/strong> <a style='color: inherit; text-decoration: underline;' href='https:\/\/www.syscom.mx\/producto\/SBP-156WMW-Hanwha-Techwin-Wisenet-192703.html' target='_blank' rel='noopener'>SBP-156WMW<\/a><\/li>\n<li style='margin-bottom: 5px;'><strong>Adaptador para montajes:<\/strong> <a style='color: inherit; text-decoration: underline;' href='https:\/\/www.syscom.mx\/producto\/SBP-156HMW-Hanwha-Techwin-Wisenet-192704.html' target='_blank' rel='noopener'>SBP-156HMW<\/a><\/li>\n<li style='margin-bottom: 5px;'><strong>Montaje de pared:<\/strong> <a style='color: inherit; text-decoration: underline;' href='https:\/\/www.syscom.mx\/producto\/SBP-300WMW1-Hanwha-Techwin-Wisenet-164078.html' target='_blank' rel='noopener'>SBP-300WMW1<\/a> Requiere adaptador SBP-156HMW<\/li>\n<li style='margin-bottom: 5px;'><strong>Montaje de techo:<\/strong> <a style='color: inherit; text-decoration: underline;' href='https:\/\/www.syscom.mx\/producto\/SBP-300CMW-Hanwha-Techwin-Wisenet-164080.html' target='_blank' rel='noopener'>SBP-300CMW<\/a> Requiere adaptador SBP-156HMW<\/li>\n<\/ul><\/div>\n<\/p><\/div>\n<p> <!-- Columna 3 --> <\/p>\n<div style='flex: 1 1 300px; min-width: 280px;'>\n<div style='border-left: 5px solid #f37324; border-radius: 5px; padding: 5px; box-shadow: 2px 2px 10px rgba(216&comma;216&comma;216&comma;0.3);'>\n<h4 style='font-size: 18px; margin-top: 0; margin-bottom: 10px; color: inherit;'><strong>An\u00e1lisis de eventos con base en el motor de IA:<\/strong><\/h4>\n<ul style='padding-left: 20px; font-size: 14px; color: inherit;'>\n<li style='margin-bottom: 5px;'>Detecci\u00f3n de objetos<\/li>\n<li style='margin-bottom: 5px;'>Detecci\u00f3n de direcci\u00f3n<\/li>\n<li style='margin-bottom: 5px;'>Cruce de l\u00ednea virtual<\/li>\n<li style='margin-bottom: 5px;'>Area Virtual (Entrada \/ Salida&comma; Merodeo&comma; intrusi\u00f3n)<\/li>\n<\/ul>\n<h4 style='font-size: 18px; margin-top: 20px; margin-bottom: 10px; color: inherit;'><strong>Clasificaci\u00f3n de objetos:<\/strong><\/h4>\n<ul style='padding-left: 20px; font-size: 14px; color: inherit;'>\n<li style='margin-bottom: 5px;'>Persona\/Rostro<\/li>\n<li style='margin-bottom: 5px;'>Veh\u00edculo<\/li>\n<li style='margin-bottom: 5px;'>Matr\u00edcula de veh\u00edculos con atributos<\/li>\n<\/ul>\n<h4 style='font-size: 18px; margin-top: 20px; margin-bottom: 10px; color: inherit;'><strong>An\u00e1lisis de eventos:<\/strong><\/h4>\n<ul style='padding-left: 20px; font-size: 14px; color: inherit;'>\n<li style='margin-bottom: 5px;'>Aparici\u00f3n \/ Desaparici\u00f3n<\/li>\n<li style='margin-bottom: 5px;'>Detecci\u00f3n de Desenfoque<\/li>\n<li style='margin-bottom: 5px;'>Detecci\u00f3n de Audio (agregando equipo <a style='color: inherit; text-decoration: underline;' href='https:\/\/www.syscom.mx\/principal\/searchcont?route=SPM-4210W-Hanwha-Techwin-Wisenet-196422&#038;autodetect=SPM-4210' target='_blank' rel='noopener'>SPM-4210W<\/a> no incluido)<\/li>\n<li style='margin-bottom: 5px;'>Detecci\u00f3n de Movimiento<\/li>\n<li style='margin-bottom: 5px;'>Sabotaje<\/li>\n<li style='margin-bottom: 5px;'><strong>Clasificaci\u00f3n de sonidos<\/strong><\/li>\n<\/ul><\/div>\n<\/p><\/div>\n<\/p><\/div>\n<p> <!-- T\u00edtulo otras caracter\u00edsticas --> <\/p>\n<h2 style='font-size: 20px; text-align: center; margin: 30px 0 20px; color: inherit; opacity: 0.9;'><strong>Otras caracter\u00edsticas<\/strong><\/h2>\n<p> <!-- Secci\u00f3n de caracter\u00edsticas adicionales --> <\/p>\n<div style='display: flex; flex-wrap: wrap; gap: 20px; margin-bottom: 30px;'>\n<div style='flex: 1 1 250px; border: 1px solid rgba(150&comma; 150&comma; 150&comma; 0.4); border-radius: 8px; overflow: hidden; display: flex; flex-direction: column;'>\n<div style='padding: 15px; border-bottom: 1px solid rgba(150&comma; 150&comma; 150&comma; 0.2); font-weight: bold; font-size: 18px; color: inherit;'>H.265 &#038; WiseStream II<\/div>\n<\/p><\/div>\n<div style='flex: 1 1 250px; border: 1px solid rgba(150&comma; 150&comma; 150&comma; 0.4); border-radius: 8px; overflow: hidden; display: flex; flex-direction: column;'>\n<div style='padding: 15px; border-bottom: 1px solid rgba(150&comma; 150&comma; 150&comma; 0.2); font-weight: bold; font-size: 18px; color: inherit;'>Anal\u00edticos de Audio<\/div>\n<\/p><\/div>\n<div style='flex: 1 1 250px; border: 1px solid rgba(150&comma; 150&comma; 150&comma; 0.4); border-radius: 8px; overflow: hidden; display: flex; flex-direction: column;'>\n<div style='padding: 15px; border-bottom: 1px solid rgba(150&comma; 150&comma; 150&comma; 0.2); font-weight: bold; font-size: 18px; color: inherit;'>Estabilizaci\u00f3n de Imagen<\/div>\n<\/p><\/div>\n<\/p><\/div>\n<p> <!-- Secci\u00f3n de videos --> <\/p>\n<div style='display: flex; flex-wrap: wrap; gap: 20px; margin-bottom: 30px;'>\n<div style='flex: 1 1 300px; min-width: 280px;'>\n<div style='position: relative; padding-bottom: 56.25%; height: 0; overflow: hidden;'>   <\/div>\n<\/p><\/div>\n<div style='flex: 1 1 300px; min-width: 280px;'>\n<div style='position: relative; padding-bottom: 56.25%; height: 0; overflow: hidden;'>   <\/div>\n<\/p><\/div>\n<div style='flex: 1 1 300px; min-width: 280px;'>\n<div style='position: relative; padding-bottom: 56.25%; height: 0; overflow: hidden;'>   <\/div>\n<\/p><\/div>\n<\/p><\/div>\n<p> <!-- Secci\u00f3n de caracter\u00edsticas adicionales 2 --> <\/p>\n<div style='display: flex; flex-wrap: wrap; gap: 20px; margin-bottom: 30px;'>\n<div style='flex: 1 1 250px; border: 1px solid rgba(150&comma; 150&comma; 150&comma; 0.4); border-radius: 8px; overflow: hidden; display: flex; flex-direction: column;'>\n<div style='padding: 15px; border-bottom: 1px solid rgba(150&comma; 150&comma; 150&comma; 0.2); font-weight: bold; font-size: 18px; color: inherit;'>Demostraci\u00f3n WDR 120dB<\/div>\n<\/p><\/div>\n<div style='flex: 1 1 250px; border: 1px solid rgba(150&comma; 150&comma; 150&comma; 0.4); border-radius: 8px; overflow: hidden; display: flex; flex-direction: column;'>\n<div style='padding: 15px; border-bottom: 1px solid rgba(150&comma; 150&comma; 150&comma; 0.2); font-weight: bold; font-size: 18px; color: inherit;'>Detecci\u00f3n de Rostros<\/div>\n<\/p><\/div>\n<div style='flex: 1 1 250px; border: 1px solid rgba(150&comma; 150&comma; 150&comma; 0.4); border-radius: 8px; overflow: hidden; display: flex; flex-direction: column;'>\n<div style='padding: 15px; border-bottom: 1px solid rgba(150&comma; 150&comma; 150&comma; 0.2); font-weight: bold; font-size: 18px; color: inherit;'>Funci\u00f3n Handover<\/div>\n<\/p><\/div>\n<\/p><\/div>\n<p> <!-- Secci\u00f3n de videos adicionales --> <\/p>\n<div style='display: flex; flex-wrap: wrap; gap: 20px; margin-bottom: 30px;'>\n<div style='flex: 1 1 300px; min-width: 280px;'>\n<div style='position: relative; padding-bottom: 56.25%; height: 0; overflow: hidden;'>   <\/div>\n<\/p><\/div>\n<div style='flex: 1 1 300px; min-width: 280px;'>\n<div style='position: relative; padding-bottom: 56.25%; height: 0; overflow: hidden;'>   <\/div>\n<\/p><\/div>\n<div style='flex: 1 1 300px; min-width: 280px;'>\n<div style='position: relative; padding-bottom: 56.25%; height: 0; overflow: hidden;'>   <\/div>\n<\/p><\/div>\n<\/p><\/div>\n<p> <!-- Nota --> <\/p>\n<div style='margin-top: 30px; padding: 20px; border-left: 5px solid #e74c3c; background-color: rgba(231&comma; 76&comma; 60&comma; 0.05); border-radius: 0 5px 5px 0;'>\n<p style='margin: 0; font-size: 16px; color: #e74c3c;'> <strong>Nota:<\/strong> <a style='color: #e74c3c; text-decoration: underline;' href='https:\/\/soporte.syscom.mx\/es\/articles\/3927012-hanwha-recomendaciones-y-partes-para-instalacion-adecuada-de-una-camara-ptz-en-exterior' target='_blank' rel='noopener'>Recomendaciones y partes para instalaci\u00f3n adecuada de una c\u00e1mara PTZ en exterior<\/a> <\/p>\n<\/p><\/div>\n<p> <!-- Separador final --> <\/p>\n<hr style='border: 0; border-top: 1px solid rgba(150&comma; 150&comma; 150&comma; 0.3); margin: 30px 0;'> <\/div>\n","protected":false},"excerpt":{"rendered":"<p>C\u00e1mara PTZ IP antivand\u00e1lica 4K \/ 30x Zoom \u00d3ptico \/ IR 200m  \/ Exterior IP66 \/ NEMA4X \/ Auto tracking \/ H.265 &#038; WiseStream \/ Wiper incluido<\/p>\n","protected":false},"featured_media":97885,"comment_status":"open","ping_status":"closed","template":"","meta":[],"product_brand":[],"product_cat":[1224],"product_tag":[122,1055,1225],"class_list":{"0":"post-97886","1":"product","2":"type-product","3":"status-publish","4":"has-post-thumbnail","6":"product_cat-ptz","7":"product_tag-camaras-ip-y-nvrs","8":"product_tag-hanwha-vision","9":"product_tag-ptz","11":"first","12":"outofstock","13":"sale","14":"shipping-taxable","15":"purchasable","16":"product-type-simple"},"_links":{"self":[{"href":"https:\/\/soydeaqui.ddns.net\/pachuca\/index.php\/wp-json\/wp\/v2\/product\/97886","targetHints":{"allow":["GET"]}}],"collection":[{"href":"https:\/\/soydeaqui.ddns.net\/pachuca\/index.php\/wp-json\/wp\/v2\/product"}],"about":[{"href":"https:\/\/soydeaqui.ddns.net\/pachuca\/index.php\/wp-json\/wp\/v2\/types\/product"}],"replies":[{"embeddable":true,"href":"https:\/\/soydeaqui.ddns.net\/pachuca\/index.php\/wp-json\/wp\/v2\/comments?post=97886"}],"wp:featuredmedia":[{"embeddable":true,"href":"https:\/\/soydeaqui.ddns.net\/pachuca\/index.php\/wp-json\/wp\/v2\/media\/97885"}],"wp:attachment":[{"href":"https:\/\/soydeaqui.ddns.net\/pachuca\/index.php\/wp-json\/wp\/v2\/media?parent=97886"}],"wp:term":[{"taxonomy":"product_brand","embeddable":true,"href":"https:\/\/soydeaqui.ddns.net\/pachuca\/index.php\/wp-json\/wp\/v2\/product_brand?post=97886"},{"taxonomy":"product_cat","embeddable":true,"href":"https:\/\/soydeaqui.ddns.net\/pachuca\/index.php\/wp-json\/wp\/v2\/product_cat?post=97886"},{"taxonomy":"product_tag","embeddable":true,"href":"https:\/\/soydeaqui.ddns.net\/pachuca\/index.php\/wp-json\/wp\/v2\/product_tag?post=97886"}],"curies":[{"name":"wp","href":"https:\/\/api.w.org\/{rel}","templated":true}]}}