{"id":97884,"date":"2026-03-20T09:16:30","date_gmt":"2026-03-20T09:16:30","guid":{"rendered":"https:\/\/soydeaqui.ddns.net\/pachuca\/index.php\/producto\/nvr-movil-de-8-canales-de-2-megapixel-8-puertos-poe-2-bahias-de-disco-duro\/"},"modified":"2026-03-20T09:16:31","modified_gmt":"2026-03-20T09:16:31","slug":"nvr-movil-de-8-canales-de-2-megapixel-8-puertos-poe-2-bahias-de-disco-duro","status":"publish","type":"product","link":"https:\/\/soydeaqui.ddns.net\/pachuca\/index.php\/producto\/nvr-movil-de-8-canales-de-2-megapixel-8-puertos-poe-2-bahias-de-disco-duro\/","title":{"rendered":"NVR M\u00f3vil de 8 Canales de 2 Megapixel \/ 8 Puertos PoE \/ 2 Bah\u00edas de Disco Duro"},"content":{"rendered":"<div style='width: 100%; max-width: 1200px; margin: 0 auto; font-family: sans-serif; line-height: 1.6; color: inherit; background-color: transparent;'>\n<p style='text-align: center;'><img style='width: 45%; height: auto; border: 1px solid rgba(150&comma;150&comma;150&comma;0.3); border-radius: 8px;' src='https:\/\/ftp3.syscom.mx\/usuarios\/jsosa\/HIKVISION\/imagenes\/logo\/hikvision%20see%20far.png' alt=''><\/p>\n<div style='position: relative; padding-bottom: 56.25%; height: 0; overflow: hidden; margin-bottom: 30px;'>   <\/div>\n<div style='display: flex; flex-wrap: wrap; gap: 30px; margin-bottom: 30px;'>\n<div style='flex: 1 1 300px; min-width: 280px;'>\n<h3 style='font-size: 22px; border-bottom: 2px solid currentColor; padding-bottom: 5px; margin-top: 0; color: inherit; opacity: 0.8;'>Caracter\u00edsticas principales<\/h3>\n<ul style='padding-left: 20px; font-size: 15px; color: inherit;'>\n<li style='margin-bottom: 5px;'><strong>Soporta:<\/strong> 8 c\u00e1maras m\u00f3vil IP PoE + 8 c\u00e1maras m\u00f3vil IP (requiere switch PoE)<\/li>\n<li style='margin-bottom: 5px;'><strong>Compresi\u00f3n:<\/strong> H.265<\/li>\n<li style='margin-bottom: 5px;'><strong>Incluye:<\/strong> m\u00f3dulo de GPS<\/li>\n<li style='margin-bottom: 5px;'><strong>Grabaci\u00f3n y visualizaci\u00f3n:<\/strong> solamente local<\/li>\n<li style='margin-bottom: 5px;'><strong>Salida de video:<\/strong> VGA principal 1920 x 1080<\/li>\n<li style='margin-bottom: 5px;'><strong>Soporta grabaci\u00f3n:<\/strong> c\u00edclica (sobre escritura) y no c\u00edclica<\/li>\n<\/ul><\/div>\n<div style='flex: 1 1 300px; min-width: 280px;'>\n<h3 style='font-size: 22px; border-bottom: 2px solid currentColor; padding-bottom: 5px; margin-top: 0; color: inherit; opacity: 0.8;'>Caracter\u00edsticas F\u00edsicas y El\u00e9ctricas<\/h3>\n<ul style='padding-left: 20px; font-size: 15px; color: inherit;'>\n<li style='margin-bottom: 5px;'><strong>Soporta:<\/strong> antena GPS (incluida)<\/li>\n<li style='margin-bottom: 5px;'><strong>Soporta:<\/strong> tarjeta SD 256 GB (no incluida)<\/li>\n<li style='margin-bottom: 5px;'><strong>2 Bah\u00edas:<\/strong> para HDD (2.5&#8242;) de hasta 2 TB<\/li>\n<li style='margin-bottom: 5px;'><strong>2 Puerto de red:<\/strong> RJ45 (10 \/ 100 \/ 1000 M)<\/li>\n<li style='margin-bottom: 5px;'><strong>4 Entradas:<\/strong> de alarma<\/li>\n<li style='margin-bottom: 5px;'><strong>2 Salidas:<\/strong> de alarma<\/li>\n<li style='margin-bottom: 5px;'><strong>Temperatura de operaci\u00f3n:<\/strong> -30 a 60 \u00b0C<\/li>\n<li style='margin-bottom: 5px;'><strong>Humedad:<\/strong> del 10 a 95%<\/li>\n<li style='margin-bottom: 5px;'><strong>Alimentaci\u00f3n:<\/strong> 9 &#8211; 32 Vcc (se alimenta directa de la bater\u00eda del autom\u00f3vil)<\/li>\n<li style='margin-bottom: 5px;'><strong>Dimensiones:<\/strong> 206 x 219 x 60 mm<\/li>\n<li style='margin-bottom: 5px;'><strong>Peso:<\/strong> 3.66 kg (sin disco duro)<\/li>\n<li style='margin-bottom: 5px;'><strong>Garant\u00eda:<\/strong> 2 a\u00f1os<\/li>\n<\/ul><\/div>\n<\/p><\/div>\n<\/p><\/div>\n","protected":false},"excerpt":{"rendered":"<p>NVR M\u00f3vil de 8 Canales de 2 Megapixel \/ 8 Puertos PoE \/ 2 Bah\u00edas de Disco Duro<\/p>\n","protected":false},"featured_media":32,"comment_status":"open","ping_status":"closed","template":"","meta":[],"product_brand":[],"product_cat":[2244,1406],"product_tag":[1409,54,2245,1345],"class_list":{"0":"post-97884","1":"product","2":"type-product","3":"status-publish","4":"has-post-thumbnail","6":"product_cat-mdvr-mnvr","7":"product_cat-videograbadoras-moviles-videovigilancia","8":"product_tag-dash-cams-y-body-cams","9":"product_tag-hikvision","10":"product_tag-mdvr-mnvr","11":"product_tag-videograbadoras-moviles","13":"first","14":"outofstock","15":"sale","16":"shipping-taxable","17":"purchasable","18":"product-type-simple"},"_links":{"self":[{"href":"https:\/\/soydeaqui.ddns.net\/pachuca\/index.php\/wp-json\/wp\/v2\/product\/97884","targetHints":{"allow":["GET"]}}],"collection":[{"href":"https:\/\/soydeaqui.ddns.net\/pachuca\/index.php\/wp-json\/wp\/v2\/product"}],"about":[{"href":"https:\/\/soydeaqui.ddns.net\/pachuca\/index.php\/wp-json\/wp\/v2\/types\/product"}],"replies":[{"embeddable":true,"href":"https:\/\/soydeaqui.ddns.net\/pachuca\/index.php\/wp-json\/wp\/v2\/comments?post=97884"}],"wp:featuredmedia":[{"embeddable":true,"href":"https:\/\/soydeaqui.ddns.net\/pachuca\/index.php\/wp-json\/wp\/v2\/media\/32"}],"wp:attachment":[{"href":"https:\/\/soydeaqui.ddns.net\/pachuca\/index.php\/wp-json\/wp\/v2\/media?parent=97884"}],"wp:term":[{"taxonomy":"product_brand","embeddable":true,"href":"https:\/\/soydeaqui.ddns.net\/pachuca\/index.php\/wp-json\/wp\/v2\/product_brand?post=97884"},{"taxonomy":"product_cat","embeddable":true,"href":"https:\/\/soydeaqui.ddns.net\/pachuca\/index.php\/wp-json\/wp\/v2\/product_cat?post=97884"},{"taxonomy":"product_tag","embeddable":true,"href":"https:\/\/soydeaqui.ddns.net\/pachuca\/index.php\/wp-json\/wp\/v2\/product_tag?post=97884"}],"curies":[{"name":"wp","href":"https:\/\/api.w.org\/{rel}","templated":true}]}}