{"id":97854,"date":"2026-03-20T09:15:06","date_gmt":"2026-03-20T09:15:06","guid":{"rendered":"https:\/\/soydeaqui.ddns.net\/pachuca\/index.php\/producto\/mini-intercomunicador-wi-fi-para-hoteleria-hospitales-con-diseno-elegante-poe-3-botones-1-relevador-integrado-de-salida-y-entrada\/"},"modified":"2026-03-20T09:15:18","modified_gmt":"2026-03-20T09:15:18","slug":"mini-intercomunicador-wi-fi-para-hoteleria-hospitales-con-diseno-elegante-poe-3-botones-1-relevador-integrado-de-salida-y-entrada","status":"publish","type":"product","link":"https:\/\/soydeaqui.ddns.net\/pachuca\/index.php\/producto\/mini-intercomunicador-wi-fi-para-hoteleria-hospitales-con-diseno-elegante-poe-3-botones-1-relevador-integrado-de-salida-y-entrada\/","title":{"rendered":"Mini Intercomunicador Wi-Fi para hoteler\u00eda, hospitales, con dise\u00f1o elegante, PoE, 3 botones, 1 relevador integrado de salida y entrada."},"content":{"rendered":"<div style='width: 100%; max-width: 1200px; margin: 0 auto; font-family: sans-serif; line-height: 1.6; color: inherit; background-color: transparent;'> <!-- Encabezado rojo con t\u00edtulo --> <\/p>\n<div style='background-color: #cb3234; color: white; text-align: center; padding: 30px 15px;'>\n<h1 style='margin: 0; font-size: 32px; color: inherit;'>Mini Intercomunicador SIP Fanvil A10\/A10W<\/h1>\n<p style='margin: 0; font-size: 18px; color: inherit;'>2 l\u00edneas SIP | Wi-Fi Integrado | IP54 | PoE<\/p>\n<\/p><\/div>\n<p> <!-- Contenedor principal --> <\/p>\n<div style='padding: 20px;'> <!-- Descripci\u00f3n general --> <\/p>\n<section style='margin-bottom: 30px;'>\n<p style='font-size: 18pt; text-align: justify; color: inherit;'>El mini intercomunicador SIP <strong>A10\/A10W<\/strong> est\u00e1 dise\u00f1ado para instalaciones interiores con protecci\u00f3n IP54 resistente al agua y al polvo. Admite instalaci\u00f3n de montaje en pared. Combina seguridad&comma; intercomunicador de audio y funcionalidades de transmisi\u00f3n&comma; ofreciendo una soluci\u00f3n de comunicaci\u00f3n completa para usuarios.<\/p>\n<\/section>\n<p> <!-- Caracter\u00edsticas --> <\/p>\n<div style='display: flex; flex-wrap: wrap; gap: 30px; margin-bottom: 30px;'> <!-- Caracter\u00edsticas principales --> <\/p>\n<div style='flex: 1 1 300px; min-width: 280px; border-left: 5px solid #cb3234; border-radius: 5px; padding: 15px; box-shadow: 2px 2px 10px rgba(216&comma; 216&comma; 216&comma; 0.4); background: rgba(255&comma; 255&comma; 255&comma; 0.05);'>\n<h3 style='color: #cb3234; font-size: 20px; margin-top: 0; margin-bottom: 15px;'>Caracter\u00edsticas principales:<\/h3>\n<ul style='padding-left: 20px; font-size: 14px; color: inherit; list-style-type: disc;'>\n<li style='margin-bottom: 5px;'>2 l\u00edneas SIP<\/li>\n<li style='margin-bottom: 5px;'>Wi-Fi Integrado (A10W)<\/li>\n<li style='margin-bottom: 5px;'>1 relevador y puerto de entrada para conexi\u00f3n de lectoras\/sensores<\/li>\n<li style='margin-bottom: 5px;'>Audio HD con cancelador de eco ac\u00fastico (AEC)<\/li>\n<li style='margin-bottom: 5px;'>Altavoz incorporado de 1W<\/li>\n<li style='margin-bottom: 5px;'>Interfaz de entrada\/salida de circuito corto<\/li>\n<li style='margin-bottom: 5px;'>Compatible con Grandstream&comma; Yeastar&comma; Asterisk&comma; 3CX&comma; Avaya<\/li>\n<li style='margin-bottom: 5px;'><strong>Garant\u00eda:<\/strong> 1 a\u00f1o<\/li>\n<\/ul><\/div>\n<p> <!-- Caracter\u00edsticas f\u00edsicas y el\u00e9ctricas --> <\/p>\n<div style='flex: 1 1 300px; min-width: 280px; border-left: 5px solid #cb3234; border-radius: 5px; padding: 15px; box-shadow: 2px 2px 10px rgba(216&comma; 216&comma; 216&comma; 0.4); background: rgba(255&comma; 255&comma; 255&comma; 0.05);'>\n<h3 style='color: #cb3234; font-size: 20px; margin-top: 0; margin-bottom: 15px;'>Caracter\u00edsticas F\u00edsicas y El\u00e9ctricas:<\/h3>\n<ul style='padding-left: 20px; font-size: 14px; color: inherit; list-style-type: disc;'>\n<li style='margin-bottom: 5px;'><strong>Alimentaci\u00f3n:<\/strong> PoE 802.3af o 12Vcc 1.0A<\/li>\n<li style='margin-bottom: 5px;'><strong>Montaje:<\/strong> En pared<\/li>\n<li style='margin-bottom: 5px;'><strong>Protecci\u00f3n:<\/strong> IP54<\/li>\n<li style='margin-bottom: 5px;'><strong>Material:<\/strong> ABS<\/li>\n<li style='margin-bottom: 5px;'><strong>Temperatura operaci\u00f3n:<\/strong> -10\u00b0C ~ 50\u00b0C<\/li>\n<li style='margin-bottom: 5px;'><strong>Dimensiones:<\/strong> 87.5 \u00d7 87.5 \u00d7 30 mm<\/li>\n<li style='margin-bottom: 5px;'><strong>Puerto:<\/strong> RJ45<\/li>\n<li style='margin-bottom: 5px;'><strong>Peso:<\/strong> 130g<\/li>\n<\/ul><\/div>\n<p> <!-- Caracter\u00edsticas de red --> <\/p>\n<div style='flex: 1 1 300px; min-width: 280px; border-left: 5px solid #cb3234; border-radius: 5px; padding: 15px; box-shadow: 2px 2px 10px rgba(216&comma; 216&comma; 216&comma; 0.4); background: rgba(255&comma; 255&comma; 255&comma; 0.05);'>\n<h3 style='color: #cb3234; font-size: 20px; margin-top: 0; margin-bottom: 15px;'>Caracter\u00edsticas de Red:<\/h3>\n<ul style='padding-left: 20px; font-size: 14px; color: inherit; list-style-type: disc;'>\n<li style='margin-bottom: 5px;'><strong>Puerto Ethernet:<\/strong> 10\/100 Mbps<\/li>\n<li style='margin-bottom: 5px;'><strong>Wi-Fi:<\/strong> 2.4 &#038; 5 GHz (A10W)<\/li>\n<li style='margin-bottom: 5px;'><strong>Configuraci\u00f3n IP:<\/strong> Est\u00e1tico\/DHCP\/PPPoE<\/li>\n<li style='margin-bottom: 5px;'><strong>VPN:<\/strong> L2TP\/OpenVPN<\/li>\n<li style='margin-bottom: 5px;'><strong>VLAN<\/strong><\/li>\n<li style='margin-bottom: 5px;'><strong>QoS<\/strong><\/li>\n<li style='margin-bottom: 5px;'><strong>SIP:<\/strong> 2.0 sobre UDP\/TCP\/TLS<\/li>\n<li style='margin-bottom: 5px;'><strong>Protocolos:<\/strong> RTP\/RTCP\/SRTP<\/li>\n<\/ul><\/div>\n<\/p><\/div>\n<p> <!-- Im\u00e1genes del producto --> <\/p>\n<section style='margin-bottom: 30px;'>\n<div style='display: flex; flex-wrap: wrap; gap: 20px; justify-content: center;'> <img style='width: 100%; max-width: 400px; height: auto; border: 1px solid rgba(150&comma;150&comma;150&comma;0.3); border-radius: 8px;' src='https:\/\/fanvil.com\/upload\/images\/20230927\/100484hdh8.gif' alt='Diagrama de conexi\u00f3n del intercomunicador A10'> <img style='width: 100%; max-width: 400px; height: auto; border: 1px solid rgba(150&comma;150&comma;150&comma;0.3); border-radius: 8px;' src='https:\/\/fanvil.com\/upload\/images\/20230927\/1004v2v04l.jpg' alt='Vista frontal del intercomunicador A10'> <img style='width: 100%; max-width: 400px; height: auto; border: 1px solid rgba(150&comma;150&comma;150&comma;0.3); border-radius: 8px;' src='https:\/\/fanvil.com\/upload\/images\/20230927\/1004n82h2l.jpg' alt='Vista posterior del intercomunicador A10'> <\/div>\n<\/section><\/div>\n<\/p><\/div>\n","protected":false},"excerpt":{"rendered":"<p>Mini Intercomunicador Wi-Fi para hoteler\u00eda, hospitales, con dise\u00f1o elegante, PoE, 3 botones, 1 relevador integrado de salida y entrada.<\/p>\n","protected":false},"featured_media":97853,"comment_status":"open","ping_status":"closed","template":"","meta":[],"product_brand":[],"product_cat":[866],"product_tag":[859,789,557],"class_list":{"0":"post-97854","1":"product","2":"type-product","3":"status-publish","4":"has-post-thumbnail","6":"product_cat-intercomunicadores-videoporteros-e-interfonos","7":"product_tag-fanvil","8":"product_tag-intercomunicadores","9":"product_tag-videoporteros-e-interfonos","11":"first","12":"instock","13":"sale","14":"shipping-taxable","15":"purchasable","16":"product-type-simple"},"_links":{"self":[{"href":"https:\/\/soydeaqui.ddns.net\/pachuca\/index.php\/wp-json\/wp\/v2\/product\/97854","targetHints":{"allow":["GET"]}}],"collection":[{"href":"https:\/\/soydeaqui.ddns.net\/pachuca\/index.php\/wp-json\/wp\/v2\/product"}],"about":[{"href":"https:\/\/soydeaqui.ddns.net\/pachuca\/index.php\/wp-json\/wp\/v2\/types\/product"}],"replies":[{"embeddable":true,"href":"https:\/\/soydeaqui.ddns.net\/pachuca\/index.php\/wp-json\/wp\/v2\/comments?post=97854"}],"wp:featuredmedia":[{"embeddable":true,"href":"https:\/\/soydeaqui.ddns.net\/pachuca\/index.php\/wp-json\/wp\/v2\/media\/97853"}],"wp:attachment":[{"href":"https:\/\/soydeaqui.ddns.net\/pachuca\/index.php\/wp-json\/wp\/v2\/media?parent=97854"}],"wp:term":[{"taxonomy":"product_brand","embeddable":true,"href":"https:\/\/soydeaqui.ddns.net\/pachuca\/index.php\/wp-json\/wp\/v2\/product_brand?post=97854"},{"taxonomy":"product_cat","embeddable":true,"href":"https:\/\/soydeaqui.ddns.net\/pachuca\/index.php\/wp-json\/wp\/v2\/product_cat?post=97854"},{"taxonomy":"product_tag","embeddable":true,"href":"https:\/\/soydeaqui.ddns.net\/pachuca\/index.php\/wp-json\/wp\/v2\/product_tag?post=97854"}],"curies":[{"name":"wp","href":"https:\/\/api.w.org\/{rel}","templated":true}]}}