{"id":97848,"date":"2026-03-20T09:14:52","date_gmt":"2026-03-20T09:14:52","guid":{"rendered":"https:\/\/soydeaqui.ddns.net\/pachuca\/index.php\/producto\/mini-intercomunicador-sip-1-relevador-3-botones-hospital-hoteleria\/"},"modified":"2026-03-20T09:14:58","modified_gmt":"2026-03-20T09:14:58","slug":"mini-intercomunicador-sip-1-relevador-3-botones-hospital-hoteleria","status":"publish","type":"product","link":"https:\/\/soydeaqui.ddns.net\/pachuca\/index.php\/producto\/mini-intercomunicador-sip-1-relevador-3-botones-hospital-hoteleria\/","title":{"rendered":"Mini Intercomunicador SIP, 1 Relevador, 3 Botones, Hospital, Hoteleria"},"content":{"rendered":"<div style='width: 100%; max-width: 1200px; margin: 0 auto; font-family: sans-serif; line-height: 1.6; color: inherit; background-color: transparent;'> <!-- Encabezado con t\u00edtulo --> <\/p>\n<div style='background-color: #cb3234; color: white; text-align: center; padding: 30px 15px;'>\n<h1 style='margin: 0; font-size: 32px; color: inherit;'>Mini Intercomunicador SIP Fanvil A10 Series<\/h1>\n<p style='margin: 0; font-size: 18px; color: inherit;'>2 l\u00edneas SIP | 3 botones programables | IP54 |<\/p>\n<\/p><\/div>\n<p> <!-- Contenedor principal --> <\/p>\n<div style='max-width: 1100px; margin: auto; padding: 20px; font-family: Arial&comma; sans-serif; color: inherit; background-color: transparent;'> <!-- Descripci\u00f3n general --> <\/p>\n<section style='margin-bottom: 30px;'>\n<p style='font-size: 18pt; text-align: justify; color: inherit;'> Los mini intercomunicadores SIP de la serie Fanvil <strong>A10<\/strong> est\u00e1n dise\u00f1ados para interiores con funciones de seguridad&comma; intercomunicaci\u00f3n y transmisi\u00f3n. Cuentan con dise\u00f1o compacto y 3 botones desmontables personalizables. Disponen de audio HD&comma; protecci\u00f3n IP54 y versi\u00f3n con Wi-Fi 2.4G\/5G (A10W\/A10W-E). Soporta instalaci\u00f3n en pared (A10\/A10W) o en caja est\u00e1ndar 86 (A10-E\/A10W-E) para diversas aplicaciones en interiores. <\/p>\n<\/section>\n<p> <!-- Caracter\u00edsticas --> <\/p>\n<div style='display: flex; flex-wrap: wrap; gap: 30px; margin-bottom: 30px;'> <!-- Caracter\u00edsticas principales --> <\/p>\n<div style='flex: 1 1 300px; min-width: 280px; border-left: 5px solid #cb3234; border-radius: 5px; padding: 15px; box-shadow: 2px 2px 10px rgba(216&comma; 216&comma; 216&comma; 0.4);'>\n<h3 style='color: #cb3234; font-size: 20px; border-bottom: none; padding-bottom: 0; margin-top: 0; margin-bottom: 15px;'>Caracter\u00edsticas principales:<\/h3>\n<ul style='padding-left: 20px; font-size: 15px; color: inherit; list-style-type: disc;'>\n<li style='margin-bottom: 5px;'>2 l\u00edneas SIP<\/li>\n<li style='margin-bottom: 5px;'>3 botones programables<\/li>\n<li style='margin-bottom: 5px;'>1 relevador + puerto de entrada para lectoras\/sensores<\/li>\n<li style='margin-bottom: 5px;'>Audio HD con cancelador de eco (AEC)<\/li>\n<li style='margin-bottom: 5px;'>Altavoz incorporado de 2W<\/li>\n<li style='margin-bottom: 5px;'>Interfaz entrada\/salida de circuito corto<\/li>\n<li style='margin-bottom: 5px;'>Compatible con Grandstream&comma; Asterisk&comma; 3CX&comma; Avaya<\/li>\n<li style='margin-bottom: 5px;'><strong>Garant\u00eda:<\/strong> 1 a\u00f1o<\/li>\n<\/ul><\/div>\n<p> <!-- Caracter\u00edsticas f\u00edsicas --> <\/p>\n<div style='flex: 1 1 300px; min-width: 280px; border-left: 5px solid #cb3234; border-radius: 5px; padding: 15px; box-shadow: 2px 2px 10px rgba(216&comma; 216&comma; 216&comma; 0.4);'>\n<h3 style='color: #cb3234; font-size: 20px; border-bottom: none; padding-bottom: 0; margin-top: 0; margin-bottom: 15px;'>Caracter\u00edsticas F\u00edsicas:<\/h3>\n<ul style='padding-left: 20px; font-size: 15px; color: inherit; list-style-type: disc;'>\n<li style='margin-bottom: 5px;'>Alimentaci\u00f3n: PoE 802.3af o 12Vcc 1.0A<\/li>\n<li style='margin-bottom: 5px;'>Montaje en pared o caja 86 (modelos -E)<\/li>\n<li style='margin-bottom: 5px;'>Protecci\u00f3n: IP54<\/li>\n<li style='margin-bottom: 5px;'>Material: ABS resistente<\/li>\n<li style='margin-bottom: 5px;'>Temperatura: -10\u00b0C a 50\u00b0C<\/li>\n<li style='margin-bottom: 5px;'>Dimensiones: 87.56 \u00d7 87.56 \u00d7 30 mm<\/li>\n<li style='margin-bottom: 5px;'>1 puerto RJ45<\/li>\n<li style='margin-bottom: 5px;'>Peso ligero: 130g<\/li>\n<\/ul><\/div>\n<p> <!-- Caracter\u00edsticas de red --> <\/p>\n<div style='flex: 1 1 300px; min-width: 280px; border-left: 5px solid #cb3234; border-radius: 5px; padding: 15px; box-shadow: 2px 2px 10px rgba(216&comma; 216&comma; 216&comma; 0.4);'>\n<h3 style='color: #cb3234; font-size: 20px; border-bottom: none; padding-bottom: 0; margin-top: 0; margin-bottom: 15px;'>Caracter\u00edsticas de Red:<\/h3>\n<ul style='padding-left: 20px; font-size: 15px; color: inherit; list-style-type: disc;'>\n<li style='margin-bottom: 5px;'>Ethernet 10\/100 Mbps<\/li>\n<li style='margin-bottom: 5px;'>Wi-Fi dual band (modelos W)<\/li>\n<li style='margin-bottom: 5px;'>Configuraci\u00f3n IP: Est\u00e1tico\/DHCP\/PPPoE<\/li>\n<li style='margin-bottom: 5px;'>VPN: L2TP\/OpenVPN<\/li>\n<li style='margin-bottom: 5px;'>VLAN y QoS<\/li>\n<li style='margin-bottom: 5px;'>SIP 2.0 sobre UDP\/TCP\/TLS<\/li>\n<li style='margin-bottom: 5px;'>RTP\/RTCP\/SRTP<\/li>\n<\/ul><\/div>\n<\/p><\/div>\n<p> <!-- Im\u00e1genes del producto --> <\/p>\n<section style='margin-top: 40px; text-align: center;'> <img style='width: 100%; height: auto; border: 1px solid rgba(150&comma;150&comma;150&comma;0.3); border-radius: 8px; margin: 15px 0;' src='https:\/\/fanvil.com\/upload\/images\/20230927\/100484hdh8.gif' alt='Diagrama de conexi\u00f3n del intercomunicador A10' \/> <img style='width: 100%; height: auto; border: 1px solid rgba(150&comma;150&comma;150&comma;0.3); border-radius: 8px; margin: 15px 0;' src='https:\/\/fanvil.com\/upload\/images\/20230927\/10044n0vt0.jpg' alt='Vista frontal del intercomunicador A10' \/> <img style='width: 100%; height: auto; border: 1px solid rgba(150&comma;150&comma;150&comma;0.3); border-radius: 8px; margin: 15px 0;' src='https:\/\/fanvil.com\/upload\/images\/20230927\/1004n82h2l.jpg' alt='Vista posterior y detalles del intercomunicador A10' \/> <\/section>\n<\/p><\/div>\n<\/p><\/div>\n","protected":false},"excerpt":{"rendered":"<p>Mini Intercomunicador SIP, 1 Relevador, 3 Botones, Hospital, Hoteleria<\/p>\n","protected":false},"featured_media":97847,"comment_status":"open","ping_status":"closed","template":"","meta":[],"product_brand":[],"product_cat":[866],"product_tag":[859,789,557],"class_list":{"0":"post-97848","1":"product","2":"type-product","3":"status-publish","4":"has-post-thumbnail","6":"product_cat-intercomunicadores-videoporteros-e-interfonos","7":"product_tag-fanvil","8":"product_tag-intercomunicadores","9":"product_tag-videoporteros-e-interfonos","11":"first","12":"instock","13":"sale","14":"shipping-taxable","15":"purchasable","16":"product-type-simple"},"_links":{"self":[{"href":"https:\/\/soydeaqui.ddns.net\/pachuca\/index.php\/wp-json\/wp\/v2\/product\/97848","targetHints":{"allow":["GET"]}}],"collection":[{"href":"https:\/\/soydeaqui.ddns.net\/pachuca\/index.php\/wp-json\/wp\/v2\/product"}],"about":[{"href":"https:\/\/soydeaqui.ddns.net\/pachuca\/index.php\/wp-json\/wp\/v2\/types\/product"}],"replies":[{"embeddable":true,"href":"https:\/\/soydeaqui.ddns.net\/pachuca\/index.php\/wp-json\/wp\/v2\/comments?post=97848"}],"wp:featuredmedia":[{"embeddable":true,"href":"https:\/\/soydeaqui.ddns.net\/pachuca\/index.php\/wp-json\/wp\/v2\/media\/97847"}],"wp:attachment":[{"href":"https:\/\/soydeaqui.ddns.net\/pachuca\/index.php\/wp-json\/wp\/v2\/media?parent=97848"}],"wp:term":[{"taxonomy":"product_brand","embeddable":true,"href":"https:\/\/soydeaqui.ddns.net\/pachuca\/index.php\/wp-json\/wp\/v2\/product_brand?post=97848"},{"taxonomy":"product_cat","embeddable":true,"href":"https:\/\/soydeaqui.ddns.net\/pachuca\/index.php\/wp-json\/wp\/v2\/product_cat?post=97848"},{"taxonomy":"product_tag","embeddable":true,"href":"https:\/\/soydeaqui.ddns.net\/pachuca\/index.php\/wp-json\/wp\/v2\/product_tag?post=97848"}],"curies":[{"name":"wp","href":"https:\/\/api.w.org\/{rel}","templated":true}]}}