{"id":97824,"date":"2026-03-20T09:13:46","date_gmt":"2026-03-20T09:13:46","guid":{"rendered":"https:\/\/soydeaqui.ddns.net\/pachuca\/index.php\/producto\/monitor-y-botones-de-10-1-lcd-compatible-con-dvr-movil-hikvision-conector-vga\/"},"modified":"2026-03-20T09:13:51","modified_gmt":"2026-03-20T09:13:51","slug":"monitor-y-botones-de-10-1-lcd-compatible-con-dvr-movil-hikvision-conector-vga","status":"publish","type":"product","link":"https:\/\/soydeaqui.ddns.net\/pachuca\/index.php\/producto\/monitor-y-botones-de-10-1-lcd-compatible-con-dvr-movil-hikvision-conector-vga\/","title":{"rendered":"Monitor y Botones de 10.1&#8243; LCD \/ Compatible con DVR M\u00f3vil HIKVISION \/ Conector VGA"},"content":{"rendered":"<div style='width: 100%; max-width: 1200px; margin: 0 auto; font-family: sans-serif; line-height: 1.6; color: inherit; background-color: transparent;'> <!-- Imagen de marca --> <\/p>\n<div style='margin-bottom: 20px;'> <img style='width: 100%; max-width: 506px; height: auto; border: 1px solid rgba(150&comma;150&comma;150&comma;0.3); border-radius: 8px;' src='http:\/\/ftp3.syscom.mx\/usuarios\/jdelafuente\/HIKVISION\/hikvision%20logo%20complete.png' alt='Logo Hikvision'> <\/div>\n<p> <!-- Secci\u00f3n de caracter\u00edsticas --> <\/p>\n<div style='display: flex; flex-wrap: wrap; gap: 30px; margin-bottom: 30px;'>\n<div style='flex: 1 1 300px; min-width: 280px;'>\n<h3 style='font-size: 22px; border-bottom: 2px solid currentColor; padding-bottom: 5px; margin-top: 0; color: inherit; opacity: 0.8;'>Caracter\u00edsticas principales<\/h3>\n<ul style='padding-left: 20px; font-size: 15px; color: inherit;'>\n<li style='margin-bottom: 5px;'>Monitor equipos Hikvision<\/li>\n<li style='margin-bottom: 5px;'>Vista en vivo en tiempo real de la c\u00e1mara de visi\u00f3n trasera cuando el veh\u00edculo est\u00e1 retrocediendo y otros c\u00e1mara conectada<\/li>\n<li style='margin-bottom: 5px;'>Admite entrada de video de 3 canales&comma; incluido un canal que se conecta al DVR m\u00f3vil&comma; uno canal que se conecta a la c\u00e1mara de visi\u00f3n trasera y un canal reservado que se conecta a la otra c\u00e1mara<\/li>\n<li style='margin-bottom: 5px;'>Admite entrada de alarma de 2 canales<\/li>\n<\/ul><\/div>\n<div style='flex: 1 1 300px; min-width: 280px;'>\n<h3 style='font-size: 22px; border-bottom: 2px solid currentColor; padding-bottom: 5px; margin-top: 0; color: inherit; opacity: 0.8;'>Caracter\u00edsticas F\u00edsicas y El\u00e9ctricas<\/h3>\n<ul style='padding-left: 20px; font-size: 15px; color: inherit;'>\n<li style='margin-bottom: 5px;'>Alimentaci\u00f3n: 12Vcc<\/li>\n<li style='margin-bottom: 5px;'>Dimensiones: 181.5mm x 140mm x 58.5mm<\/li>\n<li style='margin-bottom: 5px;'>Temperatura de operaci\u00f3n: -20\u00b0 C a 70\u00b0 C<\/li>\n<li style='margin-bottom: 5px;'>Operaci\u00f3n por teclas<\/li>\n<\/ul>\n<h4 style='font-size: 18px; margin-top: 20px; margin-bottom: 10px; color: inherit; opacity: 0.8;'>Entradas<\/h4>\n<ul style='padding-left: 20px; font-size: 15px; color: inherit;'>\n<li style='margin-bottom: 5px;'>1 canal de enchufe macho de aviaci\u00f3n de cuatro pines&comma; que se conecta a la c\u00e1mara de visi\u00f3n trasera<\/li>\n<li style='margin-bottom: 5px;'>1 Canal Conector 2*7&comma; conexi\u00f3n al DVR m\u00f3vil<\/li>\n<li style='margin-bottom: 5px;'>1 Canal (reservado). Enchufe macho de aviaci\u00f3n de cuatro pines&comma; que se conecta a la otra c\u00e1mara<\/li>\n<\/ul>\n<h4 style='font-size: 18px; margin-top: 20px; margin-bottom: 10px; color: inherit; opacity: 0.8;'>Grabadores compatibles<\/h4>\n<ul style='padding-left: 20px; font-size: 15px; color: inherit;'>\n<li style='margin-bottom: 5px;'><strong>AE-MN7083<\/strong><\/li>\n<\/ul><\/div>\n<\/p><\/div>\n<p> <!-- Separador --> <\/p>\n<hr style='border: 0; border-top: 1px solid rgba(150&comma; 150&comma; 150&comma; 0.3); margin: 30px 0;'> <\/div>\n","protected":false},"excerpt":{"rendered":"<p>Monitor y Botones de 10.1&#8243; LCD \/ Compatible con DVR M\u00f3vil HIKVISION \/ Conector VGA<\/p>\n","protected":false},"featured_media":97823,"comment_status":"open","ping_status":"closed","template":"","meta":[],"product_brand":[],"product_cat":[1408,1406],"product_tag":[93,1409,54,1345],"class_list":{"0":"post-97824","1":"product","2":"type-product","3":"status-publish","4":"has-post-thumbnail","6":"product_cat-accesorios-dash-cams-y-body-cams","7":"product_cat-videograbadoras-moviles-videovigilancia","8":"product_tag-accesorios","9":"product_tag-dash-cams-y-body-cams","10":"product_tag-hikvision","11":"product_tag-videograbadoras-moviles","13":"first","14":"outofstock","15":"sale","16":"shipping-taxable","17":"purchasable","18":"product-type-simple"},"_links":{"self":[{"href":"https:\/\/soydeaqui.ddns.net\/pachuca\/index.php\/wp-json\/wp\/v2\/product\/97824","targetHints":{"allow":["GET"]}}],"collection":[{"href":"https:\/\/soydeaqui.ddns.net\/pachuca\/index.php\/wp-json\/wp\/v2\/product"}],"about":[{"href":"https:\/\/soydeaqui.ddns.net\/pachuca\/index.php\/wp-json\/wp\/v2\/types\/product"}],"replies":[{"embeddable":true,"href":"https:\/\/soydeaqui.ddns.net\/pachuca\/index.php\/wp-json\/wp\/v2\/comments?post=97824"}],"wp:featuredmedia":[{"embeddable":true,"href":"https:\/\/soydeaqui.ddns.net\/pachuca\/index.php\/wp-json\/wp\/v2\/media\/97823"}],"wp:attachment":[{"href":"https:\/\/soydeaqui.ddns.net\/pachuca\/index.php\/wp-json\/wp\/v2\/media?parent=97824"}],"wp:term":[{"taxonomy":"product_brand","embeddable":true,"href":"https:\/\/soydeaqui.ddns.net\/pachuca\/index.php\/wp-json\/wp\/v2\/product_brand?post=97824"},{"taxonomy":"product_cat","embeddable":true,"href":"https:\/\/soydeaqui.ddns.net\/pachuca\/index.php\/wp-json\/wp\/v2\/product_cat?post=97824"},{"taxonomy":"product_tag","embeddable":true,"href":"https:\/\/soydeaqui.ddns.net\/pachuca\/index.php\/wp-json\/wp\/v2\/product_tag?post=97824"}],"curies":[{"name":"wp","href":"https:\/\/api.w.org\/{rel}","templated":true}]}}