{"id":97822,"date":"2026-03-20T09:13:41","date_gmt":"2026-03-20T09:13:41","guid":{"rendered":"https:\/\/soydeaqui.ddns.net\/pachuca\/index.php\/producto\/bala-ip-termica-384-x-288-lente-6-5-mm-termometrica-deteccion-de-temperatura-anticorrosivo-poe-exterior-ip67-micro-sd\/"},"modified":"2026-03-20T09:13:43","modified_gmt":"2026-03-20T09:13:43","slug":"bala-ip-termica-384-x-288-lente-6-5-mm-termometrica-deteccion-de-temperatura-anticorrosivo-poe-exterior-ip67-micro-sd","status":"publish","type":"product","link":"https:\/\/soydeaqui.ddns.net\/pachuca\/index.php\/producto\/bala-ip-termica-384-x-288-lente-6-5-mm-termometrica-deteccion-de-temperatura-anticorrosivo-poe-exterior-ip67-micro-sd\/","title":{"rendered":"Bala IP T\u00e9rmica 384 X 288 \/ Lente 6.5 mm \/ Termom\u00e9trica \/ Detecci\u00f3n de Temperatura \/ Anticorrosivo \/ PoE+ \/ Exterior IP67 \/ Micro SD"},"content":{"rendered":"<div style='width: 100%; max-width: 1200px; margin: 0 auto; font-family: sans-serif; line-height: 1.6; color: inherit; background-color: transparent;'> <!-- Logo --> <\/p>\n<div style='text-align: center; margin-bottom: 30px;'> <img style='width: 45%; height: auto; border: 1px solid rgba(150&comma;150&comma;150&comma;0.3); border-radius: 8px;' src='https:\/\/ftp3.syscom.mx\/usuarios\/jsosa\/HIKVISION\/imagenes\/logo\/hikvision%20see%20far.png' alt='Logo'> <\/div>\n<p> <!-- Videos --> <\/p>\n<div style='margin-bottom: 30px;'>\n<div style='display: flex; flex-wrap: wrap; gap: 30px;'>\n<div style='position: relative; padding-bottom: 56.25%; height: 0; overflow: hidden; flex: 1 1 400px;'>   <\/div>\n<div style='position: relative; padding-bottom: 56.25%; height: 0; overflow: hidden; flex: 1 1 400px;'>   <\/div>\n<\/p><\/div>\n<\/p><\/div>\n<p> <!-- Caracter\u00edsticas principales --> <\/p>\n<div style='display: flex; flex-wrap: wrap; gap: 30px; margin-bottom: 30px;'>\n<div style='flex: 1 1 300px; min-width: 280px;'>\n<h3 style='font-size: 22px; border-bottom: 2px solid currentColor; padding-bottom: 5px; margin-top: 0; color: inherit; opacity: 0.8;'>Caracter\u00edsticas principales<\/h3>\n<ul style='padding-left: 20px; font-size: 15px; color: inherit;'>\n<li style='margin-bottom: 5px;'><strong>Lente fijo:<\/strong> 6.5 mm<\/li>\n<li style='margin-bottom: 5px;'><strong>Resoluci\u00f3n:<\/strong> 384 x 288<\/li>\n<li style='margin-bottom: 5px;'><strong>Sensor de imagen:<\/strong> \u00f3xido de vanadio&comma; detector de plano focal no refrigerado<\/li>\n<li style='margin-bottom: 5px;'><strong>Identificaci\u00f3n de personas:<\/strong> 130 mts aproximado<\/li>\n<li style='margin-bottom: 5px;'><strong>Identificaci\u00f3n de veh\u00edculos:<\/strong> 399 mts aproximado<\/li>\n<\/ul><\/div>\n<p> <!-- Caracter\u00edsticas F\u00edsicas y El\u00e9ctricas --> <\/p>\n<div style='flex: 1 1 300px; min-width: 280px;'>\n<h3 style='font-size: 22px; border-bottom: 2px solid currentColor; padding-bottom: 5px; margin-top: 0; color: inherit; opacity: 0.8;'>Caracter\u00edsticas F\u00edsicas y El\u00e9ctricas<\/h3>\n<ul style='padding-left: 20px; font-size: 15px; color: inherit;'>\n<li style='margin-bottom: 5px;'><strong>Alimentaci\u00f3n:<\/strong> 24 VCA \/ 12Vcc \/ PoE+ 802.3 at<\/li>\n<li style='margin-bottom: 5px;'><strong>Temperatura de operaci\u00f3n:<\/strong> -40\u00baC a 65\u00baC<\/li>\n<li style='margin-bottom: 5px;'><strong>Protecci\u00f3n:<\/strong> IP67<\/li>\n<li style='margin-bottom: 5px;'><strong>Ranura para memoria:<\/strong> microSD 256GB m\u00e1ximo (no incluida)<\/li>\n<li style='margin-bottom: 5px;'><strong>Dimensiones:<\/strong> 351.3 x 113.5 x 115.2 mm<\/li>\n<li style='margin-bottom: 5px;'><strong>Peso:<\/strong> 1.77 Kg<\/li>\n<\/ul><\/div>\n<p> <!-- Funciones Avanzadas --> <\/p>\n<div style='flex: 1 1 300px; min-width: 280px;'>\n<h3 style='font-size: 22px; border-bottom: 2px solid currentColor; padding-bottom: 5px; margin-top: 0; color: inherit; opacity: 0.8;'>Funciones Avanzadas<\/h3>\n<ul style='padding-left: 20px; font-size: 15px; color: inherit;'>\n<li style='margin-bottom: 5px;'><strong>Rango de temperatura:<\/strong> -20\u00baC a 150\u00baC (-4\u00baF a 302\u00baF)<\/li>\n<li style='margin-bottom: 5px;'><strong>Rango de eficiencia:<\/strong> 2\u00baC<\/li>\n<li style='margin-bottom: 5px;'><strong>Detecci\u00f3n de temperatura:<\/strong> 3 tipos de reglas de medici\u00f3n de temperatura&comma; 21 reglas en total (10 puntos&comma; 10 \u00e1reas y 1 l\u00ednea)<\/li>\n<li style='margin-bottom: 5px;'><strong>Muestra:<\/strong> la temperatura del escenario a visualizar<\/li>\n<li style='margin-bottom: 5px;'><strong>Detecci\u00f3n:<\/strong> 10 puntos de fuego detectables<\/li>\n<\/ul><\/div>\n<\/p><\/div>\n<p> <!-- Separador --> <\/p>\n<hr style='border: 0; border-top: 1px solid rgba(150&comma; 150&comma; 150&comma; 0.3); margin: 30px 0;'> <!-- Recursos --> <\/p>\n<div style='margin-bottom: 30px;'>\n<h2 style='font-size: 20px; text-align: center; margin-bottom: 20px; color: inherit; opacity: 0.8;'>Recursos<\/h2>\n<div style='display: flex; flex-wrap: wrap; gap: 20px; justify-content: center;'>\n<div style='flex: 1 1 250px; max-width: 300px;'> <a href='https:\/\/www.hikvision.com\/es-la\/support\/download\/software\/ivms4200-series\/?q=serie%20ivms4200&#038;position=1' target='_blank' rel='noopener' style='text-decoration: none; color: inherit;'> <img style='width: 100%; height: auto; border: 1px solid rgba(150&comma;150&comma;150&comma;0.3); border-radius: 8px;' src='https:\/\/ftp3.syscom.mx\/usuarios\/gmagos\/HIK\/IP\/IPC\/Imagenes%20pagina\/Descargas%20IVMS4200.jpg' alt='IVMS4200 Software'> <\/a> <\/div>\n<div style='flex: 1 1 250px; max-width: 300px;'> <a href='https:\/\/appstore.hikvision.com\/' target='_blank' rel='noopener' style='text-decoration: none; color: inherit;'> <img style='width: 100%; height: auto; border: 1px solid rgba(150&comma;150&comma;150&comma;0.3); border-radius: 8px;' src='https:\/\/ftp3.syscom.mx\/usuarios\/gmagos\/HIK\/IP\/IPC\/Imagenes%20pagina\/Descargas%20de%20app.jpg' alt='App Store Hikvision'> <\/a> <\/div>\n<div style='flex: 1 1 250px; max-width: 300px;'> <a href='https:\/\/ftp3.syscom.mx\/usuarios\/roberto.espino\/Specs\/Bala\/Especificaciones%20Tecnicas%20DS-2TD2138-25_QY_V5.5.40_220401.pdf' target='_blank' rel='noopener' style='text-decoration: none; color: inherit;'> <img style='width: 100%; height: auto; border: 1px solid rgba(150&comma;150&comma;150&comma;0.3); border-radius: 8px;' src='https:\/\/ftp3.syscom.mx\/usuarios\/gmagos\/HIK\/IP\/IPC\/Imagenes%20pagina\/Descarga%20de%20PDF.jpg' alt='Ficha t\u00e9cnica PDF'> <\/a> <\/div>\n<\/p><\/div>\n<\/p><\/div>\n<p> <!-- Banner final --> <\/p>\n<div style='margin-bottom: 30px;'> <img style='width: 100%; height: auto; border: 1px solid rgba(150&comma;150&comma;150&comma;0.3); border-radius: 8px;' src='https:\/\/ftp3.syscom.mx\/usuarios\/jsosa\/banners\/solucion-termica.jpg' alt='Soluci\u00f3n t\u00e9rmica'> <\/div>\n<\/p><\/div>\n","protected":false},"excerpt":{"rendered":"<p>Bala IP T\u00e9rmica 384 X 288 \/ Lente 6.5 mm \/ Termom\u00e9trica \/ Detecci\u00f3n de Temperatura \/ Anticorrosivo \/ PoE+ \/ Exterior IP67 \/ Micro SD<\/p>\n","protected":false},"featured_media":97821,"comment_status":"open","ping_status":"closed","template":"","meta":[],"product_brand":[],"product_cat":[1049],"product_tag":[122,54,1050],"class_list":{"0":"post-97822","1":"product","2":"type-product","3":"status-publish","4":"has-post-thumbnail","6":"product_cat-termicas","7":"product_tag-camaras-ip-y-nvrs","8":"product_tag-hikvision","9":"product_tag-termicas","11":"first","12":"outofstock","13":"sale","14":"shipping-taxable","15":"purchasable","16":"product-type-simple"},"_links":{"self":[{"href":"https:\/\/soydeaqui.ddns.net\/pachuca\/index.php\/wp-json\/wp\/v2\/product\/97822","targetHints":{"allow":["GET"]}}],"collection":[{"href":"https:\/\/soydeaqui.ddns.net\/pachuca\/index.php\/wp-json\/wp\/v2\/product"}],"about":[{"href":"https:\/\/soydeaqui.ddns.net\/pachuca\/index.php\/wp-json\/wp\/v2\/types\/product"}],"replies":[{"embeddable":true,"href":"https:\/\/soydeaqui.ddns.net\/pachuca\/index.php\/wp-json\/wp\/v2\/comments?post=97822"}],"wp:featuredmedia":[{"embeddable":true,"href":"https:\/\/soydeaqui.ddns.net\/pachuca\/index.php\/wp-json\/wp\/v2\/media\/97821"}],"wp:attachment":[{"href":"https:\/\/soydeaqui.ddns.net\/pachuca\/index.php\/wp-json\/wp\/v2\/media?parent=97822"}],"wp:term":[{"taxonomy":"product_brand","embeddable":true,"href":"https:\/\/soydeaqui.ddns.net\/pachuca\/index.php\/wp-json\/wp\/v2\/product_brand?post=97822"},{"taxonomy":"product_cat","embeddable":true,"href":"https:\/\/soydeaqui.ddns.net\/pachuca\/index.php\/wp-json\/wp\/v2\/product_cat?post=97822"},{"taxonomy":"product_tag","embeddable":true,"href":"https:\/\/soydeaqui.ddns.net\/pachuca\/index.php\/wp-json\/wp\/v2\/product_tag?post=97822"}],"curies":[{"name":"wp","href":"https:\/\/api.w.org\/{rel}","templated":true}]}}