{"id":97799,"date":"2026-03-20T09:12:38","date_gmt":"2026-03-20T09:12:38","guid":{"rendered":"https:\/\/soydeaqui.ddns.net\/pachuca\/index.php\/producto\/panovu-series-vista-panoramica-360o-4-lentes-mot-2-8-a-8-mm-4-megapixel-por-lente-16-megapixel-en-total-wdr-120-db-darkfighter-exterior-ip67-ik10-poe-30-mts-ir-micro-sd\/"},"modified":"2026-03-20T09:12:39","modified_gmt":"2026-03-20T09:12:39","slug":"panovu-series-vista-panoramica-360o-4-lentes-mot-2-8-a-8-mm-4-megapixel-por-lente-16-megapixel-en-total-wdr-120-db-darkfighter-exterior-ip67-ik10-poe-30-mts-ir-micro-sd","status":"publish","type":"product","link":"https:\/\/soydeaqui.ddns.net\/pachuca\/index.php\/producto\/panovu-series-vista-panoramica-360o-4-lentes-mot-2-8-a-8-mm-4-megapixel-por-lente-16-megapixel-en-total-wdr-120-db-darkfighter-exterior-ip67-ik10-poe-30-mts-ir-micro-sd\/","title":{"rendered":"PanoVu Series \/ Vista Panor\u00e1mica 360\u00ba \/ 4 Lentes Mot. 2.8 a 8 mm (4 Megapixel por Lente) \/ 16 Megapixel en Total \/ WDR 120 dB \/ DARKFIGHTER \/ Exterior IP67 \/ IK10 \/ PoE+ \/ 30 mts IR \/ Micro SD"},"content":{"rendered":"<div style='width: 100%; max-width: 1200px; margin: 0 auto; font-family: sans-serif; line-height: 1.6; color: inherit; background-color: transparent;'>\n<div style='text-align: center; margin-bottom: 30px;'> <img style='width: 100%; max-width: 500px; height: auto; border: 1px solid rgba(150&comma;150&comma;150&comma;0.3); border-radius: 8px; display: block; margin: 0 auto;' src='https:\/\/ftp3.syscom.mx\/usuarios\/jsosa\/HIKVISION\/imagenes\/logo\/hikvision%20see%20far.png' alt='Logo Hikvision'> <\/div>\n<h1 style='font-size: 24px; border-bottom: 2px solid currentColor; padding-bottom: 5px; margin-top: 0; color: inherit; opacity: 0.8; text-align: center;'>Especificaciones<\/h1>\n<div style='display: flex; flex-wrap: wrap; gap: 30px; margin-top: 30px;'>\n<div style='flex: 1 1 300px; min-width: 280px;'>\n<div style='border: 1px solid rgba(150&comma;150&comma;150&comma;0.4); border-radius: 8px; overflow: hidden; margin-bottom: 30px;'>\n<div style='padding: 15px; border-bottom: 1px solid rgba(150&comma;150&comma;150&comma;0.2); font-weight: bold; font-size: 18px; background-color: #df001e; color: white;'> Caracter\u00edsticas Principales: <\/div>\n<div style='padding: 15px;'>\n<ul style='padding-left: 20px; margin: 0; font-size: 14px; list-style-type: disc; color: inherit;'>\n<li style='margin-bottom: 5px;'>Resoluci\u00f3n m\u00e1xima: 4 Megapixel (2688 x 1520) por lente en total nos da 16 Megapixel (4 lentes).<\/li>\n<li style='margin-bottom: 5px;'>Iluminaci\u00f3n m\u00ednima: color 0.0125 Lux @ (F1.9&comma; AGC ON).<\/li>\n<li style='margin-bottom: 5px;'>Distancia de IR: Hasta 30 mts.<\/li>\n<li style='margin-bottom: 5px;'>4 Lentes motorizado: Lente de 2.8 a 8 mm&comma; con un campo de visi\u00f3n (FOV) horizontal de 102.5\u00b0 a 51.4\u00b0.<\/li>\n<li style='margin-bottom: 5px;'><strong>Ajuste de \u00e1ngulo<\/strong> Pan: -60\u00b0 a 60\u00b0&comma; tilt: 10\u00b0 a 90\u00b0&comma; rotate: 0\u00b0 a 350\u00b0<\/li>\n<li style='margin-bottom: 5px;'>D\u00eda \/ Noche real (filtro ICR).<\/li>\n<li style='margin-bottom: 5px;'>Soporta memoria Micro SD de hasta 1 TB (no incluido).<\/li>\n<li style='margin-bottom: 5px;'>Funciones Avanzadas: intrus\u00f3n de \u00e1rea \/ Cruce de l\u00ednea \/ Region de entrada \/ Region de salida \/ objeto olvidado.<\/li>\n<li style='margin-bottom: 5px;'>Micr\u00f3fono interconstruido<\/li>\n<li style='margin-bottom: 5px;'>Compresi\u00f3n: H.265+ \/ H.265 \/ H.264+ \/ H.264.<\/li>\n<li style='margin-bottom: 5px;'>Compatible con la plataforma de Hik-Connect <a style='color: #2880b9; text-decoration: none;' href='https:\/\/appstore.hikvision.com\/' target='_blank' rel='noopener'>https:\/\/appstore.hikvision.com\/<\/a>.<\/li>\n<\/ul><\/div>\n<\/p><\/div>\n<div style='border: 1px solid rgba(150&comma;150&comma;150&comma;0.4); border-radius: 8px; overflow: hidden; margin-bottom: 30px;'>\n<div style='padding: 15px; border-bottom: 1px solid rgba(150&comma;150&comma;150&comma;0.2); font-weight: bold; font-size: 18px; background-color: #df001e; color: white;'> Entradas y Salidas de Audio \/ Alarmas \/ Red \/ Almacenamiento: <\/div>\n<div style='padding: 15px;'>\n<ul style='padding-left: 20px; margin: 0; font-size: 14px; list-style-type: disc; color: inherit;'>\n<li style='margin-bottom: 5px;'>Entradas de alarmas: 2.<\/li>\n<li style='margin-bottom: 5px;'>Salida de alarma: 2.<\/li>\n<li style='margin-bottom: 5px;'>Entrada de audio: 1.<\/li>\n<li style='margin-bottom: 5px;'>Salida de Audio: 1.<\/li>\n<li style='margin-bottom: 5px;'>Puerto de Red: 1(10\/100\/1000\/ PoE 802.3af ).<\/li>\n<li style='margin-bottom: 5px;'>Soporta ONVIF (Profile S) \/ ISAPI.<\/li>\n<\/ul><\/div>\n<\/p><\/div>\n<\/p><\/div>\n<div style='flex: 1 1 300px; min-width: 280px;'>\n<div style='border: 1px solid rgba(150&comma;150&comma;150&comma;0.4); border-radius: 8px; overflow: hidden; margin-bottom: 30px;'>\n<div style='padding: 15px; border-bottom: 1px solid rgba(150&comma;150&comma;150&comma;0.2); font-weight: bold; font-size: 18px; background-color: #df001e; color: white;'> Caracter\u00edsticas F\u00edsicas y El\u00e9ctricas: <\/div>\n<div style='padding: 15px;'>\n<ul style='padding-left: 20px; margin: 0; font-size: 14px; list-style-type: disc; color: inherit;'>\n<li style='margin-bottom: 5px;'>Alimentaci\u00f3n: 12 Vcc \/ PoE+ 802.3 at \/ 14 W.<\/li>\n<li style='margin-bottom: 5px;'>Temperatura de operaci\u00f3n: -30\u00b0C a 60\u00b0C \/ Humedad al 95% m\u00e1ximo.<\/li>\n<li style='margin-bottom: 5px;'>Uso en exterior IP67.<\/li>\n<li style='margin-bottom: 5px;'>Dimensiones: 290 x 114.9 mm<\/li>\n<li style='margin-bottom: 5px;'>Peso: 2200 grs.<\/li>\n<\/ul><\/div>\n<\/p><\/div>\n<div style='border: 1px solid rgba(150&comma;150&comma;150&comma;0.4); border-radius: 8px; overflow: hidden; margin-bottom: 30px;'>\n<div style='padding: 15px; border-bottom: 1px solid rgba(150&comma;150&comma;150&comma;0.2); font-weight: bold; font-size: 18px; background-color: #df001e; color: white;'> Caracter\u00edsticas Generales <\/div>\n<div style='padding: 15px;'>\n<ul style='padding-left: 20px; margin: 0; font-size: 14px; list-style-type: disc; color: inherit;'>\n<li style='margin-bottom: 5px;'>Main Stream: 25 fps (2560 x 1920&comma; 2048 x 1536&comma; 1920 x 1080&comma; 1280 x 720).<\/li>\n<li style='margin-bottom: 5px;'>Sub Stream: 25 fps (704 x 576&comma; 640 x 480).<\/li>\n<\/ul><\/div>\n<\/p><\/div>\n<div style='border: 1px solid rgba(150&comma;150&comma;150&comma;0.4); border-radius: 8px; overflow: hidden; margin-bottom: 30px;'>\n<div style='padding: 15px; border-bottom: 1px solid rgba(150&comma;150&comma;150&comma;0.2); font-weight: bold; font-size: 18px; background-color: #df001e; color: white;'> Accesorios Opcionales: <\/div>\n<div style='padding: 15px;'>\n<ul style='padding-left: 20px; margin: 0; font-size: 14px; list-style-type: disc; color: inherit;'>\n<li style='margin-bottom: 5px;'>Montaje de Pared&comma; modelo: <a style='color: #2880b9; text-decoration: none; font-weight: bold;' href='https:\/\/www.syscom.mx\/producto\/DS-1618ZJ-6D-HIKVISION-223645.html' target='_blank' rel='noopener'>DS-1618ZJ-6D<\/a><\/li>\n<li style='margin-bottom: 5px;'><a style='color: #2880b9; text-decoration: none; font-weight: bold;' href='https:\/\/www.syscom.mx\/producto\/DS-1661ZJ-6D-HIKVISION-223647.html' target='_blank' rel='noopener'>Montaje de Techo&comma; modelo: DS-1661ZJ-6D<\/a><\/li>\n<\/ul><\/div>\n<\/p><\/div>\n<\/p><\/div>\n<\/p><\/div>\n<div style='border: 1px solid rgba(150&comma;150&comma;150&comma;0.4); border-radius: 8px; overflow: hidden; margin: 30px 0;'>\n<div style='padding: 15px; border-bottom: 1px solid rgba(150&comma;150&comma;150&comma;0.2); font-weight: bold; font-size: 18px; background-color: #df001e; color: white;'> Caracter\u00edsticas Destacadas: <\/div>\n<div style='padding: 15px;'>\n<ul style='padding-left: 20px; margin: 0; font-size: 14px; list-style-type: disc; color: inherit;'>\n<li style='margin-bottom: 5px;'>Cuenta con 4 lentes de 4 Megapixel&comma; teniendo un total de 16 Megapixeles.<\/li>\n<li style='margin-bottom: 5px;'>Al agregar a un NVR consume 4 canales de video.<\/li>\n<li style='margin-bottom: 5px;'>Al usar a Hik Central Professional solo es necesario utilizar una licencia de video pero consume 4 canales de video.<\/li>\n<\/ul><\/div>\n<\/p><\/div>\n<div style='position: relative; padding-bottom: 56.25%; height: 0; overflow: hidden; margin: 30px 0;'>   <\/div>\n<hr style='border: 0; border-top: 1px solid rgba(150&comma;150&comma;150&comma;0.3); margin: 30px 0;'> <\/div>\n","protected":false},"excerpt":{"rendered":"<p>PanoVu Series \/ Vista Panor\u00e1mica 360\u00ba \/ 4 Lentes Mot. 2.8 a 8 mm (4 Megapixel por Lente) \/ 16 Megapixel en Total \/ WDR 120 dB \/ DARKFIGHTER \/ Exterior IP67 \/ IK10 \/ PoE+ \/ 30 mts IR \/ Micro SD<\/p>\n","protected":false},"featured_media":97798,"comment_status":"open","ping_status":"closed","template":"","meta":[],"product_brand":[],"product_cat":[2248],"product_tag":[122,2249,54],"class_list":{"0":"post-97799","1":"product","2":"type-product","3":"status-publish","4":"has-post-thumbnail","6":"product_cat-fisheye-y-hemisfericas","7":"product_tag-camaras-ip-y-nvrs","8":"product_tag-fisheye-y-hemisfericas","9":"product_tag-hikvision","11":"first","12":"instock","13":"sale","14":"shipping-taxable","15":"purchasable","16":"product-type-simple"},"_links":{"self":[{"href":"https:\/\/soydeaqui.ddns.net\/pachuca\/index.php\/wp-json\/wp\/v2\/product\/97799","targetHints":{"allow":["GET"]}}],"collection":[{"href":"https:\/\/soydeaqui.ddns.net\/pachuca\/index.php\/wp-json\/wp\/v2\/product"}],"about":[{"href":"https:\/\/soydeaqui.ddns.net\/pachuca\/index.php\/wp-json\/wp\/v2\/types\/product"}],"replies":[{"embeddable":true,"href":"https:\/\/soydeaqui.ddns.net\/pachuca\/index.php\/wp-json\/wp\/v2\/comments?post=97799"}],"wp:featuredmedia":[{"embeddable":true,"href":"https:\/\/soydeaqui.ddns.net\/pachuca\/index.php\/wp-json\/wp\/v2\/media\/97798"}],"wp:attachment":[{"href":"https:\/\/soydeaqui.ddns.net\/pachuca\/index.php\/wp-json\/wp\/v2\/media?parent=97799"}],"wp:term":[{"taxonomy":"product_brand","embeddable":true,"href":"https:\/\/soydeaqui.ddns.net\/pachuca\/index.php\/wp-json\/wp\/v2\/product_brand?post=97799"},{"taxonomy":"product_cat","embeddable":true,"href":"https:\/\/soydeaqui.ddns.net\/pachuca\/index.php\/wp-json\/wp\/v2\/product_cat?post=97799"},{"taxonomy":"product_tag","embeddable":true,"href":"https:\/\/soydeaqui.ddns.net\/pachuca\/index.php\/wp-json\/wp\/v2\/product_tag?post=97799"}],"curies":[{"name":"wp","href":"https:\/\/api.w.org\/{rel}","templated":true}]}}