{"id":97795,"date":"2026-03-20T09:12:28","date_gmt":"2026-03-20T09:12:28","guid":{"rendered":"https:\/\/soydeaqui.ddns.net\/pachuca\/index.php\/producto\/frente-de-calle-ideal-para-fraccionamientos-administracion-100-en-la-nube-notificacion-a-app-llamada-telefonica-sip-onvif-reconocimiento-facial-qr-y-pin-para-visitas-desde-la-app-ip65\/"},"modified":"2026-03-20T09:12:34","modified_gmt":"2026-03-20T09:12:34","slug":"frente-de-calle-ideal-para-fraccionamientos-administracion-100-en-la-nube-notificacion-a-app-llamada-telefonica-sip-onvif-reconocimiento-facial-qr-y-pin-para-visitas-desde-la-app-ip65","status":"publish","type":"product","link":"https:\/\/soydeaqui.ddns.net\/pachuca\/index.php\/producto\/frente-de-calle-ideal-para-fraccionamientos-administracion-100-en-la-nube-notificacion-a-app-llamada-telefonica-sip-onvif-reconocimiento-facial-qr-y-pin-para-visitas-desde-la-app-ip65\/","title":{"rendered":"Frente de Calle \/ Ideal para fraccionamientos \/ Administraci\u00f3n 100% en la Nube \/ Notificaci\u00f3n a APP \/ Llamada Telef\u00f3nica \/ SIP \/ ONVIF \/Reconocimiento Facial \/ QR y PIN para Visitas desde la APP \/ IP65 \/ Bluetooth \/ NFC"},"content":{"rendered":"<div style='width: 100%; max-width: 1200px; margin: 0 auto; font-family: sans-serif; line-height: 1.6; color: inherit; background-color: transparent;'> <!-- BANNER --> <\/p>\n<div style='background: linear-gradient(55deg&comma; #CCD0FA 0%&comma; #0212AA 100%); border-bottom: 6px solid #0212AA; border-left: 6px solid #CCD0FA; border-right: 6px solid #0212AA; padding: 20px; margin-bottom: 30px; text-align: center;'> <img style='width: 100%; max-width: 450px; height: auto; border: 1px solid rgba(150&comma;150&comma;150&comma;0.3); border-radius: 8px; margin-bottom: 8px;' src='https:\/\/ftp3.syscom.mx\/usuarios\/hsanchez\/Akuvox\/126.jpg' alt=''> <\/p>\n<h2 style='color: inherit; font-size: 24px; margin: 0;'> <span style='font-family: Franklin Gothic;'>Frente de calle \/ Programaci\u00f3n en la nube\/ Notificaci\u00f3n a APP celular \/ Notificaci\u00f3n por llamada telef\u00f3nica \/ ANDROID SIP con reconocimiento facial\/ IP65 \/QR y PIN Temporal\/ Bluetooth \/ NFC \/ IP65<\/span> <\/h2>\n<\/p><\/div>\n<p> <!-- Videos --> <\/p>\n<div style='display: flex; flex-wrap: wrap; gap: 15px; margin-bottom: 30px;'>\n<div style='flex: 1 1 45%; min-width: 300px;'>\n<div style='position: relative; padding-bottom: 56.25%; height: 0; overflow: hidden;'>   <\/div>\n<\/p><\/div>\n<div style='flex: 1 1 45%; min-width: 300px;'>\n<div style='position: relative; padding-bottom: 56.25%; height: 0; overflow: hidden;'>   <\/div>\n<\/p><\/div>\n<\/p><\/div>\n<p> <!-- Secci\u00f3n de caracter\u00edsticas --> <\/p>\n<div style='display: flex; flex-wrap: wrap; gap: 30px; margin-bottom: 30px;'>\n<div style='flex: 1 1 300px; min-width: 280px;'>\n<h3 style='font-size: 22px; border-bottom: 2px solid currentColor; padding-bottom: 5px; margin-top: 0; color: inherit; opacity: 0.8;'>Gesti\u00f3n 100% en la nube<\/h3>\n<p style='font-size: 15px; color: inherit; margin-top: 10px; margin-bottom: 10px;'> Akuvox Cloud es una plataforma en la nube que permite la gesti\u00f3n y configuraci\u00f3n de los equipos Akuvox para sistemas de videportero y control de acceso facilitando la instalaci\u00f3n y administraci\u00f3n. <\/p>\n<p style='font-size: 15px; color: inherit; margin-top: 10px; margin-bottom: 10px;'> La APP Smart Plus para Android y iOS permite la comunicaci\u00f3n de los usuarios con sus visitas&comma; gesti\u00f3n de pases temporales para visitantes&comma; control de acceso de las puertas&comma; gesti\u00f3n de sus propias credenciales de acceso&comma; transmisi\u00f3n en vivo de video entre muchas funciones m\u00e1s. <\/p>\n<p> <img style='width: 100%; height: auto; border: 1px solid rgba(150&comma;150&comma;150&comma;0.3); border-radius: 8px; margin-top: 15px;' src='https:\/\/ftp3.syscom.mx\/usuarios\/hsanchez\/Akuvox\/APP%20y%20CLOUD.png' alt=''> <\/div>\n<\/p><\/div>\n<p> <!-- Secci\u00f3n de informaci\u00f3n adicional --> <\/p>\n<div style='display: flex; flex-wrap: wrap; gap: 30px; margin-bottom: 30px;'>\n<div style='flex: 1 1 300px; min-width: 280px;'>\n<h3 style='font-size: 22px; border-bottom: 2px solid currentColor; padding-bottom: 5px; margin-top: 0; color: inherit; opacity: 0.8;'>\u00bfQu\u00e9 es Akuvox?<\/h3>\n<h4 style='font-size: 18px; margin-top: 15px; margin-bottom: 10px; color: inherit;'>Pionero de Smart Intercom<\/h4>\n<p style='font-size: 15px; color: inherit; margin-top: 10px; margin-bottom: 10px;'> Akuvox es una marca l\u00edder mundial de productos y soluciones Smart Intercom&comma; ofreciendo el poder de las tecnolog\u00edas para mejorar la vida de las personas con una mejor comunicaci\u00f3n&comma; mayor seguridad y mayor comodidad. <\/p>\n<p style='font-size: 15px; color: inherit; margin-top: 10px; margin-bottom: 10px;'> Al abarcar la inteligencia artificial&comma; SIP&comma; Android&comma; la nube&comma; la seguridad y otras tecnolog\u00edas avanzadas&comma; impulsamos continuamente cambios innovadores en la industria y ofrecemos de manera creativa una cartera inigualable de productos y soluciones de intercomunicaci\u00f3n inteligente. <\/p>\n<p> <img style='width: 100%; height: auto; border: 1px solid rgba(150&comma;150&comma;150&comma;0.3); border-radius: 8px; margin-top: 15px;' src='https:\/\/ftp3.syscom.mx\/usuarios\/hsanchez\/Akuvox\/Akuvox%20logo%20%28blue%29-20180329.png' alt=''> <\/div>\n<\/p><\/div>\n<p> <!-- Escenarios de aplicaci\u00f3n --> <\/p>\n<div style='display: flex; flex-wrap: wrap; gap: 30px; margin-bottom: 30px;'>\n<div style='flex: 1 1 300px; min-width: 280px;'>\n<h3 style='font-size: 22px; border-bottom: 2px solid currentColor; padding-bottom: 5px; margin-top: 0; color: inherit; opacity: 0.8;'>Escenario de aplicaci\u00f3n<\/h3>\n<h4 style='font-size: 18px; margin-top: 15px; margin-bottom: 10px; color: inherit;'>Uso multiapartamento&comma; residencial o corporativo<\/h4>\n<ul style='padding-left: 20px; font-size: 15px; color: inherit;'>\n<li style='margin-bottom: 5px;'>Videoportero para oficinas con los sistemas IP PBX en sitio o alojados<\/li>\n<li style='margin-bottom: 5px;'>Configuraci\u00f3n y gesti\u00f3n de entrada remota a trav\u00e9s de Internet<\/li>\n<li style='margin-bottom: 5px;'>Intercomunicador para apartamentos o pisos con control de acceso<\/li>\n<li style='margin-bottom: 5px;'>Informaci\u00f3n comercial o una experiencia de bienvenida para los invitados.<\/li>\n<\/ul>\n<p> <img style='width: 100%; height: auto; border: 1px solid rgba(150&comma;150&comma;150&comma;0.3); border-radius: 8px; margin-top: 15px;' src='https:\/\/ftp3.syscom.mx\/usuarios\/hsanchez\/Akuvox\/aplicacion.jpg' alt=''> <\/div>\n<\/p><\/div>\n<p> <!-- Caracter\u00edsticas f\u00edsicas y el\u00e9ctricas --> <\/p>\n<div style='display: flex; flex-wrap: wrap; gap: 30px; margin-bottom: 30px;'>\n<div style='flex: 1 1 300px; min-width: 280px;'>\n<h3 style='font-size: 22px; border-bottom: 2px solid currentColor; padding-bottom: 5px; margin-top: 0; color: inherit; opacity: 0.8;'>Caracter\u00edsticas f\u00edsicas y el\u00e9ctricas de E16C<\/h3>\n<ul style='padding-left: 20px; font-size: 15px; color: inherit;'>\n<li style='margin-bottom: 5px;'><strong>Panel frontal:<\/strong> Pl\u00e1stico<\/li>\n<li style='margin-bottom: 5px;'><strong>Visualizaci\u00f3n:<\/strong> LCD IPS de 5 pulgadas<\/li>\n<li style='margin-bottom: 5px;'><strong>C\u00e1mara principal:<\/strong> 2MP&comma; iluminaci\u00f3n autom\u00e1tica<\/li>\n<li style='margin-bottom: 5px;'><strong>Sensor de luz:<\/strong> Soportado<\/li>\n<li style='margin-bottom: 5px;'><strong>Sensor de infrarrojos:<\/strong> Soportado<\/li>\n<li style='margin-bottom: 5px;'><strong>Puerto Wiegand:<\/strong> Soportado<\/li>\n<li style='margin-bottom: 5px;'><strong>Puerto RS485:<\/strong> Soportado<\/li>\n<li style='margin-bottom: 5px;'><strong>Lector de tarjeta RF:<\/strong> 13.56 MHz<\/li>\n<li style='margin-bottom: 5px;'><strong>Entrada\/salida de rel\u00e9:<\/strong> 1\/1<\/li>\n<li style='margin-bottom: 5px;'><strong>Puerto ethernet:<\/strong> RJ45&comma; adaptativo 10\/100 Mbps<\/li>\n<li style='margin-bottom: 5px;'><strong>Alimentaci\u00f3n:<\/strong> Ethernet 802.3af o conector de 12V cc (si no se usa PoE)<\/li>\n<li style='margin-bottom: 5px;'><strong>Nivel de protecci\u00f3n:<\/strong> IP65<\/li>\n<li style='margin-bottom: 5px;'><strong>Instalaci\u00f3n:<\/strong> Montaje para empotrar a montaje superficial en pared<\/li>\n<li style='margin-bottom: 5px;'><strong>Rango de humedad:<\/strong> 10~90%<\/li>\n<li style='margin-bottom: 5px;'><strong>Rango de temperatura:<\/strong> -20\u00b0C~+55\u00b0C<\/li>\n<\/ul><\/div>\n<\/p><\/div>\n<p> <!-- Por qu\u00e9 elegir Akuvox --> <\/p>\n<div style='display: flex; flex-wrap: wrap; gap: 30px; margin-bottom: 30px;'>\n<div style='flex: 1 1 300px; min-width: 280px;'>\n<h3 style='font-size: 22px; border-bottom: 2px solid currentColor; padding-bottom: 5px; margin-top: 0; color: inherit; opacity: 0.8;'>\u00bfPor qu\u00e9 elegir Akuvox?<\/h3>\n<p style='font-size: 15px; color: inherit; margin-top: 10px; margin-bottom: 10px;'> Akuvox es la soluci\u00f3n ideal para su fraccionamiento&comma; edificio de apartamentos o edificios corporativos&comma; gracias a su gesti\u00f3n 100% en la nube ofrece una f\u00e1cil instalaci\u00f3n y administraci\u00f3n desde cualquier parte del mundo. Nunca ha sido tan f\u00e1cil y seguro gestionar el acceso a los residentes&comma; empleados o visitantes gracias a que es un dispositivo muy amigable junto con la App Smart Plus para iOS o Android. <\/p>\n<p style='font-size: 15px; color: inherit; margin-top: 10px; margin-bottom: 10px;'> Brindar la mejor soluci\u00f3n es posible con Akuvox gracias a su tecnolog\u00eda innovadora&comma; lleva al siguiente nivel tus instalaciones&comma; aumenta la plusval\u00eda y disminuye los costos de operaci\u00f3n gracias a Akuvox. <\/p>\n<p> <img style='width: 100%; height: auto; border: 1px solid rgba(150&comma;150&comma;150&comma;0.3); border-radius: 8px; margin-top: 15px;' src='https:\/\/ftp3.syscom.mx\/usuarios\/hsanchez\/Akuvox\/edificio.jpg' alt=''> <\/div>\n<\/p><\/div>\n<p> <!-- Funciones de la App Smart Plus --> <\/p>\n<div style='text-align: center; margin: 30px 0;'>\n<h2 style='font-size: 20px; color: inherit; margin: 0;'>Funciones de la App Smart Plus para Android \/ iOS<\/h2>\n<\/p><\/div>\n<p> <!-- M\u00e1s videos --> <\/p>\n<div style='display: flex; flex-wrap: wrap; gap: 15px; margin-bottom: 30px;'>\n<div style='flex: 1 1 45%; min-width: 300px;'>\n<div style='position: relative; padding-bottom: 56.25%; height: 0; overflow: hidden;'>   <\/div>\n<\/p><\/div>\n<div style='flex: 1 1 45%; min-width: 300px;'>\n<div style='position: relative; padding-bottom: 56.25%; height: 0; overflow: hidden;'>   <\/div>\n<\/p><\/div>\n<div style='flex: 1 1 45%; min-width: 300px;'>\n<div style='position: relative; padding-bottom: 56.25%; height: 0; overflow: hidden;'>   <\/div>\n<\/p><\/div>\n<div style='flex: 1 1 45%; min-width: 300px;'>\n<div style='position: relative; padding-bottom: 56.25%; height: 0; overflow: hidden;'>   <\/div>\n<\/p><\/div>\n<\/p><\/div>\n<p> <!-- Caracter\u00edsticas principales --> <\/p>\n<div style='display: flex; flex-wrap: wrap; gap: 20px; margin-bottom: 30px;'>\n<div style='flex: 1 1 100%; border: 1px solid rgba(150&comma; 150&comma; 150&comma; 0.4); border-radius: 8px; overflow: hidden;'>\n<div style='padding: 15px; border-bottom: 1px solid rgba(150&comma; 150&comma; 150&comma; 0.2); font-weight: bold; font-size: 18px; color: inherit;'>Caracter\u00edsticas principales del frente de calle E16C<\/div>\n<div style='padding: 15px; color: inherit;'>\n<ul style='padding-left: 20px; margin: 0; font-size: 14px; list-style-type: disc;'>\n<li style='margin-bottom: 5px;'><strong>Doble c\u00e1mara:<\/strong> Reconocimiento facial y videoportero<\/li>\n<li style='margin-bottom: 5px;'><strong>Lector de c\u00f3digos QR y PIN temporal:<\/strong> Para visitas generados desde la APP Smart Plus<\/li>\n<li style='margin-bottom: 5px;'><strong>Lector RFID:<\/strong> Tarjetas Mifare Classic 13.56 MHz<\/li>\n<li style='margin-bottom: 5px;'><strong>NFC:<\/strong> S\u00ed<\/li>\n<li style='margin-bottom: 5px;'><strong>Bluetooth:<\/strong> S\u00ed<\/li>\n<li style='margin-bottom: 5px;'><strong>Pantalla touch:<\/strong> 5 pulgadas<\/li>\n<li style='margin-bottom: 5px;'><strong>Altavoz:<\/strong> Con excelente volumen<\/li>\n<li style='margin-bottom: 5px;'><strong>Control de puerta:<\/strong> 1 puerta<\/li>\n<li style='margin-bottom: 5px;'><strong>Estandar SIP:<\/strong> Cumple<\/li>\n<li style='margin-bottom: 5px;'><strong>Estandar ONVIF:<\/strong> Cumple<\/li>\n<li style='margin-bottom: 5px;'><strong>Compatibilidad:<\/strong> APP Smart Plus en Android o iOS<\/li>\n<li style='margin-bottom: 5px;'><strong>Compatibilidad:<\/strong> Con monitores de la marca Akuvox<\/li>\n<li style='margin-bottom: 5px;'><strong>Compatibilidad:<\/strong> Con la estaci\u00f3n de guardia Akuvox modelo <a style='color: inherit; text-decoration: underline;' href='https:\/\/www.syscom.mx\/producto\/VPR49G-AKUVOX-207514.html'>VPR49G<\/a><\/li>\n<li style='margin-bottom: 5px;'><strong>Alimentaci\u00f3n:<\/strong> 12 VCC o POE 802.3 af<\/li>\n<li style='margin-bottom: 5px;'><strong>Wiegand:<\/strong> S\u00ed<\/li>\n<li style='margin-bottom: 5px;'><strong>Protecci\u00f3n:<\/strong> IP65<\/li>\n<li style='margin-bottom: 5px;'><strong>Llamada a:<\/strong> Monitor Akuvox&comma; APP Smart Plus y llamada telef\u00f3nica (Servidor SIP interconstruido Akuvox)<\/li>\n<\/ul><\/div>\n<\/p><\/div>\n<\/p><\/div>\n<p> <!-- Imagen grande --> <\/p>\n<div style='margin: 30px 0;'> <img style='width: 100%; height: auto; border: 1px solid rgba(150&comma;150&comma;150&comma;0.3); border-radius: 8px;' src='https:\/\/ftp3.syscom.mx\/usuarios\/hsanchez\/E16C\/E16%20New%20Product%20Launch-20210119-2.JPG' alt=''> <\/div>\n<p> <!-- Informaci\u00f3n adicional --> <\/p>\n<div style='display: flex; flex-wrap: wrap; gap: 20px; margin-bottom: 30px;'>\n<div style='flex: 1 1 100%; border: 1px solid rgba(150&comma; 150&comma; 150&comma; 0.4); border-radius: 8px; overflow: hidden;'>\n<div style='padding: 15px; border-bottom: 1px solid rgba(150&comma;150&comma;150&comma;0.2); font-weight: bold; font-size: 18px; color: inherit;'>\u00bfTe interesa obtener m\u00e1s informaci\u00f3n?<\/div>\n<div style='padding: 15px; color: inherit;'>\n<ul style='padding-left: 20px; margin: 0; font-size: 14px; list-style-type: disc;'>\n<li style='margin-bottom: 5px;'><a style='color: inherit; text-decoration: underline;' href='https:\/\/www.youtube.com\/watch?v=vJuG_GRHYuY'>Curso grabado<\/a><\/li>\n<li style='margin-bottom: 5px;'><a style='color: inherit; text-decoration: underline;' href='https:\/\/soporte.syscom.mx\/es\/articles\/8202185-guia-akuvox-solucion-para-fraccionamientos-y-edificios-de-apartamentos'>Gu\u00eda de configuraciones<\/a><\/li>\n<\/ul><\/div>\n<\/p><\/div>\n<\/p><\/div>\n<p> <!-- Notas --> <\/p>\n<div style='display: flex; flex-wrap: wrap; gap: 20px; margin-bottom: 30px;'>\n<div style='flex: 1 1 100%; border: 1px solid rgba(150&comma; 150&comma; 150&comma; 0.4); border-radius: 8px; overflow: hidden;'>\n<div style='padding: 15px; border-bottom: 1px solid rgba(150&comma;150&comma;150&comma;0.2); font-weight: bold; font-size: 18px; color: inherit;'>Notas<\/div>\n<div style='padding: 15px; color: inherit; font-size: 14px;'>\n<p style='margin: 5px 0;'>Requiere licencia de uso de APP&comma; se adquiere directamente en el portal de la Nube<\/p>\n<\/p><\/div>\n<\/p><\/div>\n<\/p><\/div>\n<p> <!-- Requisitos de instalaci\u00f3n --> <\/p>\n<div style='display: flex; flex-wrap: wrap; gap: 20px; margin-bottom: 30px;'>\n<div style='flex: 1 1 100%; border: 1px solid rgba(150&comma; 150&comma; 150&comma; 0.4); border-radius: 8px; overflow: hidden;'>\n<div style='padding: 15px; border-bottom: 1px solid rgba(150&comma;150&comma;150&comma;0.2); font-weight: bold; font-size: 18px; color: inherit;'>\u00bfQu\u00e9 necesito para instalar dispositivos Akuvox?<\/div>\n<div style='padding: 15px; color: inherit;'>\n<ul style='padding-left: 20px; margin: 0; font-size: 14px; list-style-type: disc;'>\n<li style='margin-bottom: 10px;'> <strong>Cuenta de instalador en Akuvox Cloud:<\/strong> Para configuraci\u00f3n y administraci\u00f3n de los equipos y licencias. <a style='color: inherit; text-decoration: underline;' href='https:\/\/soporte.syscom.mx\/es\/articles\/6957756-crear-cuenta-de-instalador-akuvox-cloud'>Obtener cuenta<\/a> <\/li>\n<li style='margin-bottom: 10px;'> <strong>Acceso a la red IP:<\/strong> Los equipos Akuvox funcionan en redes IP&comma; por lo que necesitar\u00e1s una red con acceso a internet y suficiente capacidad para manejar el tr\u00e1fico de datos. <\/li>\n<li style='margin-bottom: 10px;'> <strong>Fuente de alimentaci\u00f3n:<\/strong> Verifica el tipo de alimentaci\u00f3n que requiere el dispositivo. Muchos equipos Akuvox se alimentan a trav\u00e9s de Power over Ethernet (PoE). <\/li>\n<\/ul><\/div>\n<\/p><\/div>\n<\/p><\/div>\n<p> <!-- Separador final --> <\/p>\n<hr style='border: 0; border-top: 1px solid rgba(150&comma; 150&comma; 150&comma; 0.3); margin: 30px 0;'> <\/div>\n","protected":false},"excerpt":{"rendered":"<p>Frente de Calle \/ Ideal para fraccionamientos \/ Administraci\u00f3n 100% en la Nube \/ Notificaci\u00f3n a APP \/ Llamada Telef\u00f3nica \/ SIP \/ ONVIF \/Reconocimiento Facial \/ QR y PIN para Visitas desde la APP \/ IP65 \/ Bluetooth \/ NFC<\/p>\n","protected":false},"featured_media":97794,"comment_status":"open","ping_status":"closed","template":"","meta":[],"product_brand":[],"product_cat":[894],"product_tag":[786,820,557],"class_list":{"0":"post-97795","1":"product","2":"type-product","3":"status-publish","4":"has-post-thumbnail","6":"product_cat-multiapartamentos-videoporteros-e-interfonos","7":"product_tag-akuvox","8":"product_tag-multiapartamentos","9":"product_tag-videoporteros-e-interfonos","11":"first","12":"instock","13":"sale","14":"shipping-taxable","15":"purchasable","16":"product-type-simple"},"_links":{"self":[{"href":"https:\/\/soydeaqui.ddns.net\/pachuca\/index.php\/wp-json\/wp\/v2\/product\/97795","targetHints":{"allow":["GET"]}}],"collection":[{"href":"https:\/\/soydeaqui.ddns.net\/pachuca\/index.php\/wp-json\/wp\/v2\/product"}],"about":[{"href":"https:\/\/soydeaqui.ddns.net\/pachuca\/index.php\/wp-json\/wp\/v2\/types\/product"}],"replies":[{"embeddable":true,"href":"https:\/\/soydeaqui.ddns.net\/pachuca\/index.php\/wp-json\/wp\/v2\/comments?post=97795"}],"wp:featuredmedia":[{"embeddable":true,"href":"https:\/\/soydeaqui.ddns.net\/pachuca\/index.php\/wp-json\/wp\/v2\/media\/97794"}],"wp:attachment":[{"href":"https:\/\/soydeaqui.ddns.net\/pachuca\/index.php\/wp-json\/wp\/v2\/media?parent=97795"}],"wp:term":[{"taxonomy":"product_brand","embeddable":true,"href":"https:\/\/soydeaqui.ddns.net\/pachuca\/index.php\/wp-json\/wp\/v2\/product_brand?post=97795"},{"taxonomy":"product_cat","embeddable":true,"href":"https:\/\/soydeaqui.ddns.net\/pachuca\/index.php\/wp-json\/wp\/v2\/product_cat?post=97795"},{"taxonomy":"product_tag","embeddable":true,"href":"https:\/\/soydeaqui.ddns.net\/pachuca\/index.php\/wp-json\/wp\/v2\/product_tag?post=97795"}],"curies":[{"name":"wp","href":"https:\/\/api.w.org\/{rel}","templated":true}]}}